{"id":8468,"date":"2026-04-11T12:21:35","date_gmt":"2026-04-11T12:21:35","guid":{"rendered":"https:\/\/saphirsmaragd.com\/?post_type=product&#038;p=8468"},"modified":"2026-04-11T12:24:52","modified_gmt":"2026-04-11T12:24:52","slug":"smaragd-cushion-gruen-1-49-karat","status":"publish","type":"product","link":"https:\/\/saphirsmaragd.com\/en\/product\/smaragd-cushion-gruen-1-49-karat\/","title":{"rendered":"Smaragd Cushion Gr\u00fcn 1.49 Karat aus Sambia \u2013 Zertifizierter Edelstein"},"content":{"rendered":"<p data-start=\"611\" data-end=\"913\">Dieser elegante Smaragd Cushion Gr\u00fcn 1.49 Karat stammt aus Sambia und \u00fcberzeugt durch seine intensive gr\u00fcne Farbe sowie seine edle Cushion-Form. Durch seine harmonischen Proportionen und seine hochwertige Ausstrahlung eignet sich dieser Edelstein ideal f\u00fcr exklusive Schmuckst\u00fccke und zeitlose Designs.<\/p>\n<hr data-start=\"915\" data-end=\"918\" \/>\n<div id=\"ez-toc-container\" class=\"ez-toc-v2_0_82_2 counter-hierarchy ez-toc-counter ez-toc-grey ez-toc-container-direction\">\n<div class=\"ez-toc-title-container\">\n<p class=\"ez-toc-title\" style=\"cursor:inherit\">Table of Contents<\/p>\n<span class=\"ez-toc-title-toggle\"><a href=\"#\" class=\"ez-toc-pull-right ez-toc-btn ez-toc-btn-xs ez-toc-btn-default ez-toc-toggle\" aria-label=\"Toggle Table of Content\"><span class=\"ez-toc-js-icon-con\"><span class=\"\"><span class=\"eztoc-hide\" style=\"display:none;\">Toggle<\/span><span class=\"ez-toc-icon-toggle-span\"><svg style=\"fill: #999;color:#999\" xmlns=\"http:\/\/www.w3.org\/2000\/svg\" class=\"list-377408\" width=\"20px\" height=\"20px\" viewbox=\"0 0 24 24\" fill=\"none\"><path d=\"M6 6H4v2h2V6zm14 0H8v2h12V6zM4 11h2v2H4v-2zm16 0H8v2h12v-2zM4 16h2v2H4v-2zm16 0H8v2h12v-2z\" fill=\"currentColor\"><\/path><\/svg><svg style=\"fill: #999;color:#999\" class=\"arrow-unsorted-368013\" xmlns=\"http:\/\/www.w3.org\/2000\/svg\" width=\"10px\" height=\"10px\" viewbox=\"0 0 24 24\" version=\"1.2\" baseprofile=\"tiny\"><path d=\"M18.2 9.3l-6.2-6.3-6.2 6.3c-.2.2-.3.4-.3.7s.1.5.3.7c.2.2.4.3.7.3h11c.3 0 .5-.1.7-.3.2-.2.3-.5.3-.7s-.1-.5-.3-.7zM5.8 14.7l6.2 6.3 6.2-6.3c.2-.2.3-.5.3-.7s-.1-.5-.3-.7c-.2-.2-.4-.3-.7-.3h-11c-.3 0-.5.1-.7.3-.2.2-.3.5-.3.7s.1.5.3.7z\"\/><\/svg><\/span><\/span><\/span><\/a><\/span><\/div>\n<nav><ul class='ez-toc-list ez-toc-list-level-1' ><li class='ez-toc-page-1 ez-toc-heading-level-4'><a class=\"ez-toc-link ez-toc-heading-1\" href=\"https:\/\/saphirsmaragd.com\/en\/product\/smaragd-cushion-gruen-1-49-karat\/#Merkmale_Herkunft\" >Characteristics &amp; Origin<\/a><\/li><li class='ez-toc-page-1 ez-toc-heading-level-4'><a class=\"ez-toc-link ez-toc-heading-2\" href=\"https:\/\/saphirsmaragd.com\/en\/product\/smaragd-cushion-gruen-1-49-karat\/#Besonderheiten\" >Special features<\/a><\/li><li class='ez-toc-page-1 ez-toc-heading-level-4'><a class=\"ez-toc-link ez-toc-heading-3\" href=\"https:\/\/saphirsmaragd.com\/en\/product\/smaragd-cushion-gruen-1-49-karat\/#Mehr_uber_Smaragde\" >More about emeralds<\/a><\/li><li class='ez-toc-page-1 ez-toc-heading-level-4'><a class=\"ez-toc-link ez-toc-heading-4\" href=\"https:\/\/saphirsmaragd.com\/en\/product\/smaragd-cushion-gruen-1-49-karat\/#Weitere_Infos\" >Further information<\/a><\/li><\/ul><\/nav><\/div>\n<h4 data-start=\"920\" data-end=\"944\"><span class=\"ez-toc-section\" id=\"Merkmale_Herkunft\"><\/span>Characteristics &amp; Origin<span class=\"ez-toc-section-end\"><\/span><\/h4>\n<p data-start=\"946\" data-end=\"1210\">Stone type: Emerald<br data-start=\"963\" data-end=\"966\" \/>Color: Green<br data-start=\"977\" data-end=\"980\" \/>Shape: Cushion<br data-start=\"993\" data-end=\"996\" \/>Gewicht: 1.49 Karat<br data-start=\"1015\" data-end=\"1018\" \/>Abmessungen: 7.3 x 6.1 mm<br data-start=\"1043\" data-end=\"1046\" \/>Herkunft: Sambia<br data-start=\"1062\" data-end=\"1065\" \/>Clarity: Small inclusions<br data-start=\"1093\" data-end=\"1096\" \/>Treatment: Oiled<br data-start=\"1113\" data-end=\"1116\" \/>Observation: Natural<br data-start=\"1138\" data-end=\"1141\" \/>Zertifikat: Bellerophon (A16384)<br data-start=\"1173\" data-end=\"1176\" \/>Mohs hardness: 7.5-8<br data-start=\"1193\" data-end=\"1196\" \/>Condition: New<\/p>\n<hr data-start=\"1212\" data-end=\"1215\" \/>\n<h4 data-start=\"1217\" data-end=\"1236\"><span class=\"ez-toc-section\" id=\"Besonderheiten\"><\/span>Special features<span class=\"ez-toc-section-end\"><\/span><\/h4>\n<p data-start=\"1238\" data-end=\"1515\">Der Smaragd Cushion Gr\u00fcn 1.49 Karat zeigt die f\u00fcr nat\u00fcrliche Smaragde typischen Einschl\u00fcsse, die als \u201eJardin\u201c bekannt sind und die Echtheit des Edelsteins unterstreichen. Die \u00d6lbehandlung verbessert die optische Klarheit, ohne die nat\u00fcrliche Struktur des Steins zu verf\u00e4lschen.<\/p>\n<p data-start=\"1517\" data-end=\"1900\">Besonders wertvoll ist bei diesem Edelstein das vorhandene Zertifikat von Bellerophon mit der Nummer A16384. Zertifizierte Smaragde schaffen zus\u00e4tzliches Vertrauen und sind im gehobenen Marktsegment besonders gefragt. Die Cushion-Form verleiht dem Smaragd eine weiche, elegante Optik und macht ihn zu einer attraktiven Wahl f\u00fcr Ringe, Anh\u00e4nger oder individuelle Schmuckanfertigungen.<\/p>\n<hr data-start=\"1443\" data-end=\"1446\" \/>\n<h4 data-start=\"1448\" data-end=\"1473\"><span class=\"ez-toc-section\" id=\"Mehr_uber_Smaragde\"><\/span>More about emeralds<span class=\"ez-toc-section-end\"><\/span><\/h4>\n<p data-start=\"1475\" data-end=\"1668\"><a class=\"\" href=\"https:\/\/saphirsmaragd.com\/en\/product-category\/heilsteine-kristalle-kaufen\/\" target=\"_new\" rel=\"noopener\" data-start=\"1571\" data-end=\"1668\">Healing stones &amp; crystals<\/a><\/p>\n<hr data-start=\"1670\" data-end=\"1673\" \/>\n<h4 data-start=\"1675\" data-end=\"1695\"><span class=\"ez-toc-section\" id=\"Weitere_Infos\"><\/span>Further information<span class=\"ez-toc-section-end\"><\/span><\/h4>\n<p data-start=\"1697\" data-end=\"1801\"><a class=\"\" href=\"https:\/\/de.wikipedia.org\/wiki\/Smaragd\" target=\"_new\" rel=\"noopener\" data-start=\"1741\" data-end=\"1801\">Wikipedia \u2013 Emerald<\/a><\/p>","protected":false},"excerpt":{"rendered":"<p data-start=\"314\" data-end=\"465\"><em>Smaragd Cushion Gr\u00fcn 1.49 Karat aus Sambia, nat\u00fcrlich und ge\u00f6lt. Zertifizierter Cushion-Smaragd mit intensiver gr\u00fcner Farbe und edler Ausstrahlung.<\/em><\/p>\n<h2 data-section-id=\"1r4bvnl\" data-start=\"467\" data-end=\"478\"><\/h2>","protected":false},"featured_media":8469,"comment_status":"open","ping_status":"closed","template":"","meta":{"_glsr_average":0,"_glsr_ranking":0,"_glsr_reviews":0},"product_brand":[],"product_cat":[262],"product_tag":[],"class_list":{"0":"post-8468","1":"product","2":"type-product","3":"status-publish","4":"has-post-thumbnail","6":"product_cat-smaragd","7":"pa_edelsteinart-smaragd","8":"pa_farbe-gruen","9":"pa_form-cushion","10":"pa_gewicht-karat-1-0-3-0-karat","11":"pa_herkunft-sambia","12":"pa_reinheit-kleine-einschluesse","13":"pa_veredelung-behandlung-geoelt","14":"pa_zertifikat-ja","15":"pa_zustand-neu","17":"first","18":"instock","19":"sold-individually","20":"shipping-taxable","21":"purchasable","22":"product-type-simple","23":"add-to-wishlist-before_image"},"jetpack_sharing_enabled":true,"_links":{"self":[{"href":"https:\/\/saphirsmaragd.com\/en\/wp-json\/wp\/v2\/product\/8468","targetHints":{"allow":["GET"]}}],"collection":[{"href":"https:\/\/saphirsmaragd.com\/en\/wp-json\/wp\/v2\/product"}],"about":[{"href":"https:\/\/saphirsmaragd.com\/en\/wp-json\/wp\/v2\/types\/product"}],"replies":[{"embeddable":true,"href":"https:\/\/saphirsmaragd.com\/en\/wp-json\/wp\/v2\/comments?post=8468"}],"version-history":[{"count":1,"href":"https:\/\/saphirsmaragd.com\/en\/wp-json\/wp\/v2\/product\/8468\/revisions"}],"predecessor-version":[{"id":8470,"href":"https:\/\/saphirsmaragd.com\/en\/wp-json\/wp\/v2\/product\/8468\/revisions\/8470"}],"wp:featuredmedia":[{"embeddable":true,"href":"https:\/\/saphirsmaragd.com\/en\/wp-json\/wp\/v2\/media\/8469"}],"wp:attachment":[{"href":"https:\/\/saphirsmaragd.com\/en\/wp-json\/wp\/v2\/media?parent=8468"}],"wp:term":[{"taxonomy":"product_brand","embeddable":true,"href":"https:\/\/saphirsmaragd.com\/en\/wp-json\/wp\/v2\/product_brand?post=8468"},{"taxonomy":"product_cat","embeddable":true,"href":"https:\/\/saphirsmaragd.com\/en\/wp-json\/wp\/v2\/product_cat?post=8468"},{"taxonomy":"product_tag","embeddable":true,"href":"https:\/\/saphirsmaragd.com\/en\/wp-json\/wp\/v2\/product_tag?post=8468"}],"curies":[{"name":"wp","href":"https:\/\/api.w.org\/{rel}","templated":true}]}}