{"id":8478,"date":"2026-04-11T12:40:21","date_gmt":"2026-04-11T12:40:21","guid":{"rendered":"https:\/\/saphirsmaragd.com\/?post_type=product&#038;p=8478"},"modified":"2026-04-11T13:11:56","modified_gmt":"2026-04-11T13:11:56","slug":"smaragd-rechteck-gruen-2-27-karat","status":"publish","type":"product","link":"https:\/\/saphirsmaragd.com\/en\/product\/smaragd-rechteck-gruen-2-27-karat\/","title":{"rendered":"Smaragd Rechteck Gr\u00fcn 2.27 Karat aus Sambia \u2013 Intensiver Edelstein"},"content":{"rendered":"<p data-start=\"755\" data-end=\"1077\">Dieser beeindruckende Smaragd Rechteck Gr\u00fcn 2.27 Karat stammt aus Sambia und \u00fcberzeugt durch seine kr\u00e4ftige gr\u00fcne Farbe sowie seine klassische rechteckige Form. Mit seiner \u00fcberdurchschnittlichen Gr\u00f6\u00dfe bietet dieser Edelstein eine besonders starke Pr\u00e4senz und eignet sich ideal f\u00fcr auff\u00e4llige und hochwertige Schmuckst\u00fccke.<\/p>\n<hr data-start=\"1079\" data-end=\"1082\" \/>\n<div id=\"ez-toc-container\" class=\"ez-toc-v2_0_82_2 counter-hierarchy ez-toc-counter ez-toc-grey ez-toc-container-direction\">\n<div class=\"ez-toc-title-container\">\n<p class=\"ez-toc-title\" style=\"cursor:inherit\">Table of Contents<\/p>\n<span class=\"ez-toc-title-toggle\"><a href=\"#\" class=\"ez-toc-pull-right ez-toc-btn ez-toc-btn-xs ez-toc-btn-default ez-toc-toggle\" aria-label=\"Toggle Table of Content\"><span class=\"ez-toc-js-icon-con\"><span class=\"\"><span class=\"eztoc-hide\" style=\"display:none;\">Toggle<\/span><span class=\"ez-toc-icon-toggle-span\"><svg style=\"fill: #999;color:#999\" xmlns=\"http:\/\/www.w3.org\/2000\/svg\" class=\"list-377408\" width=\"20px\" height=\"20px\" viewbox=\"0 0 24 24\" fill=\"none\"><path d=\"M6 6H4v2h2V6zm14 0H8v2h12V6zM4 11h2v2H4v-2zm16 0H8v2h12v-2zM4 16h2v2H4v-2zm16 0H8v2h12v-2z\" fill=\"currentColor\"><\/path><\/svg><svg style=\"fill: #999;color:#999\" class=\"arrow-unsorted-368013\" xmlns=\"http:\/\/www.w3.org\/2000\/svg\" width=\"10px\" height=\"10px\" viewbox=\"0 0 24 24\" version=\"1.2\" baseprofile=\"tiny\"><path d=\"M18.2 9.3l-6.2-6.3-6.2 6.3c-.2.2-.3.4-.3.7s.1.5.3.7c.2.2.4.3.7.3h11c.3 0 .5-.1.7-.3.2-.2.3-.5.3-.7s-.1-.5-.3-.7zM5.8 14.7l6.2 6.3 6.2-6.3c.2-.2.3-.5.3-.7s-.1-.5-.3-.7c-.2-.2-.4-.3-.7-.3h-11c-.3 0-.5.1-.7.3-.2.2-.3.5-.3.7s.1.5.3.7z\"\/><\/svg><\/span><\/span><\/span><\/a><\/span><\/div>\n<nav><ul class='ez-toc-list ez-toc-list-level-1' ><li class='ez-toc-page-1 ez-toc-heading-level-4'><a class=\"ez-toc-link ez-toc-heading-1\" href=\"https:\/\/saphirsmaragd.com\/en\/product\/smaragd-rechteck-gruen-2-27-karat\/#Merkmale_Herkunft\" >Characteristics &amp; Origin<\/a><\/li><li class='ez-toc-page-1 ez-toc-heading-level-4'><a class=\"ez-toc-link ez-toc-heading-2\" href=\"https:\/\/saphirsmaragd.com\/en\/product\/smaragd-rechteck-gruen-2-27-karat\/#Besonderheiten\" >Special features<\/a><\/li><li class='ez-toc-page-1 ez-toc-heading-level-4'><a class=\"ez-toc-link ez-toc-heading-3\" href=\"https:\/\/saphirsmaragd.com\/en\/product\/smaragd-rechteck-gruen-2-27-karat\/#Mehr_uber_Smaragde\" >More about emeralds<\/a><\/li><li class='ez-toc-page-1 ez-toc-heading-level-4'><a class=\"ez-toc-link ez-toc-heading-4\" href=\"https:\/\/saphirsmaragd.com\/en\/product\/smaragd-rechteck-gruen-2-27-karat\/#Weitere_Infos\" >Further information<\/a><\/li><\/ul><\/nav><\/div>\n<h4 data-start=\"1084\" data-end=\"1110\"><span class=\"ez-toc-section\" id=\"Merkmale_Herkunft\"><\/span>Characteristics &amp; Origin<span class=\"ez-toc-section-end\"><\/span><\/h4>\n<p data-start=\"1112\" data-end=\"1343\">Stone type: Emerald<br data-start=\"1129\" data-end=\"1132\" \/>Color: Green<br data-start=\"1143\" data-end=\"1146\" \/>Form: Rechteck<br data-start=\"1160\" data-end=\"1163\" \/>Gewicht: 2.27 Karat<br data-start=\"1182\" data-end=\"1185\" \/>Abmessungen: 9.1 x 7 mm<br data-start=\"1208\" data-end=\"1211\" \/>Herkunft: Sambia<br data-start=\"1227\" data-end=\"1230\" \/>Clarity: Clear inclusions<br data-start=\"1261\" data-end=\"1264\" \/>Treatment: Oiled<br data-start=\"1281\" data-end=\"1284\" \/>Observation: Natural<br data-start=\"1306\" data-end=\"1309\" \/>Mohs hardness: 7.5-8<br data-start=\"1326\" data-end=\"1329\" \/>Condition: New<\/p>\n<hr data-start=\"1345\" data-end=\"1348\" \/>\n<h4 data-start=\"1350\" data-end=\"1371\"><span class=\"ez-toc-section\" id=\"Besonderheiten\"><\/span>Special features<span class=\"ez-toc-section-end\"><\/span><\/h4>\n<p data-start=\"1373\" data-end=\"1667\">Der Smaragd Rechteck Gr\u00fcn 2.27 Karat zeigt die f\u00fcr Smaragde typischen nat\u00fcrlichen Einschl\u00fcsse, die als \u201eJardin\u201c bekannt sind und die Echtheit des Edelsteins unterstreichen. Bei gr\u00f6\u00dferen Smaragden sind Einschl\u00fcsse h\u00e4ufiger sichtbar und gelten als charakteristisches Merkmal nat\u00fcrlicher Steine.<\/p>\n<p data-start=\"1669\" data-end=\"1931\">Durch seine hohe Karat-Zahl und die klassische rechteckige Form eignet sich dieser Smaragd hervorragend als Mittelstein f\u00fcr auff\u00e4llige Ringe oder exklusive Anh\u00e4nger. Smaragde aus Sambia sind besonders gesch\u00e4tzt f\u00fcr ihre intensive Farbgebung und stabile Struktur.<\/p>\n<hr data-start=\"1443\" data-end=\"1446\" \/>\n<h4 data-start=\"1448\" data-end=\"1473\"><span class=\"ez-toc-section\" id=\"Mehr_uber_Smaragde\"><\/span>More about emeralds<span class=\"ez-toc-section-end\"><\/span><\/h4>\n<p data-start=\"1475\" data-end=\"1668\"><a class=\"\" href=\"https:\/\/saphirsmaragd.com\/en\/product-category\/heilsteine-kristalle-kaufen\/\" target=\"_new\" rel=\"noopener\" data-start=\"1571\" data-end=\"1668\">Healing stones &amp; crystals<\/a><\/p>\n<hr data-start=\"1670\" data-end=\"1673\" \/>\n<h4 data-start=\"1675\" data-end=\"1695\"><span class=\"ez-toc-section\" id=\"Weitere_Infos\"><\/span>Further information<span class=\"ez-toc-section-end\"><\/span><\/h4>\n<p data-start=\"1697\" data-end=\"1801\"><a class=\"\" href=\"https:\/\/de.wikipedia.org\/wiki\/Smaragd\" target=\"_new\" rel=\"noopener\" data-start=\"1741\" data-end=\"1801\">Wikipedia \u2013 Emerald<\/a><\/p>","protected":false},"excerpt":{"rendered":"<p data-start=\"430\" data-end=\"588\"><em>Smaragd Rechteck Gr\u00fcn 2.27 Karat aus Sambia, nat\u00fcrlich und ge\u00f6lt. Hochwertiger rechteckiger Smaragd mit intensiver gr\u00fcner Farbe und beeindruckender Gr\u00f6\u00dfe.<\/em><\/p>","protected":false},"featured_media":8479,"comment_status":"open","ping_status":"closed","template":"","meta":{"_glsr_average":0,"_glsr_ranking":0,"_glsr_reviews":0},"product_brand":[],"product_cat":[262],"product_tag":[],"class_list":{"0":"post-8478","1":"product","2":"type-product","3":"status-publish","4":"has-post-thumbnail","6":"product_cat-smaragd","7":"pa_edelsteinart-smaragd","8":"pa_farbe-gruen","9":"pa_form-rechteck","10":"pa_gewicht-karat-1-0-3-0-karat","11":"pa_herkunft-sambia","12":"pa_reinheit-deutliche-einschluesse","13":"pa_veredelung-behandlung-geoelt","14":"pa_zustand-neu","16":"first","17":"outofstock","18":"sold-individually","19":"shipping-taxable","20":"purchasable","21":"product-type-simple","22":"add-to-wishlist-before_image"},"jetpack_sharing_enabled":true,"_links":{"self":[{"href":"https:\/\/saphirsmaragd.com\/en\/wp-json\/wp\/v2\/product\/8478","targetHints":{"allow":["GET"]}}],"collection":[{"href":"https:\/\/saphirsmaragd.com\/en\/wp-json\/wp\/v2\/product"}],"about":[{"href":"https:\/\/saphirsmaragd.com\/en\/wp-json\/wp\/v2\/types\/product"}],"replies":[{"embeddable":true,"href":"https:\/\/saphirsmaragd.com\/en\/wp-json\/wp\/v2\/comments?post=8478"}],"version-history":[{"count":1,"href":"https:\/\/saphirsmaragd.com\/en\/wp-json\/wp\/v2\/product\/8478\/revisions"}],"predecessor-version":[{"id":8480,"href":"https:\/\/saphirsmaragd.com\/en\/wp-json\/wp\/v2\/product\/8478\/revisions\/8480"}],"wp:featuredmedia":[{"embeddable":true,"href":"https:\/\/saphirsmaragd.com\/en\/wp-json\/wp\/v2\/media\/8479"}],"wp:attachment":[{"href":"https:\/\/saphirsmaragd.com\/en\/wp-json\/wp\/v2\/media?parent=8478"}],"wp:term":[{"taxonomy":"product_brand","embeddable":true,"href":"https:\/\/saphirsmaragd.com\/en\/wp-json\/wp\/v2\/product_brand?post=8478"},{"taxonomy":"product_cat","embeddable":true,"href":"https:\/\/saphirsmaragd.com\/en\/wp-json\/wp\/v2\/product_cat?post=8478"},{"taxonomy":"product_tag","embeddable":true,"href":"https:\/\/saphirsmaragd.com\/en\/wp-json\/wp\/v2\/product_tag?post=8478"}],"curies":[{"name":"wp","href":"https:\/\/api.w.org\/{rel}","templated":true}]}}