{"id":8527,"date":"2026-04-14T16:14:08","date_gmt":"2026-04-14T16:14:08","guid":{"rendered":"https:\/\/saphirsmaragd.com\/?post_type=product&#038;p=8527"},"modified":"2026-04-14T16:43:25","modified_gmt":"2026-04-14T16:43:25","slug":"smaragd-rechteck-gruen-1-26-karat","status":"publish","type":"product","link":"https:\/\/saphirsmaragd.com\/en\/product\/smaragd-rechteck-gruen-1-26-karat\/","title":{"rendered":"Smaragd Rechteck Gr\u00fcn 1.26 Karat aus Sambia \u2013 Klassischer Edelstein"},"content":{"rendered":"<p data-start=\"719\" data-end=\"974\">Dieser hochwertige Smaragd Rechteck Gr\u00fcn 1.26 Karat aus Sambia \u00fcberzeugt durch seine klare Linienf\u00fchrung und seine nat\u00fcrliche, intensive Farbwirkung. Der rechteckige Schliff unterstreicht die Struktur des Edelsteins und verleiht ihm eine zeitlose Eleganz.<\/p>\n<hr data-start=\"976\" data-end=\"979\" \/>\n<div id=\"ez-toc-container\" class=\"ez-toc-v2_0_82_2 counter-hierarchy ez-toc-counter ez-toc-grey ez-toc-container-direction\">\n<div class=\"ez-toc-title-container\">\n<p class=\"ez-toc-title\" style=\"cursor:inherit\">Table of Contents<\/p>\n<span class=\"ez-toc-title-toggle\"><a href=\"#\" class=\"ez-toc-pull-right ez-toc-btn ez-toc-btn-xs ez-toc-btn-default ez-toc-toggle\" aria-label=\"Toggle Table of Content\"><span class=\"ez-toc-js-icon-con\"><span class=\"\"><span class=\"eztoc-hide\" style=\"display:none;\">Toggle<\/span><span class=\"ez-toc-icon-toggle-span\"><svg style=\"fill: #999;color:#999\" xmlns=\"http:\/\/www.w3.org\/2000\/svg\" class=\"list-377408\" width=\"20px\" height=\"20px\" viewbox=\"0 0 24 24\" fill=\"none\"><path d=\"M6 6H4v2h2V6zm14 0H8v2h12V6zM4 11h2v2H4v-2zm16 0H8v2h12v-2zM4 16h2v2H4v-2zm16 0H8v2h12v-2z\" fill=\"currentColor\"><\/path><\/svg><svg style=\"fill: #999;color:#999\" class=\"arrow-unsorted-368013\" xmlns=\"http:\/\/www.w3.org\/2000\/svg\" width=\"10px\" height=\"10px\" viewbox=\"0 0 24 24\" version=\"1.2\" baseprofile=\"tiny\"><path d=\"M18.2 9.3l-6.2-6.3-6.2 6.3c-.2.2-.3.4-.3.7s.1.5.3.7c.2.2.4.3.7.3h11c.3 0 .5-.1.7-.3.2-.2.3-.5.3-.7s-.1-.5-.3-.7zM5.8 14.7l6.2 6.3 6.2-6.3c.2-.2.3-.5.3-.7s-.1-.5-.3-.7c-.2-.2-.4-.3-.7-.3h-11c-.3 0-.5.1-.7.3-.2.2-.3.5-.3.7s.1.5.3.7z\"\/><\/svg><\/span><\/span><\/span><\/a><\/span><\/div>\n<nav><ul class='ez-toc-list ez-toc-list-level-1' ><li class='ez-toc-page-1 ez-toc-heading-level-4'><a class=\"ez-toc-link ez-toc-heading-1\" href=\"https:\/\/saphirsmaragd.com\/en\/product\/smaragd-rechteck-gruen-1-26-karat\/#Merkmale_Herkunft\" >Characteristics &amp; Origin<\/a><\/li><li class='ez-toc-page-1 ez-toc-heading-level-4'><a class=\"ez-toc-link ez-toc-heading-2\" href=\"https:\/\/saphirsmaragd.com\/en\/product\/smaragd-rechteck-gruen-1-26-karat\/#Besonderheiten\" >Special features<\/a><\/li><li class='ez-toc-page-1 ez-toc-heading-level-4'><a class=\"ez-toc-link ez-toc-heading-3\" href=\"https:\/\/saphirsmaragd.com\/en\/product\/smaragd-rechteck-gruen-1-26-karat\/#Mehr_uber_Heilsteine_Kristalle\" >More about healing stones &amp; crystals<\/a><\/li><li class='ez-toc-page-1 ez-toc-heading-level-4'><a class=\"ez-toc-link ez-toc-heading-4\" href=\"https:\/\/saphirsmaragd.com\/en\/product\/smaragd-rechteck-gruen-1-26-karat\/#Weitere_Infos\" >Further information<\/a><\/li><\/ul><\/nav><\/div>\n<h4 data-start=\"981\" data-end=\"1007\"><span class=\"ez-toc-section\" id=\"Merkmale_Herkunft\"><\/span>Characteristics &amp; Origin<span class=\"ez-toc-section-end\"><\/span><\/h4>\n<p data-start=\"1009\" data-end=\"1239\">Stone type: Emerald<br data-start=\"1026\" data-end=\"1029\" \/>Color: Green<br data-start=\"1040\" data-end=\"1043\" \/>Form: Rechteck<br data-start=\"1057\" data-end=\"1060\" \/>Gewicht: 1.26 Karat<br data-start=\"1079\" data-end=\"1082\" \/>Abmessungen: 8.2 x 5.8 mm<br data-start=\"1107\" data-end=\"1110\" \/>Herkunft: Sambia<br data-start=\"1126\" data-end=\"1129\" \/>Clarity: Clear inclusions<br data-start=\"1157\" data-end=\"1160\" \/>Treatment: Oiled<br data-start=\"1177\" data-end=\"1180\" \/>Observation: Natural<br data-start=\"1202\" data-end=\"1205\" \/>Mohs hardness: 7.5-8<br data-start=\"1222\" data-end=\"1225\" \/>Condition: New<\/p>\n<hr data-start=\"1241\" data-end=\"1244\" \/>\n<h4 data-start=\"1246\" data-end=\"1267\"><span class=\"ez-toc-section\" id=\"Besonderheiten\"><\/span>Special features<span class=\"ez-toc-section-end\"><\/span><\/h4>\n<p data-start=\"1269\" data-end=\"1518\">Der Smaragd Rechteck Gr\u00fcn 1.26 Karat geh\u00f6rt zu den klassischen Edelsteinen, die besonders f\u00fcr elegante Schmuckst\u00fccke gesch\u00e4tzt werden. Die rechteckige Form bringt die Tiefe der gr\u00fcnen Farbe optimal zur Geltung und sorgt f\u00fcr eine klare, edle Optik.<\/p>\n<p data-start=\"1520\" data-end=\"1744\">Smaragde aus Sambia sind bekannt f\u00fcr ihre gleichm\u00e4\u00dfige Farbverteilung und ihre hohe Stabilit\u00e4t. Dadurch eignen sie sich hervorragend f\u00fcr die Verarbeitung in hochwertigen Ringen, Anh\u00e4ngern oder individuellen Schmuckdesigns.<\/p>\n<p data-start=\"1746\" data-end=\"1951\">Die nat\u00fcrlichen Einschl\u00fcsse sind ein typisches Merkmal echter Smaragde und machen jeden Stein einzigartig. Durch die \u00d6lbehandlung wird die Transparenz verbessert und die Farbwirkung zus\u00e4tzlich verst\u00e4rkt.<\/p>\n<hr data-start=\"1670\" data-end=\"1673\" \/>\n<h4 data-start=\"1448\" data-end=\"1473\"><span class=\"ez-toc-section\" id=\"Mehr_uber_Heilsteine_Kristalle\"><\/span>More about healing stones &amp; crystals<span class=\"ez-toc-section-end\"><\/span><\/h4>\n<p data-start=\"1475\" data-end=\"1668\"><a class=\"\" href=\"https:\/\/saphirsmaragd.com\/en\/product-category\/heilsteine-kristalle-kaufen\/\" target=\"_new\" rel=\"noopener\" data-start=\"1571\" data-end=\"1668\">Healing stones &amp; crystals<\/a><\/p>\n<hr data-start=\"1670\" data-end=\"1673\" \/>\n<h4 data-start=\"1675\" data-end=\"1695\"><span class=\"ez-toc-section\" id=\"Weitere_Infos\"><\/span>Further information<span class=\"ez-toc-section-end\"><\/span><\/h4>\n<p data-start=\"1697\" data-end=\"1801\"><a class=\"\" href=\"https:\/\/de.wikipedia.org\/wiki\/Smaragd\" target=\"_new\" rel=\"noopener\" data-start=\"1741\" data-end=\"1801\">Wikipedia \u2013 Emerald<\/a><\/p>","protected":false},"excerpt":{"rendered":"<p data-start=\"407\" data-end=\"551\"><em>Smaragd Rechteck Gr\u00fcn 1.26 Karat aus Sambia, ge\u00f6lt. Eleganter rechteckiger Edelstein mit nat\u00fcrlicher Farbintensit\u00e4t und klassischem Schliff.<\/em><\/p>","protected":false},"featured_media":8528,"comment_status":"open","ping_status":"closed","template":"","meta":{"_glsr_average":0,"_glsr_ranking":0,"_glsr_reviews":0},"product_brand":[],"product_cat":[262],"product_tag":[],"class_list":{"0":"post-8527","1":"product","2":"type-product","3":"status-publish","4":"has-post-thumbnail","6":"product_cat-smaragd","7":"pa_edelsteinart-smaragd","8":"pa_farbe-gruen","9":"pa_form-rechteck","10":"pa_gewicht-karat-1-0-3-0-karat","11":"pa_herkunft-sambia","12":"pa_reinheit-deutliche-einschluesse","13":"pa_veredelung-behandlung-geoelt","14":"pa_zustand-neu","16":"first","17":"instock","18":"sold-individually","19":"taxable","20":"shipping-taxable","21":"purchasable","22":"product-type-simple","23":"add-to-wishlist-before_image"},"jetpack_sharing_enabled":true,"_links":{"self":[{"href":"https:\/\/saphirsmaragd.com\/en\/wp-json\/wp\/v2\/product\/8527","targetHints":{"allow":["GET"]}}],"collection":[{"href":"https:\/\/saphirsmaragd.com\/en\/wp-json\/wp\/v2\/product"}],"about":[{"href":"https:\/\/saphirsmaragd.com\/en\/wp-json\/wp\/v2\/types\/product"}],"replies":[{"embeddable":true,"href":"https:\/\/saphirsmaragd.com\/en\/wp-json\/wp\/v2\/comments?post=8527"}],"version-history":[{"count":4,"href":"https:\/\/saphirsmaragd.com\/en\/wp-json\/wp\/v2\/product\/8527\/revisions"}],"predecessor-version":[{"id":8532,"href":"https:\/\/saphirsmaragd.com\/en\/wp-json\/wp\/v2\/product\/8527\/revisions\/8532"}],"wp:featuredmedia":[{"embeddable":true,"href":"https:\/\/saphirsmaragd.com\/en\/wp-json\/wp\/v2\/media\/8528"}],"wp:attachment":[{"href":"https:\/\/saphirsmaragd.com\/en\/wp-json\/wp\/v2\/media?parent=8527"}],"wp:term":[{"taxonomy":"product_brand","embeddable":true,"href":"https:\/\/saphirsmaragd.com\/en\/wp-json\/wp\/v2\/product_brand?post=8527"},{"taxonomy":"product_cat","embeddable":true,"href":"https:\/\/saphirsmaragd.com\/en\/wp-json\/wp\/v2\/product_cat?post=8527"},{"taxonomy":"product_tag","embeddable":true,"href":"https:\/\/saphirsmaragd.com\/en\/wp-json\/wp\/v2\/product_tag?post=8527"}],"curies":[{"name":"wp","href":"https:\/\/api.w.org\/{rel}","templated":true}]}}