{"id":8556,"date":"2026-04-14T17:10:31","date_gmt":"2026-04-14T17:10:31","guid":{"rendered":"https:\/\/saphirsmaragd.com\/?post_type=product&#038;p=8556"},"modified":"2026-04-14T17:12:38","modified_gmt":"2026-04-14T17:12:38","slug":"smaragd-oval-gruen-1-29-karat","status":"publish","type":"product","link":"https:\/\/saphirsmaragd.com\/en\/product\/smaragd-oval-gruen-1-29-karat\/","title":{"rendered":"Smaragd Oval Gr\u00fcn 1.29 Karat aus Sambia \u2013 Klassischer Edelstein mit intensiver Farbe"},"content":{"rendered":"<p data-start=\"769\" data-end=\"1029\">Dieser Smaragd Oval Gr\u00fcn 1.29 Karat aus Sambia \u00fcberzeugt durch seine ausgewogene Form und seine intensive gr\u00fcne Farbwirkung. Der klassische Ovalschliff sorgt f\u00fcr eine besonders harmonische Lichtreflexion und hebt die nat\u00fcrliche Sch\u00f6nheit des Edelsteins hervor.<\/p>\n<hr data-start=\"1031\" data-end=\"1034\" \/>\n<div id=\"ez-toc-container\" class=\"ez-toc-v2_0_82_2 counter-hierarchy ez-toc-counter ez-toc-grey ez-toc-container-direction\">\n<div class=\"ez-toc-title-container\">\n<p class=\"ez-toc-title\" style=\"cursor:inherit\">Table of Contents<\/p>\n<span class=\"ez-toc-title-toggle\"><a href=\"#\" class=\"ez-toc-pull-right ez-toc-btn ez-toc-btn-xs ez-toc-btn-default ez-toc-toggle\" aria-label=\"Toggle Table of Content\"><span class=\"ez-toc-js-icon-con\"><span class=\"\"><span class=\"eztoc-hide\" style=\"display:none;\">Toggle<\/span><span class=\"ez-toc-icon-toggle-span\"><svg style=\"fill: #999;color:#999\" xmlns=\"http:\/\/www.w3.org\/2000\/svg\" class=\"list-377408\" width=\"20px\" height=\"20px\" viewbox=\"0 0 24 24\" fill=\"none\"><path d=\"M6 6H4v2h2V6zm14 0H8v2h12V6zM4 11h2v2H4v-2zm16 0H8v2h12v-2zM4 16h2v2H4v-2zm16 0H8v2h12v-2z\" fill=\"currentColor\"><\/path><\/svg><svg style=\"fill: #999;color:#999\" class=\"arrow-unsorted-368013\" xmlns=\"http:\/\/www.w3.org\/2000\/svg\" width=\"10px\" height=\"10px\" viewbox=\"0 0 24 24\" version=\"1.2\" baseprofile=\"tiny\"><path d=\"M18.2 9.3l-6.2-6.3-6.2 6.3c-.2.2-.3.4-.3.7s.1.5.3.7c.2.2.4.3.7.3h11c.3 0 .5-.1.7-.3.2-.2.3-.5.3-.7s-.1-.5-.3-.7zM5.8 14.7l6.2 6.3 6.2-6.3c.2-.2.3-.5.3-.7s-.1-.5-.3-.7c-.2-.2-.4-.3-.7-.3h-11c-.3 0-.5.1-.7.3-.2.2-.3.5-.3.7s.1.5.3.7z\"\/><\/svg><\/span><\/span><\/span><\/a><\/span><\/div>\n<nav><ul class='ez-toc-list ez-toc-list-level-1' ><li class='ez-toc-page-1 ez-toc-heading-level-4'><a class=\"ez-toc-link ez-toc-heading-1\" href=\"https:\/\/saphirsmaragd.com\/en\/product\/smaragd-oval-gruen-1-29-karat\/#Merkmale_Herkunft\" >Characteristics &amp; Origin<\/a><\/li><li class='ez-toc-page-1 ez-toc-heading-level-4'><a class=\"ez-toc-link ez-toc-heading-2\" href=\"https:\/\/saphirsmaragd.com\/en\/product\/smaragd-oval-gruen-1-29-karat\/#Besonderheiten\" >Special features<\/a><\/li><li class='ez-toc-page-1 ez-toc-heading-level-4'><a class=\"ez-toc-link ez-toc-heading-3\" href=\"https:\/\/saphirsmaragd.com\/en\/product\/smaragd-oval-gruen-1-29-karat\/#Mehr_uber_Heilsteine_Kristalle\" >More about healing stones &amp; crystals<\/a><\/li><li class='ez-toc-page-1 ez-toc-heading-level-4'><a class=\"ez-toc-link ez-toc-heading-4\" href=\"https:\/\/saphirsmaragd.com\/en\/product\/smaragd-oval-gruen-1-29-karat\/#Weitere_Infos\" >Further information<\/a><\/li><\/ul><\/nav><\/div>\n<h4 data-start=\"1036\" data-end=\"1062\"><span class=\"ez-toc-section\" id=\"Merkmale_Herkunft\"><\/span>Characteristics &amp; Origin<span class=\"ez-toc-section-end\"><\/span><\/h4>\n<p data-start=\"1064\" data-end=\"1290\">Stone type: Emerald<br data-start=\"1081\" data-end=\"1084\" \/>Color: Green<br data-start=\"1095\" data-end=\"1098\" \/>Shape: Oval<br data-start=\"1108\" data-end=\"1111\" \/>Gewicht: 1.29 Karat<br data-start=\"1130\" data-end=\"1133\" \/>Abmessungen: 8.2 x 6.2 mm<br data-start=\"1158\" data-end=\"1161\" \/>Herkunft: Sambia<br data-start=\"1177\" data-end=\"1180\" \/>Clarity: Strong inclusions<br data-start=\"1208\" data-end=\"1211\" \/>Treatment: Oiled<br data-start=\"1228\" data-end=\"1231\" \/>Observation: Natural<br data-start=\"1253\" data-end=\"1256\" \/>Mohs hardness: 7.5-8<br data-start=\"1273\" data-end=\"1276\" \/>Condition: New<\/p>\n<hr data-start=\"1292\" data-end=\"1295\" \/>\n<h4 data-start=\"1297\" data-end=\"1318\"><span class=\"ez-toc-section\" id=\"Besonderheiten\"><\/span>Special features<span class=\"ez-toc-section-end\"><\/span><\/h4>\n<p data-start=\"1320\" data-end=\"1558\">Der Smaragd Oval Gr\u00fcn 1.29 Karat geh\u00f6rt zu den beliebtesten Gr\u00f6\u00dfen f\u00fcr hochwertigen Schmuck. Er bietet eine ideale Balance zwischen Pr\u00e4senz und Eleganz und eignet sich hervorragend f\u00fcr Ringe, Anh\u00e4nger oder exklusive Einzelanfertigungen.<\/p>\n<p data-start=\"1560\" data-end=\"1751\">Smaragde aus Sambia sind bekannt f\u00fcr ihre tiefgr\u00fcne, leicht k\u00fchle Farbnuance und ihre stabile Struktur. Diese Eigenschaften machen sie besonders langlebig und hochwertig f\u00fcr Schmuckdesigns.<\/p>\n<p data-start=\"1753\" data-end=\"1952\">Die nat\u00fcrlichen Einschl\u00fcsse sind typisch f\u00fcr echte Smaragde und verleihen jedem Stein eine individuelle Ausstrahlung. Die \u00d6lbehandlung verbessert die Transparenz und unterst\u00fctzt die Farbintensit\u00e4t.<\/p>\n<hr data-start=\"1670\" data-end=\"1673\" \/>\n<h4 data-start=\"1448\" data-end=\"1473\"><span class=\"ez-toc-section\" id=\"Mehr_uber_Heilsteine_Kristalle\"><\/span>More about healing stones &amp; crystals<span class=\"ez-toc-section-end\"><\/span><\/h4>\n<p data-start=\"1475\" data-end=\"1668\"><a class=\"\" href=\"https:\/\/saphirsmaragd.com\/en\/product-category\/heilsteine-kristalle-kaufen\/\" target=\"_new\" rel=\"noopener\" data-start=\"1571\" data-end=\"1668\">Healing stones &amp; crystals<\/a><\/p>\n<hr data-start=\"1670\" data-end=\"1673\" \/>\n<h4 data-start=\"1675\" data-end=\"1695\"><span class=\"ez-toc-section\" id=\"Weitere_Infos\"><\/span>Further information<span class=\"ez-toc-section-end\"><\/span><\/h4>\n<p data-start=\"1697\" data-end=\"1801\"><a class=\"\" href=\"https:\/\/de.wikipedia.org\/wiki\/Smaragd\" target=\"_new\" rel=\"noopener\" data-start=\"1741\" data-end=\"1801\">Wikipedia \u2013 Emerald<\/a><\/p>","protected":false},"excerpt":{"rendered":"<p data-start=\"460\" data-end=\"588\"><em>Smaragd Oval Gr\u00fcn 1.29 Karat aus Sambia, ge\u00f6lt. Eleganter Edelstein mit harmonischer Form und intensiver gr\u00fcner Farbwirkung.<\/em><\/p>","protected":false},"featured_media":8557,"comment_status":"open","ping_status":"closed","template":"","meta":{"_glsr_average":0,"_glsr_ranking":0,"_glsr_reviews":0},"product_brand":[],"product_cat":[262],"product_tag":[],"class_list":{"0":"post-8556","1":"product","2":"type-product","3":"status-publish","4":"has-post-thumbnail","6":"product_cat-smaragd","7":"pa_edelsteinart-smaragd","8":"pa_farbe-gruen","9":"pa_form-oval","10":"pa_gewicht-karat-1-0-3-0-karat","11":"pa_herkunft-sambia","12":"pa_reinheit-starke-einschluesse","13":"pa_veredelung-behandlung-geoelt","14":"pa_zustand-neu","16":"first","17":"instock","18":"sold-individually","19":"shipping-taxable","20":"purchasable","21":"product-type-simple","22":"add-to-wishlist-before_image"},"jetpack_sharing_enabled":true,"_links":{"self":[{"href":"https:\/\/saphirsmaragd.com\/en\/wp-json\/wp\/v2\/product\/8556","targetHints":{"allow":["GET"]}}],"collection":[{"href":"https:\/\/saphirsmaragd.com\/en\/wp-json\/wp\/v2\/product"}],"about":[{"href":"https:\/\/saphirsmaragd.com\/en\/wp-json\/wp\/v2\/types\/product"}],"replies":[{"embeddable":true,"href":"https:\/\/saphirsmaragd.com\/en\/wp-json\/wp\/v2\/comments?post=8556"}],"version-history":[{"count":1,"href":"https:\/\/saphirsmaragd.com\/en\/wp-json\/wp\/v2\/product\/8556\/revisions"}],"predecessor-version":[{"id":8558,"href":"https:\/\/saphirsmaragd.com\/en\/wp-json\/wp\/v2\/product\/8556\/revisions\/8558"}],"wp:featuredmedia":[{"embeddable":true,"href":"https:\/\/saphirsmaragd.com\/en\/wp-json\/wp\/v2\/media\/8557"}],"wp:attachment":[{"href":"https:\/\/saphirsmaragd.com\/en\/wp-json\/wp\/v2\/media?parent=8556"}],"wp:term":[{"taxonomy":"product_brand","embeddable":true,"href":"https:\/\/saphirsmaragd.com\/en\/wp-json\/wp\/v2\/product_brand?post=8556"},{"taxonomy":"product_cat","embeddable":true,"href":"https:\/\/saphirsmaragd.com\/en\/wp-json\/wp\/v2\/product_cat?post=8556"},{"taxonomy":"product_tag","embeddable":true,"href":"https:\/\/saphirsmaragd.com\/en\/wp-json\/wp\/v2\/product_tag?post=8556"}],"curies":[{"name":"wp","href":"https:\/\/api.w.org\/{rel}","templated":true}]}}