{"id":8597,"date":"2026-04-19T16:21:54","date_gmt":"2026-04-19T16:21:54","guid":{"rendered":"https:\/\/saphirsmaragd.com\/?post_type=product&#038;p=8597"},"modified":"2026-04-19T16:33:29","modified_gmt":"2026-04-19T16:33:29","slug":"smaragd-tropfen-gruen-1-02-karat","status":"publish","type":"product","link":"https:\/\/saphirsmaragd.com\/en\/product\/smaragd-tropfen-gruen-1-02-karat\/","title":{"rendered":"Smaragd Tropfen Gr\u00fcn 1.02 Karat aus Sambia mit Zertifikat \u2013 Eleganter Edelstein im Tropfenschliff"},"content":{"rendered":"<p data-start=\"783\" data-end=\"1048\">Der Smaragd Tropfen Gr\u00fcn 1.02 Karat aus Sambia \u00fcberzeugt durch seine elegante Tropfenform und seine intensive gr\u00fcne Farbgebung. Durch den pr\u00e4zisen Schliff entsteht eine harmonische Lichtreflexion, die die nat\u00fcrliche Sch\u00f6nheit dieses Edelsteins besonders hervorhebt.<\/p>\n<hr data-start=\"1050\" data-end=\"1053\" \/>\n<div id=\"ez-toc-container\" class=\"ez-toc-v2_0_82_2 counter-hierarchy ez-toc-counter ez-toc-grey ez-toc-container-direction\">\n<div class=\"ez-toc-title-container\">\n<p class=\"ez-toc-title\" style=\"cursor:inherit\">Table of Contents<\/p>\n<span class=\"ez-toc-title-toggle\"><a href=\"#\" class=\"ez-toc-pull-right ez-toc-btn ez-toc-btn-xs ez-toc-btn-default ez-toc-toggle\" aria-label=\"Toggle Table of Content\"><span class=\"ez-toc-js-icon-con\"><span class=\"\"><span class=\"eztoc-hide\" style=\"display:none;\">Toggle<\/span><span class=\"ez-toc-icon-toggle-span\"><svg style=\"fill: #999;color:#999\" xmlns=\"http:\/\/www.w3.org\/2000\/svg\" class=\"list-377408\" width=\"20px\" height=\"20px\" viewbox=\"0 0 24 24\" fill=\"none\"><path d=\"M6 6H4v2h2V6zm14 0H8v2h12V6zM4 11h2v2H4v-2zm16 0H8v2h12v-2zM4 16h2v2H4v-2zm16 0H8v2h12v-2z\" fill=\"currentColor\"><\/path><\/svg><svg style=\"fill: #999;color:#999\" class=\"arrow-unsorted-368013\" xmlns=\"http:\/\/www.w3.org\/2000\/svg\" width=\"10px\" height=\"10px\" viewbox=\"0 0 24 24\" version=\"1.2\" baseprofile=\"tiny\"><path d=\"M18.2 9.3l-6.2-6.3-6.2 6.3c-.2.2-.3.4-.3.7s.1.5.3.7c.2.2.4.3.7.3h11c.3 0 .5-.1.7-.3.2-.2.3-.5.3-.7s-.1-.5-.3-.7zM5.8 14.7l6.2 6.3 6.2-6.3c.2-.2.3-.5.3-.7s-.1-.5-.3-.7c-.2-.2-.4-.3-.7-.3h-11c-.3 0-.5.1-.7.3-.2.2-.3.5-.3.7s.1.5.3.7z\"\/><\/svg><\/span><\/span><\/span><\/a><\/span><\/div>\n<nav><ul class='ez-toc-list ez-toc-list-level-1' ><li class='ez-toc-page-1 ez-toc-heading-level-4'><a class=\"ez-toc-link ez-toc-heading-1\" href=\"https:\/\/saphirsmaragd.com\/en\/product\/smaragd-tropfen-gruen-1-02-karat\/#Merkmale_Herkunft\" >Characteristics &amp; Origin<\/a><\/li><li class='ez-toc-page-1 ez-toc-heading-level-4'><a class=\"ez-toc-link ez-toc-heading-2\" href=\"https:\/\/saphirsmaragd.com\/en\/product\/smaragd-tropfen-gruen-1-02-karat\/#Besonderheiten\" >Special features<\/a><\/li><li class='ez-toc-page-1 ez-toc-heading-level-4'><a class=\"ez-toc-link ez-toc-heading-3\" href=\"https:\/\/saphirsmaragd.com\/en\/product\/smaragd-tropfen-gruen-1-02-karat\/#Mehr_uber_Heilsteine_Kristalle\" >More about healing stones &amp; crystals<\/a><\/li><li class='ez-toc-page-1 ez-toc-heading-level-4'><a class=\"ez-toc-link ez-toc-heading-4\" href=\"https:\/\/saphirsmaragd.com\/en\/product\/smaragd-tropfen-gruen-1-02-karat\/#Weitere_Infos\" >Further information<\/a><\/li><\/ul><\/nav><\/div>\n<h4 data-start=\"1055\" data-end=\"1081\"><span class=\"ez-toc-section\" id=\"Merkmale_Herkunft\"><\/span>Characteristics &amp; Origin<span class=\"ez-toc-section-end\"><\/span><\/h4>\n<p data-start=\"1083\" data-end=\"1349\">Stone type: Emerald<br data-start=\"1100\" data-end=\"1103\" \/>Color: Green<br data-start=\"1114\" data-end=\"1117\" \/>Shape: Drop<br data-start=\"1130\" data-end=\"1133\" \/>Gewicht: 1.02 Karat<br data-start=\"1152\" data-end=\"1155\" \/>Abmessungen: 8.1 x 6.0 mm<br data-start=\"1180\" data-end=\"1183\" \/>Herkunft: Sambia<br data-start=\"1199\" data-end=\"1202\" \/>Clarity: Small inclusions<br data-start=\"1230\" data-end=\"1233\" \/>Treatment: Oiled<br data-start=\"1250\" data-end=\"1253\" \/>Zertifikat: BELLEROPHON No. A14619<br data-start=\"1287\" data-end=\"1290\" \/>Observation: Natural<br data-start=\"1312\" data-end=\"1315\" \/>Mohs hardness: 7.5-8<br data-start=\"1332\" data-end=\"1335\" \/>Condition: New<\/p>\n<hr data-start=\"1351\" data-end=\"1354\" \/>\n<h4 data-start=\"1356\" data-end=\"1377\"><span class=\"ez-toc-section\" id=\"Besonderheiten\"><\/span>Special features<span class=\"ez-toc-section-end\"><\/span><\/h4>\n<p data-start=\"1379\" data-end=\"1650\">Der Smaragd Tropfen Gr\u00fcn 1.02 Karat zeichnet sich besonders durch seinen klassischen Tropfenschliff aus, der Eleganz und Dynamik miteinander verbindet. Diese Form wird h\u00e4ufig f\u00fcr luxuri\u00f6se Schmuckst\u00fccke verwendet, da sie eine streckende, besonders edle Wirkung erzeugt.<\/p>\n<p data-start=\"1652\" data-end=\"1921\">Ein entscheidender Vorteil dieses Edelsteins ist das vorhandene Zertifikat (BELLEROPHON No. A14619), das die Echtheit und Qualit\u00e4t best\u00e4tigt. Zertifizierte Smaragde genie\u00dfen ein h\u00f6heres Vertrauen bei K\u00e4ufern und eignen sich besonders f\u00fcr wertbest\u00e4ndige Investitionen.<\/p>\n<p data-start=\"1923\" data-end=\"2184\">Smaragde aus Sambia sind bekannt f\u00fcr ihre intensive, leicht k\u00fchle Gr\u00fcnfarbe und ihre hohe Reinheit im internationalen Vergleich. Die nat\u00fcrlichen Einschl\u00fcsse verleihen jedem Stein seinen einzigartigen Charakter und machen ihn zu einem unverwechselbaren Unikat.<\/p>\n<hr data-start=\"1670\" data-end=\"1673\" \/>\n<h4 data-start=\"1448\" data-end=\"1473\"><span class=\"ez-toc-section\" id=\"Mehr_uber_Heilsteine_Kristalle\"><\/span>More about healing stones &amp; crystals<span class=\"ez-toc-section-end\"><\/span><\/h4>\n<p data-start=\"1475\" data-end=\"1668\"><a class=\"\" href=\"https:\/\/saphirsmaragd.com\/en\/product-category\/heilsteine-kristalle-kaufen\/\" target=\"_new\" rel=\"noopener\" data-start=\"1571\" data-end=\"1668\">Healing stones &amp; crystals<\/a><\/p>\n<hr data-start=\"1670\" data-end=\"1673\" \/>\n<h4 data-start=\"1675\" data-end=\"1695\"><span class=\"ez-toc-section\" id=\"Weitere_Infos\"><\/span>Further information<span class=\"ez-toc-section-end\"><\/span><\/h4>\n<p data-start=\"1697\" data-end=\"1801\"><a class=\"\" href=\"https:\/\/de.wikipedia.org\/wiki\/Smaragd\" target=\"_new\" rel=\"noopener\" data-start=\"1741\" data-end=\"1801\">Wikipedia \u2013 Emerald<\/a><\/p>","protected":false},"excerpt":{"rendered":"<p data-start=\"465\" data-end=\"586\"><em>Smaragd Tropfen Gr\u00fcn 1.02 Karat aus Sambia mit Zertifikat, ge\u00f6lt. Hochwertiger Edelstein im eleganten Tropfenschliff.<\/em><\/p>","protected":false},"featured_media":8598,"comment_status":"open","ping_status":"closed","template":"","meta":{"_glsr_average":0,"_glsr_ranking":0,"_glsr_reviews":0},"product_brand":[],"product_cat":[262],"product_tag":[],"class_list":{"0":"post-8597","1":"product","2":"type-product","3":"status-publish","4":"has-post-thumbnail","6":"product_cat-smaragd","7":"pa_edelsteinart-smaragd","8":"pa_farbe-gruen","9":"pa_form-tropfen","10":"pa_gewicht-karat-1-0-3-0-karat","11":"pa_herkunft-sambia","12":"pa_reinheit-kleine-einschluesse","13":"pa_veredelung-behandlung-geoelt","14":"pa_zertifikat-ja","15":"pa_zustand-neu","17":"first","18":"instock","19":"sold-individually","20":"taxable","21":"shipping-taxable","22":"purchasable","23":"product-type-simple","24":"add-to-wishlist-before_image"},"jetpack_sharing_enabled":true,"_links":{"self":[{"href":"https:\/\/saphirsmaragd.com\/en\/wp-json\/wp\/v2\/product\/8597","targetHints":{"allow":["GET"]}}],"collection":[{"href":"https:\/\/saphirsmaragd.com\/en\/wp-json\/wp\/v2\/product"}],"about":[{"href":"https:\/\/saphirsmaragd.com\/en\/wp-json\/wp\/v2\/types\/product"}],"replies":[{"embeddable":true,"href":"https:\/\/saphirsmaragd.com\/en\/wp-json\/wp\/v2\/comments?post=8597"}],"version-history":[{"count":1,"href":"https:\/\/saphirsmaragd.com\/en\/wp-json\/wp\/v2\/product\/8597\/revisions"}],"predecessor-version":[{"id":8599,"href":"https:\/\/saphirsmaragd.com\/en\/wp-json\/wp\/v2\/product\/8597\/revisions\/8599"}],"wp:featuredmedia":[{"embeddable":true,"href":"https:\/\/saphirsmaragd.com\/en\/wp-json\/wp\/v2\/media\/8598"}],"wp:attachment":[{"href":"https:\/\/saphirsmaragd.com\/en\/wp-json\/wp\/v2\/media?parent=8597"}],"wp:term":[{"taxonomy":"product_brand","embeddable":true,"href":"https:\/\/saphirsmaragd.com\/en\/wp-json\/wp\/v2\/product_brand?post=8597"},{"taxonomy":"product_cat","embeddable":true,"href":"https:\/\/saphirsmaragd.com\/en\/wp-json\/wp\/v2\/product_cat?post=8597"},{"taxonomy":"product_tag","embeddable":true,"href":"https:\/\/saphirsmaragd.com\/en\/wp-json\/wp\/v2\/product_tag?post=8597"}],"curies":[{"name":"wp","href":"https:\/\/api.w.org\/{rel}","templated":true}]}}