{"id":8730,"date":"2026-05-04T12:08:58","date_gmt":"2026-05-04T12:08:58","guid":{"rendered":"https:\/\/saphirsmaragd.com\/?post_type=product&#038;p=8730"},"modified":"2026-05-04T12:10:56","modified_gmt":"2026-05-04T12:10:56","slug":"smaragd-rechteck-gruen-0-69-karat","status":"publish","type":"product","link":"https:\/\/saphirsmaragd.com\/en\/product\/smaragd-rechteck-gruen-0-69-karat\/","title":{"rendered":"Smaragd Rechteck Gr\u00fcn 0.69 Karat aus Sambia \u2013 Eleganter Smaragdschliff Edelstein"},"content":{"rendered":"<p data-start=\"806\" data-end=\"1059\">Der Smaragd Rechteck Gr\u00fcn 0.69 Karat aus Sambia \u00fcberzeugt durch seinen klassischen rechteckigen Smaragdschliff und eine harmonische gr\u00fcne Farbgebung. Trotz seines feineren Gewichts wirkt der Stein durch seine klare Form besonders elegant und hochwertig.<\/p>\n<hr data-start=\"1061\" data-end=\"1064\" \/>\n<div id=\"ez-toc-container\" class=\"ez-toc-v2_0_82_2 counter-hierarchy ez-toc-counter ez-toc-grey ez-toc-container-direction\">\n<div class=\"ez-toc-title-container\">\n<p class=\"ez-toc-title\" style=\"cursor:inherit\">Table of Contents<\/p>\n<span class=\"ez-toc-title-toggle\"><a href=\"#\" class=\"ez-toc-pull-right ez-toc-btn ez-toc-btn-xs ez-toc-btn-default ez-toc-toggle\" aria-label=\"Toggle Table of Content\"><span class=\"ez-toc-js-icon-con\"><span class=\"\"><span class=\"eztoc-hide\" style=\"display:none;\">Toggle<\/span><span class=\"ez-toc-icon-toggle-span\"><svg style=\"fill: #999;color:#999\" xmlns=\"http:\/\/www.w3.org\/2000\/svg\" class=\"list-377408\" width=\"20px\" height=\"20px\" viewbox=\"0 0 24 24\" fill=\"none\"><path d=\"M6 6H4v2h2V6zm14 0H8v2h12V6zM4 11h2v2H4v-2zm16 0H8v2h12v-2zM4 16h2v2H4v-2zm16 0H8v2h12v-2z\" fill=\"currentColor\"><\/path><\/svg><svg style=\"fill: #999;color:#999\" class=\"arrow-unsorted-368013\" xmlns=\"http:\/\/www.w3.org\/2000\/svg\" width=\"10px\" height=\"10px\" viewbox=\"0 0 24 24\" version=\"1.2\" baseprofile=\"tiny\"><path d=\"M18.2 9.3l-6.2-6.3-6.2 6.3c-.2.2-.3.4-.3.7s.1.5.3.7c.2.2.4.3.7.3h11c.3 0 .5-.1.7-.3.2-.2.3-.5.3-.7s-.1-.5-.3-.7zM5.8 14.7l6.2 6.3 6.2-6.3c.2-.2.3-.5.3-.7s-.1-.5-.3-.7c-.2-.2-.4-.3-.7-.3h-11c-.3 0-.5.1-.7.3-.2.2-.3.5-.3.7s.1.5.3.7z\"\/><\/svg><\/span><\/span><\/span><\/a><\/span><\/div>\n<nav><ul class='ez-toc-list ez-toc-list-level-1' ><li class='ez-toc-page-1 ez-toc-heading-level-4'><a class=\"ez-toc-link ez-toc-heading-1\" href=\"https:\/\/saphirsmaragd.com\/en\/product\/smaragd-rechteck-gruen-0-69-karat\/#Merkmale_Herkunft\" >Characteristics &amp; Origin<\/a><\/li><li class='ez-toc-page-1 ez-toc-heading-level-4'><a class=\"ez-toc-link ez-toc-heading-2\" href=\"https:\/\/saphirsmaragd.com\/en\/product\/smaragd-rechteck-gruen-0-69-karat\/#Besonderheiten\" >Special features<\/a><\/li><li class='ez-toc-page-1 ez-toc-heading-level-4'><a class=\"ez-toc-link ez-toc-heading-3\" href=\"https:\/\/saphirsmaragd.com\/en\/product\/smaragd-rechteck-gruen-0-69-karat\/#Mehr_uber_Heilsteine_Kristalle\" >More about healing stones &amp; crystals<\/a><\/li><li class='ez-toc-page-1 ez-toc-heading-level-4'><a class=\"ez-toc-link ez-toc-heading-4\" href=\"https:\/\/saphirsmaragd.com\/en\/product\/smaragd-rechteck-gruen-0-69-karat\/#Weitere_Infos\" >Further information<\/a><\/li><\/ul><\/nav><\/div>\n<h4 data-start=\"1066\" data-end=\"1092\"><span class=\"ez-toc-section\" id=\"Merkmale_Herkunft\"><\/span>Characteristics &amp; Origin<span class=\"ez-toc-section-end\"><\/span><\/h4>\n<p data-start=\"1094\" data-end=\"1345\">Stone type: Emerald<br data-start=\"1111\" data-end=\"1114\" \/>Color: Green<br data-start=\"1125\" data-end=\"1128\" \/>Form: Rechteck (Smaragdschliff)<br data-start=\"1159\" data-end=\"1162\" \/>Gewicht: 0.69 Karat<br data-start=\"1181\" data-end=\"1184\" \/>Abmessungen: ca. 6.8 x 4.8 mm<br data-start=\"1213\" data-end=\"1216\" \/>Herkunft: Sambia<br data-start=\"1232\" data-end=\"1235\" \/>Clarity: Clear inclusions<br data-start=\"1263\" data-end=\"1266\" \/>Treatment: Oiled<br data-start=\"1283\" data-end=\"1286\" \/>Observation: Natural<br data-start=\"1308\" data-end=\"1311\" \/>Mohs hardness: 7.5-8<br data-start=\"1328\" data-end=\"1331\" \/>Condition: New<\/p>\n<hr data-start=\"1347\" data-end=\"1350\" \/>\n<h4 data-start=\"1352\" data-end=\"1373\"><span class=\"ez-toc-section\" id=\"Besonderheiten\"><\/span>Special features<span class=\"ez-toc-section-end\"><\/span><\/h4>\n<p data-start=\"1375\" data-end=\"1581\">Der Smaragd Rechteck Gr\u00fcn 0.69 Karat eignet sich ideal f\u00fcr filigrane und elegante Schmuckst\u00fccke. Durch den klassischen Smaragdschliff werden Farbe und Struktur des Edelsteins besonders klar hervorgehoben.<\/p>\n<p data-start=\"1583\" data-end=\"1805\">Mit 0.69 Karat geh\u00f6rt dieser Stein zu den feineren Gr\u00f6\u00dfen, bietet jedoch eine hervorragende Balance zwischen Preis und optischer Wirkung. Besonders beliebt ist diese Gr\u00f6\u00dfe f\u00fcr dezente Ringe oder minimalistische Anh\u00e4nger.<\/p>\n<p data-start=\"1807\" data-end=\"1993\">Smaragde aus Sambia stehen f\u00fcr eine stabile Struktur und eine intensive, edle Gr\u00fcnf\u00e4rbung. Die nat\u00fcrlichen Einschl\u00fcsse sind charakteristisch und best\u00e4tigen die Echtheit des Edelsteins.<\/p>\n<hr data-start=\"1670\" data-end=\"1673\" \/>\n<h4 data-start=\"1448\" data-end=\"1473\"><span class=\"ez-toc-section\" id=\"Mehr_uber_Heilsteine_Kristalle\"><\/span>More about healing stones &amp; crystals<span class=\"ez-toc-section-end\"><\/span><\/h4>\n<p data-start=\"1475\" data-end=\"1668\"><a class=\"\" href=\"https:\/\/saphirsmaragd.com\/en\/product-category\/heilsteine-kristalle-kaufen\/\" target=\"_new\" rel=\"noopener\" data-start=\"1571\" data-end=\"1668\">Healing stones &amp; crystals<\/a><\/p>\n<hr data-start=\"1670\" data-end=\"1673\" \/>\n<h4 data-start=\"1675\" data-end=\"1695\"><span class=\"ez-toc-section\" id=\"Weitere_Infos\"><\/span>Further information<span class=\"ez-toc-section-end\"><\/span><\/h4>\n<p data-start=\"1697\" data-end=\"1801\"><a class=\"\" href=\"https:\/\/de.wikipedia.org\/wiki\/Smaragd\" target=\"_new\" rel=\"noopener\" data-start=\"1741\" data-end=\"1801\">Wikipedia \u2013 Emerald<\/a><\/p>","protected":false},"excerpt":{"rendered":"<p data-start=\"498\" data-end=\"627\"><em>Smaragd Rechteck Gr\u00fcn 0.69 Karat aus Sambia, ge\u00f6lt. Klassischer Smaragdschliff mit eleganter Form f\u00fcr zeitlose Schmuckst\u00fccke.<\/em><\/p>","protected":false},"featured_media":8732,"comment_status":"open","ping_status":"closed","template":"","meta":{"_glsr_average":0,"_glsr_ranking":0,"_glsr_reviews":0},"product_brand":[],"product_cat":[262],"product_tag":[],"class_list":{"0":"post-8730","1":"product","2":"type-product","3":"status-publish","4":"has-post-thumbnail","6":"product_cat-smaragd","7":"pa_edelsteinart-smaragd","8":"pa_farbe-gruen","9":"pa_form-rechteck","10":"pa_gewicht-karat-0-5-1-0-karat","11":"pa_herkunft-sambia","12":"pa_reinheit-deutliche-einschluesse","13":"pa_veredelung-behandlung-geoelt","14":"pa_zustand-neu","16":"first","17":"instock","18":"sold-individually","19":"taxable","20":"shipping-taxable","21":"purchasable","22":"product-type-simple","23":"add-to-wishlist-before_image"},"jetpack_sharing_enabled":true,"_links":{"self":[{"href":"https:\/\/saphirsmaragd.com\/en\/wp-json\/wp\/v2\/product\/8730","targetHints":{"allow":["GET"]}}],"collection":[{"href":"https:\/\/saphirsmaragd.com\/en\/wp-json\/wp\/v2\/product"}],"about":[{"href":"https:\/\/saphirsmaragd.com\/en\/wp-json\/wp\/v2\/types\/product"}],"replies":[{"embeddable":true,"href":"https:\/\/saphirsmaragd.com\/en\/wp-json\/wp\/v2\/comments?post=8730"}],"version-history":[{"count":1,"href":"https:\/\/saphirsmaragd.com\/en\/wp-json\/wp\/v2\/product\/8730\/revisions"}],"predecessor-version":[{"id":8733,"href":"https:\/\/saphirsmaragd.com\/en\/wp-json\/wp\/v2\/product\/8730\/revisions\/8733"}],"wp:featuredmedia":[{"embeddable":true,"href":"https:\/\/saphirsmaragd.com\/en\/wp-json\/wp\/v2\/media\/8732"}],"wp:attachment":[{"href":"https:\/\/saphirsmaragd.com\/en\/wp-json\/wp\/v2\/media?parent=8730"}],"wp:term":[{"taxonomy":"product_brand","embeddable":true,"href":"https:\/\/saphirsmaragd.com\/en\/wp-json\/wp\/v2\/product_brand?post=8730"},{"taxonomy":"product_cat","embeddable":true,"href":"https:\/\/saphirsmaragd.com\/en\/wp-json\/wp\/v2\/product_cat?post=8730"},{"taxonomy":"product_tag","embeddable":true,"href":"https:\/\/saphirsmaragd.com\/en\/wp-json\/wp\/v2\/product_tag?post=8730"}],"curies":[{"name":"wp","href":"https:\/\/api.w.org\/{rel}","templated":true}]}}