{"id":888,"date":"2025-06-16T14:20:52","date_gmt":"2025-06-16T14:20:52","guid":{"rendered":"https:\/\/saphirsmaragd.com\/?page_id=888"},"modified":"2026-04-10T14:15:36","modified_gmt":"2026-04-10T14:15:36","slug":"impressum","status":"publish","type":"page","link":"https:\/\/saphirsmaragd.com\/es\/impressum\/","title":{"rendered":"imprimir"},"content":{"rendered":"<p><strong>Informaci\u00f3n de conformidad con la Secci\u00f3n 5 de la Ley de Comercio Electr\u00f3nico (ECG) y la Secci\u00f3n 25 de la Ley de Medios<\/strong><\/p>\n\n\n\n<p><strong>Saphirsmaragd.com<br><\/strong>Ibrahim Elghonami e.U.<br>Empresa unipersonal<\/p>\n\n\n\n<p>Untere Augartenstra\u00dfe 4\/15<br>1020 Viena<br>Austria<\/p>\n\n\n\n<p>\ud83d\udce7 Correo electr\u00f3nico: <a>customer@saphirsmaragd.com<\/a><\/p>\n\n\n\n<p><strong>N\u00famero GISA:<\/strong> 37772260<br><strong>N\u00famero de IVA:<\/strong> ATU81490637<br><strong>Autoridad comercial:<\/strong> Oficina del Distrito Municipal del Distrito 2\/20 de Viena<br><strong>Objeto comercial:<\/strong> Empresas comerciales con excepci\u00f3n de las empresas comerciales reguladas<\/p>\n\n\n\n<p>Miembro de la C\u00e1mara de Comercio de Viena<\/p>\n\n\n\n<p><strong>Propietario de una peque\u00f1a empresa seg\u00fan el art\u00edculo 6, apartado 1, punto 27 de la UStG<\/strong>&nbsp;\u2013 No se muestra el IVA.<\/p>\n\n\n\n<hr class=\"wp-block-separator has-alpha-channel-opacity\"\/>\n\n\n\n<p><strong>Plataforma de la Comisi\u00f3n Europea para la resoluci\u00f3n de litigios en l\u00ednea:<\/strong><br><a class=\"\" href=\"https:\/\/ec.europa.eu\/consumers\/odr\" target=\"_blank\" rel=\"noopener\">https:\/\/ec.europa.eu\/consumers\/odr<\/a><br>Los consumidores tienen la posibilidad de presentar reclamaciones a la plataforma de resoluci\u00f3n de disputas en l\u00ednea mencionada anteriormente.<\/p>","protected":false},"excerpt":{"rendered":"<p>Angaben gem\u00e4\u00df \u00a7 5 E-Commerce-Gesetz (ECG) und \u00a7 25 Mediengesetz Saphirsmaragd.comIbrahim Elghonami e.U.Einzelunternehmen Untere Augartenstra\u00dfe 4\/151020 Wien\u00d6sterreich \ud83d\udce7 E-Mail: customer@saphirsmaragd.com GISA-Zahl: 37772260UID-Nummer: ATU81490637Gewerbebeh\u00f6rde: Magistratisches Bezirksamt f\u00fcr den 2.\/20. Bezirk WienUnternehmensgegenstand:<\/p>","protected":false},"author":1,"featured_media":0,"parent":0,"menu_order":0,"comment_status":"closed","ping_status":"closed","template":"","meta":{"_glsr_average":0,"_glsr_ranking":0,"_glsr_reviews":0,"footnotes":""},"class_list":["post-888","page","type-page","status-publish","hentry"],"jetpack_sharing_enabled":true,"_links":{"self":[{"href":"https:\/\/saphirsmaragd.com\/es\/wp-json\/wp\/v2\/pages\/888","targetHints":{"allow":["GET"]}}],"collection":[{"href":"https:\/\/saphirsmaragd.com\/es\/wp-json\/wp\/v2\/pages"}],"about":[{"href":"https:\/\/saphirsmaragd.com\/es\/wp-json\/wp\/v2\/types\/page"}],"author":[{"embeddable":true,"href":"https:\/\/saphirsmaragd.com\/es\/wp-json\/wp\/v2\/users\/1"}],"replies":[{"embeddable":true,"href":"https:\/\/saphirsmaragd.com\/es\/wp-json\/wp\/v2\/comments?post=888"}],"version-history":[{"count":5,"href":"https:\/\/saphirsmaragd.com\/es\/wp-json\/wp\/v2\/pages\/888\/revisions"}],"predecessor-version":[{"id":8458,"href":"https:\/\/saphirsmaragd.com\/es\/wp-json\/wp\/v2\/pages\/888\/revisions\/8458"}],"wp:attachment":[{"href":"https:\/\/saphirsmaragd.com\/es\/wp-json\/wp\/v2\/media?parent=888"}],"curies":[{"name":"wp","href":"https:\/\/api.w.org\/{rel}","templated":true}]}}