{"id":1360,"date":"2025-07-07T13:48:25","date_gmt":"2025-07-07T13:48:25","guid":{"rendered":"https:\/\/saphirsmaragd.com\/?post_type=product&#038;p=1360"},"modified":"2025-12-29T19:06:01","modified_gmt":"2025-12-29T19:06:01","slug":"smaragd-rundschliff-0-26-karat-kaufen","status":"publish","type":"product","link":"https:\/\/saphirsmaragd.com\/es\/producto\/smaragd-rundschliff-0-26-karat-kaufen\/","title":{"rendered":"Comprar Esmeralda talla redonda 0.26 quilates - Gema natural en verde claro con certificado"},"content":{"rendered":"<div id=\"ez-toc-container\" class=\"ez-toc-v2_0_82_2 counter-hierarchy ez-toc-counter ez-toc-grey ez-toc-container-direction\">\n<div class=\"ez-toc-title-container\">\n<p class=\"ez-toc-title\" style=\"cursor:inherit\">Tabla de contenido<\/p>\n<span class=\"ez-toc-title-toggle\"><a href=\"#\" class=\"ez-toc-pull-right ez-toc-btn ez-toc-btn-xs ez-toc-btn-default ez-toc-toggle\" aria-label=\"Alternar tabla de contenidos\"><span class=\"ez-toc-js-icon-con\"><span class=\"\"><span class=\"eztoc-hide\" style=\"display:none;\">Palanca<\/span><span class=\"ez-toc-icon-toggle-span\"><svg style=\"fill: #999;color:#999\" xmlns=\"http:\/\/www.w3.org\/2000\/svg\" class=\"list-377408\" width=\"20px\" height=\"20px\" viewbox=\"0 0 24 24\" fill=\"none\"><path d=\"M6 6H4v2h2V6zm14 0H8v2h12V6zM4 11h2v2H4v-2zm16 0H8v2h12v-2zM4 16h2v2H4v-2zm16 0H8v2h12v-2z\" fill=\"currentColor\"><\/path><\/svg><svg style=\"fill: #999;color:#999\" class=\"arrow-unsorted-368013\" xmlns=\"http:\/\/www.w3.org\/2000\/svg\" width=\"10px\" height=\"10px\" viewbox=\"0 0 24 24\" version=\"1.2\" baseprofile=\"tiny\"><path d=\"M18.2 9.3l-6.2-6.3-6.2 6.3c-.2.2-.3.4-.3.7s.1.5.3.7c.2.2.4.3.7.3h11c.3 0 .5-.1.7-.3.2-.2.3-.5.3-.7s-.1-.5-.3-.7zM5.8 14.7l6.2 6.3 6.2-6.3c.2-.2.3-.5.3-.7s-.1-.5-.3-.7c-.2-.2-.4-.3-.7-.3h-11c-.3 0-.5.1-.7.3-.2.2-.3.5-.3.7s.1.5.3.7z\"\/><\/svg><\/span><\/span><\/span><\/a><\/span><\/div>\n<nav><ul class='ez-toc-list ez-toc-list-level-1' ><li class='ez-toc-page-1 ez-toc-heading-level-4'><a class=\"ez-toc-link ez-toc-heading-1\" href=\"https:\/\/saphirsmaragd.com\/es\/producto\/smaragd-rundschliff-0-26-karat-kaufen\/#Smaragd_Rundschliff_026_Karat_kaufen\" >Smaragd Rundschliff 0.26 Karat kaufen<\/a><\/li><li class='ez-toc-page-1 ez-toc-heading-level-4'><a class=\"ez-toc-link ez-toc-heading-2\" href=\"https:\/\/saphirsmaragd.com\/es\/producto\/smaragd-rundschliff-0-26-karat-kaufen\/#Merkmale_Herkunft\" >Caracter\u00edsticas y origen<\/a><\/li><li class='ez-toc-page-1 ez-toc-heading-level-4'><a class=\"ez-toc-link ez-toc-heading-3\" href=\"https:\/\/saphirsmaragd.com\/es\/producto\/smaragd-rundschliff-0-26-karat-kaufen\/#Besonderheiten\" >Caracter\u00edsticas especiales<\/a><\/li><li class='ez-toc-page-1 ez-toc-heading-level-4'><a class=\"ez-toc-link ez-toc-heading-4\" href=\"https:\/\/saphirsmaragd.com\/es\/producto\/smaragd-rundschliff-0-26-karat-kaufen\/#Mehr_uber_Smaragde_Heilsteine\" >M\u00e1s sobre esmeraldas y piedras curativas<\/a><\/li><li class='ez-toc-page-1 ez-toc-heading-level-4'><a class=\"ez-toc-link ez-toc-heading-5\" href=\"https:\/\/saphirsmaragd.com\/es\/producto\/smaragd-rundschliff-0-26-karat-kaufen\/#Weitere_Infos\" >M\u00e1s informaci\u00f3n<\/a><\/li><\/ul><\/nav><\/div>\n<h4 data-start=\"659\" data-end=\"746\"><span class=\"ez-toc-section\" id=\"Smaragd_Rundschliff_026_Karat_kaufen\"><\/span>Smaragd Rundschliff 0.26 Karat kaufen<span class=\"ez-toc-section-end\"><\/span><\/h4>\n<p data-start=\"748\" data-end=\"1111\">Jetzt Smaragd Rundschliff 0.26 Karat kaufen \u2013 ein kleiner, feiner Edelstein mit nat\u00fcrlichem Ursprung und sanfter Ausstrahlung. Dieser runde, facettierte Smaragd mit 4,5 mm Durchmesser \u00fcberzeugt durch sein zartes Hellgr\u00fcn und die typische Transparenz des nat\u00fcrlichen Smaragds.<\/p>\n<hr data-start=\"1113\" data-end=\"1116\" \/>\n<h4 data-start=\"671\" data-end=\"698\"><span class=\"ez-toc-section\" id=\"Merkmale_Herkunft\"><\/span>Caracter\u00edsticas y origen<span class=\"ez-toc-section-end\"><\/span><\/h4>\n<p data-start=\"700\" data-end=\"1041\">Tipo de piedra: Esmeralda<br data-start=\"229\" data-end=\"232\" \/>Gewicht: 0.26 Karat<br data-start=\"248\" data-end=\"251\" \/>Ma\u00dfe: Rund, 4.5 mm<br data-start=\"269\" data-end=\"272\" \/>Form: Rund facettiert<br data-start=\"293\" data-end=\"296\" data-is-only-node=\"\" \/>Farbe: Hellgr\u00fcn<br data-start=\"311\" data-end=\"314\" \/>Reinheit: Sehr kleine Einschl\u00fcsse (unter 10x Vergr\u00f6\u00dferung sichtbar)<br data-start=\"375\" data-end=\"378\" \/>Behandlung: Ge\u00f6lt (standardm\u00e4\u00dfige Smaragdbehandlung)<br data-start=\"430\" data-end=\"433\" \/>Origen: Brasil<br data-start=\"452\" data-end=\"455\" \/>H\u00e4rte: 7.5 auf der Mohs-Skala<br data-start=\"484\" data-end=\"487\" \/>Zertifikat: Ja \u2013 durch diplomierte Gemmologin erstellt<br data-start=\"541\" data-end=\"544\" \/>Estado: Nuevo<\/p>\n<hr data-start=\"1043\" data-end=\"1046\" \/>\n<h4 data-start=\"1048\" data-end=\"1070\"><span class=\"ez-toc-section\" id=\"Besonderheiten\"><\/span>Caracter\u00edsticas especiales<span class=\"ez-toc-section-end\"><\/span><\/h4>\n<p data-start=\"1072\" data-end=\"1419\">Der Smaragd 0.26 Karat im runden Facettenschliff vereint Eleganz und feine Ausstrahlung. Mit seiner zarten hellgr\u00fcnen Farbe und typischen Transparenz ist er besonders geeignet f\u00fcr filigrane Schmuckdesigns. Die nat\u00fcrliche Reinheit und das Gemmologie-Zertifikat unterstreichen seine Echtheit und Qualit\u00e4t \u2013 ein feiner Edelstein f\u00fcr kreative Kreationen.<\/p>\n<hr data-start=\"1421\" data-end=\"1424\" \/>\n<h4 data-start=\"1426\" data-end=\"1465\"><span class=\"ez-toc-section\" id=\"Mehr_uber_Smaragde_Heilsteine\"><\/span>M\u00e1s sobre esmeraldas y piedras curativas<span class=\"ez-toc-section-end\"><\/span><\/h4>\n<p data-start=\"1467\" data-end=\"1664\"><a class=\"\" href=\"https:\/\/saphirsmaragd.com\/es\/product-category\/heilsteine-kristalle-kaufen\/\" target=\"_new\" rel=\"noopener\" data-start=\"1563\" data-end=\"1664\"><strong data-start=\"1564\" data-end=\"1590\">Piedras y cristales curativos<\/strong><\/a><\/p>\n<hr data-start=\"1666\" data-end=\"1669\" \/>\n<h4 data-start=\"1671\" data-end=\"1692\"><span class=\"ez-toc-section\" id=\"Weitere_Infos\"><\/span>M\u00e1s informaci\u00f3n<span class=\"ez-toc-section-end\"><\/span><\/h4>\n<p data-start=\"1694\" data-end=\"1789\"><a class=\"\" href=\"https:\/\/de.wikipedia.org\/wiki\/Smaragd\" target=\"_new\" rel=\"noopener\" data-start=\"1735\" data-end=\"1789\"><strong data-start=\"1736\" data-end=\"1749\">Wikipedia<\/strong><\/a><\/p>","protected":false},"excerpt":{"rendered":"<p><em>Smaragd Rundschliff 0.26 Karat kaufen \u2013 Hellgr\u00fcner, facettierter Smaragd aus nat\u00fcrlicher Quelle mit feinen Einschl\u00fcssen. Zertifiziert und ideal f\u00fcr zarte Schmuckst\u00fccke.<\/em><\/p>","protected":false},"featured_media":1369,"comment_status":"open","ping_status":"closed","template":"","meta":{"_glsr_average":0,"_glsr_ranking":0,"_glsr_reviews":0},"product_brand":[],"product_cat":[262],"product_tag":[],"class_list":{"0":"post-1360","1":"product","2":"type-product","3":"status-publish","4":"has-post-thumbnail","6":"product_cat-smaragd","7":"pa_edelsteinart-smaragd","8":"pa_farbe-gruen","9":"pa_form-rund","10":"pa_gewicht-karat-0-1-0-5-karat","11":"pa_herkunft-brasilien","12":"pa_reinheit-sehr-kleine-einschluesse","13":"pa_veredelung-behandlung-geoelt","14":"pa_zertifikat-ja","15":"pa_zustand-neu","17":"first","18":"instock","19":"sold-individually","20":"shipping-taxable","21":"purchasable","22":"product-type-simple","23":"add-to-wishlist-before_image"},"jetpack_sharing_enabled":true,"_links":{"self":[{"href":"https:\/\/saphirsmaragd.com\/es\/wp-json\/wp\/v2\/product\/1360","targetHints":{"allow":["GET"]}}],"collection":[{"href":"https:\/\/saphirsmaragd.com\/es\/wp-json\/wp\/v2\/product"}],"about":[{"href":"https:\/\/saphirsmaragd.com\/es\/wp-json\/wp\/v2\/types\/product"}],"replies":[{"embeddable":true,"href":"https:\/\/saphirsmaragd.com\/es\/wp-json\/wp\/v2\/comments?post=1360"}],"version-history":[{"count":8,"href":"https:\/\/saphirsmaragd.com\/es\/wp-json\/wp\/v2\/product\/1360\/revisions"}],"predecessor-version":[{"id":4423,"href":"https:\/\/saphirsmaragd.com\/es\/wp-json\/wp\/v2\/product\/1360\/revisions\/4423"}],"wp:featuredmedia":[{"embeddable":true,"href":"https:\/\/saphirsmaragd.com\/es\/wp-json\/wp\/v2\/media\/1369"}],"wp:attachment":[{"href":"https:\/\/saphirsmaragd.com\/es\/wp-json\/wp\/v2\/media?parent=1360"}],"wp:term":[{"taxonomy":"product_brand","embeddable":true,"href":"https:\/\/saphirsmaragd.com\/es\/wp-json\/wp\/v2\/product_brand?post=1360"},{"taxonomy":"product_cat","embeddable":true,"href":"https:\/\/saphirsmaragd.com\/es\/wp-json\/wp\/v2\/product_cat?post=1360"},{"taxonomy":"product_tag","embeddable":true,"href":"https:\/\/saphirsmaragd.com\/es\/wp-json\/wp\/v2\/product_tag?post=1360"}],"curies":[{"name":"wp","href":"https:\/\/api.w.org\/{rel}","templated":true}]}}