{"id":2335,"date":"2025-10-09T17:01:50","date_gmt":"2025-10-09T17:01:50","guid":{"rendered":"https:\/\/saphirsmaragd.com\/?post_type=product&#038;p=2335"},"modified":"2025-12-29T19:02:42","modified_gmt":"2025-12-29T19:02:42","slug":"aquamarin-1-00-karat-tropfen-blau","status":"publish","type":"product","link":"https:\/\/saphirsmaragd.com\/es\/producto\/aquamarin-1-00-karat-tropfen-blau\/","title":{"rendered":"Aguamarina 1.00 quilates gota azul - gema natural limpia de ojos en talla facetada"},"content":{"rendered":"<div id=\"ez-toc-container\" class=\"ez-toc-v2_0_82_2 counter-hierarchy ez-toc-counter ez-toc-grey ez-toc-container-direction\">\n<div class=\"ez-toc-title-container\">\n<p class=\"ez-toc-title\" style=\"cursor:inherit\">Tabla de contenido<\/p>\n<span class=\"ez-toc-title-toggle\"><a href=\"#\" class=\"ez-toc-pull-right ez-toc-btn ez-toc-btn-xs ez-toc-btn-default ez-toc-toggle\" aria-label=\"Alternar tabla de contenidos\"><span class=\"ez-toc-js-icon-con\"><span class=\"\"><span class=\"eztoc-hide\" style=\"display:none;\">Palanca<\/span><span class=\"ez-toc-icon-toggle-span\"><svg style=\"fill: #999;color:#999\" xmlns=\"http:\/\/www.w3.org\/2000\/svg\" class=\"list-377408\" width=\"20px\" height=\"20px\" viewbox=\"0 0 24 24\" fill=\"none\"><path d=\"M6 6H4v2h2V6zm14 0H8v2h12V6zM4 11h2v2H4v-2zm16 0H8v2h12v-2zM4 16h2v2H4v-2zm16 0H8v2h12v-2z\" fill=\"currentColor\"><\/path><\/svg><svg style=\"fill: #999;color:#999\" class=\"arrow-unsorted-368013\" xmlns=\"http:\/\/www.w3.org\/2000\/svg\" width=\"10px\" height=\"10px\" viewbox=\"0 0 24 24\" version=\"1.2\" baseprofile=\"tiny\"><path d=\"M18.2 9.3l-6.2-6.3-6.2 6.3c-.2.2-.3.4-.3.7s.1.5.3.7c.2.2.4.3.7.3h11c.3 0 .5-.1.7-.3.2-.2.3-.5.3-.7s-.1-.5-.3-.7zM5.8 14.7l6.2 6.3 6.2-6.3c.2-.2.3-.5.3-.7s-.1-.5-.3-.7c-.2-.2-.4-.3-.7-.3h-11c-.3 0-.5.1-.7.3-.2.2-.3.5-.3.7s.1.5.3.7z\"\/><\/svg><\/span><\/span><\/span><\/a><\/span><\/div>\n<nav><ul class='ez-toc-list ez-toc-list-level-1' ><li class='ez-toc-page-1 ez-toc-heading-level-4'><a class=\"ez-toc-link ez-toc-heading-1\" href=\"https:\/\/saphirsmaragd.com\/es\/producto\/aquamarin-1-00-karat-tropfen-blau\/#Aquamarin_100_Karat_Tropfen_Blau_%E2%80%93_eleganter_facettierter_Edelstein\" >Aquamarin 1.00 Karat Tropfen Blau \u2013 eleganter facettierter Edelstein<\/a><\/li><li class='ez-toc-page-1 ez-toc-heading-level-4'><a class=\"ez-toc-link ez-toc-heading-2\" href=\"https:\/\/saphirsmaragd.com\/es\/producto\/aquamarin-1-00-karat-tropfen-blau\/#Merkmale_Herkunft\" >Caracter\u00edsticas y origen<\/a><\/li><li class='ez-toc-page-1 ez-toc-heading-level-4'><a class=\"ez-toc-link ez-toc-heading-3\" href=\"https:\/\/saphirsmaragd.com\/es\/producto\/aquamarin-1-00-karat-tropfen-blau\/#Besonderheiten\" >Caracter\u00edsticas especiales<\/a><\/li><li class='ez-toc-page-1 ez-toc-heading-level-4'><a class=\"ez-toc-link ez-toc-heading-4\" href=\"https:\/\/saphirsmaragd.com\/es\/producto\/aquamarin-1-00-karat-tropfen-blau\/#Mehr_uber_unsere_Edelsteine\" >M\u00e1s informaci\u00f3n sobre nuestras piedras preciosas<\/a><\/li><li class='ez-toc-page-1 ez-toc-heading-level-4'><a class=\"ez-toc-link ez-toc-heading-5\" href=\"https:\/\/saphirsmaragd.com\/es\/producto\/aquamarin-1-00-karat-tropfen-blau\/#Weitere_Infos\" >M\u00e1s informaci\u00f3n<\/a><\/li><\/ul><\/nav><\/div>\n<h4 data-start=\"660\" data-end=\"731\"><span class=\"ez-toc-section\" id=\"Aquamarin_100_Karat_Tropfen_Blau_%E2%80%93_eleganter_facettierter_Edelstein\"><\/span>Aquamarin 1.00 Karat Tropfen Blau \u2013 eleganter facettierter Edelstein<span class=\"ez-toc-section-end\"><\/span><\/h4>\n<p data-start=\"732\" data-end=\"990\">Dieser nat\u00fcrliche Aquamarin \u00fcberzeugt durch seinen klassischen Tropfenschliff und ein klares, himmelblaues Farbspiel.<\/p>\n<hr data-start=\"992\" data-end=\"995\" \/>\n<h4 data-start=\"997\" data-end=\"1023\"><span class=\"ez-toc-section\" id=\"Merkmale_Herkunft\"><\/span>Caracter\u00edsticas y origen<span class=\"ez-toc-section-end\"><\/span><\/h4>\n<p data-start=\"1024\" data-end=\"1225\">Stein: Aquamarin<br data-start=\"1040\" data-end=\"1043\" \/>Color: Azul<br data-start=\"1054\" data-end=\"1057\" \/>Form: Tropfen facettiert<br data-start=\"1081\" data-end=\"1084\" \/>Gewicht: 1.00 Karat<br data-start=\"1100\" data-end=\"1103\" \/>Dureza: 7 Mohs<br data-start=\"1116\" data-end=\"1119\" \/>Gr\u00f6\u00dfe: 9 \u00d7 6.1 mm<br data-start=\"1136\" data-end=\"1139\" \/>Pureza: sin ojos<br data-start=\"1158\" data-end=\"1161\" \/>Familie: Beryll<br data-start=\"1176\" data-end=\"1179\" \/>Certificado: Val\u00e9rie Duraffourg (Gem-A, Londres)<\/p>\n<hr data-start=\"1227\" data-end=\"1230\" \/>\n<h4 data-start=\"1232\" data-end=\"1253\"><span class=\"ez-toc-section\" id=\"Besonderheiten\"><\/span>Caracter\u00edsticas especiales<span class=\"ez-toc-section-end\"><\/span><\/h4>\n<p data-start=\"1254\" data-end=\"1563\">Der Aquamarin 1.00 Karat Tropfen vereint Eleganz mit klassischem Schliff. Die augenreine Qualit\u00e4t und das klare Himmelsblau machen ihn perfekt f\u00fcr Anh\u00e4nger, Ohrringe oder exklusive Ringfassungen. Durch seine Reinheit und zertifizierte Echtheit ist er gleicherma\u00dfen f\u00fcr Sammler und Schmuckliebhaber geeignet.<\/p>\n<hr data-start=\"1926\" data-end=\"1929\" \/>\n<h4 data-start=\"1931\" data-end=\"1971\"><span class=\"ez-toc-section\" id=\"Mehr_uber_unsere_Edelsteine\"><\/span>M\u00e1s informaci\u00f3n sobre nuestras piedras preciosas<span class=\"ez-toc-section-end\"><\/span><\/h4>\n<p data-start=\"1972\" data-end=\"2069\"><a href=\"https:\/\/saphirsmaragd.com\/es\/product-category\/edelsteine-kaufen\/\">piedras preciosas<\/a><\/p>\n<hr data-start=\"2071\" data-end=\"2074\" \/>\n<h4 data-start=\"2076\" data-end=\"2096\"><span class=\"ez-toc-section\" id=\"Weitere_Infos\"><\/span>M\u00e1s informaci\u00f3n<span class=\"ez-toc-section-end\"><\/span><\/h4>\n<p data-start=\"2097\" data-end=\"2160\"><a class=\"decorated-link cursor-pointer\" href=\"https:\/\/de.wikipedia.org\/wiki\/Aquamarin\" target=\"_new\" rel=\"noopener\" data-start=\"2097\" data-end=\"2160\">Wikipedia: Aquamarin<\/a><\/p>","protected":false},"excerpt":{"rendered":"<p data-start=\"388\" data-end=\"530\"><em>Aquamarin 1.00 Karat Tropfen Blau \u2013 augenreiner Edelstein im Facettenschliff mit Zertifikat. Nat\u00fcrlich, facettiert, ideale Gr\u00f6\u00dfe f\u00fcr Schmuck.<\/em><\/p>","protected":false},"featured_media":2338,"comment_status":"open","ping_status":"closed","template":"","meta":{"_glsr_average":0,"_glsr_ranking":0,"_glsr_reviews":0},"product_brand":[],"product_cat":[77],"product_tag":[],"class_list":{"0":"post-2335","1":"product","2":"type-product","3":"status-publish","4":"has-post-thumbnail","6":"product_cat-aquamarin-kaufen","7":"pa_edelsteinart-aquamarin","8":"pa_farbe-blau","9":"pa_form-tropfen","10":"pa_gewicht-karat-0-5-1-0-karat","11":"pa_reinheit-augenrein","12":"pa_veredelung-behandlung-unbehandelt","13":"pa_zertifikat-ja","14":"pa_zustand-neu","16":"first","17":"instock","18":"featured","19":"sold-individually","20":"shipping-taxable","21":"purchasable","22":"product-type-simple","23":"add-to-wishlist-before_image"},"jetpack_sharing_enabled":true,"_links":{"self":[{"href":"https:\/\/saphirsmaragd.com\/es\/wp-json\/wp\/v2\/product\/2335","targetHints":{"allow":["GET"]}}],"collection":[{"href":"https:\/\/saphirsmaragd.com\/es\/wp-json\/wp\/v2\/product"}],"about":[{"href":"https:\/\/saphirsmaragd.com\/es\/wp-json\/wp\/v2\/types\/product"}],"replies":[{"embeddable":true,"href":"https:\/\/saphirsmaragd.com\/es\/wp-json\/wp\/v2\/comments?post=2335"}],"version-history":[{"count":3,"href":"https:\/\/saphirsmaragd.com\/es\/wp-json\/wp\/v2\/product\/2335\/revisions"}],"predecessor-version":[{"id":4514,"href":"https:\/\/saphirsmaragd.com\/es\/wp-json\/wp\/v2\/product\/2335\/revisions\/4514"}],"wp:featuredmedia":[{"embeddable":true,"href":"https:\/\/saphirsmaragd.com\/es\/wp-json\/wp\/v2\/media\/2338"}],"wp:attachment":[{"href":"https:\/\/saphirsmaragd.com\/es\/wp-json\/wp\/v2\/media?parent=2335"}],"wp:term":[{"taxonomy":"product_brand","embeddable":true,"href":"https:\/\/saphirsmaragd.com\/es\/wp-json\/wp\/v2\/product_brand?post=2335"},{"taxonomy":"product_cat","embeddable":true,"href":"https:\/\/saphirsmaragd.com\/es\/wp-json\/wp\/v2\/product_cat?post=2335"},{"taxonomy":"product_tag","embeddable":true,"href":"https:\/\/saphirsmaragd.com\/es\/wp-json\/wp\/v2\/product_tag?post=2335"}],"curies":[{"name":"wp","href":"https:\/\/api.w.org\/{rel}","templated":true}]}}