{"id":2595,"date":"2025-10-12T09:57:02","date_gmt":"2025-10-12T09:57:02","guid":{"rendered":"https:\/\/saphirsmaragd.com\/?post_type=product&#038;p=2595"},"modified":"2025-12-29T19:00:47","modified_gmt":"2025-12-29T19:00:47","slug":"granat-2-43-karat-gruen-cushion","status":"publish","type":"product","link":"https:\/\/saphirsmaragd.com\/es\/producto\/granat-2-43-karat-gruen-cushion\/","title":{"rendered":"Granate Coj\u00edn Verde Tsavorita de 2,43 quilates con certificado y calidad de inversi\u00f3n"},"content":{"rendered":"<div id=\"ez-toc-container\" class=\"ez-toc-v2_0_83 counter-hierarchy ez-toc-counter ez-toc-grey ez-toc-container-direction\">\n<div class=\"ez-toc-title-container\">\n<p class=\"ez-toc-title\" style=\"cursor:inherit\">Tabla de contenido<\/p>\n<span class=\"ez-toc-title-toggle\"><a href=\"#\" class=\"ez-toc-pull-right ez-toc-btn ez-toc-btn-xs ez-toc-btn-default ez-toc-toggle\" aria-label=\"Alternar tabla de contenidos\"><span class=\"ez-toc-js-icon-con\"><span class=\"\"><span class=\"eztoc-hide\" style=\"display:none;\">Palanca<\/span><span class=\"ez-toc-icon-toggle-span\"><svg style=\"fill: #999;color:#999\" xmlns=\"http:\/\/www.w3.org\/2000\/svg\" class=\"list-377408\" width=\"20px\" height=\"20px\" viewbox=\"0 0 24 24\" fill=\"none\"><path d=\"M6 6H4v2h2V6zm14 0H8v2h12V6zM4 11h2v2H4v-2zm16 0H8v2h12v-2zM4 16h2v2H4v-2zm16 0H8v2h12v-2z\" fill=\"currentColor\"><\/path><\/svg><svg style=\"fill: #999;color:#999\" class=\"arrow-unsorted-368013\" xmlns=\"http:\/\/www.w3.org\/2000\/svg\" width=\"10px\" height=\"10px\" viewbox=\"0 0 24 24\" version=\"1.2\" baseprofile=\"tiny\"><path d=\"M18.2 9.3l-6.2-6.3-6.2 6.3c-.2.2-.3.4-.3.7s.1.5.3.7c.2.2.4.3.7.3h11c.3 0 .5-.1.7-.3.2-.2.3-.5.3-.7s-.1-.5-.3-.7zM5.8 14.7l6.2 6.3 6.2-6.3c.2-.2.3-.5.3-.7s-.1-.5-.3-.7c-.2-.2-.4-.3-.7-.3h-11c-.3 0-.5.1-.7.3-.2.2-.3.5-.3.7s.1.5.3.7z\"\/><\/svg><\/span><\/span><\/span><\/a><\/span><\/div>\n<nav><ul class='ez-toc-list ez-toc-list-level-1' ><li class='ez-toc-page-1 ez-toc-heading-level-4'><a class=\"ez-toc-link ez-toc-heading-1\" href=\"https:\/\/saphirsmaragd.com\/es\/producto\/granat-2-43-karat-gruen-cushion\/#Granat_243_Karat_Grun_Cushion_%E2%80%93_exklusiver_Tsavorit_fur_Schmuck_und_Investment\" >Granat 2.43 Karat Gr\u00fcn Cushion \u2013 exklusiver Tsavorit f\u00fcr Schmuck und Investment<\/a><\/li><li class='ez-toc-page-1 ez-toc-heading-level-4'><a class=\"ez-toc-link ez-toc-heading-2\" href=\"https:\/\/saphirsmaragd.com\/es\/producto\/granat-2-43-karat-gruen-cushion\/#Merkmale_Herkunft\" >Caracter\u00edsticas y origen<\/a><\/li><li class='ez-toc-page-1 ez-toc-heading-level-4'><a class=\"ez-toc-link ez-toc-heading-3\" href=\"https:\/\/saphirsmaragd.com\/es\/producto\/granat-2-43-karat-gruen-cushion\/#Besonderheiten\" >Caracter\u00edsticas especiales<\/a><\/li><li class='ez-toc-page-1 ez-toc-heading-level-4'><a class=\"ez-toc-link ez-toc-heading-4\" href=\"https:\/\/saphirsmaragd.com\/es\/producto\/granat-2-43-karat-gruen-cushion\/#Mehr_uber_unsere_Edelsteine\" >M\u00e1s informaci\u00f3n sobre nuestras piedras preciosas<\/a><\/li><li class='ez-toc-page-1 ez-toc-heading-level-4'><a class=\"ez-toc-link ez-toc-heading-5\" href=\"https:\/\/saphirsmaragd.com\/es\/producto\/granat-2-43-karat-gruen-cushion\/#Weitere_Infos\" >M\u00e1s informaci\u00f3n<\/a><\/li><\/ul><\/nav><\/div>\n<h4 data-start=\"856\" data-end=\"1110\"><span class=\"ez-toc-section\" id=\"Granat_243_Karat_Grun_Cushion_%E2%80%93_exklusiver_Tsavorit_fur_Schmuck_und_Investment\"><\/span><strong data-start=\"856\" data-end=\"939\">Granat 2.43 Karat Gr\u00fcn Cushion \u2013 exklusiver Tsavorit f\u00fcr Schmuck und Investment<\/strong><span class=\"ez-toc-section-end\"><\/span><\/h4>\n<p data-start=\"856\" data-end=\"1110\">Dieser au\u00dfergew\u00f6hnliche Edelstein vereint intensives Gr\u00fcn, perfekte Proportionen und zertifizierte Herkunft \u2013 ideal als Wertanlage oder f\u00fcr ma\u00dfgefertigten Luxusschmuck.<\/p>\n<hr data-start=\"1112\" data-end=\"1115\" \/>\n<h4 data-start=\"1117\" data-end=\"1141\"><span class=\"ez-toc-section\" id=\"Merkmale_Herkunft\"><\/span>Caracter\u00edsticas y origen<span class=\"ez-toc-section-end\"><\/span><\/h4>\n<p data-start=\"1143\" data-end=\"1446\">Tipo de piedra: Granate (tsavorita)<br data-start=\"1170\" data-end=\"1173\" \/>Color: Verde<br data-start=\"1184\" data-end=\"1187\" \/>Form: Cushion (Facettiert)<br data-start=\"1213\" data-end=\"1216\" \/>Gewicht: 2.43 Karat<br data-start=\"1235\" data-end=\"1238\" \/>Gr\u00f6\u00dfe: 8.9 \u00d7 7.1 mm<br data-start=\"1257\" data-end=\"1260\" \/>Dureza: 7 en la escala de Mohs<br data-start=\"1287\" data-end=\"1290\" \/>Reinheit: Feine Einschl\u00fcsse unter 10x sichtbar<br data-start=\"1336\" data-end=\"1339\" \/>Tratamiento: Sin tratar<br data-start=\"1362\" data-end=\"1365\" \/>Certificado: Val\u00e9rie DURAFFOURG (Gem-A)<br data-start=\"1403\" data-end=\"1406\" \/>Estado: Nuevo<\/p>\n<hr data-start=\"1552\" data-end=\"1555\" \/>\n<h4 data-start=\"1557\" data-end=\"1576\"><span class=\"ez-toc-section\" id=\"Besonderheiten\"><\/span>Caracter\u00edsticas especiales<span class=\"ez-toc-section-end\"><\/span><\/h4>\n<p data-start=\"1578\" data-end=\"1882\">Der Granat 2.43 Karat Gr\u00fcn Cushion verf\u00fcgt \u00fcber einen pr\u00e4zisen Facettenschliff mit optimalem Lichtspiel. Tsavorite dieser Gr\u00f6\u00dfe und Qualit\u00e4t geh\u00f6ren zu den gefragtesten gr\u00fcnen Edelsteinen weltweit und konkurrieren in ihrer Farbintensit\u00e4t mit Smaragden \u2013 jedoch bei h\u00f6herer Brillanz und ohne \u00d6lbehandlung.<\/p>\n<hr data-start=\"1926\" data-end=\"1929\" \/>\n<h4 data-start=\"1931\" data-end=\"1971\"><span class=\"ez-toc-section\" id=\"Mehr_uber_unsere_Edelsteine\"><\/span>M\u00e1s informaci\u00f3n sobre nuestras piedras preciosas<span class=\"ez-toc-section-end\"><\/span><\/h4>\n<p data-start=\"1972\" data-end=\"2069\"><a href=\"https:\/\/saphirsmaragd.com\/es\/product-category\/edelsteine-kaufen\/\">piedras preciosas<\/a><\/p>\n<hr data-start=\"2071\" data-end=\"2074\" \/>\n<h4 data-start=\"2076\" data-end=\"2096\"><span class=\"ez-toc-section\" id=\"Weitere_Infos\"><\/span>M\u00e1s informaci\u00f3n<span class=\"ez-toc-section-end\"><\/span><\/h4>\n<p data-start=\"2097\" data-end=\"2160\"><a class=\"decorated-link cursor-pointer\" href=\"https:\/\/de.wikipedia.org\/wiki\/Granat\" target=\"_new\" rel=\"noopener\" data-start=\"2097\" data-end=\"2160\">Wikipedia: Granate<\/a><\/p>","protected":false},"excerpt":{"rendered":"<p data-start=\"550\" data-end=\"698\"><em>Granat 2.43 Karat Gr\u00fcn Cushion \u2013 seltener Tsavorit mit Zertifikat, intensiver Farbe und perfektem Schliff f\u00fcr Investition oder High-End-Schmuck.<\/em><\/p>\n<p data-start=\"575\" data-end=\"606\">","protected":false},"featured_media":2598,"comment_status":"open","ping_status":"closed","template":"","meta":{"_glsr_average":0,"_glsr_ranking":0,"_glsr_reviews":0},"product_brand":[],"product_cat":[111],"product_tag":[],"class_list":{"0":"post-2595","1":"product","2":"type-product","3":"status-publish","4":"has-post-thumbnail","6":"product_cat-granat-kaufen","7":"pa_edelsteinart-granat","8":"pa_farbe-gruen","9":"pa_form-cushion","10":"pa_gewicht-karat-1-0-3-0-karat","11":"pa_reinheit-sehr-kleine-einschluesse","12":"pa_veredelung-behandlung-unbehandelt","13":"pa_zertifikat-ja","14":"pa_zustand-neu","16":"first","17":"instock","18":"featured","19":"sold-individually","20":"shipping-taxable","21":"purchasable","22":"product-type-simple","23":"add-to-wishlist-before_image"},"jetpack_sharing_enabled":true,"_links":{"self":[{"href":"https:\/\/saphirsmaragd.com\/es\/wp-json\/wp\/v2\/product\/2595","targetHints":{"allow":["GET"]}}],"collection":[{"href":"https:\/\/saphirsmaragd.com\/es\/wp-json\/wp\/v2\/product"}],"about":[{"href":"https:\/\/saphirsmaragd.com\/es\/wp-json\/wp\/v2\/types\/product"}],"replies":[{"embeddable":true,"href":"https:\/\/saphirsmaragd.com\/es\/wp-json\/wp\/v2\/comments?post=2595"}],"version-history":[{"count":1,"href":"https:\/\/saphirsmaragd.com\/es\/wp-json\/wp\/v2\/product\/2595\/revisions"}],"predecessor-version":[{"id":2599,"href":"https:\/\/saphirsmaragd.com\/es\/wp-json\/wp\/v2\/product\/2595\/revisions\/2599"}],"wp:featuredmedia":[{"embeddable":true,"href":"https:\/\/saphirsmaragd.com\/es\/wp-json\/wp\/v2\/media\/2598"}],"wp:attachment":[{"href":"https:\/\/saphirsmaragd.com\/es\/wp-json\/wp\/v2\/media?parent=2595"}],"wp:term":[{"taxonomy":"product_brand","embeddable":true,"href":"https:\/\/saphirsmaragd.com\/es\/wp-json\/wp\/v2\/product_brand?post=2595"},{"taxonomy":"product_cat","embeddable":true,"href":"https:\/\/saphirsmaragd.com\/es\/wp-json\/wp\/v2\/product_cat?post=2595"},{"taxonomy":"product_tag","embeddable":true,"href":"https:\/\/saphirsmaragd.com\/es\/wp-json\/wp\/v2\/product_tag?post=2595"}],"curies":[{"name":"wp","href":"https:\/\/api.w.org\/{rel}","templated":true}]}}