{"id":3200,"date":"2025-10-15T11:40:56","date_gmt":"2025-10-15T11:40:56","guid":{"rendered":"https:\/\/saphirsmaragd.com\/?post_type=product&#038;p=3200"},"modified":"2025-12-29T18:57:37","modified_gmt":"2025-12-29T18:57:37","slug":"spinell-0-99-karat-lila-tropfen","status":"publish","type":"product","link":"https:\/\/saphirsmaragd.com\/es\/producto\/spinell-0-99-karat-lila-tropfen\/","title":{"rendered":"Spinell 0.99 Karat Lila Tropfen \u2013 Facettiert &#038; Zertifiziert"},"content":{"rendered":"<div id=\"ez-toc-container\" class=\"ez-toc-v2_0_82_2 counter-hierarchy ez-toc-counter ez-toc-grey ez-toc-container-direction\">\n<div class=\"ez-toc-title-container\">\n<p class=\"ez-toc-title\" style=\"cursor:inherit\">Tabla de contenido<\/p>\n<span class=\"ez-toc-title-toggle\"><a href=\"#\" class=\"ez-toc-pull-right ez-toc-btn ez-toc-btn-xs ez-toc-btn-default ez-toc-toggle\" aria-label=\"Alternar tabla de contenidos\"><span class=\"ez-toc-js-icon-con\"><span class=\"\"><span class=\"eztoc-hide\" style=\"display:none;\">Palanca<\/span><span class=\"ez-toc-icon-toggle-span\"><svg style=\"fill: #999;color:#999\" xmlns=\"http:\/\/www.w3.org\/2000\/svg\" class=\"list-377408\" width=\"20px\" height=\"20px\" viewbox=\"0 0 24 24\" fill=\"none\"><path d=\"M6 6H4v2h2V6zm14 0H8v2h12V6zM4 11h2v2H4v-2zm16 0H8v2h12v-2zM4 16h2v2H4v-2zm16 0H8v2h12v-2z\" fill=\"currentColor\"><\/path><\/svg><svg style=\"fill: #999;color:#999\" class=\"arrow-unsorted-368013\" xmlns=\"http:\/\/www.w3.org\/2000\/svg\" width=\"10px\" height=\"10px\" viewbox=\"0 0 24 24\" version=\"1.2\" baseprofile=\"tiny\"><path d=\"M18.2 9.3l-6.2-6.3-6.2 6.3c-.2.2-.3.4-.3.7s.1.5.3.7c.2.2.4.3.7.3h11c.3 0 .5-.1.7-.3.2-.2.3-.5.3-.7s-.1-.5-.3-.7zM5.8 14.7l6.2 6.3 6.2-6.3c.2-.2.3-.5.3-.7s-.1-.5-.3-.7c-.2-.2-.4-.3-.7-.3h-11c-.3 0-.5.1-.7.3-.2.2-.3.5-.3.7s.1.5.3.7z\"\/><\/svg><\/span><\/span><\/span><\/a><\/span><\/div>\n<nav><ul class='ez-toc-list ez-toc-list-level-1' ><li class='ez-toc-page-1 ez-toc-heading-level-4'><a class=\"ez-toc-link ez-toc-heading-1\" href=\"https:\/\/saphirsmaragd.com\/es\/producto\/spinell-0-99-karat-lila-tropfen\/#Spinell_099_Karat_Lila_Tropfen\" >Spinell 0.99 Karat Lila Tropfen<\/a><\/li><li class='ez-toc-page-1 ez-toc-heading-level-4'><a class=\"ez-toc-link ez-toc-heading-2\" href=\"https:\/\/saphirsmaragd.com\/es\/producto\/spinell-0-99-karat-lila-tropfen\/#Merkmale_Herkunft\" >Caracter\u00edsticas y origen<\/a><\/li><li class='ez-toc-page-1 ez-toc-heading-level-4'><a class=\"ez-toc-link ez-toc-heading-3\" href=\"https:\/\/saphirsmaragd.com\/es\/producto\/spinell-0-99-karat-lila-tropfen\/#Besonderheiten\" >Caracter\u00edsticas especiales<\/a><\/li><li class='ez-toc-page-1 ez-toc-heading-level-4'><a class=\"ez-toc-link ez-toc-heading-4\" href=\"https:\/\/saphirsmaragd.com\/es\/producto\/spinell-0-99-karat-lila-tropfen\/#Mehr_uber_unsere_Edelsteine\" >M\u00e1s informaci\u00f3n sobre nuestras piedras preciosas<\/a><\/li><li class='ez-toc-page-1 ez-toc-heading-level-4'><a class=\"ez-toc-link ez-toc-heading-5\" href=\"https:\/\/saphirsmaragd.com\/es\/producto\/spinell-0-99-karat-lila-tropfen\/#Weitere_Infos\" >M\u00e1s informaci\u00f3n<\/a><\/li><\/ul><\/nav><\/div>\n<h4 data-start=\"699\" data-end=\"736\"><span class=\"ez-toc-section\" id=\"Spinell_099_Karat_Lila_Tropfen\"><\/span>Spinell 0.99 Karat Lila Tropfen<span class=\"ez-toc-section-end\"><\/span><\/h4>\n<p data-start=\"737\" data-end=\"866\">Ein faszinierender Edelstein in Tropfenform mit nat\u00fcrlicher Farbe und hoher Klarheit \u2013 perfekt f\u00fcr Schmuckfassungen oder Sammler.<\/p>\n<hr data-start=\"1311\" data-end=\"1314\" \/>\n<h4 data-start=\"1040\" data-end=\"1066\"><span class=\"ez-toc-section\" id=\"Merkmale_Herkunft\"><\/span>Caracter\u00edsticas y origen<span class=\"ez-toc-section-end\"><\/span><\/h4>\n<p data-start=\"1067\" data-end=\"1309\">Stein: Spinell<br data-start=\"917\" data-end=\"920\" \/>Farbe: Lila<br data-start=\"931\" data-end=\"934\" \/>Form: Tropfen<br data-start=\"947\" data-end=\"950\" \/>Gewicht: 0.99 Karat<br data-start=\"969\" data-end=\"972\" \/>H\u00e4rte: 8 auf der Mohs-Skala<br data-start=\"999\" data-end=\"1002\" \/>Pureza: Limpio a lupa<br data-start=\"1021\" data-end=\"1024\" \/>Tratamiento: Sin tratar<br data-start=\"1047\" data-end=\"1050\" \/>Zertifikat: Ja (Val\u00e9rie Duraffourg, Gem-A)<br data-start=\"1092\" data-end=\"1095\" \/>Ma\u00dfe: 8 \u00d7 5 mm<\/p>\n<hr data-start=\"1311\" data-end=\"1314\" \/>\n<h4 data-start=\"1316\" data-end=\"1337\"><span class=\"ez-toc-section\" id=\"Besonderheiten\"><\/span>Caracter\u00edsticas especiales<span class=\"ez-toc-section-end\"><\/span><\/h4>\n<p data-start=\"1169\" data-end=\"1401\">Dieser Spinell 0.99 Karat Lila-Tropfen besticht durch seine nat\u00fcrliche Farbe, lupenreine Klarheit und pr\u00e4zise Facettierung. Die Tropfenform macht ihn ideal f\u00fcr Ringe, Anh\u00e4nger oder Ma\u00dfanfertigungen im hochwertigen Schmuckdesign.<\/p>\n<hr data-start=\"1926\" data-end=\"1929\" \/>\n<h4 data-start=\"1931\" data-end=\"1971\"><span class=\"ez-toc-section\" id=\"Mehr_uber_unsere_Edelsteine\"><\/span>M\u00e1s informaci\u00f3n sobre nuestras piedras preciosas<span class=\"ez-toc-section-end\"><\/span><\/h4>\n<p data-start=\"1972\" data-end=\"2069\"><a href=\"https:\/\/saphirsmaragd.com\/es\/product-category\/edelsteine-kaufen\/\">piedras preciosas<\/a><\/p>\n<hr data-start=\"2071\" data-end=\"2074\" \/>\n<h4 data-start=\"2076\" data-end=\"2096\"><span class=\"ez-toc-section\" id=\"Weitere_Infos\"><\/span>M\u00e1s informaci\u00f3n<span class=\"ez-toc-section-end\"><\/span><\/h4>\n<p><a href=\"https:\/\/de.wikipedia.org\/wiki\/Spinell\" target=\"_blank\" rel=\"noopener\">Wikipedia: Spinell<\/a><\/p>","protected":false},"excerpt":{"rendered":"<p data-start=\"377\" data-end=\"526\"><em>Spinell 0.99 Karat Lila Tropfen \u2013 nat\u00fcrlicher, unbehandelter Edelstein mit Zertifikat, lupenrein und facettiert, ideal f\u00fcr Schmuck oder Sammlung.<\/em><\/p>\n<p data-start=\"528\" data-end=\"561\">\n<h3 data-start=\"466\" data-end=\"497\"><\/h3>\n<h3 data-start=\"660\" data-end=\"684\"><\/h3>\n<p data-start=\"575\" data-end=\"606\">","protected":false},"featured_media":3203,"comment_status":"open","ping_status":"closed","template":"","meta":{"_glsr_average":0,"_glsr_ranking":0,"_glsr_reviews":0},"product_brand":[],"product_cat":[290],"product_tag":[],"class_list":{"0":"post-3200","1":"product","2":"type-product","3":"status-publish","4":"has-post-thumbnail","6":"product_cat-spinell","7":"pa_edelsteinart-spinell","8":"pa_farbe-lila","9":"pa_form-tropfen","10":"pa_gewicht-karat-0-5-1-0-karat","11":"pa_reinheit-lupenrein","12":"pa_veredelung-behandlung-unbehandelt","13":"pa_zertifikat-ja","14":"pa_zustand-neu","16":"first","17":"instock","18":"featured","19":"sold-individually","20":"shipping-taxable","21":"purchasable","22":"product-type-simple","23":"add-to-wishlist-before_image"},"jetpack_sharing_enabled":true,"_links":{"self":[{"href":"https:\/\/saphirsmaragd.com\/es\/wp-json\/wp\/v2\/product\/3200","targetHints":{"allow":["GET"]}}],"collection":[{"href":"https:\/\/saphirsmaragd.com\/es\/wp-json\/wp\/v2\/product"}],"about":[{"href":"https:\/\/saphirsmaragd.com\/es\/wp-json\/wp\/v2\/types\/product"}],"replies":[{"embeddable":true,"href":"https:\/\/saphirsmaragd.com\/es\/wp-json\/wp\/v2\/comments?post=3200"}],"version-history":[{"count":1,"href":"https:\/\/saphirsmaragd.com\/es\/wp-json\/wp\/v2\/product\/3200\/revisions"}],"predecessor-version":[{"id":3204,"href":"https:\/\/saphirsmaragd.com\/es\/wp-json\/wp\/v2\/product\/3200\/revisions\/3204"}],"wp:featuredmedia":[{"embeddable":true,"href":"https:\/\/saphirsmaragd.com\/es\/wp-json\/wp\/v2\/media\/3203"}],"wp:attachment":[{"href":"https:\/\/saphirsmaragd.com\/es\/wp-json\/wp\/v2\/media?parent=3200"}],"wp:term":[{"taxonomy":"product_brand","embeddable":true,"href":"https:\/\/saphirsmaragd.com\/es\/wp-json\/wp\/v2\/product_brand?post=3200"},{"taxonomy":"product_cat","embeddable":true,"href":"https:\/\/saphirsmaragd.com\/es\/wp-json\/wp\/v2\/product_cat?post=3200"},{"taxonomy":"product_tag","embeddable":true,"href":"https:\/\/saphirsmaragd.com\/es\/wp-json\/wp\/v2\/product_tag?post=3200"}],"curies":[{"name":"wp","href":"https:\/\/api.w.org\/{rel}","templated":true}]}}