{"id":3423,"date":"2025-10-18T11:49:11","date_gmt":"2025-10-18T11:49:11","guid":{"rendered":"https:\/\/saphirsmaragd.com\/?post_type=product&#038;p=3423"},"modified":"2025-12-29T18:56:31","modified_gmt":"2025-12-29T18:56:31","slug":"tansanit-4-37-karat-blau-violett-paar","status":"publish","type":"product","link":"https:\/\/saphirsmaragd.com\/es\/producto\/tansanit-4-37-karat-blau-violett-paar\/","title":{"rendered":"Par de tanzanitas azul violeta de 4,37 quilates: corte at\u00edpico, alta claridad"},"content":{"rendered":"<div id=\"ez-toc-container\" class=\"ez-toc-v2_0_82_2 counter-hierarchy ez-toc-counter ez-toc-grey ez-toc-container-direction\">\n<div class=\"ez-toc-title-container\">\n<p class=\"ez-toc-title\" style=\"cursor:inherit\">Tabla de contenido<\/p>\n<span class=\"ez-toc-title-toggle\"><a href=\"#\" class=\"ez-toc-pull-right ez-toc-btn ez-toc-btn-xs ez-toc-btn-default ez-toc-toggle\" aria-label=\"Alternar tabla de contenidos\"><span class=\"ez-toc-js-icon-con\"><span class=\"\"><span class=\"eztoc-hide\" style=\"display:none;\">Palanca<\/span><span class=\"ez-toc-icon-toggle-span\"><svg style=\"fill: #999;color:#999\" xmlns=\"http:\/\/www.w3.org\/2000\/svg\" class=\"list-377408\" width=\"20px\" height=\"20px\" viewbox=\"0 0 24 24\" fill=\"none\"><path d=\"M6 6H4v2h2V6zm14 0H8v2h12V6zM4 11h2v2H4v-2zm16 0H8v2h12v-2zM4 16h2v2H4v-2zm16 0H8v2h12v-2z\" fill=\"currentColor\"><\/path><\/svg><svg style=\"fill: #999;color:#999\" class=\"arrow-unsorted-368013\" xmlns=\"http:\/\/www.w3.org\/2000\/svg\" width=\"10px\" height=\"10px\" viewbox=\"0 0 24 24\" version=\"1.2\" baseprofile=\"tiny\"><path d=\"M18.2 9.3l-6.2-6.3-6.2 6.3c-.2.2-.3.4-.3.7s.1.5.3.7c.2.2.4.3.7.3h11c.3 0 .5-.1.7-.3.2-.2.3-.5.3-.7s-.1-.5-.3-.7zM5.8 14.7l6.2 6.3 6.2-6.3c.2-.2.3-.5.3-.7s-.1-.5-.3-.7c-.2-.2-.4-.3-.7-.3h-11c-.3 0-.5.1-.7.3-.2.2-.3.5-.3.7s.1.5.3.7z\"\/><\/svg><\/span><\/span><\/span><\/a><\/span><\/div>\n<nav><ul class='ez-toc-list ez-toc-list-level-1' ><li class='ez-toc-page-1 ez-toc-heading-level-4'><a class=\"ez-toc-link ez-toc-heading-1\" href=\"https:\/\/saphirsmaragd.com\/es\/producto\/tansanit-4-37-karat-blau-violett-paar\/#Tansanit_437_Karat_Blau_Violett_%E2%80%93_Ein_exklusives_Edelsteinpaar_fur_einzigartige_Schmuckstucke\" >Tanzanita 4,37 quilates azul violeta - Una exclusiva pareja de piedras preciosas para piezas \u00fanicas de joyer\u00eda<\/a><\/li><li class='ez-toc-page-1 ez-toc-heading-level-4'><a class=\"ez-toc-link ez-toc-heading-2\" href=\"https:\/\/saphirsmaragd.com\/es\/producto\/tansanit-4-37-karat-blau-violett-paar\/#Merkmale_Herkunft\" >Caracter\u00edsticas y origen<\/a><\/li><li class='ez-toc-page-1 ez-toc-heading-level-4'><a class=\"ez-toc-link ez-toc-heading-3\" href=\"https:\/\/saphirsmaragd.com\/es\/producto\/tansanit-4-37-karat-blau-violett-paar\/#Besonderheiten\" >Caracter\u00edsticas especiales<\/a><\/li><li class='ez-toc-page-1 ez-toc-heading-level-4'><a class=\"ez-toc-link ez-toc-heading-4\" href=\"https:\/\/saphirsmaragd.com\/es\/producto\/tansanit-4-37-karat-blau-violett-paar\/#Mehr_uber_unsere_Edelsteine\" >M\u00e1s informaci\u00f3n sobre nuestras piedras preciosas<\/a><\/li><li class='ez-toc-page-1 ez-toc-heading-level-4'><a class=\"ez-toc-link ez-toc-heading-5\" href=\"https:\/\/saphirsmaragd.com\/es\/producto\/tansanit-4-37-karat-blau-violett-paar\/#Weitere_Infos\" >M\u00e1s informaci\u00f3n<\/a><\/li><\/ul><\/nav><\/div>\n<h4 data-start=\"726\" data-end=\"796\"><span class=\"ez-toc-section\" id=\"Tansanit_437_Karat_Blau_Violett_%E2%80%93_Ein_exklusives_Edelsteinpaar_fur_einzigartige_Schmuckstucke\"><\/span><strong data-start=\"795\" data-end=\"893\">Tanzanita 4,37 quilates azul violeta - Una exclusiva pareja de piedras preciosas para piezas \u00fanicas de joyer\u00eda<\/strong><span class=\"ez-toc-section-end\"><\/span><\/h4>\n<p data-start=\"726\" data-end=\"796\">Esta pareja de exquisitas tanzanitas impresiona por su color excepcional, su pureza de alta calidad y su talla asim\u00e9trica poco com\u00fan. Ideal para creaciones de joyer\u00eda individuales con los m\u00e1s altos est\u00e1ndares.<\/p>\n<hr data-start=\"1311\" data-end=\"1314\" \/>\n<h4 data-start=\"1040\" data-end=\"1066\"><span class=\"ez-toc-section\" id=\"Merkmale_Herkunft\"><\/span>Caracter\u00edsticas y origen<span class=\"ez-toc-section-end\"><\/span><\/h4>\n<p data-start=\"118\" data-end=\"342\">Tipo de piedra: Tanzanita<br data-start=\"1159\" data-end=\"1162\" \/>Color: azul violeta<br data-start=\"1181\" data-end=\"1184\" \/>Forma: At\u00edpica \/ Fantas\u00eda<br data-start=\"1206\" data-end=\"1209\" \/>Peso: 4,37 quilates (par)<br data-start=\"1235\" data-end=\"1238\" \/>Dureza: 6,5 en la escala de Mohs<br data-start=\"1267\" data-end=\"1270\" \/>Tama\u00f1o: 12 \u00d7 7 mm por piedra<br data-start=\"1296\" data-end=\"1299\" \/>Pureza: sin ojos<br data-start=\"1318\" data-end=\"1321\" \/>Certificado: Val\u00e9rie Duraffourg (Gem-A)<br data-start=\"1381\" data-end=\"1384\" \/>Estado: Nuevo<\/p>\n<hr data-start=\"1311\" data-end=\"1314\" \/>\n<h4 data-start=\"1316\" data-end=\"1337\"><span class=\"ez-toc-section\" id=\"Besonderheiten\"><\/span>Caracter\u00edsticas especiales<span class=\"ez-toc-section-end\"><\/span><\/h4>\n<p data-start=\"1428\" data-end=\"1656\">La pareja de \u201eTanzanita Violeta Azul 4,37 quilates\u201c ha sido facetada para crear la m\u00e1xima reflexi\u00f3n de la luz. La intensa coloraci\u00f3n entre azul y violeta y la talla poco com\u00fan hacen que estas piedras sean ideales para joyas de alta calidad.<\/p>\n<hr data-start=\"1926\" data-end=\"1929\" \/>\n<h4 data-start=\"1931\" data-end=\"1971\"><span class=\"ez-toc-section\" id=\"Mehr_uber_unsere_Edelsteine\"><\/span>M\u00e1s informaci\u00f3n sobre nuestras piedras preciosas<span class=\"ez-toc-section-end\"><\/span><\/h4>\n<p data-start=\"1972\" data-end=\"2069\"><a href=\"https:\/\/saphirsmaragd.com\/es\/product-category\/edelsteine-kaufen\/\">piedras preciosas<\/a><\/p>\n<hr data-start=\"2071\" data-end=\"2074\" \/>\n<h4 data-start=\"2076\" data-end=\"2096\"><span class=\"ez-toc-section\" id=\"Weitere_Infos\"><\/span>M\u00e1s informaci\u00f3n<span class=\"ez-toc-section-end\"><\/span><\/h4>\n<p><a href=\"https:\/\/de.wikipedia.org\/wiki\/Tansanit\" target=\"_blank\" rel=\"noopener\">Wikipedia: Tanzanita<\/a><\/p>","protected":false},"excerpt":{"rendered":"<p data-start=\"443\" data-end=\"598\"><em>Tanzanita azul violeta de 4,37 quilates como par exclusivo con talla excepcional, gran pureza y color intenso - ideal para la fabricaci\u00f3n de joyas.<\/em><\/p>\n<h3 data-start=\"600\" data-end=\"629\"><\/h3>","protected":false},"featured_media":3426,"comment_status":"open","ping_status":"closed","template":"","meta":{"_glsr_average":0,"_glsr_ranking":0,"_glsr_reviews":0},"product_brand":[],"product_cat":[298],"product_tag":[],"class_list":{"0":"post-3423","1":"product","2":"type-product","3":"status-publish","4":"has-post-thumbnail","6":"product_cat-tansanit","7":"pa_edelsteinart-tansanit","8":"pa_farbe-blau","9":"pa_form-atypisch","10":"pa_gewicht-karat-3-0-5-0-karat","11":"pa_herkunft-tansania","12":"pa_reinheit-augenrein","13":"pa_zertifikat-ja","14":"pa_zustand-neu","16":"first","17":"instock","18":"featured","19":"sold-individually","20":"shipping-taxable","21":"purchasable","22":"product-type-simple","23":"add-to-wishlist-before_image"},"jetpack_sharing_enabled":true,"_links":{"self":[{"href":"https:\/\/saphirsmaragd.com\/es\/wp-json\/wp\/v2\/product\/3423","targetHints":{"allow":["GET"]}}],"collection":[{"href":"https:\/\/saphirsmaragd.com\/es\/wp-json\/wp\/v2\/product"}],"about":[{"href":"https:\/\/saphirsmaragd.com\/es\/wp-json\/wp\/v2\/types\/product"}],"replies":[{"embeddable":true,"href":"https:\/\/saphirsmaragd.com\/es\/wp-json\/wp\/v2\/comments?post=3423"}],"version-history":[{"count":1,"href":"https:\/\/saphirsmaragd.com\/es\/wp-json\/wp\/v2\/product\/3423\/revisions"}],"predecessor-version":[{"id":3429,"href":"https:\/\/saphirsmaragd.com\/es\/wp-json\/wp\/v2\/product\/3423\/revisions\/3429"}],"wp:featuredmedia":[{"embeddable":true,"href":"https:\/\/saphirsmaragd.com\/es\/wp-json\/wp\/v2\/media\/3426"}],"wp:attachment":[{"href":"https:\/\/saphirsmaragd.com\/es\/wp-json\/wp\/v2\/media?parent=3423"}],"wp:term":[{"taxonomy":"product_brand","embeddable":true,"href":"https:\/\/saphirsmaragd.com\/es\/wp-json\/wp\/v2\/product_brand?post=3423"},{"taxonomy":"product_cat","embeddable":true,"href":"https:\/\/saphirsmaragd.com\/es\/wp-json\/wp\/v2\/product_cat?post=3423"},{"taxonomy":"product_tag","embeddable":true,"href":"https:\/\/saphirsmaragd.com\/es\/wp-json\/wp\/v2\/product_tag?post=3423"}],"curies":[{"name":"wp","href":"https:\/\/api.w.org\/{rel}","templated":true}]}}