{"id":3500,"date":"2025-10-18T13:39:58","date_gmt":"2025-10-18T13:39:58","guid":{"rendered":"https:\/\/saphirsmaragd.com\/?post_type=product&#038;p=3500"},"modified":"2025-12-29T18:56:16","modified_gmt":"2025-12-29T18:56:16","slug":"turmalin-2-52-karat-violett-birne","status":"publish","type":"product","link":"https:\/\/saphirsmaragd.com\/es\/producto\/turmalin-2-52-karat-violett-birne\/","title":{"rendered":"Turmalina violeta pera de 2,52 quilates: piedra preciosa natural de Brasil"},"content":{"rendered":"<div id=\"ez-toc-container\" class=\"ez-toc-v2_0_82_2 counter-hierarchy ez-toc-counter ez-toc-grey ez-toc-container-direction\">\n<div class=\"ez-toc-title-container\">\n<p class=\"ez-toc-title\" style=\"cursor:inherit\">Tabla de contenido<\/p>\n<span class=\"ez-toc-title-toggle\"><a href=\"#\" class=\"ez-toc-pull-right ez-toc-btn ez-toc-btn-xs ez-toc-btn-default ez-toc-toggle\" aria-label=\"Alternar tabla de contenidos\"><span class=\"ez-toc-js-icon-con\"><span class=\"\"><span class=\"eztoc-hide\" style=\"display:none;\">Palanca<\/span><span class=\"ez-toc-icon-toggle-span\"><svg style=\"fill: #999;color:#999\" xmlns=\"http:\/\/www.w3.org\/2000\/svg\" class=\"list-377408\" width=\"20px\" height=\"20px\" viewbox=\"0 0 24 24\" fill=\"none\"><path d=\"M6 6H4v2h2V6zm14 0H8v2h12V6zM4 11h2v2H4v-2zm16 0H8v2h12v-2zM4 16h2v2H4v-2zm16 0H8v2h12v-2z\" fill=\"currentColor\"><\/path><\/svg><svg style=\"fill: #999;color:#999\" class=\"arrow-unsorted-368013\" xmlns=\"http:\/\/www.w3.org\/2000\/svg\" width=\"10px\" height=\"10px\" viewbox=\"0 0 24 24\" version=\"1.2\" baseprofile=\"tiny\"><path d=\"M18.2 9.3l-6.2-6.3-6.2 6.3c-.2.2-.3.4-.3.7s.1.5.3.7c.2.2.4.3.7.3h11c.3 0 .5-.1.7-.3.2-.2.3-.5.3-.7s-.1-.5-.3-.7zM5.8 14.7l6.2 6.3 6.2-6.3c.2-.2.3-.5.3-.7s-.1-.5-.3-.7c-.2-.2-.4-.3-.7-.3h-11c-.3 0-.5.1-.7.3-.2.2-.3.5-.3.7s.1.5.3.7z\"\/><\/svg><\/span><\/span><\/span><\/a><\/span><\/div>\n<nav><ul class='ez-toc-list ez-toc-list-level-1' ><li class='ez-toc-page-1 ez-toc-heading-level-4'><a class=\"ez-toc-link ez-toc-heading-1\" href=\"https:\/\/saphirsmaragd.com\/es\/producto\/turmalin-2-52-karat-violett-birne\/#Turmalin_252_Karat_Violett_Birne\" >Turmalin 2.52 Karat Violett Birne<\/a><\/li><li class='ez-toc-page-1 ez-toc-heading-level-4'><a class=\"ez-toc-link ez-toc-heading-2\" href=\"https:\/\/saphirsmaragd.com\/es\/producto\/turmalin-2-52-karat-violett-birne\/#Merkmale_Herkunft\" >Caracter\u00edsticas y origen<\/a><\/li><li class='ez-toc-page-1 ez-toc-heading-level-4'><a class=\"ez-toc-link ez-toc-heading-3\" href=\"https:\/\/saphirsmaragd.com\/es\/producto\/turmalin-2-52-karat-violett-birne\/#Besonderheiten\" >Caracter\u00edsticas especiales<\/a><\/li><li class='ez-toc-page-1 ez-toc-heading-level-4'><a class=\"ez-toc-link ez-toc-heading-4\" href=\"https:\/\/saphirsmaragd.com\/es\/producto\/turmalin-2-52-karat-violett-birne\/#Mehr_uber_unsere_Edelsteine\" >M\u00e1s informaci\u00f3n sobre nuestras piedras preciosas<\/a><\/li><li class='ez-toc-page-1 ez-toc-heading-level-4'><a class=\"ez-toc-link ez-toc-heading-5\" href=\"https:\/\/saphirsmaragd.com\/es\/producto\/turmalin-2-52-karat-violett-birne\/#Weitere_Infos\" >M\u00e1s informaci\u00f3n<\/a><\/li><\/ul><\/nav><\/div>\n<h4 data-start=\"626\" data-end=\"666\"><span class=\"ez-toc-section\" id=\"Turmalin_252_Karat_Violett_Birne\"><\/span>Turmalin 2.52 Karat Violett Birne<span class=\"ez-toc-section-end\"><\/span><\/h4>\n<p data-start=\"667\" data-end=\"952\">Ein faszinierender nat\u00fcrlicher Turmalin mit einem intensiven Violettton und birnenf\u00f6rmigem Schliff. Die Gr\u00f6\u00dfe und Farbtiefe machen ihn zu einer attraktiven Wahl f\u00fcr exklusive Schmuckst\u00fccke oder Sammler. Der Stein stammt aus Brasilien und vereint Charakter, Eleganz und Einzigartigkeit.<\/p>\n<hr data-start=\"954\" data-end=\"957\" \/>\n<h4 data-start=\"959\" data-end=\"990\"><span class=\"ez-toc-section\" id=\"Merkmale_Herkunft\"><\/span>Caracter\u00edsticas y origen<span class=\"ez-toc-section-end\"><\/span><\/h4>\n<p data-start=\"991\" data-end=\"1276\">Tipo de piedra: Turmalina<br data-start=\"1009\" data-end=\"1012\" \/>Farbe: Violett<br data-start=\"1026\" data-end=\"1029\" \/>Molde: Pera<br data-start=\"1040\" data-end=\"1043\" \/>Gewicht: 2.52 Karat<br data-start=\"1062\" data-end=\"1065\" \/>Dureza: 7 en la escala de Mohs<br data-start=\"1092\" data-end=\"1095\" \/>Gr\u00f6\u00dfe: 11.17 \u00d7 8.22 mm<br data-start=\"1117\" data-end=\"1120\" \/>Reinheit: Deutliche Einschl\u00fcsse unter 10x Vergr\u00f6\u00dferung sichtbar<br data-start=\"1173\" data-end=\"1176\" \/>Origen: Brasil<br data-start=\"1223\" data-end=\"1226\" \/>Zertifikat: Ja (Val\u00e9rie Duraffourg)<br data-start=\"1261\" data-end=\"1264\" \/>Estado: Nuevo<\/p>\n<hr data-start=\"1278\" data-end=\"1281\" \/>\n<h4 data-start=\"1283\" data-end=\"1309\"><span class=\"ez-toc-section\" id=\"Besonderheiten\"><\/span>Caracter\u00edsticas especiales<span class=\"ez-toc-section-end\"><\/span><\/h4>\n<p data-start=\"1310\" data-end=\"1524\">Dieser Turmalin 2.52 Karat Violett Birne beeindruckt durch seine nat\u00fcrliche Farbgebung und Gr\u00f6\u00dfe. Die markante Birnenform und brasilianische Herkunft machen ihn ideal f\u00fcr individuelle Fassungen oder Sammlerobjekte.<\/p>\n<hr data-start=\"1926\" data-end=\"1929\" \/>\n<h4 data-start=\"1931\" data-end=\"1971\"><span class=\"ez-toc-section\" id=\"Mehr_uber_unsere_Edelsteine\"><\/span>M\u00e1s informaci\u00f3n sobre nuestras piedras preciosas<span class=\"ez-toc-section-end\"><\/span><\/h4>\n<p data-start=\"1972\" data-end=\"2069\"><a href=\"https:\/\/saphirsmaragd.com\/es\/product-category\/edelsteine-kaufen\/\">piedras preciosas<\/a><\/p>\n<hr data-start=\"2071\" data-end=\"2074\" \/>\n<h4 data-start=\"2076\" data-end=\"2096\"><span class=\"ez-toc-section\" id=\"Weitere_Infos\"><\/span>M\u00e1s informaci\u00f3n<span class=\"ez-toc-section-end\"><\/span><\/h4>\n<p><a href=\"https:\/\/de.wikipedia.org\/wiki\/Turmalin\" target=\"_blank\" rel=\"noopener\">Wikipedia: Turmalina<\/a><\/p>","protected":false},"excerpt":{"rendered":"<p data-start=\"376\" data-end=\"520\"><em>Turmalin 2.52 Karat Violett Birne mit nat\u00fcrlicher Farbe, brasilianischer Herkunft und facettiertem Schliff. Ideal f\u00fcr Schmuck oder Sammlung.<\/em><\/p>","protected":false},"featured_media":3503,"comment_status":"open","ping_status":"closed","template":"","meta":{"_glsr_average":0,"_glsr_ranking":0,"_glsr_reviews":0},"product_brand":[],"product_cat":[109],"product_tag":[],"class_list":{"0":"post-3500","1":"product","2":"type-product","3":"status-publish","4":"has-post-thumbnail","6":"product_cat-turmalin-kaufen","7":"pa_edelsteinart-turmalin","8":"pa_farbe-violett","9":"pa_form-birne","10":"pa_gewicht-karat-1-0-3-0-karat","11":"pa_herkunft-brasilien","12":"pa_reinheit-deutliche-einschluesse","13":"pa_zertifikat-ja","14":"pa_zustand-neu","16":"first","17":"instock","18":"featured","19":"sold-individually","20":"shipping-taxable","21":"purchasable","22":"product-type-simple","23":"add-to-wishlist-before_image"},"jetpack_sharing_enabled":true,"_links":{"self":[{"href":"https:\/\/saphirsmaragd.com\/es\/wp-json\/wp\/v2\/product\/3500","targetHints":{"allow":["GET"]}}],"collection":[{"href":"https:\/\/saphirsmaragd.com\/es\/wp-json\/wp\/v2\/product"}],"about":[{"href":"https:\/\/saphirsmaragd.com\/es\/wp-json\/wp\/v2\/types\/product"}],"replies":[{"embeddable":true,"href":"https:\/\/saphirsmaragd.com\/es\/wp-json\/wp\/v2\/comments?post=3500"}],"version-history":[{"count":2,"href":"https:\/\/saphirsmaragd.com\/es\/wp-json\/wp\/v2\/product\/3500\/revisions"}],"predecessor-version":[{"id":3510,"href":"https:\/\/saphirsmaragd.com\/es\/wp-json\/wp\/v2\/product\/3500\/revisions\/3510"}],"wp:featuredmedia":[{"embeddable":true,"href":"https:\/\/saphirsmaragd.com\/es\/wp-json\/wp\/v2\/media\/3503"}],"wp:attachment":[{"href":"https:\/\/saphirsmaragd.com\/es\/wp-json\/wp\/v2\/media?parent=3500"}],"wp:term":[{"taxonomy":"product_brand","embeddable":true,"href":"https:\/\/saphirsmaragd.com\/es\/wp-json\/wp\/v2\/product_brand?post=3500"},{"taxonomy":"product_cat","embeddable":true,"href":"https:\/\/saphirsmaragd.com\/es\/wp-json\/wp\/v2\/product_cat?post=3500"},{"taxonomy":"product_tag","embeddable":true,"href":"https:\/\/saphirsmaragd.com\/es\/wp-json\/wp\/v2\/product_tag?post=3500"}],"curies":[{"name":"wp","href":"https:\/\/api.w.org\/{rel}","templated":true}]}}