{"id":3589,"date":"2025-10-19T08:45:02","date_gmt":"2025-10-19T08:45:02","guid":{"rendered":"https:\/\/saphirsmaragd.com\/?post_type=product&#038;p=3589"},"modified":"2025-12-29T18:56:06","modified_gmt":"2025-12-29T18:56:06","slug":"turmalin-gruen-2-75-karat-kissen","status":"publish","type":"product","link":"https:\/\/saphirsmaragd.com\/es\/producto\/turmalin-gruen-2-75-karat-kissen\/","title":{"rendered":"Turmalina verde coj\u00edn de 2,75 quilates: piedra preciosa natural intensa de Brasil"},"content":{"rendered":"<div id=\"ez-toc-container\" class=\"ez-toc-v2_0_82_2 counter-hierarchy ez-toc-counter ez-toc-grey ez-toc-container-direction\">\n<div class=\"ez-toc-title-container\">\n<p class=\"ez-toc-title\" style=\"cursor:inherit\">Tabla de contenido<\/p>\n<span class=\"ez-toc-title-toggle\"><a href=\"#\" class=\"ez-toc-pull-right ez-toc-btn ez-toc-btn-xs ez-toc-btn-default ez-toc-toggle\" aria-label=\"Alternar tabla de contenidos\"><span class=\"ez-toc-js-icon-con\"><span class=\"\"><span class=\"eztoc-hide\" style=\"display:none;\">Palanca<\/span><span class=\"ez-toc-icon-toggle-span\"><svg style=\"fill: #999;color:#999\" xmlns=\"http:\/\/www.w3.org\/2000\/svg\" class=\"list-377408\" width=\"20px\" height=\"20px\" viewbox=\"0 0 24 24\" fill=\"none\"><path d=\"M6 6H4v2h2V6zm14 0H8v2h12V6zM4 11h2v2H4v-2zm16 0H8v2h12v-2zM4 16h2v2H4v-2zm16 0H8v2h12v-2z\" fill=\"currentColor\"><\/path><\/svg><svg style=\"fill: #999;color:#999\" class=\"arrow-unsorted-368013\" xmlns=\"http:\/\/www.w3.org\/2000\/svg\" width=\"10px\" height=\"10px\" viewbox=\"0 0 24 24\" version=\"1.2\" baseprofile=\"tiny\"><path d=\"M18.2 9.3l-6.2-6.3-6.2 6.3c-.2.2-.3.4-.3.7s.1.5.3.7c.2.2.4.3.7.3h11c.3 0 .5-.1.7-.3.2-.2.3-.5.3-.7s-.1-.5-.3-.7zM5.8 14.7l6.2 6.3 6.2-6.3c.2-.2.3-.5.3-.7s-.1-.5-.3-.7c-.2-.2-.4-.3-.7-.3h-11c-.3 0-.5.1-.7.3-.2.2-.3.5-.3.7s.1.5.3.7z\"\/><\/svg><\/span><\/span><\/span><\/a><\/span><\/div>\n<nav><ul class='ez-toc-list ez-toc-list-level-1' ><li class='ez-toc-page-1 ez-toc-heading-level-4'><a class=\"ez-toc-link ez-toc-heading-1\" href=\"https:\/\/saphirsmaragd.com\/es\/producto\/turmalin-gruen-2-75-karat-kissen\/#Turmalin_Grun_275_Karat_Kissen_%E2%80%93_ein_ausergewohnlicher_Edelstein\" >Turmalin Gr\u00fcn 2.75 Karat Kissen \u2013 ein au\u00dfergew\u00f6hnlicher Edelstein<\/a><\/li><li class='ez-toc-page-1 ez-toc-heading-level-4'><a class=\"ez-toc-link ez-toc-heading-2\" href=\"https:\/\/saphirsmaragd.com\/es\/producto\/turmalin-gruen-2-75-karat-kissen\/#Merkmale_Herkunft\" >Caracter\u00edsticas y origen<\/a><\/li><li class='ez-toc-page-1 ez-toc-heading-level-4'><a class=\"ez-toc-link ez-toc-heading-3\" href=\"https:\/\/saphirsmaragd.com\/es\/producto\/turmalin-gruen-2-75-karat-kissen\/#Besonderheiten\" >Caracter\u00edsticas especiales<\/a><\/li><li class='ez-toc-page-1 ez-toc-heading-level-4'><a class=\"ez-toc-link ez-toc-heading-4\" href=\"https:\/\/saphirsmaragd.com\/es\/producto\/turmalin-gruen-2-75-karat-kissen\/#Mehr_uber_unsere_Edelsteine\" >M\u00e1s informaci\u00f3n sobre nuestras piedras preciosas<\/a><\/li><li class='ez-toc-page-1 ez-toc-heading-level-4'><a class=\"ez-toc-link ez-toc-heading-5\" href=\"https:\/\/saphirsmaragd.com\/es\/producto\/turmalin-gruen-2-75-karat-kissen\/#Weitere_Infos\" >M\u00e1s informaci\u00f3n<\/a><\/li><\/ul><\/nav><\/div>\n<h4 data-start=\"704\" data-end=\"972\"><span class=\"ez-toc-section\" id=\"Turmalin_Grun_275_Karat_Kissen_%E2%80%93_ein_ausergewohnlicher_Edelstein\"><\/span><strong data-start=\"704\" data-end=\"773\">Turmalin Gr\u00fcn 2.75 Karat Kissen \u2013 ein au\u00dfergew\u00f6hnlicher Edelstein<\/strong><span class=\"ez-toc-section-end\"><\/span><\/h4>\n<p data-start=\"704\" data-end=\"972\">Dieser Turmalin beeindruckt durch seinen intensiven Gr\u00fcnton, seine nat\u00fcrliche Beschaffenheit und die hochwertige Kissenschliff-Form. Ein ideales Sammler- oder Schmuckst\u00fcck von besonderer Qualit\u00e4t.<\/p>\n<hr data-start=\"974\" data-end=\"977\" \/>\n<h4 data-start=\"979\" data-end=\"1006\"><span class=\"ez-toc-section\" id=\"Merkmale_Herkunft\"><\/span>Caracter\u00edsticas y origen<span class=\"ez-toc-section-end\"><\/span><\/h4>\n<p data-start=\"1008\" data-end=\"1257\">Tipo de piedra: Turmalina<br data-start=\"1026\" data-end=\"1029\" \/>Color: Verde<br data-start=\"1040\" data-end=\"1043\" \/>Form: Kissen<br data-start=\"1055\" data-end=\"1058\" \/>Gewicht: 2.75 Karat<br data-start=\"1077\" data-end=\"1080\" \/>Dureza: 7 en la escala de Mohs<br data-start=\"1107\" data-end=\"1110\" \/>Gr\u00f6\u00dfe: 8.8 mm<br data-start=\"1123\" data-end=\"1126\" \/>Reinheit: Kleine Einschl\u00fcsse<br data-start=\"1153\" data-end=\"1156\" \/>Tratamiento: Sin tratar<br data-start=\"1179\" data-end=\"1182\" \/>Certificado: Val\u00e9rie DURAFFOURG (Gem-A)<br data-start=\"1220\" data-end=\"1223\" \/>Origen: Brasil<br data-start=\"1242\" data-end=\"1245\" \/>Estado: Nuevo<\/p>\n<hr data-start=\"1259\" data-end=\"1262\" \/>\n<h4 data-start=\"1264\" data-end=\"1286\"><span class=\"ez-toc-section\" id=\"Besonderheiten\"><\/span>Caracter\u00edsticas especiales<span class=\"ez-toc-section-end\"><\/span><\/h4>\n<p data-start=\"1288\" data-end=\"1584\">Der Turmalin Gr\u00fcn 2.75 Karat Kissen \u00fcberzeugt durch seine intensive Farbe und die klare Kissenschliff-Form. Die feinen Einschl\u00fcsse sind nur unter Vergr\u00f6\u00dferung sichtbar und unterstreichen die nat\u00fcrliche Herkunft. Durch seine Gr\u00f6\u00dfe eignet er sich hervorragend f\u00fcr individuelle Schmuckanfertigungen.<\/p>\n<hr data-start=\"1926\" data-end=\"1929\" \/>\n<h4 data-start=\"1931\" data-end=\"1971\"><span class=\"ez-toc-section\" id=\"Mehr_uber_unsere_Edelsteine\"><\/span>M\u00e1s informaci\u00f3n sobre nuestras piedras preciosas<span class=\"ez-toc-section-end\"><\/span><\/h4>\n<p data-start=\"1972\" data-end=\"2069\"><a href=\"https:\/\/saphirsmaragd.com\/es\/product-category\/edelsteine-kaufen\/\">piedras preciosas<\/a><\/p>\n<hr data-start=\"2071\" data-end=\"2074\" \/>\n<h4 data-start=\"2076\" data-end=\"2096\"><span class=\"ez-toc-section\" id=\"Weitere_Infos\"><\/span>M\u00e1s informaci\u00f3n<span class=\"ez-toc-section-end\"><\/span><\/h4>\n<p><a href=\"https:\/\/de.wikipedia.org\/wiki\/Turmalin\" target=\"_blank\" rel=\"noopener\">Wikipedia: Turmalina<\/a><\/p>","protected":false},"excerpt":{"rendered":"<p data-start=\"394\" data-end=\"554\"><em>Turmalin Gr\u00fcn 2.75 Karat Kissen \u2013 nat\u00fcrlicher Edelstein mit feinen Einschl\u00fcssen, intensivem Gr\u00fcnton und Zertifikat. Ideal f\u00fcr hochwertige Schmuckkreationen.<\/em><\/p>\n<h2 data-start=\"523\" data-end=\"548\"><\/h2>","protected":false},"featured_media":3592,"comment_status":"open","ping_status":"closed","template":"","meta":{"_glsr_average":0,"_glsr_ranking":0,"_glsr_reviews":0},"product_brand":[],"product_cat":[109],"product_tag":[],"class_list":{"0":"post-3589","1":"product","2":"type-product","3":"status-publish","4":"has-post-thumbnail","6":"product_cat-turmalin-kaufen","7":"pa_edelsteinart-turmalin","8":"pa_farbe-gruen","9":"pa_form-kissen","10":"pa_gewicht-karat-1-0-3-0-karat","11":"pa_herkunft-brasilien","12":"pa_reinheit-kleine-einschluesse","13":"pa_veredelung-behandlung-unbehandelt","14":"pa_zertifikat-ja","15":"pa_zustand-neu","17":"first","18":"instock","19":"featured","20":"sold-individually","21":"shipping-taxable","22":"purchasable","23":"product-type-simple","24":"add-to-wishlist-before_image"},"jetpack_sharing_enabled":true,"_links":{"self":[{"href":"https:\/\/saphirsmaragd.com\/es\/wp-json\/wp\/v2\/product\/3589","targetHints":{"allow":["GET"]}}],"collection":[{"href":"https:\/\/saphirsmaragd.com\/es\/wp-json\/wp\/v2\/product"}],"about":[{"href":"https:\/\/saphirsmaragd.com\/es\/wp-json\/wp\/v2\/types\/product"}],"replies":[{"embeddable":true,"href":"https:\/\/saphirsmaragd.com\/es\/wp-json\/wp\/v2\/comments?post=3589"}],"version-history":[{"count":1,"href":"https:\/\/saphirsmaragd.com\/es\/wp-json\/wp\/v2\/product\/3589\/revisions"}],"predecessor-version":[{"id":3593,"href":"https:\/\/saphirsmaragd.com\/es\/wp-json\/wp\/v2\/product\/3589\/revisions\/3593"}],"wp:featuredmedia":[{"embeddable":true,"href":"https:\/\/saphirsmaragd.com\/es\/wp-json\/wp\/v2\/media\/3592"}],"wp:attachment":[{"href":"https:\/\/saphirsmaragd.com\/es\/wp-json\/wp\/v2\/media?parent=3589"}],"wp:term":[{"taxonomy":"product_brand","embeddable":true,"href":"https:\/\/saphirsmaragd.com\/es\/wp-json\/wp\/v2\/product_brand?post=3589"},{"taxonomy":"product_cat","embeddable":true,"href":"https:\/\/saphirsmaragd.com\/es\/wp-json\/wp\/v2\/product_cat?post=3589"},{"taxonomy":"product_tag","embeddable":true,"href":"https:\/\/saphirsmaragd.com\/es\/wp-json\/wp\/v2\/product_tag?post=3589"}],"curies":[{"name":"wp","href":"https:\/\/api.w.org\/{rel}","templated":true}]}}