{"id":3643,"date":"2025-10-21T01:18:51","date_gmt":"2025-10-21T01:18:51","guid":{"rendered":"https:\/\/saphirsmaragd.com\/?post_type=product&#038;p=3643"},"modified":"2025-12-05T10:14:00","modified_gmt":"2025-12-05T10:14:00","slug":"anhaenger-mit-goldtopas-kristall","status":"publish","type":"product","link":"https:\/\/saphirsmaragd.com\/es\/producto\/anhaenger-mit-goldtopas-kristall\/","title":{"rendered":"Colgante con cristal de topacio dorado \u2013 oro de 14 quilates"},"content":{"rendered":"<div id=\"ez-toc-container\" class=\"ez-toc-v2_0_82_2 counter-hierarchy ez-toc-counter ez-toc-grey ez-toc-container-direction\">\n<div class=\"ez-toc-title-container\">\n<p class=\"ez-toc-title\" style=\"cursor:inherit\">Tabla de contenido<\/p>\n<span class=\"ez-toc-title-toggle\"><a href=\"#\" class=\"ez-toc-pull-right ez-toc-btn ez-toc-btn-xs ez-toc-btn-default ez-toc-toggle\" aria-label=\"Alternar tabla de contenidos\"><span class=\"ez-toc-js-icon-con\"><span class=\"\"><span class=\"eztoc-hide\" style=\"display:none;\">Palanca<\/span><span class=\"ez-toc-icon-toggle-span\"><svg style=\"fill: #999;color:#999\" xmlns=\"http:\/\/www.w3.org\/2000\/svg\" class=\"list-377408\" width=\"20px\" height=\"20px\" viewbox=\"0 0 24 24\" fill=\"none\"><path d=\"M6 6H4v2h2V6zm14 0H8v2h12V6zM4 11h2v2H4v-2zm16 0H8v2h12v-2zM4 16h2v2H4v-2zm16 0H8v2h12v-2z\" fill=\"currentColor\"><\/path><\/svg><svg style=\"fill: #999;color:#999\" class=\"arrow-unsorted-368013\" xmlns=\"http:\/\/www.w3.org\/2000\/svg\" width=\"10px\" height=\"10px\" viewbox=\"0 0 24 24\" version=\"1.2\" baseprofile=\"tiny\"><path d=\"M18.2 9.3l-6.2-6.3-6.2 6.3c-.2.2-.3.4-.3.7s.1.5.3.7c.2.2.4.3.7.3h11c.3 0 .5-.1.7-.3.2-.2.3-.5.3-.7s-.1-.5-.3-.7zM5.8 14.7l6.2 6.3 6.2-6.3c.2-.2.3-.5.3-.7s-.1-.5-.3-.7c-.2-.2-.4-.3-.7-.3h-11c-.3 0-.5.1-.7.3-.2.2-.3.5-.3.7s.1.5.3.7z\"\/><\/svg><\/span><\/span><\/span><\/a><\/span><\/div>\n<nav><ul class='ez-toc-list ez-toc-list-level-1' ><li class='ez-toc-page-1 ez-toc-heading-level-4'><a class=\"ez-toc-link ez-toc-heading-1\" href=\"https:\/\/saphirsmaragd.com\/es\/producto\/anhaenger-mit-goldtopas-kristall\/#_Anhanger_mit_Goldtopas_Kristall\" >\u00a0Anh\u00e4nger mit Goldtopas Kristall<\/a><\/li><li class='ez-toc-page-1 ez-toc-heading-level-4'><a class=\"ez-toc-link ez-toc-heading-2\" href=\"https:\/\/saphirsmaragd.com\/es\/producto\/anhaenger-mit-goldtopas-kristall\/#_Merkmale_Herkunft\" >\u00a0Caracter\u00edsticas y origen<\/a><\/li><li class='ez-toc-page-1 ez-toc-heading-level-4'><a class=\"ez-toc-link ez-toc-heading-3\" href=\"https:\/\/saphirsmaragd.com\/es\/producto\/anhaenger-mit-goldtopas-kristall\/#_Besonderheiten\" >\u00a0Caracter\u00edsticas especiales<\/a><\/li><li class='ez-toc-page-1 ez-toc-heading-level-4'><a class=\"ez-toc-link ez-toc-heading-4\" href=\"https:\/\/saphirsmaragd.com\/es\/producto\/anhaenger-mit-goldtopas-kristall\/#_Mehr_uber_Heilsteine_Kristalle\" >\u00a0Mehr \u00fcber Heilsteine &amp; Kristalle<\/a><\/li><li class='ez-toc-page-1 ez-toc-heading-level-4'><a class=\"ez-toc-link ez-toc-heading-5\" href=\"https:\/\/saphirsmaragd.com\/es\/producto\/anhaenger-mit-goldtopas-kristall\/#Weitere_Infos\" >M\u00e1s informaci\u00f3n<\/a><\/li><\/ul><\/nav><\/div>\n<h4 data-start=\"455\" data-end=\"491\"><span class=\"ez-toc-section\" id=\"_Anhanger_mit_Goldtopas_Kristall\"><\/span>\u00a0Anh\u00e4nger mit Goldtopas Kristall<span class=\"ez-toc-section-end\"><\/span><\/h4>\n<p data-start=\"493\" data-end=\"712\">Dieser Anh\u00e4nger mit Goldtopas Kristall gilt als st\u00e4rkender Begleiter f\u00fcr Lebensfreude, Zielklarheit und pers\u00f6nliche Entfaltung und wird h\u00e4ufig eingesetzt, um Optimismus, innere St\u00e4rke und Selbstvertrauen zu f\u00f6rdern.<\/p>\n<hr data-start=\"714\" data-end=\"717\" \/>\n<h4 data-start=\"719\" data-end=\"744\"><span class=\"ez-toc-section\" id=\"_Merkmale_Herkunft\"><\/span>\u00a0Caracter\u00edsticas y origen<span class=\"ez-toc-section-end\"><\/span><\/h4>\n<p data-start=\"745\" data-end=\"1079\">Farbe: goldgelb<br data-start=\"760\" data-end=\"763\" \/>Form: Kristall \/ nat\u00fcrliche Kristallform<br data-start=\"803\" data-end=\"806\" \/>Herkunft: nicht spezifiziert<br data-start=\"834\" data-end=\"837\" \/>Gewicht: individuell unterschiedlich<br data-start=\"873\" data-end=\"876\" \/>Ma\u00dfe: ca. 1,6 x 1 cm<br data-start=\"896\" data-end=\"899\" \/>Reinheit: transparent bis transluzent<br data-start=\"936\" data-end=\"939\" \/>Behandlung: nicht angegeben<br data-start=\"1002\" data-end=\"1005\" \/>Steinart: Goldtopas<br data-start=\"1024\" data-end=\"1027\" \/>Material \u00d6se: 14 Karat Gold<br data-start=\"1054\" data-end=\"1057\" \/>Schmuckart: Anh\u00e4nger<\/p>\n<hr data-start=\"1081\" data-end=\"1084\" \/>\n<h4 data-start=\"1086\" data-end=\"1106\"><span class=\"ez-toc-section\" id=\"_Besonderheiten\"><\/span>\u00a0Caracter\u00edsticas especiales<span class=\"ez-toc-section-end\"><\/span><\/h4>\n<p data-start=\"1108\" data-end=\"1518\">Goldtopas geh\u00f6rt zu den kraftvollsten Edelsteinen im Bereich von innerer St\u00e4rke, Inspiration und bewusster Zielverwirklichung. Seine warme Strahlkraft unterst\u00fctzt die Aktivierung der eigenen Lebensenergie und ermutigt dazu, den eigenen Weg mit Klarheit, Vertrauen und Zuversicht zu gehen. In vielen Traditionen gilt der Stein als Symbol f\u00fcr Erfolg, Licht und den Mut, Herzensw\u00fcnsche in die Realit\u00e4t umzusetzen.<\/p>\n<p data-start=\"1520\" data-end=\"1876\">\n<hr data-start=\"1878\" data-end=\"1881\" \/>\n<h4 data-start=\"1883\" data-end=\"1921\"><span class=\"ez-toc-section\" id=\"_Mehr_uber_Heilsteine_Kristalle\"><\/span>\u00a0Mehr \u00fcber Heilsteine &amp; Kristalle<span class=\"ez-toc-section-end\"><\/span><\/h4>\n<p data-start=\"1922\" data-end=\"2112\">Weitere Informationen zu Auswahl und Wirkprinzipien finden Sie hier:<br data-start=\"1990\" data-end=\"1993\" \/><a href=\"https:\/\/saphirsmaragd.com\/es\/product-category\/heilsteine-kristalle-kaufen\/\">Heilsteine &amp; Kristalle | Saphir &amp; Smaragd<\/a><br data-start=\"2038\" data-end=\"2041\" \/>\n<\/p>\n<hr data-start=\"2114\" data-end=\"2117\" \/>\n<h4 data-start=\"2119\" data-end=\"2140\"><span class=\"ez-toc-section\" id=\"Weitere_Infos\"><\/span>M\u00e1s informaci\u00f3n<span class=\"ez-toc-section-end\"><\/span><\/h4>\n<p data-start=\"2141\" data-end=\"2189\"><a href=\"https:\/\/de.wikipedia.org\/wiki\/Topas\" target=\"_blank\" rel=\"noopener\">Wikipedia: Topacio<\/a><\/p>","protected":false},"excerpt":{"rendered":"<p><em>Der Anh\u00e4nger mit Goldtopas Kristall st\u00e4rkt Lebensenergie, Selbstvertrauen und innere Zuversicht und wird traditionell f\u00fcr Erfolg, Freude und Herzensw\u00e4rme genutzt.<\/em><\/p>","protected":false},"featured_media":3644,"comment_status":"open","ping_status":"closed","template":"","meta":{"_glsr_average":0,"_glsr_ranking":0,"_glsr_reviews":0},"product_brand":[],"product_cat":[87],"product_tag":[],"class_list":{"0":"post-3643","1":"product","2":"type-product","3":"status-publish","4":"has-post-thumbnail","6":"product_cat-edelstein-anhaenger","8":"first","9":"instock","10":"shipping-taxable","11":"purchasable","12":"product-type-simple","13":"add-to-wishlist-before_image"},"jetpack_sharing_enabled":true,"_links":{"self":[{"href":"https:\/\/saphirsmaragd.com\/es\/wp-json\/wp\/v2\/product\/3643","targetHints":{"allow":["GET"]}}],"collection":[{"href":"https:\/\/saphirsmaragd.com\/es\/wp-json\/wp\/v2\/product"}],"about":[{"href":"https:\/\/saphirsmaragd.com\/es\/wp-json\/wp\/v2\/types\/product"}],"replies":[{"embeddable":true,"href":"https:\/\/saphirsmaragd.com\/es\/wp-json\/wp\/v2\/comments?post=3643"}],"version-history":[{"count":1,"href":"https:\/\/saphirsmaragd.com\/es\/wp-json\/wp\/v2\/product\/3643\/revisions"}],"predecessor-version":[{"id":3646,"href":"https:\/\/saphirsmaragd.com\/es\/wp-json\/wp\/v2\/product\/3643\/revisions\/3646"}],"wp:featuredmedia":[{"embeddable":true,"href":"https:\/\/saphirsmaragd.com\/es\/wp-json\/wp\/v2\/media\/3644"}],"wp:attachment":[{"href":"https:\/\/saphirsmaragd.com\/es\/wp-json\/wp\/v2\/media?parent=3643"}],"wp:term":[{"taxonomy":"product_brand","embeddable":true,"href":"https:\/\/saphirsmaragd.com\/es\/wp-json\/wp\/v2\/product_brand?post=3643"},{"taxonomy":"product_cat","embeddable":true,"href":"https:\/\/saphirsmaragd.com\/es\/wp-json\/wp\/v2\/product_cat?post=3643"},{"taxonomy":"product_tag","embeddable":true,"href":"https:\/\/saphirsmaragd.com\/es\/wp-json\/wp\/v2\/product_tag?post=3643"}],"curies":[{"name":"wp","href":"https:\/\/api.w.org\/{rel}","templated":true}]}}