{"id":3780,"date":"2025-10-25T23:26:17","date_gmt":"2025-10-25T23:26:17","guid":{"rendered":"https:\/\/saphirsmaragd.com\/?post_type=product&#038;p=3780"},"modified":"2025-12-05T10:13:18","modified_gmt":"2025-12-05T10:13:18","slug":"anhaenger-mit-versteinertem-holz-oval-gruen","status":"publish","type":"product","link":"https:\/\/saphirsmaragd.com\/es\/producto\/anhaenger-mit-versteinertem-holz-oval-gruen\/","title":{"rendered":"Anh\u00e4nger mit Versteinertem Holz Oval Gr\u00fcn \u2013 Naturstein aus 925 Silber"},"content":{"rendered":"<div id=\"ez-toc-container\" class=\"ez-toc-v2_0_82_2 counter-hierarchy ez-toc-counter ez-toc-grey ez-toc-container-direction\">\n<div class=\"ez-toc-title-container\">\n<p class=\"ez-toc-title\" style=\"cursor:inherit\">Tabla de contenido<\/p>\n<span class=\"ez-toc-title-toggle\"><a href=\"#\" class=\"ez-toc-pull-right ez-toc-btn ez-toc-btn-xs ez-toc-btn-default ez-toc-toggle\" aria-label=\"Alternar tabla de contenidos\"><span class=\"ez-toc-js-icon-con\"><span class=\"\"><span class=\"eztoc-hide\" style=\"display:none;\">Palanca<\/span><span class=\"ez-toc-icon-toggle-span\"><svg style=\"fill: #999;color:#999\" xmlns=\"http:\/\/www.w3.org\/2000\/svg\" class=\"list-377408\" width=\"20px\" height=\"20px\" viewbox=\"0 0 24 24\" fill=\"none\"><path d=\"M6 6H4v2h2V6zm14 0H8v2h12V6zM4 11h2v2H4v-2zm16 0H8v2h12v-2zM4 16h2v2H4v-2zm16 0H8v2h12v-2z\" fill=\"currentColor\"><\/path><\/svg><svg style=\"fill: #999;color:#999\" class=\"arrow-unsorted-368013\" xmlns=\"http:\/\/www.w3.org\/2000\/svg\" width=\"10px\" height=\"10px\" viewbox=\"0 0 24 24\" version=\"1.2\" baseprofile=\"tiny\"><path d=\"M18.2 9.3l-6.2-6.3-6.2 6.3c-.2.2-.3.4-.3.7s.1.5.3.7c.2.2.4.3.7.3h11c.3 0 .5-.1.7-.3.2-.2.3-.5.3-.7s-.1-.5-.3-.7zM5.8 14.7l6.2 6.3 6.2-6.3c.2-.2.3-.5.3-.7s-.1-.5-.3-.7c-.2-.2-.4-.3-.7-.3h-11c-.3 0-.5.1-.7.3-.2.2-.3.5-.3.7s.1.5.3.7z\"\/><\/svg><\/span><\/span><\/span><\/a><\/span><\/div>\n<nav><ul class='ez-toc-list ez-toc-list-level-1' ><li class='ez-toc-page-1 ez-toc-heading-level-4'><a class=\"ez-toc-link ez-toc-heading-1\" href=\"https:\/\/saphirsmaragd.com\/es\/producto\/anhaenger-mit-versteinertem-holz-oval-gruen\/#Anhanger_mit_Versteinertem_Holz_Oval_Grun_%E2%80%93_Naturstein_aus_925_Silber\" >Anh\u00e4nger mit Versteinertem Holz Oval Gr\u00fcn \u2013 Naturstein aus 925 Silber<\/a><\/li><li class='ez-toc-page-1 ez-toc-heading-level-4'><a class=\"ez-toc-link ez-toc-heading-2\" href=\"https:\/\/saphirsmaragd.com\/es\/producto\/anhaenger-mit-versteinertem-holz-oval-gruen\/#_Merkmale_Herkunft\" >\u00a0Caracter\u00edsticas y origen<\/a><\/li><li class='ez-toc-page-1 ez-toc-heading-level-4'><a class=\"ez-toc-link ez-toc-heading-3\" href=\"https:\/\/saphirsmaragd.com\/es\/producto\/anhaenger-mit-versteinertem-holz-oval-gruen\/#_Besonderheiten\" >\u00a0Caracter\u00edsticas especiales<\/a><\/li><li class='ez-toc-page-1 ez-toc-heading-level-4'><a class=\"ez-toc-link ez-toc-heading-4\" href=\"https:\/\/saphirsmaragd.com\/es\/producto\/anhaenger-mit-versteinertem-holz-oval-gruen\/#_Mehr_uber_Versteinerte_Holzer_Heilsteine\" >\u00a0Mehr \u00fcber Versteinerte H\u00f6lzer &amp; Heilsteine<\/a><\/li><li class='ez-toc-page-1 ez-toc-heading-level-4'><a class=\"ez-toc-link ez-toc-heading-5\" href=\"https:\/\/saphirsmaragd.com\/es\/producto\/anhaenger-mit-versteinertem-holz-oval-gruen\/#Weitere_Infos\" >M\u00e1s informaci\u00f3n<\/a><\/li><\/ul><\/nav><\/div>\n<h4 data-start=\"97\" data-end=\"178\"><span class=\"ez-toc-section\" id=\"Anhanger_mit_Versteinertem_Holz_Oval_Grun_%E2%80%93_Naturstein_aus_925_Silber\"><\/span><strong data-start=\"100\" data-end=\"173\">Anh\u00e4nger mit Versteinertem Holz Oval Gr\u00fcn \u2013 Naturstein aus 925 Silber<\/strong><span class=\"ez-toc-section-end\"><\/span><\/h4>\n<p data-start=\"180\" data-end=\"372\">Der Anh\u00e4nger mit Versteinertem Holz Oval Gr\u00fcn ist ein naturbelassener Einzelstein in einer klassischen Silberfassung und verbindet erdende Ruhe mit einer sanften, sch\u00fctzenden Ausstrahlung.<\/p>\n<hr data-start=\"374\" data-end=\"377\" \/>\n<h4 data-start=\"379\" data-end=\"405\"><span class=\"ez-toc-section\" id=\"_Merkmale_Herkunft\"><\/span>\u00a0Caracter\u00edsticas y origen<span class=\"ez-toc-section-end\"><\/span><\/h4>\n<p data-start=\"407\" data-end=\"762\">Farbe: Gr\u00fcn \/ nat\u00fcrlich gemasert<br data-start=\"439\" data-end=\"442\" \/>Forma: Ovalada<br data-start=\"510\" data-end=\"513\" \/>Ma\u00dfe: ca. 3.1 \u00d7 1.9 cm (Stein)<br data-start=\"543\" data-end=\"546\" \/>Gesamtl\u00e4nge: ca. 4.4 cm (inkl. \u00d6se)<br data-start=\"581\" data-end=\"584\" \/>Material: 925 Sterling Silber<br data-start=\"613\" data-end=\"616\" \/>Reinheit: naturbelassen, poliert<br data-start=\"648\" data-end=\"651\" \/>Behandlung: unbehandelt<br data-start=\"708\" data-end=\"711\" \/>Schmuckart: Anh\u00e4nger<br data-start=\"731\" data-end=\"734\" \/>Steinart: Versteinertes Holz<\/p>\n<hr data-start=\"764\" data-end=\"767\" \/>\n<h4 data-start=\"769\" data-end=\"790\"><span class=\"ez-toc-section\" id=\"_Besonderheiten\"><\/span>\u00a0Caracter\u00edsticas especiales<span class=\"ez-toc-section-end\"><\/span><\/h4>\n<p data-start=\"792\" data-end=\"1249\">Versteinertes Holz geh\u00f6rt zu den \u00e4ltesten Heilsteinen und steht symbolisch f\u00fcr Erdverbundenheit, Ruhe und innere Stabilit\u00e4t. Die nat\u00fcrliche Maserung verleiht jedem St\u00fcck ein einzigartiges Erscheinungsbild. Durch seine dezente und dennoch charaktervolle Optik eignet sich der Anh\u00e4nger mit Versteinertem Holz Oval Gr\u00fcn sowohl als t\u00e4glicher Begleiter als auch als spirituell unterst\u00fctzender Stein bei Stress, innerer Unruhe oder Phasen der Neuorientierung.<\/p>\n<p data-start=\"1251\" data-end=\"1679\">Dem Stein wird nachgesagt, eine beruhigende und sch\u00fctzende Wirkung zu entfalten. Er unterst\u00fctzt dabei, sich geerdet und sicher zu f\u00fchlen, st\u00e4rkt das Vertrauen in den eigenen Weg und hilft, negative Emotionen loszulassen. Versteinertes Holz f\u00f6rdert innere Ruhe, Geduld und ein stabiles emotionales Gleichgewicht, wodurch es besonders hilfreich f\u00fcr sensible Menschen und Situationen mit erh\u00f6hter Anspannung oder \u00dcberforderung ist.<\/p>\n<hr data-start=\"1681\" data-end=\"1684\" \/>\n<h4 data-start=\"1686\" data-end=\"1735\"><span class=\"ez-toc-section\" id=\"_Mehr_uber_Versteinerte_Holzer_Heilsteine\"><\/span>\u00a0Mehr \u00fcber Versteinerte H\u00f6lzer &amp; Heilsteine<span class=\"ez-toc-section-end\"><\/span><\/h4>\n<p data-start=\"1737\" data-end=\"1898\">Besuchen Sie unsere Rubrik<br data-start=\"1763\" data-end=\"1766\" \/><a href=\"https:\/\/saphirsmaragd.com\/es\/product-category\/heilsteine-kristalle-kaufen\/\">Heilsteine &amp; Kristalle | Saphir &amp; Smaragd<\/a><br data-start=\"1811\" data-end=\"1814\" \/>\n<\/p>\n<hr data-start=\"1900\" data-end=\"1903\" \/>\n<h4 data-start=\"1905\" data-end=\"1925\"><span class=\"ez-toc-section\" id=\"Weitere_Infos\"><\/span>M\u00e1s informaci\u00f3n<span class=\"ez-toc-section-end\"><\/span><\/h4>\n<p data-start=\"1927\" data-end=\"1986\"><a href=\"https:\/\/de.wikipedia.org\/wiki\/Versteinertes_Holz\" target=\"_blank\" rel=\"noopener\">Wikipedia: Versteinertes_Holz<\/a><\/p>","protected":false},"excerpt":{"rendered":"<p><em>Naturbelassener Anh\u00e4nger mit Versteinertem Holz Oval Gr\u00fcn in 925er Silberfassung, ideal zur Erdung, emotionaler Stabilit\u00e4t und innerer Ruhe.<\/em><\/p>","protected":false},"featured_media":3781,"comment_status":"open","ping_status":"closed","template":"","meta":{"_glsr_average":0,"_glsr_ranking":0,"_glsr_reviews":0},"product_brand":[],"product_cat":[87],"product_tag":[],"class_list":{"0":"post-3780","1":"product","2":"type-product","3":"status-publish","4":"has-post-thumbnail","6":"product_cat-edelstein-anhaenger","8":"first","9":"instock","10":"shipping-taxable","11":"purchasable","12":"product-type-simple","13":"add-to-wishlist-before_image"},"jetpack_sharing_enabled":true,"_links":{"self":[{"href":"https:\/\/saphirsmaragd.com\/es\/wp-json\/wp\/v2\/product\/3780","targetHints":{"allow":["GET"]}}],"collection":[{"href":"https:\/\/saphirsmaragd.com\/es\/wp-json\/wp\/v2\/product"}],"about":[{"href":"https:\/\/saphirsmaragd.com\/es\/wp-json\/wp\/v2\/types\/product"}],"replies":[{"embeddable":true,"href":"https:\/\/saphirsmaragd.com\/es\/wp-json\/wp\/v2\/comments?post=3780"}],"version-history":[{"count":1,"href":"https:\/\/saphirsmaragd.com\/es\/wp-json\/wp\/v2\/product\/3780\/revisions"}],"predecessor-version":[{"id":3783,"href":"https:\/\/saphirsmaragd.com\/es\/wp-json\/wp\/v2\/product\/3780\/revisions\/3783"}],"wp:featuredmedia":[{"embeddable":true,"href":"https:\/\/saphirsmaragd.com\/es\/wp-json\/wp\/v2\/media\/3781"}],"wp:attachment":[{"href":"https:\/\/saphirsmaragd.com\/es\/wp-json\/wp\/v2\/media?parent=3780"}],"wp:term":[{"taxonomy":"product_brand","embeddable":true,"href":"https:\/\/saphirsmaragd.com\/es\/wp-json\/wp\/v2\/product_brand?post=3780"},{"taxonomy":"product_cat","embeddable":true,"href":"https:\/\/saphirsmaragd.com\/es\/wp-json\/wp\/v2\/product_cat?post=3780"},{"taxonomy":"product_tag","embeddable":true,"href":"https:\/\/saphirsmaragd.com\/es\/wp-json\/wp\/v2\/product_tag?post=3780"}],"curies":[{"name":"wp","href":"https:\/\/api.w.org\/{rel}","templated":true}]}}