{"id":3784,"date":"2025-10-25T23:32:56","date_gmt":"2025-10-25T23:32:56","guid":{"rendered":"https:\/\/saphirsmaragd.com\/?post_type=product&#038;p=3784"},"modified":"2025-12-05T10:13:15","modified_gmt":"2025-12-05T10:13:15","slug":"anhaenger-mit-versteinertem-holz-rund-braun","status":"publish","type":"product","link":"https:\/\/saphirsmaragd.com\/es\/producto\/anhaenger-mit-versteinertem-holz-rund-braun\/","title":{"rendered":"Anh\u00e4nger mit Versteinertem Holz Rund Braun \u2013 Naturstein aus 925 Silber\u00a0"},"content":{"rendered":"<div id=\"ez-toc-container\" class=\"ez-toc-v2_0_82_2 counter-hierarchy ez-toc-counter ez-toc-grey ez-toc-container-direction\">\n<div class=\"ez-toc-title-container\">\n<p class=\"ez-toc-title\" style=\"cursor:inherit\">Tabla de contenido<\/p>\n<span class=\"ez-toc-title-toggle\"><a href=\"#\" class=\"ez-toc-pull-right ez-toc-btn ez-toc-btn-xs ez-toc-btn-default ez-toc-toggle\" aria-label=\"Alternar tabla de contenidos\"><span class=\"ez-toc-js-icon-con\"><span class=\"\"><span class=\"eztoc-hide\" style=\"display:none;\">Palanca<\/span><span class=\"ez-toc-icon-toggle-span\"><svg style=\"fill: #999;color:#999\" xmlns=\"http:\/\/www.w3.org\/2000\/svg\" class=\"list-377408\" width=\"20px\" height=\"20px\" viewbox=\"0 0 24 24\" fill=\"none\"><path d=\"M6 6H4v2h2V6zm14 0H8v2h12V6zM4 11h2v2H4v-2zm16 0H8v2h12v-2zM4 16h2v2H4v-2zm16 0H8v2h12v-2z\" fill=\"currentColor\"><\/path><\/svg><svg style=\"fill: #999;color:#999\" class=\"arrow-unsorted-368013\" xmlns=\"http:\/\/www.w3.org\/2000\/svg\" width=\"10px\" height=\"10px\" viewbox=\"0 0 24 24\" version=\"1.2\" baseprofile=\"tiny\"><path d=\"M18.2 9.3l-6.2-6.3-6.2 6.3c-.2.2-.3.4-.3.7s.1.5.3.7c.2.2.4.3.7.3h11c.3 0 .5-.1.7-.3.2-.2.3-.5.3-.7s-.1-.5-.3-.7zM5.8 14.7l6.2 6.3 6.2-6.3c.2-.2.3-.5.3-.7s-.1-.5-.3-.7c-.2-.2-.4-.3-.7-.3h-11c-.3 0-.5.1-.7.3-.2.2-.3.5-.3.7s.1.5.3.7z\"\/><\/svg><\/span><\/span><\/span><\/a><\/span><\/div>\n<nav><ul class='ez-toc-list ez-toc-list-level-1' ><ul class='ez-toc-list-level-4' ><li class='ez-toc-heading-level-4'><a class=\"ez-toc-link ez-toc-heading-1\" href=\"https:\/\/saphirsmaragd.com\/es\/producto\/anhaenger-mit-versteinertem-holz-rund-braun\/#Anhanger_mit_Versteinertem_Holz_Rund_Braun_%E2%80%93_Naturstein_aus_925_Silber\" >Anh\u00e4nger mit Versteinertem Holz Rund Braun \u2013 Naturstein aus 925 Silber<\/a><\/li><li class='ez-toc-page-1 ez-toc-heading-level-4'><a class=\"ez-toc-link ez-toc-heading-2\" href=\"https:\/\/saphirsmaragd.com\/es\/producto\/anhaenger-mit-versteinertem-holz-rund-braun\/#Merkmale_Herkunft\" >Caracter\u00edsticas y origen<\/a><\/li><li class='ez-toc-page-1 ez-toc-heading-level-4'><a class=\"ez-toc-link ez-toc-heading-3\" href=\"https:\/\/saphirsmaragd.com\/es\/producto\/anhaenger-mit-versteinertem-holz-rund-braun\/#_Besonderheiten\" >\u00a0Caracter\u00edsticas especiales<\/a><\/li><li class='ez-toc-page-1 ez-toc-heading-level-4'><a class=\"ez-toc-link ez-toc-heading-4\" href=\"https:\/\/saphirsmaragd.com\/es\/producto\/anhaenger-mit-versteinertem-holz-rund-braun\/#_Mehr_uber_Versteinerte_Holzer_Heilsteine\" >\u00a0Mehr \u00fcber Versteinerte H\u00f6lzer &amp; Heilsteine<\/a><\/li><\/ul><\/li><li class='ez-toc-page-1 ez-toc-heading-level-3'><a class=\"ez-toc-link ez-toc-heading-5\" href=\"https:\/\/saphirsmaragd.com\/es\/producto\/anhaenger-mit-versteinertem-holz-rund-braun\/#%F0%9F%93%9A_Weitere_Infos\" >\ud83d\udcda Weitere Infos<\/a><\/li><\/ul><\/nav><\/div>\n<h4 data-start=\"86\" data-end=\"168\"><span class=\"ez-toc-section\" id=\"Anhanger_mit_Versteinertem_Holz_Rund_Braun_%E2%80%93_Naturstein_aus_925_Silber\"><\/span><strong data-start=\"89\" data-end=\"163\">Anh\u00e4nger mit Versteinertem Holz Rund Braun \u2013 Naturstein aus 925 Silber<\/strong><span class=\"ez-toc-section-end\"><\/span><\/h4>\n<p data-start=\"170\" data-end=\"336\">Der Anh\u00e4nger mit Versteinertem Holz Rund Braun besticht durch seine warme, erdige Ausstrahlung und die nat\u00fcrliche Maserung, die jedes St\u00fcck zu einem Unikat macht.<\/p>\n<hr data-start=\"338\" data-end=\"341\" \/>\n<h4 data-start=\"343\" data-end=\"369\"><span class=\"ez-toc-section\" id=\"Merkmale_Herkunft\"><\/span>Caracter\u00edsticas y origen<span class=\"ez-toc-section-end\"><\/span><\/h4>\n<p data-start=\"371\" data-end=\"731\">Farbe: Braun \/ nat\u00fcrlich gemasert<br data-start=\"404\" data-end=\"407\" \/>Forma: Redonda<br data-start=\"475\" data-end=\"478\" \/>Ma\u00dfe: ca. 3 cm Durchmesser (Stein)<br data-start=\"512\" data-end=\"515\" \/>Gesamtl\u00e4nge: ca. 4.2 cm (inkl. \u00d6se)<br data-start=\"550\" data-end=\"553\" \/>Material: 925 Sterling Silber<br data-start=\"582\" data-end=\"585\" \/>Reinheit: naturbelassen, poliert<br data-start=\"617\" data-end=\"620\" \/>Behandlung: unbehandelt<br data-start=\"677\" data-end=\"680\" \/>Schmuckart: Anh\u00e4nger<br data-start=\"700\" data-end=\"703\" \/>Steinart: Versteinertes Holz<\/p>\n<hr data-start=\"733\" data-end=\"736\" \/>\n<h4 data-start=\"738\" data-end=\"759\"><span class=\"ez-toc-section\" id=\"_Besonderheiten\"><\/span>\u00a0Caracter\u00edsticas especiales<span class=\"ez-toc-section-end\"><\/span><\/h4>\n<p data-start=\"761\" data-end=\"1262\">Versteinertes Holz z\u00e4hlt zu den \u00e4ltesten bekannten Heilsteinen und wird traditionell mit Ruhe, Erdung und innerer Stabilit\u00e4t in Verbindung gebracht. Seine nat\u00fcrliche Maserung erinnert an die urspr\u00fcngliche Struktur des Holzes und vermittelt eine sanfte, naturverbundene Energie. Der Anh\u00e4nger mit Versteinertem Holz Rund Braun eignet sich hervorragend f\u00fcr Menschen, die sich nach innerer Ruhe und emotionaler Ausgeglichenheit sehnen oder eine st\u00e4rkende Begleitung in Zeiten der Ver\u00e4nderung w\u00fcnschen.<\/p>\n<p data-start=\"1264\" data-end=\"1627\">Seine Wirkung wird mit Schutz, Vertrauen und tiefem Verwurzeltsein beschrieben. Er hilft, sich sicher im eigenen K\u00f6rper und im eigenen Leben zu f\u00fchlen, f\u00f6rdert Geduld und sanfte Zentrierung und wirkt unterst\u00fctzend bei \u00dcberreizung oder hoher Sensibilit\u00e4t. Besonders auf Reisen oder in ungewohnten Situationen kann er das Gef\u00fchl von Stabilit\u00e4t und Ankommen st\u00e4rken.<\/p>\n<hr data-start=\"1629\" data-end=\"1632\" \/>\n<h4 data-start=\"1634\" data-end=\"1683\"><span class=\"ez-toc-section\" id=\"_Mehr_uber_Versteinerte_Holzer_Heilsteine\"><\/span>\u00a0Mehr \u00fcber Versteinerte H\u00f6lzer &amp; Heilsteine<span class=\"ez-toc-section-end\"><\/span><\/h4>\n<p data-start=\"1685\" data-end=\"1846\">Besuchen Sie unsere Rubrik<br data-start=\"1711\" data-end=\"1714\" \/><a href=\"https:\/\/saphirsmaragd.com\/es\/product-category\/heilsteine-kristalle-kaufen\/\">Heilsteine &amp; Kristalle | Saphir &amp; Smaragd<\/a><br data-start=\"1759\" data-end=\"1762\" \/>\n<\/p>\n<hr data-start=\"1848\" data-end=\"1851\" \/>\n<h3 data-start=\"1853\" data-end=\"1873\"><span class=\"ez-toc-section\" id=\"%F0%9F%93%9A_Weitere_Infos\"><\/span>\ud83d\udcda Weitere Infos<span class=\"ez-toc-section-end\"><\/span><\/h3>\n<p data-start=\"1875\" data-end=\"1934\"><a href=\"https:\/\/de.wikipedia.org\/wiki\/Versteinertes_Holz\" target=\"_blank\" rel=\"noopener\">Wikipedia: Versteinertes_Holz<\/a><\/p>","protected":false},"excerpt":{"rendered":"<p><em>Handgefertigter Anh\u00e4nger mit Versteinertem Holz Rund Braun in 925 Silber, ideal zur Erdung, emotionaler Stabilit\u00e4t und naturverbundenem Wohlbefinden.<\/em><\/p>","protected":false},"featured_media":3785,"comment_status":"open","ping_status":"closed","template":"","meta":{"_glsr_average":0,"_glsr_ranking":0,"_glsr_reviews":0},"product_brand":[],"product_cat":[87],"product_tag":[],"class_list":{"0":"post-3784","1":"product","2":"type-product","3":"status-publish","4":"has-post-thumbnail","6":"product_cat-edelstein-anhaenger","8":"first","9":"instock","10":"shipping-taxable","11":"purchasable","12":"product-type-simple","13":"add-to-wishlist-before_image"},"jetpack_sharing_enabled":true,"_links":{"self":[{"href":"https:\/\/saphirsmaragd.com\/es\/wp-json\/wp\/v2\/product\/3784","targetHints":{"allow":["GET"]}}],"collection":[{"href":"https:\/\/saphirsmaragd.com\/es\/wp-json\/wp\/v2\/product"}],"about":[{"href":"https:\/\/saphirsmaragd.com\/es\/wp-json\/wp\/v2\/types\/product"}],"replies":[{"embeddable":true,"href":"https:\/\/saphirsmaragd.com\/es\/wp-json\/wp\/v2\/comments?post=3784"}],"version-history":[{"count":1,"href":"https:\/\/saphirsmaragd.com\/es\/wp-json\/wp\/v2\/product\/3784\/revisions"}],"predecessor-version":[{"id":3787,"href":"https:\/\/saphirsmaragd.com\/es\/wp-json\/wp\/v2\/product\/3784\/revisions\/3787"}],"wp:featuredmedia":[{"embeddable":true,"href":"https:\/\/saphirsmaragd.com\/es\/wp-json\/wp\/v2\/media\/3785"}],"wp:attachment":[{"href":"https:\/\/saphirsmaragd.com\/es\/wp-json\/wp\/v2\/media?parent=3784"}],"wp:term":[{"taxonomy":"product_brand","embeddable":true,"href":"https:\/\/saphirsmaragd.com\/es\/wp-json\/wp\/v2\/product_brand?post=3784"},{"taxonomy":"product_cat","embeddable":true,"href":"https:\/\/saphirsmaragd.com\/es\/wp-json\/wp\/v2\/product_cat?post=3784"},{"taxonomy":"product_tag","embeddable":true,"href":"https:\/\/saphirsmaragd.com\/es\/wp-json\/wp\/v2\/product_tag?post=3784"}],"curies":[{"name":"wp","href":"https:\/\/api.w.org\/{rel}","templated":true}]}}