{"id":3792,"date":"2025-10-25T23:44:26","date_gmt":"2025-10-25T23:44:26","guid":{"rendered":"https:\/\/saphirsmaragd.com\/?post_type=product&#038;p=3792"},"modified":"2025-12-05T10:13:10","modified_gmt":"2025-12-05T10:13:10","slug":"anhaenger-mit-versteinertem-palmholz-rund-braun","status":"publish","type":"product","link":"https:\/\/saphirsmaragd.com\/es\/producto\/anhaenger-mit-versteinertem-palmholz-rund-braun\/","title":{"rendered":"Anh\u00e4nger mit Versteinertem Palmholz Rund Braun \u2013 Naturstein aus 925 Silber\u00a0"},"content":{"rendered":"<div id=\"ez-toc-container\" class=\"ez-toc-v2_0_82_2 counter-hierarchy ez-toc-counter ez-toc-grey ez-toc-container-direction\">\n<div class=\"ez-toc-title-container\">\n<p class=\"ez-toc-title\" style=\"cursor:inherit\">Tabla de contenido<\/p>\n<span class=\"ez-toc-title-toggle\"><a href=\"#\" class=\"ez-toc-pull-right ez-toc-btn ez-toc-btn-xs ez-toc-btn-default ez-toc-toggle\" aria-label=\"Alternar tabla de contenidos\"><span class=\"ez-toc-js-icon-con\"><span class=\"\"><span class=\"eztoc-hide\" style=\"display:none;\">Palanca<\/span><span class=\"ez-toc-icon-toggle-span\"><svg style=\"fill: #999;color:#999\" xmlns=\"http:\/\/www.w3.org\/2000\/svg\" class=\"list-377408\" width=\"20px\" height=\"20px\" viewbox=\"0 0 24 24\" fill=\"none\"><path d=\"M6 6H4v2h2V6zm14 0H8v2h12V6zM4 11h2v2H4v-2zm16 0H8v2h12v-2zM4 16h2v2H4v-2zm16 0H8v2h12v-2z\" fill=\"currentColor\"><\/path><\/svg><svg style=\"fill: #999;color:#999\" class=\"arrow-unsorted-368013\" xmlns=\"http:\/\/www.w3.org\/2000\/svg\" width=\"10px\" height=\"10px\" viewbox=\"0 0 24 24\" version=\"1.2\" baseprofile=\"tiny\"><path d=\"M18.2 9.3l-6.2-6.3-6.2 6.3c-.2.2-.3.4-.3.7s.1.5.3.7c.2.2.4.3.7.3h11c.3 0 .5-.1.7-.3.2-.2.3-.5.3-.7s-.1-.5-.3-.7zM5.8 14.7l6.2 6.3 6.2-6.3c.2-.2.3-.5.3-.7s-.1-.5-.3-.7c-.2-.2-.4-.3-.7-.3h-11c-.3 0-.5.1-.7.3-.2.2-.3.5-.3.7s.1.5.3.7z\"\/><\/svg><\/span><\/span><\/span><\/a><\/span><\/div>\n<nav><ul class='ez-toc-list ez-toc-list-level-1' ><ul class='ez-toc-list-level-4' ><li class='ez-toc-heading-level-4'><a class=\"ez-toc-link ez-toc-heading-1\" href=\"https:\/\/saphirsmaragd.com\/es\/producto\/anhaenger-mit-versteinertem-palmholz-rund-braun\/#Anhanger_mit_Versteinertem_Palmholz_Rund_Braun_%E2%80%93_Naturstein_aus_925_Silber\" >Anh\u00e4nger mit Versteinertem Palmholz Rund Braun \u2013 Naturstein aus 925 Silber<\/a><\/li><li class='ez-toc-page-1 ez-toc-heading-level-4'><a class=\"ez-toc-link ez-toc-heading-2\" href=\"https:\/\/saphirsmaragd.com\/es\/producto\/anhaenger-mit-versteinertem-palmholz-rund-braun\/#_Merkmale_Herkunft\" >\u00a0Caracter\u00edsticas y origen<\/a><\/li><li class='ez-toc-page-1 ez-toc-heading-level-4'><a class=\"ez-toc-link ez-toc-heading-3\" href=\"https:\/\/saphirsmaragd.com\/es\/producto\/anhaenger-mit-versteinertem-palmholz-rund-braun\/#_Besonderheiten\" >\u00a0Caracter\u00edsticas especiales<\/a><\/li><li class='ez-toc-page-1 ez-toc-heading-level-4'><a class=\"ez-toc-link ez-toc-heading-4\" href=\"https:\/\/saphirsmaragd.com\/es\/producto\/anhaenger-mit-versteinertem-palmholz-rund-braun\/#_Mehr_uber_Versteinerte_Holzer_Heilsteine\" >\u00a0Mehr \u00fcber Versteinerte H\u00f6lzer &amp; Heilsteine<\/a><\/li><\/ul><\/li><li class='ez-toc-page-1 ez-toc-heading-level-3'><a class=\"ez-toc-link ez-toc-heading-5\" href=\"https:\/\/saphirsmaragd.com\/es\/producto\/anhaenger-mit-versteinertem-palmholz-rund-braun\/#%F0%9F%93%9A_Weitere_Infos\" >\ud83d\udcda Weitere Infos<\/a><\/li><\/ul><\/nav><\/div>\n<h4 data-start=\"100\" data-end=\"186\"><span class=\"ez-toc-section\" id=\"Anhanger_mit_Versteinertem_Palmholz_Rund_Braun_%E2%80%93_Naturstein_aus_925_Silber\"><\/span><strong data-start=\"103\" data-end=\"181\">Anh\u00e4nger mit Versteinertem Palmholz Rund Braun \u2013 Naturstein aus 925 Silber<\/strong><span class=\"ez-toc-section-end\"><\/span><\/h4>\n<p data-start=\"188\" data-end=\"438\">Der Anh\u00e4nger mit Versteinertem Palmholz Rund Braun vereint nat\u00fcrliche Erdverbundenheit mit einer eleganten Fossilstruktur. Die charakteristische Maserung entsteht durch versteinertes Palmenholz und macht jedes St\u00fcck zu einem authentischen Unikat.<\/p>\n<hr data-start=\"440\" data-end=\"443\" \/>\n<h4 data-start=\"445\" data-end=\"471\"><span class=\"ez-toc-section\" id=\"_Merkmale_Herkunft\"><\/span>\u00a0Caracter\u00edsticas y origen<span class=\"ez-toc-section-end\"><\/span><\/h4>\n<p data-start=\"473\" data-end=\"836\">Farbe: Braun \/ fossil gemasert<br data-start=\"503\" data-end=\"506\" \/>Forma: Redonda<br data-start=\"574\" data-end=\"577\" \/>Ma\u00dfe: ca. 2.5 cm Durchmesser (Stein)<br data-start=\"613\" data-end=\"616\" \/>Gesamtl\u00e4nge: ca. 3.9 cm (inkl. \u00d6se)<br data-start=\"651\" data-end=\"654\" \/>Material: 925 Sterling Silber<br data-start=\"683\" data-end=\"686\" \/>Reinheit: naturbelassen, poliert<br data-start=\"718\" data-end=\"721\" \/>Behandlung: unbehandelt<br data-start=\"778\" data-end=\"781\" \/>Schmuckart: Anh\u00e4nger<br data-start=\"801\" data-end=\"804\" \/>Steinart: Versteinertes Palmholz<\/p>\n<hr data-start=\"838\" data-end=\"841\" \/>\n<h4 data-start=\"843\" data-end=\"864\"><span class=\"ez-toc-section\" id=\"_Besonderheiten\"><\/span>\u00a0Caracter\u00edsticas especiales<span class=\"ez-toc-section-end\"><\/span><\/h4>\n<p data-start=\"866\" data-end=\"1174\">Versteinertes Palmholz gilt als besonders sanft wirkende Form von fossilem Holz und wird mit Erdung, Schutz und einem Gef\u00fchl innerer Ruhe verbunden. Durch seine nat\u00fcrliche Struktur vermittelt der Anh\u00e4nger mit Versteinertem Palmholz Rund Braun Stabilit\u00e4t und ein tiefes Verbundenheitsgef\u00fchl mit der Natur.<\/p>\n<p data-start=\"1176\" data-end=\"1520\">Dem Stein wird nachgesagt, emotionale Anspannung zu l\u00f6sen, Geduld zu f\u00f6rdern und das Nervensystem zu beruhigen. Er kann Sicherheit in belastenden oder ungewohnten Situationen vermitteln und dabei helfen, sich im Hier und Jetzt zu verankern. Besonders f\u00fcr sensible Menschen wirkt er unterst\u00fctzend, st\u00e4rkt Gelassenheit und f\u00f6rdert innere Balance.<\/p>\n<hr data-start=\"1522\" data-end=\"1525\" \/>\n<h4 data-start=\"1527\" data-end=\"1576\"><span class=\"ez-toc-section\" id=\"_Mehr_uber_Versteinerte_Holzer_Heilsteine\"><\/span>\u00a0Mehr \u00fcber Versteinerte H\u00f6lzer &amp; Heilsteine<span class=\"ez-toc-section-end\"><\/span><\/h4>\n<p data-start=\"1578\" data-end=\"1708\">Besuchen Sie unsere Rubrik<br data-start=\"1604\" data-end=\"1607\" \/><a href=\"https:\/\/saphirsmaragd.com\/es\/product-category\/heilsteine-kristalle-kaufen\/\">Heilsteine &amp; Kristalle | Saphir &amp; Smaragd<\/a><br data-start=\"1652\" data-end=\"1655\" \/>\n<\/p>\n<hr data-start=\"1710\" data-end=\"1713\" \/>\n<h3 data-start=\"1715\" data-end=\"1735\"><span class=\"ez-toc-section\" id=\"%F0%9F%93%9A_Weitere_Infos\"><\/span>\ud83d\udcda Weitere Infos<span class=\"ez-toc-section-end\"><\/span><\/h3>\n<p data-start=\"1737\" data-end=\"1796\"><a href=\"https:\/\/de.wikipedia.org\/wiki\/Versteinertes_Holz\" target=\"_blank\" rel=\"noopener\">Wikipedia: Versteinertes_Holz<\/a><\/p>","protected":false},"excerpt":{"rendered":"<p><em>Naturbelassener Anh\u00e4nger mit Versteinertem Palmholz Rund Braun in 925 Silberfassung, ideal zur Erdung, inneren Ruhe und emotionaler Stabilit\u00e4t.<\/em><\/p>","protected":false},"featured_media":3793,"comment_status":"open","ping_status":"closed","template":"","meta":{"_glsr_average":0,"_glsr_ranking":0,"_glsr_reviews":0},"product_brand":[],"product_cat":[87],"product_tag":[],"class_list":{"0":"post-3792","1":"product","2":"type-product","3":"status-publish","4":"has-post-thumbnail","6":"product_cat-edelstein-anhaenger","8":"first","9":"instock","10":"shipping-taxable","11":"purchasable","12":"product-type-simple","13":"add-to-wishlist-before_image"},"jetpack_sharing_enabled":true,"_links":{"self":[{"href":"https:\/\/saphirsmaragd.com\/es\/wp-json\/wp\/v2\/product\/3792","targetHints":{"allow":["GET"]}}],"collection":[{"href":"https:\/\/saphirsmaragd.com\/es\/wp-json\/wp\/v2\/product"}],"about":[{"href":"https:\/\/saphirsmaragd.com\/es\/wp-json\/wp\/v2\/types\/product"}],"replies":[{"embeddable":true,"href":"https:\/\/saphirsmaragd.com\/es\/wp-json\/wp\/v2\/comments?post=3792"}],"version-history":[{"count":1,"href":"https:\/\/saphirsmaragd.com\/es\/wp-json\/wp\/v2\/product\/3792\/revisions"}],"predecessor-version":[{"id":3796,"href":"https:\/\/saphirsmaragd.com\/es\/wp-json\/wp\/v2\/product\/3792\/revisions\/3796"}],"wp:featuredmedia":[{"embeddable":true,"href":"https:\/\/saphirsmaragd.com\/es\/wp-json\/wp\/v2\/media\/3793"}],"wp:attachment":[{"href":"https:\/\/saphirsmaragd.com\/es\/wp-json\/wp\/v2\/media?parent=3792"}],"wp:term":[{"taxonomy":"product_brand","embeddable":true,"href":"https:\/\/saphirsmaragd.com\/es\/wp-json\/wp\/v2\/product_brand?post=3792"},{"taxonomy":"product_cat","embeddable":true,"href":"https:\/\/saphirsmaragd.com\/es\/wp-json\/wp\/v2\/product_cat?post=3792"},{"taxonomy":"product_tag","embeddable":true,"href":"https:\/\/saphirsmaragd.com\/es\/wp-json\/wp\/v2\/product_tag?post=3792"}],"curies":[{"name":"wp","href":"https:\/\/api.w.org\/{rel}","templated":true}]}}