{"id":3907,"date":"2025-10-28T00:50:36","date_gmt":"2025-10-28T00:50:36","guid":{"rendered":"https:\/\/saphirsmaragd.com\/?post_type=product&#038;p=3907"},"modified":"2025-12-05T10:15:27","modified_gmt":"2025-12-05T10:15:27","slug":"amethyst-druse-rosa","status":"publish","type":"product","link":"https:\/\/saphirsmaragd.com\/es\/producto\/amethyst-druse-rosa\/","title":{"rendered":"Drusa de amatista rosa: piedra curativa con soporte para abrir el coraz\u00f3n."},"content":{"rendered":"<div id=\"ez-toc-container\" class=\"ez-toc-v2_0_82_2 counter-hierarchy ez-toc-counter ez-toc-grey ez-toc-container-direction\">\n<div class=\"ez-toc-title-container\">\n<p class=\"ez-toc-title\" style=\"cursor:inherit\">Tabla de contenido<\/p>\n<span class=\"ez-toc-title-toggle\"><a href=\"#\" class=\"ez-toc-pull-right ez-toc-btn ez-toc-btn-xs ez-toc-btn-default ez-toc-toggle\" aria-label=\"Alternar tabla de contenidos\"><span class=\"ez-toc-js-icon-con\"><span class=\"\"><span class=\"eztoc-hide\" style=\"display:none;\">Palanca<\/span><span class=\"ez-toc-icon-toggle-span\"><svg style=\"fill: #999;color:#999\" xmlns=\"http:\/\/www.w3.org\/2000\/svg\" class=\"list-377408\" width=\"20px\" height=\"20px\" viewbox=\"0 0 24 24\" fill=\"none\"><path d=\"M6 6H4v2h2V6zm14 0H8v2h12V6zM4 11h2v2H4v-2zm16 0H8v2h12v-2zM4 16h2v2H4v-2zm16 0H8v2h12v-2z\" fill=\"currentColor\"><\/path><\/svg><svg style=\"fill: #999;color:#999\" class=\"arrow-unsorted-368013\" xmlns=\"http:\/\/www.w3.org\/2000\/svg\" width=\"10px\" height=\"10px\" viewbox=\"0 0 24 24\" version=\"1.2\" baseprofile=\"tiny\"><path d=\"M18.2 9.3l-6.2-6.3-6.2 6.3c-.2.2-.3.4-.3.7s.1.5.3.7c.2.2.4.3.7.3h11c.3 0 .5-.1.7-.3.2-.2.3-.5.3-.7s-.1-.5-.3-.7zM5.8 14.7l6.2 6.3 6.2-6.3c.2-.2.3-.5.3-.7s-.1-.5-.3-.7c-.2-.2-.4-.3-.7-.3h-11c-.3 0-.5.1-.7.3-.2.2-.3.5-.3.7s.1.5.3.7z\"\/><\/svg><\/span><\/span><\/span><\/a><\/span><\/div>\n<nav><ul class='ez-toc-list ez-toc-list-level-1' ><li class='ez-toc-page-1 ez-toc-heading-level-4'><a class=\"ez-toc-link ez-toc-heading-1\" href=\"https:\/\/saphirsmaragd.com\/es\/producto\/amethyst-druse-rosa\/#Amethyst_Druse_Rosa_%E2%80%93_Naturstein_auf_Stand_aus_Uruguay\" >Amethyst Druse Rosa \u2013 Naturstein auf Stand aus Uruguay<\/a><\/li><li class='ez-toc-page-1 ez-toc-heading-level-4'><a class=\"ez-toc-link ez-toc-heading-2\" href=\"https:\/\/saphirsmaragd.com\/es\/producto\/amethyst-druse-rosa\/#_Merkmale_Herkunft\" >\u00a0Caracter\u00edsticas y origen<\/a><\/li><li class='ez-toc-page-1 ez-toc-heading-level-4'><a class=\"ez-toc-link ez-toc-heading-3\" href=\"https:\/\/saphirsmaragd.com\/es\/producto\/amethyst-druse-rosa\/#_Besonderheiten\" >\u00a0Caracter\u00edsticas especiales<\/a><\/li><li class='ez-toc-page-1 ez-toc-heading-level-4'><a class=\"ez-toc-link ez-toc-heading-4\" href=\"https:\/\/saphirsmaragd.com\/es\/producto\/amethyst-druse-rosa\/#Mehr_uber_Amethyste_Heilsteine\" >Mehr \u00fcber Amethyste &amp; Heilsteine<\/a><\/li><li class='ez-toc-page-1 ez-toc-heading-level-4'><a class=\"ez-toc-link ez-toc-heading-5\" href=\"https:\/\/saphirsmaragd.com\/es\/producto\/amethyst-druse-rosa\/#Weitere_Infos\" >M\u00e1s informaci\u00f3n<\/a><\/li><\/ul><\/nav><\/div>\n<h4 data-start=\"117\" data-end=\"173\"><span class=\"ez-toc-section\" id=\"Amethyst_Druse_Rosa_%E2%80%93_Naturstein_auf_Stand_aus_Uruguay\"><\/span>Amethyst Druse Rosa \u2013 Naturstein auf Stand aus Uruguay<span class=\"ez-toc-section-end\"><\/span><\/h4>\n<p data-start=\"175\" data-end=\"331\">Die Amethyst Druse Rosa ist ein fein schwingendes Unikat aus Uruguay auf einem Stand und unterst\u00fctzt emotionale Heilung, Herz\u00f6ffnung und innere Balance.<\/p>\n<hr data-start=\"1657\" data-end=\"1660\" \/>\n<h4 data-start=\"333\" data-end=\"358\"><span class=\"ez-toc-section\" id=\"_Merkmale_Herkunft\"><\/span>\u00a0Caracter\u00edsticas y origen<span class=\"ez-toc-section-end\"><\/span><\/h4>\n<p data-start=\"359\" data-end=\"650\">Color: rosa<br data-start=\"370\" data-end=\"373\" \/>Form: Druse \/ Cluster auf Stand<br data-start=\"404\" data-end=\"407\" \/>Herkunft: Uruguay<br data-start=\"424\" data-end=\"427\" \/>Gewicht: 1010 g (inkl. Stand)<br data-start=\"456\" data-end=\"459\" \/>Ma\u00dfe links: 12.5 x 9.5 x 2 cm<br data-start=\"488\" data-end=\"491\" \/>Ma\u00dfe rechts: 12 x 10.5 x 2.5 cm<br data-start=\"522\" data-end=\"525\" \/>Gesamth\u00f6he (inkl. Stand): 21.5 cm<br data-start=\"558\" data-end=\"561\" \/>Tratamiento: Sin tratar<br data-start=\"629\" data-end=\"632\" \/>Steinart: Amethyst<\/p>\n<hr data-start=\"1657\" data-end=\"1660\" \/>\n<h4 data-start=\"652\" data-end=\"672\"><span class=\"ez-toc-section\" id=\"_Besonderheiten\"><\/span>\u00a0Caracter\u00edsticas especiales<span class=\"ez-toc-section-end\"><\/span><\/h4>\n<p data-start=\"673\" data-end=\"1063\">Die Amethyst Druse Rosa wirkt besonders sanft und wird h\u00e4ufig mit dem Herzchakra in Verbindung gebracht. Im Vergleich zum klassischen violetten Amethyst besitzt diese Variante eine weichere, tr\u00f6stende Qualit\u00e4t, die speziell emotional sensible Menschen anspricht. Sie unterst\u00fctzt das L\u00f6sen von Blockaden, f\u00f6rdert Selbstliebe und begleitet seelische Regeneration auf einer tieferen Ebene.<\/p>\n<p data-start=\"1065\" data-end=\"1431\">Als Raumstein erzeugt die Amethyst Druse Rosa eine beruhigende und sch\u00fctzende Atmosph\u00e4re, wodurch sie sich ideal f\u00fcr Meditationsorte, Therapie- oder Praxisr\u00e4ume eignet. Sie hilft, emotionale Spannungen zu l\u00f6sen, Vertrauen aufzubauen und innere Harmonie zu f\u00f6rdern. Direkte Sonneneinstrahlung sollte vermieden werden, da die nat\u00fcrliche Farbe sonst aufhellen kann.<\/p>\n<hr data-start=\"1657\" data-end=\"1660\" \/>\n<h4 data-start=\"1433\" data-end=\"1471\"><span class=\"ez-toc-section\" id=\"Mehr_uber_Amethyste_Heilsteine\"><\/span>Mehr \u00fcber Amethyste &amp; Heilsteine<span class=\"ez-toc-section-end\"><\/span><\/h4>\n<p data-start=\"1472\" data-end=\"1595\">Weitere Informationen und erg\u00e4nzende St\u00fccke finden Sie in unserer Kategorie<br data-start=\"1547\" data-end=\"1550\" \/><a href=\"https:\/\/saphirsmaragd.com\/es\/product-category\/heilsteine-kristalle-kaufen\/\">Heilsteine &amp; Kristalle | Saphir &amp; Smaragd<\/a><strong data-start=\"1550\" data-end=\"1595\"><br \/>\n<\/strong><\/p>\n<hr data-start=\"1657\" data-end=\"1660\" \/>\n<h4 data-start=\"1597\" data-end=\"1616\"><span class=\"ez-toc-section\" id=\"Weitere_Infos\"><\/span>M\u00e1s informaci\u00f3n<span class=\"ez-toc-section-end\"><\/span><\/h4>\n<p data-start=\"1617\" data-end=\"1655\"><a class=\"decorated-link cursor-pointer\" href=\"https:\/\/de.wikipedia.org\/wiki\/Amethyst\" target=\"_new\" rel=\"noopener\" data-start=\"1617\" data-end=\"1655\">Wikipedia: Amethyst<\/a><\/p>\n<hr data-start=\"1657\" data-end=\"1660\" \/>\n<h2 data-start=\"1662\" data-end=\"1676\"><\/h2>","protected":false},"excerpt":{"rendered":"<p><em>Die Amethyst Druse Rosa auf Stand aus Uruguay f\u00f6rdert Heilung, Selbstliebe und emotionale Balance. Sanft, kraftvoll, einzigartig.<\/em><\/p>","protected":false},"featured_media":3908,"comment_status":"open","ping_status":"closed","template":"","meta":{"_glsr_average":0,"_glsr_ranking":0,"_glsr_reviews":0},"product_brand":[],"product_cat":[84],"product_tag":[],"class_list":{"0":"post-3907","1":"product","2":"type-product","3":"status-publish","4":"has-post-thumbnail","6":"product_cat-rohsteine-kaufen","8":"first","9":"instock","10":"shipping-taxable","11":"purchasable","12":"product-type-simple","13":"add-to-wishlist-before_image"},"jetpack_sharing_enabled":true,"_links":{"self":[{"href":"https:\/\/saphirsmaragd.com\/es\/wp-json\/wp\/v2\/product\/3907","targetHints":{"allow":["GET"]}}],"collection":[{"href":"https:\/\/saphirsmaragd.com\/es\/wp-json\/wp\/v2\/product"}],"about":[{"href":"https:\/\/saphirsmaragd.com\/es\/wp-json\/wp\/v2\/types\/product"}],"replies":[{"embeddable":true,"href":"https:\/\/saphirsmaragd.com\/es\/wp-json\/wp\/v2\/comments?post=3907"}],"version-history":[{"count":1,"href":"https:\/\/saphirsmaragd.com\/es\/wp-json\/wp\/v2\/product\/3907\/revisions"}],"predecessor-version":[{"id":3912,"href":"https:\/\/saphirsmaragd.com\/es\/wp-json\/wp\/v2\/product\/3907\/revisions\/3912"}],"wp:featuredmedia":[{"embeddable":true,"href":"https:\/\/saphirsmaragd.com\/es\/wp-json\/wp\/v2\/media\/3908"}],"wp:attachment":[{"href":"https:\/\/saphirsmaragd.com\/es\/wp-json\/wp\/v2\/media?parent=3907"}],"wp:term":[{"taxonomy":"product_brand","embeddable":true,"href":"https:\/\/saphirsmaragd.com\/es\/wp-json\/wp\/v2\/product_brand?post=3907"},{"taxonomy":"product_cat","embeddable":true,"href":"https:\/\/saphirsmaragd.com\/es\/wp-json\/wp\/v2\/product_cat?post=3907"},{"taxonomy":"product_tag","embeddable":true,"href":"https:\/\/saphirsmaragd.com\/es\/wp-json\/wp\/v2\/product_tag?post=3907"}],"curies":[{"name":"wp","href":"https:\/\/api.w.org\/{rel}","templated":true}]}}