{"id":3919,"date":"2025-10-28T01:15:04","date_gmt":"2025-10-28T01:15:04","guid":{"rendered":"https:\/\/saphirsmaragd.com\/?post_type=product&#038;p=3919"},"modified":"2025-12-05T10:15:26","modified_gmt":"2025-12-05T10:15:26","slug":"amethyst-druse-haematit","status":"publish","type":"product","link":"https:\/\/saphirsmaragd.com\/es\/producto\/amethyst-druse-haematit\/","title":{"rendered":"Drusa de amatista y hematita \u2013 Piedra natural sobre soporte de Brasil \u2013 22 \u00d7 21 \u00d7 7 cm"},"content":{"rendered":"<div id=\"ez-toc-container\" class=\"ez-toc-v2_0_82_2 counter-hierarchy ez-toc-counter ez-toc-grey ez-toc-container-direction\">\n<div class=\"ez-toc-title-container\">\n<p class=\"ez-toc-title\" style=\"cursor:inherit\">Tabla de contenido<\/p>\n<span class=\"ez-toc-title-toggle\"><a href=\"#\" class=\"ez-toc-pull-right ez-toc-btn ez-toc-btn-xs ez-toc-btn-default ez-toc-toggle\" aria-label=\"Alternar tabla de contenidos\"><span class=\"ez-toc-js-icon-con\"><span class=\"\"><span class=\"eztoc-hide\" style=\"display:none;\">Palanca<\/span><span class=\"ez-toc-icon-toggle-span\"><svg style=\"fill: #999;color:#999\" xmlns=\"http:\/\/www.w3.org\/2000\/svg\" class=\"list-377408\" width=\"20px\" height=\"20px\" viewbox=\"0 0 24 24\" fill=\"none\"><path d=\"M6 6H4v2h2V6zm14 0H8v2h12V6zM4 11h2v2H4v-2zm16 0H8v2h12v-2zM4 16h2v2H4v-2zm16 0H8v2h12v-2z\" fill=\"currentColor\"><\/path><\/svg><svg style=\"fill: #999;color:#999\" class=\"arrow-unsorted-368013\" xmlns=\"http:\/\/www.w3.org\/2000\/svg\" width=\"10px\" height=\"10px\" viewbox=\"0 0 24 24\" version=\"1.2\" baseprofile=\"tiny\"><path d=\"M18.2 9.3l-6.2-6.3-6.2 6.3c-.2.2-.3.4-.3.7s.1.5.3.7c.2.2.4.3.7.3h11c.3 0 .5-.1.7-.3.2-.2.3-.5.3-.7s-.1-.5-.3-.7zM5.8 14.7l6.2 6.3 6.2-6.3c.2-.2.3-.5.3-.7s-.1-.5-.3-.7c-.2-.2-.4-.3-.7-.3h-11c-.3 0-.5.1-.7.3-.2.2-.3.5-.3.7s.1.5.3.7z\"\/><\/svg><\/span><\/span><\/span><\/a><\/span><\/div>\n<nav><ul class='ez-toc-list ez-toc-list-level-1' ><li class='ez-toc-page-1 ez-toc-heading-level-4'><a class=\"ez-toc-link ez-toc-heading-1\" href=\"https:\/\/saphirsmaragd.com\/es\/producto\/amethyst-druse-haematit\/#Amethyst_Druse_Hamatit_%E2%80%93_Naturstein_auf_Stand_aus_Brasilien\" >Amethyst Druse H\u00e4matit \u2013 Naturstein auf Stand aus Brasilien<\/a><\/li><li class='ez-toc-page-1 ez-toc-heading-level-4'><a class=\"ez-toc-link ez-toc-heading-2\" href=\"https:\/\/saphirsmaragd.com\/es\/producto\/amethyst-druse-haematit\/#_Merkmale_Herkunft\" >\u00a0Caracter\u00edsticas y origen<\/a><\/li><li class='ez-toc-page-1 ez-toc-heading-level-4'><a class=\"ez-toc-link ez-toc-heading-3\" href=\"https:\/\/saphirsmaragd.com\/es\/producto\/amethyst-druse-haematit\/#Besonderheiten\" >Caracter\u00edsticas especiales<\/a><\/li><li class='ez-toc-page-1 ez-toc-heading-level-4'><a class=\"ez-toc-link ez-toc-heading-4\" href=\"https:\/\/saphirsmaragd.com\/es\/producto\/amethyst-druse-haematit\/#_Mehr_uber_Amethyste_Heilsteine\" >\u00a0Mehr \u00fcber Amethyste &amp; Heilsteine<\/a><\/li><li class='ez-toc-page-1 ez-toc-heading-level-4'><a class=\"ez-toc-link ez-toc-heading-5\" href=\"https:\/\/saphirsmaragd.com\/es\/producto\/amethyst-druse-haematit\/#_Weitere_Infos\" >\u00a0M\u00e1s informaci\u00f3n<\/a><\/li><\/ul><\/nav><\/div>\n<h4 data-start=\"118\" data-end=\"179\"><span class=\"ez-toc-section\" id=\"Amethyst_Druse_Hamatit_%E2%80%93_Naturstein_auf_Stand_aus_Brasilien\"><\/span>Amethyst Druse H\u00e4matit \u2013 Naturstein auf Stand aus Brasilien<span class=\"ez-toc-section-end\"><\/span><\/h4>\n<p data-start=\"181\" data-end=\"370\">Die Amethyst Druse H\u00e4matit ist ein kraftvolles Naturunikat auf Stand und kombiniert die beruhigende, kl\u00e4rende Wirkung des Amethysts mit der erdenden und sch\u00fctzenden Energie von H\u00e4matit.<\/p>\n<hr data-start=\"1610\" data-end=\"1613\" \/>\n<h4 data-start=\"372\" data-end=\"397\"><span class=\"ez-toc-section\" id=\"_Merkmale_Herkunft\"><\/span>\u00a0Caracter\u00edsticas y origen<span class=\"ez-toc-section-end\"><\/span><\/h4>\n<p data-start=\"398\" data-end=\"674\">Farbe: Violett mit H\u00e4matit-Einschl\u00fcssen<br data-start=\"437\" data-end=\"440\" \/>Form: Druse \/ Cluster auf Stand<br data-start=\"471\" data-end=\"474\" \/>Origen: Brasil<br data-start=\"493\" data-end=\"496\" \/>Gewicht: 3170 g<br data-start=\"511\" data-end=\"514\" \/>Ma\u00dfe: 22 \u00d7 21 \u00d7 7 cm<br data-start=\"534\" data-end=\"537\" \/>Gesamth\u00f6he (inkl. Stand): 30.5 cm<br data-start=\"570\" data-end=\"573\" \/>Tratamiento: Sin tratar<br data-start=\"641\" data-end=\"644\" \/>Steinart: Amethyst mit H\u00e4matit<\/p>\n<hr data-start=\"1610\" data-end=\"1613\" \/>\n<h4 data-start=\"676\" data-end=\"696\"><span class=\"ez-toc-section\" id=\"Besonderheiten\"><\/span>Caracter\u00edsticas especiales<span class=\"ez-toc-section-end\"><\/span><\/h4>\n<p data-start=\"697\" data-end=\"1040\">Die Amethyst Druse H\u00e4matit vereint zwei energetische Qualit\u00e4ten: W\u00e4hrend Amethyst f\u00fcr geistige Klarheit, Reinigung und innere Ruhe steht, sorgt H\u00e4matit f\u00fcr Stabilisierung, Schutz und Erdung. Diese Kombination verst\u00e4rkt die Wirkung beider Steine und schafft ein harmonisches Energiefeld, das sowohl beruhigend als auch strukturierend wirkt.<\/p>\n<p data-start=\"1042\" data-end=\"1429\">Durch ihre Gr\u00f6\u00dfe und das nat\u00fcrliche Wachstum der Kristalle eignet sich die Amethyst Druse H\u00e4matit ideal f\u00fcr Meditationsr\u00e4ume, Wohnbereiche oder Arbeitspl\u00e4tze, an denen Bewusstsein, Schutz und spirituelle Entwicklung gef\u00f6rdert werden sollen. Sie unterst\u00fctzt das L\u00f6sen innerer Spannungen, verhilft zu emotionaler Balance und tr\u00e4gt zu einer klaren, ruhigen und geerdeten Atmosph\u00e4re bei.<\/p>\n<hr data-start=\"1610\" data-end=\"1613\" \/>\n<h4 data-start=\"1431\" data-end=\"1469\"><span class=\"ez-toc-section\" id=\"_Mehr_uber_Amethyste_Heilsteine\"><\/span>\u00a0Mehr \u00fcber Amethyste &amp; Heilsteine<span class=\"ez-toc-section-end\"><\/span><\/h4>\n<p data-start=\"1470\" data-end=\"1548\">Besuchen Sie unsere Kategorie:<br data-start=\"1500\" data-end=\"1503\" \/><a href=\"https:\/\/saphirsmaragd.com\/es\/product-category\/heilsteine-kristalle-kaufen\/\">Heilsteine &amp; Kristalle | Saphir &amp; Smaragd<\/a><strong data-start=\"1503\" data-end=\"1548\"><br \/>\n<\/strong><\/p>\n<hr data-start=\"1610\" data-end=\"1613\" \/>\n<h4 data-start=\"1550\" data-end=\"1569\"><span class=\"ez-toc-section\" id=\"_Weitere_Infos\"><\/span>\u00a0M\u00e1s informaci\u00f3n<span class=\"ez-toc-section-end\"><\/span><\/h4>\n<p data-start=\"1570\" data-end=\"1608\"><a class=\"decorated-link cursor-pointer\" href=\"https:\/\/de.wikipedia.org\/wiki\/Amethyst\" target=\"_new\" rel=\"noopener\" data-start=\"1570\" data-end=\"1608\">Wikipedia:Amethyst<\/a><\/p>\n<h2 data-start=\"1615\" data-end=\"1629\"><\/h2>","protected":false},"excerpt":{"rendered":"<p><em>Amethyst Druse H\u00e4matit auf Stand aus Brasilien f\u00f6rdert Schutz, Klarheit, Harmonie und spirituelle Entwicklung. Kraftvolles Naturunikat.<\/em><\/p>","protected":false},"featured_media":3920,"comment_status":"open","ping_status":"closed","template":"","meta":{"_glsr_average":0,"_glsr_ranking":0,"_glsr_reviews":0},"product_brand":[],"product_cat":[84],"product_tag":[],"class_list":{"0":"post-3919","1":"product","2":"type-product","3":"status-publish","4":"has-post-thumbnail","6":"product_cat-rohsteine-kaufen","8":"first","9":"instock","10":"shipping-taxable","11":"purchasable","12":"product-type-simple","13":"add-to-wishlist-before_image"},"jetpack_sharing_enabled":true,"_links":{"self":[{"href":"https:\/\/saphirsmaragd.com\/es\/wp-json\/wp\/v2\/product\/3919","targetHints":{"allow":["GET"]}}],"collection":[{"href":"https:\/\/saphirsmaragd.com\/es\/wp-json\/wp\/v2\/product"}],"about":[{"href":"https:\/\/saphirsmaragd.com\/es\/wp-json\/wp\/v2\/types\/product"}],"replies":[{"embeddable":true,"href":"https:\/\/saphirsmaragd.com\/es\/wp-json\/wp\/v2\/comments?post=3919"}],"version-history":[{"count":1,"href":"https:\/\/saphirsmaragd.com\/es\/wp-json\/wp\/v2\/product\/3919\/revisions"}],"predecessor-version":[{"id":3924,"href":"https:\/\/saphirsmaragd.com\/es\/wp-json\/wp\/v2\/product\/3919\/revisions\/3924"}],"wp:featuredmedia":[{"embeddable":true,"href":"https:\/\/saphirsmaragd.com\/es\/wp-json\/wp\/v2\/media\/3920"}],"wp:attachment":[{"href":"https:\/\/saphirsmaragd.com\/es\/wp-json\/wp\/v2\/media?parent=3919"}],"wp:term":[{"taxonomy":"product_brand","embeddable":true,"href":"https:\/\/saphirsmaragd.com\/es\/wp-json\/wp\/v2\/product_brand?post=3919"},{"taxonomy":"product_cat","embeddable":true,"href":"https:\/\/saphirsmaragd.com\/es\/wp-json\/wp\/v2\/product_cat?post=3919"},{"taxonomy":"product_tag","embeddable":true,"href":"https:\/\/saphirsmaragd.com\/es\/wp-json\/wp\/v2\/product_tag?post=3919"}],"curies":[{"name":"wp","href":"https:\/\/api.w.org\/{rel}","templated":true}]}}