{"id":4094,"date":"2025-10-31T23:00:29","date_gmt":"2025-10-31T23:00:29","guid":{"rendered":"https:\/\/saphirsmaragd.com\/?post_type=product&#038;p=4094"},"modified":"2026-04-03T13:14:36","modified_gmt":"2026-04-03T13:14:36","slug":"achat-auf-stand-26-2x22-8x7-7-cm","status":"publish","type":"product","link":"https:\/\/saphirsmaragd.com\/es\/producto\/achat-auf-stand-26-2x22-8x7-7-cm\/","title":{"rendered":"Achat auf Stand 26.2 x 22.8 x 7.7 cm \u2013 Einzelst\u00fcck aus Brasilien"},"content":{"rendered":"<div id=\"ez-toc-container\" class=\"ez-toc-v2_0_82_2 counter-hierarchy ez-toc-counter ez-toc-grey ez-toc-container-direction\">\n<div class=\"ez-toc-title-container\">\n<p class=\"ez-toc-title\" style=\"cursor:inherit\">Tabla de contenido<\/p>\n<span class=\"ez-toc-title-toggle\"><a href=\"#\" class=\"ez-toc-pull-right ez-toc-btn ez-toc-btn-xs ez-toc-btn-default ez-toc-toggle\" aria-label=\"Alternar tabla de contenidos\"><span class=\"ez-toc-js-icon-con\"><span class=\"\"><span class=\"eztoc-hide\" style=\"display:none;\">Palanca<\/span><span class=\"ez-toc-icon-toggle-span\"><svg style=\"fill: #999;color:#999\" xmlns=\"http:\/\/www.w3.org\/2000\/svg\" class=\"list-377408\" width=\"20px\" height=\"20px\" viewbox=\"0 0 24 24\" fill=\"none\"><path d=\"M6 6H4v2h2V6zm14 0H8v2h12V6zM4 11h2v2H4v-2zm16 0H8v2h12v-2zM4 16h2v2H4v-2zm16 0H8v2h12v-2z\" fill=\"currentColor\"><\/path><\/svg><svg style=\"fill: #999;color:#999\" class=\"arrow-unsorted-368013\" xmlns=\"http:\/\/www.w3.org\/2000\/svg\" width=\"10px\" height=\"10px\" viewbox=\"0 0 24 24\" version=\"1.2\" baseprofile=\"tiny\"><path d=\"M18.2 9.3l-6.2-6.3-6.2 6.3c-.2.2-.3.4-.3.7s.1.5.3.7c.2.2.4.3.7.3h11c.3 0 .5-.1.7-.3.2-.2.3-.5.3-.7s-.1-.5-.3-.7zM5.8 14.7l6.2 6.3 6.2-6.3c.2-.2.3-.5.3-.7s-.1-.5-.3-.7c-.2-.2-.4-.3-.7-.3h-11c-.3 0-.5.1-.7.3-.2.2-.3.5-.3.7s.1.5.3.7z\"\/><\/svg><\/span><\/span><\/span><\/a><\/span><\/div>\n<nav><ul class='ez-toc-list ez-toc-list-level-1' ><li class='ez-toc-page-1 ez-toc-heading-level-4'><a class=\"ez-toc-link ez-toc-heading-1\" href=\"https:\/\/saphirsmaragd.com\/es\/producto\/achat-auf-stand-26-2x22-8x7-7-cm\/#_Achat_auf_Stand_262_x_228_x_77_cm_%E2%80%93_Einzelstuck_aus_Brasilien\" >\u00a0Achat auf Stand 26.2 x 22.8 x 7.7 cm \u2013 Einzelst\u00fcck aus Brasilien<\/a><\/li><li class='ez-toc-page-1 ez-toc-heading-level-4'><a class=\"ez-toc-link ez-toc-heading-2\" href=\"https:\/\/saphirsmaragd.com\/es\/producto\/achat-auf-stand-26-2x22-8x7-7-cm\/#_Merkmale_Herkunft\" >\u00a0Caracter\u00edsticas y origen<\/a><\/li><li class='ez-toc-page-1 ez-toc-heading-level-4'><a class=\"ez-toc-link ez-toc-heading-3\" href=\"https:\/\/saphirsmaragd.com\/es\/producto\/achat-auf-stand-26-2x22-8x7-7-cm\/#_Besonderheiten\" >\u00a0Caracter\u00edsticas especiales<\/a><\/li><li class='ez-toc-page-1 ez-toc-heading-level-4'><a class=\"ez-toc-link ez-toc-heading-4\" href=\"https:\/\/saphirsmaragd.com\/es\/producto\/achat-auf-stand-26-2x22-8x7-7-cm\/#_Mehr_uber_Achate_Heilsteine\" >\u00a0Mehr \u00fcber Achate &amp; Heilsteine<\/a><\/li><li class='ez-toc-page-1 ez-toc-heading-level-4'><a class=\"ez-toc-link ez-toc-heading-5\" href=\"https:\/\/saphirsmaragd.com\/es\/producto\/achat-auf-stand-26-2x22-8x7-7-cm\/#_Weitere_Infos\" >\u00a0M\u00e1s informaci\u00f3n<\/a><\/li><\/ul><\/nav><\/div>\n<h4 data-start=\"0\" data-end=\"72\"><span class=\"ez-toc-section\" id=\"_Achat_auf_Stand_262_x_228_x_77_cm_%E2%80%93_Einzelstuck_aus_Brasilien\"><\/span><strong data-start=\"0\" data-end=\"72\">\u00a0Achat auf Stand 26.2 x 22.8 x 7.7 cm \u2013 Einzelst\u00fcck aus Brasilien<\/strong><span class=\"ez-toc-section-end\"><\/span><\/h4>\n<p data-start=\"74\" data-end=\"274\">Dieser au\u00dfergew\u00f6hnliche Achat auf Stand 26.2 x 22.8 x 7.7 cm ist ein faszinierendes Unikat, das Nat\u00fcrlichkeit, Stabilit\u00e4t und harmonische Energie vereint. Sie erhalten genau das abgebildete St\u00fcck.<\/p>\n<hr data-start=\"276\" data-end=\"279\" \/>\n<h4 data-start=\"281\" data-end=\"309\"><span class=\"ez-toc-section\" id=\"_Merkmale_Herkunft\"><\/span>\u00a0Caracter\u00edsticas y origen<span class=\"ez-toc-section-end\"><\/span><\/h4>\n<p data-start=\"310\" data-end=\"589\">Farbe: Naturgrau mit wei\u00dfen und braunen B\u00e4nderungen<br data-start=\"361\" data-end=\"364\" \/>Form: Freie Form auf Metallstand<br data-start=\"396\" data-end=\"399\" \/>Origen: Brasil<br data-start=\"418\" data-end=\"421\" \/>Gewicht: 7470 g (inklusive Stand)<br data-start=\"454\" data-end=\"457\" \/>Ma\u00dfe: 26.2 x 22.8 x 7.7 cm<br data-start=\"483\" data-end=\"486\" \/>Reinheit: Opak<br data-start=\"500\" data-end=\"503\" \/>Behandlung: Keine, naturbelassen<br data-start=\"569\" data-end=\"572\" \/>Steinart: Achat<\/p>\n<hr data-start=\"591\" data-end=\"594\" \/>\n<h4 data-start=\"596\" data-end=\"619\"><span class=\"ez-toc-section\" id=\"_Besonderheiten\"><\/span>\u00a0Caracter\u00edsticas especiales<span class=\"ez-toc-section-end\"><\/span><\/h4>\n<p data-start=\"621\" data-end=\"1019\">Der Achat auf Stand 26.2 x 22.8 x 7.7 cm ist ein Symbol f\u00fcr Erdung, Schutz und innere Balance. Seine sanfte, beruhigende Energie wirkt harmonisierend auf K\u00f6rper, Geist und Seele und vermittelt ein tiefes Gef\u00fchl von Sicherheit und Ruhe. Die nat\u00fcrliche B\u00e4nderstruktur verleiht diesem Stein eine beeindruckende Tiefe und macht ihn zu einem eindrucksvollen Dekorobjekt mit spiritueller Bedeutung.<\/p>\n<p data-start=\"1021\" data-end=\"1360\">Achat f\u00f6rdert Selbstakzeptanz, Achtsamkeit und pers\u00f6nliches Wachstum. Er unterst\u00fctzt Sie dabei, Vertrauen in Ihre eigenen F\u00e4higkeiten zu entwickeln und hilft, emotionale Ausgeglichenheit zu bewahren. Seine stabilisierende Energie wirkt gegen Stress, Nervosit\u00e4t und innere Unruhe und st\u00e4rkt zugleich analytisches Denken und Konzentration.<\/p>\n<hr data-start=\"1628\" data-end=\"1631\" \/>\n<h4 data-start=\"1633\" data-end=\"1671\"><span class=\"ez-toc-section\" id=\"_Mehr_uber_Achate_Heilsteine\"><\/span>\u00a0Mehr \u00fcber Achate &amp; Heilsteine<span class=\"ez-toc-section-end\"><\/span><\/h4>\n<p data-start=\"1672\" data-end=\"1859\">Entdecken Sie weitere <a class=\"decorated-link cursor-pointer\" href=\"https:\/\/saphirsmaragd.com\/es\/product-category\/heilsteine-kristalle-kaufen\/\" target=\"_new\" rel=\"noopener\" data-start=\"1696\" data-end=\"1793\">Piedras y cristales curativos<\/a>, die Ihr Wohlbefinden f\u00f6rdern und Ihre Lebensenergie st\u00e4rken.<\/p>\n<hr data-start=\"1861\" data-end=\"1864\" \/>\n<h4 data-start=\"1866\" data-end=\"1888\"><span class=\"ez-toc-section\" id=\"_Weitere_Infos\"><\/span>\u00a0M\u00e1s informaci\u00f3n<span class=\"ez-toc-section-end\"><\/span><\/h4>\n<p data-start=\"1889\" data-end=\"1944\"><a class=\"decorated-link cursor-pointer\" href=\"https:\/\/de.wikipedia.org\/wiki\/Achat\" target=\"_new\" rel=\"noopener\" data-start=\"1889\" data-end=\"1944\">Wikipedia: Achat<\/a><\/p>","protected":false},"excerpt":{"rendered":"<p><em>Achat auf Stand 26.2 x 22.8 x 7.7 cm \u2013 Unikat aus Brasilien mit sch\u00fctzender, stabilisierender Energie. Jetzt entdecken bei Saphir &amp; Smaragd.<\/em><\/p>","protected":false},"featured_media":4096,"comment_status":"open","ping_status":"closed","template":"","meta":{"_glsr_average":0,"_glsr_ranking":0,"_glsr_reviews":0},"product_brand":[],"product_cat":[84],"product_tag":[],"class_list":{"0":"post-4094","1":"product","2":"type-product","3":"status-publish","4":"has-post-thumbnail","6":"product_cat-rohsteine-kaufen","8":"first","9":"instock","10":"shipping-taxable","11":"purchasable","12":"product-type-simple","13":"add-to-wishlist-before_image"},"jetpack_sharing_enabled":true,"_links":{"self":[{"href":"https:\/\/saphirsmaragd.com\/es\/wp-json\/wp\/v2\/product\/4094","targetHints":{"allow":["GET"]}}],"collection":[{"href":"https:\/\/saphirsmaragd.com\/es\/wp-json\/wp\/v2\/product"}],"about":[{"href":"https:\/\/saphirsmaragd.com\/es\/wp-json\/wp\/v2\/types\/product"}],"replies":[{"embeddable":true,"href":"https:\/\/saphirsmaragd.com\/es\/wp-json\/wp\/v2\/comments?post=4094"}],"version-history":[{"count":2,"href":"https:\/\/saphirsmaragd.com\/es\/wp-json\/wp\/v2\/product\/4094\/revisions"}],"predecessor-version":[{"id":8418,"href":"https:\/\/saphirsmaragd.com\/es\/wp-json\/wp\/v2\/product\/4094\/revisions\/8418"}],"wp:featuredmedia":[{"embeddable":true,"href":"https:\/\/saphirsmaragd.com\/es\/wp-json\/wp\/v2\/media\/4096"}],"wp:attachment":[{"href":"https:\/\/saphirsmaragd.com\/es\/wp-json\/wp\/v2\/media?parent=4094"}],"wp:term":[{"taxonomy":"product_brand","embeddable":true,"href":"https:\/\/saphirsmaragd.com\/es\/wp-json\/wp\/v2\/product_brand?post=4094"},{"taxonomy":"product_cat","embeddable":true,"href":"https:\/\/saphirsmaragd.com\/es\/wp-json\/wp\/v2\/product_cat?post=4094"},{"taxonomy":"product_tag","embeddable":true,"href":"https:\/\/saphirsmaragd.com\/es\/wp-json\/wp\/v2\/product_tag?post=4094"}],"curies":[{"name":"wp","href":"https:\/\/api.w.org\/{rel}","templated":true}]}}