{"id":4127,"date":"2025-11-01T11:03:04","date_gmt":"2025-11-01T11:03:04","guid":{"rendered":"https:\/\/saphirsmaragd.com\/?post_type=product&#038;p=4127"},"modified":"2025-12-29T18:55:58","modified_gmt":"2025-12-29T18:55:58","slug":"turmalin-1-13-karat-blaugruen-rund","status":"publish","type":"product","link":"https:\/\/saphirsmaragd.com\/es\/producto\/turmalin-1-13-karat-blaugruen-rund\/","title":{"rendered":"Turmalina de 1,13 quilates, azul verdosa, redonda: una gema rara con una claridad excelente."},"content":{"rendered":"<div id=\"ez-toc-container\" class=\"ez-toc-v2_0_82_2 counter-hierarchy ez-toc-counter ez-toc-grey ez-toc-container-direction\">\n<div class=\"ez-toc-title-container\">\n<p class=\"ez-toc-title\" style=\"cursor:inherit\">Tabla de contenido<\/p>\n<span class=\"ez-toc-title-toggle\"><a href=\"#\" class=\"ez-toc-pull-right ez-toc-btn ez-toc-btn-xs ez-toc-btn-default ez-toc-toggle\" aria-label=\"Alternar tabla de contenidos\"><span class=\"ez-toc-js-icon-con\"><span class=\"\"><span class=\"eztoc-hide\" style=\"display:none;\">Palanca<\/span><span class=\"ez-toc-icon-toggle-span\"><svg style=\"fill: #999;color:#999\" xmlns=\"http:\/\/www.w3.org\/2000\/svg\" class=\"list-377408\" width=\"20px\" height=\"20px\" viewbox=\"0 0 24 24\" fill=\"none\"><path d=\"M6 6H4v2h2V6zm14 0H8v2h12V6zM4 11h2v2H4v-2zm16 0H8v2h12v-2zM4 16h2v2H4v-2zm16 0H8v2h12v-2z\" fill=\"currentColor\"><\/path><\/svg><svg style=\"fill: #999;color:#999\" class=\"arrow-unsorted-368013\" xmlns=\"http:\/\/www.w3.org\/2000\/svg\" width=\"10px\" height=\"10px\" viewbox=\"0 0 24 24\" version=\"1.2\" baseprofile=\"tiny\"><path d=\"M18.2 9.3l-6.2-6.3-6.2 6.3c-.2.2-.3.4-.3.7s.1.5.3.7c.2.2.4.3.7.3h11c.3 0 .5-.1.7-.3.2-.2.3-.5.3-.7s-.1-.5-.3-.7zM5.8 14.7l6.2 6.3 6.2-6.3c.2-.2.3-.5.3-.7s-.1-.5-.3-.7c-.2-.2-.4-.3-.7-.3h-11c-.3 0-.5.1-.7.3-.2.2-.3.5-.3.7s.1.5.3.7z\"\/><\/svg><\/span><\/span><\/span><\/a><\/span><\/div>\n<nav><ul class='ez-toc-list ez-toc-list-level-1' ><li class='ez-toc-page-1 ez-toc-heading-level-4'><a class=\"ez-toc-link ez-toc-heading-1\" href=\"https:\/\/saphirsmaragd.com\/es\/producto\/turmalin-1-13-karat-blaugruen-rund\/#Turmalin_113_Karat_Blaugrun_Rund_%E2%80%93_ein_Juwel_mit_Tiefe_und_Eleganz\" >Turmalin 1.13 Karat Blaugr\u00fcn Rund \u2013 ein Juwel mit Tiefe und Eleganz<\/a><\/li><li class='ez-toc-page-1 ez-toc-heading-level-4'><a class=\"ez-toc-link ez-toc-heading-2\" href=\"https:\/\/saphirsmaragd.com\/es\/producto\/turmalin-1-13-karat-blaugruen-rund\/#Merkmale_Herkunft\" >Caracter\u00edsticas y origen<\/a><\/li><li class='ez-toc-page-1 ez-toc-heading-level-4'><a class=\"ez-toc-link ez-toc-heading-3\" href=\"https:\/\/saphirsmaragd.com\/es\/producto\/turmalin-1-13-karat-blaugruen-rund\/#Besonderheiten\" >Caracter\u00edsticas especiales<\/a><\/li><li class='ez-toc-page-1 ez-toc-heading-level-4'><a class=\"ez-toc-link ez-toc-heading-4\" href=\"https:\/\/saphirsmaragd.com\/es\/producto\/turmalin-1-13-karat-blaugruen-rund\/#Mehr_uber_unsere_Edelsteine\" >M\u00e1s informaci\u00f3n sobre nuestras piedras preciosas<\/a><\/li><li class='ez-toc-page-1 ez-toc-heading-level-4'><a class=\"ez-toc-link ez-toc-heading-5\" href=\"https:\/\/saphirsmaragd.com\/es\/producto\/turmalin-1-13-karat-blaugruen-rund\/#Weitere_Infos\" >M\u00e1s informaci\u00f3n<\/a><\/li><\/ul><\/nav><\/div>\n<h4 data-start=\"812\" data-end=\"886\"><span class=\"ez-toc-section\" id=\"Turmalin_113_Karat_Blaugrun_Rund_%E2%80%93_ein_Juwel_mit_Tiefe_und_Eleganz\"><\/span>Turmalin 1.13 Karat Blaugr\u00fcn Rund \u2013 ein Juwel mit Tiefe und Eleganz<span class=\"ez-toc-section-end\"><\/span><\/h4>\n<p data-start=\"887\" data-end=\"1235\">Dieser edle Turmalin begeistert mit einem faszinierenden Blaugr\u00fcn-Ton, der an das Meer erinnert. Der pr\u00e4zise Rundschliff sorgt f\u00fcr eine optimale Lichtreflexion und unterstreicht seine hohe Transparenz. Durch seine lupenreine Qualit\u00e4t entfaltet er ein intensives Farbspiel und eignet sich ideal f\u00fcr filigrane Ringe, Ohrringe oder exklusive Anh\u00e4nger.<\/p>\n<hr data-start=\"1237\" data-end=\"1240\" \/>\n<h4 data-start=\"1242\" data-end=\"1271\"><span class=\"ez-toc-section\" id=\"Merkmale_Herkunft\"><\/span>Caracter\u00edsticas y origen<span class=\"ez-toc-section-end\"><\/span><\/h4>\n<p data-start=\"1272\" data-end=\"1517\">Tipo de piedra: Turmalina<br data-start=\"1290\" data-end=\"1293\" \/>Farbe: Blaugr\u00fcn<br data-start=\"1308\" data-end=\"1311\" \/>Forma: Redonda<br data-start=\"1321\" data-end=\"1324\" \/>Gewicht: 1.13 Karat<br data-start=\"1343\" data-end=\"1346\" \/>Dureza: 7 en la escala de Mohs<br data-start=\"1373\" data-end=\"1376\" \/>Gr\u00f6\u00dfe: 6.8 mm<br data-start=\"1389\" data-end=\"1392\" \/>Pureza: Limpio a lupa<br data-start=\"1411\" data-end=\"1414\" \/>Tratamiento: Sin tratar<br data-start=\"1437\" data-end=\"1440\" \/>Origen: Brasil<br data-start=\"1459\" data-end=\"1462\" \/>Certificado: Val\u00e9rie DURAFFOURG (Gem-A)<br data-start=\"1500\" data-end=\"1503\" \/>Estado: Nuevo<\/p>\n<hr data-start=\"1519\" data-end=\"1522\" \/>\n<h4 data-start=\"1524\" data-end=\"1548\"><span class=\"ez-toc-section\" id=\"Besonderheiten\"><\/span>Caracter\u00edsticas especiales<span class=\"ez-toc-section-end\"><\/span><\/h4>\n<p data-start=\"1549\" data-end=\"1854\">Der Turmalin 1.13 Karat Blaugr\u00fcn Rund kombiniert eine seltene Farbintensit\u00e4t mit h\u00f6chster Klarheit. Seine nat\u00fcrliche Brillanz und das pr\u00e4zise Schliffbild machen ihn zu einem Edelstein von besonderer Kraft und Eleganz. Er eignet sich perfekt f\u00fcr ma\u00dfgefertigten Feinschmuck und wertbest\u00e4ndige Sammlerst\u00fccke.<\/p>\n<hr data-start=\"1926\" data-end=\"1929\" \/>\n<h4 data-start=\"1931\" data-end=\"1971\"><span class=\"ez-toc-section\" id=\"Mehr_uber_unsere_Edelsteine\"><\/span>M\u00e1s informaci\u00f3n sobre nuestras piedras preciosas<span class=\"ez-toc-section-end\"><\/span><\/h4>\n<p data-start=\"1972\" data-end=\"2069\"><a href=\"https:\/\/saphirsmaragd.com\/es\/product-category\/edelsteine-kaufen\/\">piedras preciosas<\/a><\/p>\n<hr data-start=\"2071\" data-end=\"2074\" \/>\n<h4 data-start=\"2076\" data-end=\"2096\"><span class=\"ez-toc-section\" id=\"Weitere_Infos\"><\/span>M\u00e1s informaci\u00f3n<span class=\"ez-toc-section-end\"><\/span><\/h4>\n<p><a href=\"https:\/\/de.wikipedia.org\/wiki\/Turmalin\" target=\"_blank\" rel=\"noopener\">Wikipedia: Turmalina<\/a><\/p>","protected":false},"excerpt":{"rendered":"<p data-start=\"458\" data-end=\"670\"><em>Dieser Turmalin 1.13 Karat Blaugr\u00fcn Rund fasziniert durch seine au\u00dfergew\u00f6hnliche Farbtiefe, brillante Transparenz und perfekten Rundschliff. Ein edler, naturbelassener Edelstein f\u00fcr hochwertige Schmuckkreationen.<\/em><\/p>\n<h2 data-start=\"523\" data-end=\"548\"><\/h2>","protected":false},"featured_media":4129,"comment_status":"open","ping_status":"closed","template":"","meta":{"_glsr_average":0,"_glsr_ranking":0,"_glsr_reviews":0},"product_brand":[],"product_cat":[109],"product_tag":[],"class_list":{"0":"post-4127","1":"product","2":"type-product","3":"status-publish","4":"has-post-thumbnail","6":"product_cat-turmalin-kaufen","7":"pa_edelsteinart-turmalin","8":"pa_form-rund","9":"pa_gewicht-karat-1-0-3-0-karat","10":"pa_herkunft-brasilien","11":"pa_reinheit-lupenrein","12":"pa_veredelung-behandlung-unbehandelt","13":"pa_zertifikat-ja","14":"pa_zustand-neu","16":"first","17":"instock","18":"featured","19":"sold-individually","20":"shipping-taxable","21":"purchasable","22":"product-type-simple","23":"add-to-wishlist-before_image"},"jetpack_sharing_enabled":true,"_links":{"self":[{"href":"https:\/\/saphirsmaragd.com\/es\/wp-json\/wp\/v2\/product\/4127","targetHints":{"allow":["GET"]}}],"collection":[{"href":"https:\/\/saphirsmaragd.com\/es\/wp-json\/wp\/v2\/product"}],"about":[{"href":"https:\/\/saphirsmaragd.com\/es\/wp-json\/wp\/v2\/types\/product"}],"replies":[{"embeddable":true,"href":"https:\/\/saphirsmaragd.com\/es\/wp-json\/wp\/v2\/comments?post=4127"}],"version-history":[{"count":1,"href":"https:\/\/saphirsmaragd.com\/es\/wp-json\/wp\/v2\/product\/4127\/revisions"}],"predecessor-version":[{"id":4130,"href":"https:\/\/saphirsmaragd.com\/es\/wp-json\/wp\/v2\/product\/4127\/revisions\/4130"}],"wp:featuredmedia":[{"embeddable":true,"href":"https:\/\/saphirsmaragd.com\/es\/wp-json\/wp\/v2\/media\/4129"}],"wp:attachment":[{"href":"https:\/\/saphirsmaragd.com\/es\/wp-json\/wp\/v2\/media?parent=4127"}],"wp:term":[{"taxonomy":"product_brand","embeddable":true,"href":"https:\/\/saphirsmaragd.com\/es\/wp-json\/wp\/v2\/product_brand?post=4127"},{"taxonomy":"product_cat","embeddable":true,"href":"https:\/\/saphirsmaragd.com\/es\/wp-json\/wp\/v2\/product_cat?post=4127"},{"taxonomy":"product_tag","embeddable":true,"href":"https:\/\/saphirsmaragd.com\/es\/wp-json\/wp\/v2\/product_tag?post=4127"}],"curies":[{"name":"wp","href":"https:\/\/api.w.org\/{rel}","templated":true}]}}