{"id":4131,"date":"2025-11-01T11:07:58","date_gmt":"2025-11-01T11:07:58","guid":{"rendered":"https:\/\/saphirsmaragd.com\/?post_type=product&#038;p=4131"},"modified":"2025-12-29T18:55:57","modified_gmt":"2025-12-29T18:55:57","slug":"turmalin-3-52-karat-rotbraun-birne","status":"publish","type":"product","link":"https:\/\/saphirsmaragd.com\/es\/producto\/turmalin-3-52-karat-rotbraun-birne\/","title":{"rendered":"Turmalina de 3,52 quilates, color marr\u00f3n rojizo, talla pera: una gema excepcional con c\u00e1lidos juegos de color y una claridad brillante."},"content":{"rendered":"<div id=\"ez-toc-container\" class=\"ez-toc-v2_0_82_2 counter-hierarchy ez-toc-counter ez-toc-grey ez-toc-container-direction\">\n<div class=\"ez-toc-title-container\">\n<p class=\"ez-toc-title\" style=\"cursor:inherit\">Tabla de contenido<\/p>\n<span class=\"ez-toc-title-toggle\"><a href=\"#\" class=\"ez-toc-pull-right ez-toc-btn ez-toc-btn-xs ez-toc-btn-default ez-toc-toggle\" aria-label=\"Alternar tabla de contenidos\"><span class=\"ez-toc-js-icon-con\"><span class=\"\"><span class=\"eztoc-hide\" style=\"display:none;\">Palanca<\/span><span class=\"ez-toc-icon-toggle-span\"><svg style=\"fill: #999;color:#999\" xmlns=\"http:\/\/www.w3.org\/2000\/svg\" class=\"list-377408\" width=\"20px\" height=\"20px\" viewbox=\"0 0 24 24\" fill=\"none\"><path d=\"M6 6H4v2h2V6zm14 0H8v2h12V6zM4 11h2v2H4v-2zm16 0H8v2h12v-2zM4 16h2v2H4v-2zm16 0H8v2h12v-2z\" fill=\"currentColor\"><\/path><\/svg><svg style=\"fill: #999;color:#999\" class=\"arrow-unsorted-368013\" xmlns=\"http:\/\/www.w3.org\/2000\/svg\" width=\"10px\" height=\"10px\" viewbox=\"0 0 24 24\" version=\"1.2\" baseprofile=\"tiny\"><path d=\"M18.2 9.3l-6.2-6.3-6.2 6.3c-.2.2-.3.4-.3.7s.1.5.3.7c.2.2.4.3.7.3h11c.3 0 .5-.1.7-.3.2-.2.3-.5.3-.7s-.1-.5-.3-.7zM5.8 14.7l6.2 6.3 6.2-6.3c.2-.2.3-.5.3-.7s-.1-.5-.3-.7c-.2-.2-.4-.3-.7-.3h-11c-.3 0-.5.1-.7.3-.2.2-.3.5-.3.7s.1.5.3.7z\"\/><\/svg><\/span><\/span><\/span><\/a><\/span><\/div>\n<nav><ul class='ez-toc-list ez-toc-list-level-1' ><li class='ez-toc-page-1 ez-toc-heading-level-4'><a class=\"ez-toc-link ez-toc-heading-1\" href=\"https:\/\/saphirsmaragd.com\/es\/producto\/turmalin-3-52-karat-rotbraun-birne\/#Turmalin_352_Karat_Rotbraun_Birne_%E2%80%93_ein_Edelstein_von_einzigartiger_Warme_und_Tiefe\" >Turmalin 3.52 Karat Rotbraun Birne \u2013 ein Edelstein von einzigartiger W\u00e4rme und Tiefe<\/a><\/li><li class='ez-toc-page-1 ez-toc-heading-level-4'><a class=\"ez-toc-link ez-toc-heading-2\" href=\"https:\/\/saphirsmaragd.com\/es\/producto\/turmalin-3-52-karat-rotbraun-birne\/#Merkmale_Herkunft\" >Caracter\u00edsticas y origen<\/a><\/li><li class='ez-toc-page-1 ez-toc-heading-level-4'><a class=\"ez-toc-link ez-toc-heading-3\" href=\"https:\/\/saphirsmaragd.com\/es\/producto\/turmalin-3-52-karat-rotbraun-birne\/#Besonderheiten\" >Caracter\u00edsticas especiales<\/a><\/li><li class='ez-toc-page-1 ez-toc-heading-level-4'><a class=\"ez-toc-link ez-toc-heading-4\" href=\"https:\/\/saphirsmaragd.com\/es\/producto\/turmalin-3-52-karat-rotbraun-birne\/#Mehr_uber_unsere_Edelsteine\" >M\u00e1s informaci\u00f3n sobre nuestras piedras preciosas<\/a><\/li><li class='ez-toc-page-1 ez-toc-heading-level-4'><a class=\"ez-toc-link ez-toc-heading-5\" href=\"https:\/\/saphirsmaragd.com\/es\/producto\/turmalin-3-52-karat-rotbraun-birne\/#Weitere_Infos\" >M\u00e1s informaci\u00f3n<\/a><\/li><\/ul><\/nav><\/div>\n<h4 data-start=\"910\" data-end=\"1001\"><span class=\"ez-toc-section\" id=\"Turmalin_352_Karat_Rotbraun_Birne_%E2%80%93_ein_Edelstein_von_einzigartiger_Warme_und_Tiefe\"><\/span>Turmalin 3.52 Karat Rotbraun Birne \u2013 ein Edelstein von einzigartiger W\u00e4rme und Tiefe<span class=\"ez-toc-section-end\"><\/span><\/h4>\n<p data-start=\"1002\" data-end=\"1386\">Dieser Turmalin zeigt eine faszinierende r\u00f6tlich-braune Nuance, die ein Gef\u00fchl von W\u00e4rme und Eleganz vermittelt. Der pr\u00e4zise Birnenschliff betont sein nat\u00fcrliches Lichtspiel und verleiht ihm eine besonders lebendige Ausstrahlung. Dank seiner hohen Klarheit und authentischen Farbgebung ist dieser Edelstein eine seltene Wahl f\u00fcr individuelle Schmuckanfertigungen oder edle Sammlungen.<\/p>\n<hr data-start=\"1388\" data-end=\"1391\" \/>\n<h4 data-start=\"1393\" data-end=\"1422\"><span class=\"ez-toc-section\" id=\"Merkmale_Herkunft\"><\/span>Caracter\u00edsticas y origen<span class=\"ez-toc-section-end\"><\/span><\/h4>\n<p data-start=\"1423\" data-end=\"1676\">Tipo de piedra: Turmalina<br data-start=\"1441\" data-end=\"1444\" \/>Farbe: Rotbraun<br data-start=\"1459\" data-end=\"1462\" \/>Molde: Pera<br data-start=\"1473\" data-end=\"1476\" \/>Gewicht: 3.52 Karat<br data-start=\"1495\" data-end=\"1498\" \/>Dureza: 7 en la escala de Mohs<br data-start=\"1525\" data-end=\"1528\" \/>Gr\u00f6\u00dfe: 10.7 \u00d7 8.8 mm<br data-start=\"1548\" data-end=\"1551\" \/>Pureza: sin ojos<br data-start=\"1570\" data-end=\"1573\" \/>Tratamiento: Sin tratar<br data-start=\"1596\" data-end=\"1599\" \/>Origen: Brasil<br data-start=\"1618\" data-end=\"1621\" \/>Certificado: Val\u00e9rie DURAFFOURG (Gem-A)<br data-start=\"1659\" data-end=\"1662\" \/>Estado: Nuevo<\/p>\n<hr data-start=\"1678\" data-end=\"1681\" \/>\n<h4 data-start=\"1683\" data-end=\"1707\"><span class=\"ez-toc-section\" id=\"Besonderheiten\"><\/span>Caracter\u00edsticas especiales<span class=\"ez-toc-section-end\"><\/span><\/h4>\n<p data-start=\"1708\" data-end=\"2049\">Der Turmalin 3.52 Karat Rotbraun Birne beeindruckt durch seine tiefe, erdige Farbintensit\u00e4t und sein pr\u00e4zises Facettenspiel. Die warme Farbnuance reflektiert das Licht auf subtile Weise und macht ihn zu einem Stein von zeitloser Sch\u00f6nheit. Ideal f\u00fcr ma\u00dfgefertigte Ringe, Anh\u00e4nger oder Ohrschmuck mit einem Hauch von Luxus und Individualit\u00e4t.<\/p>\n<hr data-start=\"1926\" data-end=\"1929\" \/>\n<h4 data-start=\"1931\" data-end=\"1971\"><span class=\"ez-toc-section\" id=\"Mehr_uber_unsere_Edelsteine\"><\/span>M\u00e1s informaci\u00f3n sobre nuestras piedras preciosas<span class=\"ez-toc-section-end\"><\/span><\/h4>\n<p data-start=\"1972\" data-end=\"2069\"><a href=\"https:\/\/saphirsmaragd.com\/es\/product-category\/edelsteine-kaufen\/\">piedras preciosas<\/a><\/p>\n<hr data-start=\"2071\" data-end=\"2074\" \/>\n<h4 data-start=\"2076\" data-end=\"2096\"><span class=\"ez-toc-section\" id=\"Weitere_Infos\"><\/span>M\u00e1s informaci\u00f3n<span class=\"ez-toc-section-end\"><\/span><\/h4>\n<p><a href=\"https:\/\/de.wikipedia.org\/wiki\/Turmalin\" target=\"_blank\" rel=\"noopener\">Wikipedia: Turmalina<\/a><\/p>","protected":false},"excerpt":{"rendered":"<p data-start=\"540\" data-end=\"763\"><em>Dieser Turmalin 3.52 Karat Rotbraun Birne besticht durch seinen seltenen r\u00f6tlich-braunen Farbton, den pr\u00e4zisen Birnenschliff und seine klare Transparenz. Ein edler Naturstein f\u00fcr anspruchsvolle Schmuckliebhaber und Sammler.<\/em><\/p>\n<h2 data-start=\"523\" data-end=\"548\"><\/h2>","protected":false},"featured_media":4134,"comment_status":"open","ping_status":"closed","template":"","meta":{"_glsr_average":0,"_glsr_ranking":0,"_glsr_reviews":0},"product_brand":[],"product_cat":[109],"product_tag":[],"class_list":{"0":"post-4131","1":"product","2":"type-product","3":"status-publish","4":"has-post-thumbnail","6":"product_cat-turmalin-kaufen","7":"pa_edelsteinart-turmalin","8":"pa_farbe-rot","9":"pa_form-birne","10":"pa_gewicht-karat-3-0-5-0-karat","11":"pa_herkunft-brasilien","12":"pa_reinheit-augenrein","13":"pa_veredelung-behandlung-unbehandelt","14":"pa_zertifikat-ja","15":"pa_zustand-neu","17":"first","18":"instock","19":"featured","20":"sold-individually","21":"shipping-taxable","22":"purchasable","23":"product-type-simple","24":"add-to-wishlist-before_image"},"jetpack_sharing_enabled":true,"_links":{"self":[{"href":"https:\/\/saphirsmaragd.com\/es\/wp-json\/wp\/v2\/product\/4131","targetHints":{"allow":["GET"]}}],"collection":[{"href":"https:\/\/saphirsmaragd.com\/es\/wp-json\/wp\/v2\/product"}],"about":[{"href":"https:\/\/saphirsmaragd.com\/es\/wp-json\/wp\/v2\/types\/product"}],"replies":[{"embeddable":true,"href":"https:\/\/saphirsmaragd.com\/es\/wp-json\/wp\/v2\/comments?post=4131"}],"version-history":[{"count":2,"href":"https:\/\/saphirsmaragd.com\/es\/wp-json\/wp\/v2\/product\/4131\/revisions"}],"predecessor-version":[{"id":4136,"href":"https:\/\/saphirsmaragd.com\/es\/wp-json\/wp\/v2\/product\/4131\/revisions\/4136"}],"wp:featuredmedia":[{"embeddable":true,"href":"https:\/\/saphirsmaragd.com\/es\/wp-json\/wp\/v2\/media\/4134"}],"wp:attachment":[{"href":"https:\/\/saphirsmaragd.com\/es\/wp-json\/wp\/v2\/media?parent=4131"}],"wp:term":[{"taxonomy":"product_brand","embeddable":true,"href":"https:\/\/saphirsmaragd.com\/es\/wp-json\/wp\/v2\/product_brand?post=4131"},{"taxonomy":"product_cat","embeddable":true,"href":"https:\/\/saphirsmaragd.com\/es\/wp-json\/wp\/v2\/product_cat?post=4131"},{"taxonomy":"product_tag","embeddable":true,"href":"https:\/\/saphirsmaragd.com\/es\/wp-json\/wp\/v2\/product_tag?post=4131"}],"curies":[{"name":"wp","href":"https:\/\/api.w.org\/{rel}","templated":true}]}}