{"id":4166,"date":"2025-11-01T12:03:12","date_gmt":"2025-11-01T12:03:12","guid":{"rendered":"https:\/\/saphirsmaragd.com\/?post_type=product&#038;p=4166"},"modified":"2025-12-29T18:55:51","modified_gmt":"2025-12-29T18:55:51","slug":"turmalin-1-24-karat-rot-rosa-rechteck","status":"publish","type":"product","link":"https:\/\/saphirsmaragd.com\/es\/producto\/turmalin-1-24-karat-rot-rosa-rechteck\/","title":{"rendered":"Turmalina rectangular rojo-rosa de 1,24 quilates: una gema vibrante de color intenso."},"content":{"rendered":"<div id=\"ez-toc-container\" class=\"ez-toc-v2_0_82_2 counter-hierarchy ez-toc-counter ez-toc-grey ez-toc-container-direction\">\n<div class=\"ez-toc-title-container\">\n<p class=\"ez-toc-title\" style=\"cursor:inherit\">Tabla de contenido<\/p>\n<span class=\"ez-toc-title-toggle\"><a href=\"#\" class=\"ez-toc-pull-right ez-toc-btn ez-toc-btn-xs ez-toc-btn-default ez-toc-toggle\" aria-label=\"Alternar tabla de contenidos\"><span class=\"ez-toc-js-icon-con\"><span class=\"\"><span class=\"eztoc-hide\" style=\"display:none;\">Palanca<\/span><span class=\"ez-toc-icon-toggle-span\"><svg style=\"fill: #999;color:#999\" xmlns=\"http:\/\/www.w3.org\/2000\/svg\" class=\"list-377408\" width=\"20px\" height=\"20px\" viewbox=\"0 0 24 24\" fill=\"none\"><path d=\"M6 6H4v2h2V6zm14 0H8v2h12V6zM4 11h2v2H4v-2zm16 0H8v2h12v-2zM4 16h2v2H4v-2zm16 0H8v2h12v-2z\" fill=\"currentColor\"><\/path><\/svg><svg style=\"fill: #999;color:#999\" class=\"arrow-unsorted-368013\" xmlns=\"http:\/\/www.w3.org\/2000\/svg\" width=\"10px\" height=\"10px\" viewbox=\"0 0 24 24\" version=\"1.2\" baseprofile=\"tiny\"><path d=\"M18.2 9.3l-6.2-6.3-6.2 6.3c-.2.2-.3.4-.3.7s.1.5.3.7c.2.2.4.3.7.3h11c.3 0 .5-.1.7-.3.2-.2.3-.5.3-.7s-.1-.5-.3-.7zM5.8 14.7l6.2 6.3 6.2-6.3c.2-.2.3-.5.3-.7s-.1-.5-.3-.7c-.2-.2-.4-.3-.7-.3h-11c-.3 0-.5.1-.7.3-.2.2-.3.5-.3.7s.1.5.3.7z\"\/><\/svg><\/span><\/span><\/span><\/a><\/span><\/div>\n<nav><ul class='ez-toc-list ez-toc-list-level-1' ><li class='ez-toc-page-1 ez-toc-heading-level-4'><a class=\"ez-toc-link ez-toc-heading-1\" href=\"https:\/\/saphirsmaragd.com\/es\/producto\/turmalin-1-24-karat-rot-rosa-rechteck\/#Turmalin_124_Karat_Rot-Rosa_Rechteck_%E2%80%93_ein_farbintensiver_Edelstein_voller_Energie\" >Turmalin 1.24 Karat Rot-Rosa Rechteck \u2013 ein farbintensiver Edelstein voller Energie<\/a><\/li><li class='ez-toc-page-1 ez-toc-heading-level-4'><a class=\"ez-toc-link ez-toc-heading-2\" href=\"https:\/\/saphirsmaragd.com\/es\/producto\/turmalin-1-24-karat-rot-rosa-rechteck\/#Merkmale_Herkunft\" >Caracter\u00edsticas y origen<\/a><\/li><li class='ez-toc-page-1 ez-toc-heading-level-4'><a class=\"ez-toc-link ez-toc-heading-3\" href=\"https:\/\/saphirsmaragd.com\/es\/producto\/turmalin-1-24-karat-rot-rosa-rechteck\/#Besonderheiten\" >Caracter\u00edsticas especiales<\/a><\/li><li class='ez-toc-page-1 ez-toc-heading-level-4'><a class=\"ez-toc-link ez-toc-heading-4\" href=\"https:\/\/saphirsmaragd.com\/es\/producto\/turmalin-1-24-karat-rot-rosa-rechteck\/#Mehr_uber_unsere_Edelsteine\" >M\u00e1s informaci\u00f3n sobre nuestras piedras preciosas<\/a><\/li><li class='ez-toc-page-1 ez-toc-heading-level-4'><a class=\"ez-toc-link ez-toc-heading-5\" href=\"https:\/\/saphirsmaragd.com\/es\/producto\/turmalin-1-24-karat-rot-rosa-rechteck\/#Weitere_Infos\" >M\u00e1s informaci\u00f3n<\/a><\/li><\/ul><\/nav><\/div>\n<h4 data-start=\"795\" data-end=\"885\"><span class=\"ez-toc-section\" id=\"Turmalin_124_Karat_Rot-Rosa_Rechteck_%E2%80%93_ein_farbintensiver_Edelstein_voller_Energie\"><\/span>Turmalin 1.24 Karat Rot-Rosa Rechteck \u2013 ein farbintensiver Edelstein voller Energie<span class=\"ez-toc-section-end\"><\/span><\/h4>\n<p data-start=\"886\" data-end=\"1234\">Dieser funkelnde Turmalin begeistert mit seinem ausdrucksstarken Farbton zwischen Rot und Rosa. Mit einem pr\u00e4zisen rechteckigen Schliff und seiner leuchtenden Transparenz ist er ein Blickfang f\u00fcr jedes Schmuckst\u00fcck. Trotz sichtbarer Einschl\u00fcsse bleibt seine Farbe au\u00dfergew\u00f6hnlich lebendig \u2013 ein Stein, der W\u00e4rme, Leidenschaft und Eleganz vereint.<\/p>\n<hr data-start=\"1236\" data-end=\"1239\" \/>\n<h4 data-start=\"1241\" data-end=\"1270\"><span class=\"ez-toc-section\" id=\"Merkmale_Herkunft\"><\/span>Caracter\u00edsticas y origen<span class=\"ez-toc-section-end\"><\/span><\/h4>\n<p data-start=\"1271\" data-end=\"1553\">Tipo de piedra: Turmalina<br data-start=\"1289\" data-end=\"1292\" \/>Farbe: Rot-Rosa<br data-start=\"1307\" data-end=\"1310\" \/>Forma: Rect\u00e1ngulo suelo<br data-start=\"1336\" data-end=\"1339\" \/>Gewicht: 1.24 Karat<br data-start=\"1358\" data-end=\"1361\" \/>Dureza: 7 en la escala de Mohs<br data-start=\"1388\" data-end=\"1391\" \/>Gr\u00f6\u00dfe: 7.35 \u00d7 5.98 mm<br data-start=\"1412\" data-end=\"1415\" \/>Claridad: inclusiones claras<br data-start=\"1446\" data-end=\"1449\" \/>Tratamiento: Sin tratar<br data-start=\"1472\" data-end=\"1475\" \/>Origen: Madagascar<br data-start=\"1495\" data-end=\"1498\" \/>Certificado: Val\u00e9rie DURAFFOURG (Gem-A)<br data-start=\"1536\" data-end=\"1539\" \/>Estado: Nuevo<\/p>\n<hr data-start=\"1555\" data-end=\"1558\" \/>\n<h4 data-start=\"1560\" data-end=\"1584\"><span class=\"ez-toc-section\" id=\"Besonderheiten\"><\/span>Caracter\u00edsticas especiales<span class=\"ez-toc-section-end\"><\/span><\/h4>\n<p data-start=\"1585\" data-end=\"1876\">Der Turmalin 1.24 Karat Rot-Rosa Rechteck ist ein harmonischer Edelstein mit einer seltenen Farbintensit\u00e4t. Seine Kombination aus kr\u00e4ftigem Rot und sanftem Rosa symbolisiert Lebensfreude und Vitalit\u00e4t. Ideal f\u00fcr kreative Schmuckentw\u00fcrfe, bei denen Farbe und Ausdruck im Mittelpunkt stehen.<\/p>\n<hr data-start=\"1926\" data-end=\"1929\" \/>\n<h4 data-start=\"1931\" data-end=\"1971\"><span class=\"ez-toc-section\" id=\"Mehr_uber_unsere_Edelsteine\"><\/span>M\u00e1s informaci\u00f3n sobre nuestras piedras preciosas<span class=\"ez-toc-section-end\"><\/span><\/h4>\n<p data-start=\"1972\" data-end=\"2069\"><a href=\"https:\/\/saphirsmaragd.com\/es\/product-category\/edelsteine-kaufen\/\">piedras preciosas<\/a><\/p>\n<hr data-start=\"2071\" data-end=\"2074\" \/>\n<h4 data-start=\"2076\" data-end=\"2096\"><span class=\"ez-toc-section\" id=\"Weitere_Infos\"><\/span>M\u00e1s informaci\u00f3n<span class=\"ez-toc-section-end\"><\/span><\/h4>\n<p><a href=\"https:\/\/de.wikipedia.org\/wiki\/Turmalin\" target=\"_blank\" rel=\"noopener\">Wikipedia: Turmalina<\/a><\/p>","protected":false},"excerpt":{"rendered":"<p data-start=\"441\" data-end=\"645\"><em>Dieser Turmalin 1.24 Karat Rot-Rosa Rechteck vereint Brillanz, Lebendigkeit und nat\u00fcrliche Sch\u00f6nheit. Ein au\u00dfergew\u00f6hnlicher Edelstein mit warmem Farbspiel, ideal f\u00fcr elegante Schmuckst\u00fccke und Sammlungen.<\/em><\/p>\n<h2 data-start=\"523\" data-end=\"548\"><\/h2>","protected":false},"featured_media":4169,"comment_status":"open","ping_status":"closed","template":"","meta":{"_glsr_average":0,"_glsr_ranking":0,"_glsr_reviews":0},"product_brand":[],"product_cat":[109],"product_tag":[],"class_list":{"0":"post-4166","1":"product","2":"type-product","3":"status-publish","4":"has-post-thumbnail","6":"product_cat-turmalin-kaufen","7":"pa_edelsteinart-turmalin","8":"pa_farbe-rosa","9":"pa_farbe-rot","10":"pa_form-rechteck","11":"pa_gewicht-karat-1-0-3-0-karat","12":"pa_herkunft-madagaskar","13":"pa_reinheit-deutliche-einschluesse","14":"pa_veredelung-behandlung-unbehandelt","15":"pa_zertifikat-ja","16":"pa_zustand-neu","18":"first","19":"instock","20":"featured","21":"sold-individually","22":"shipping-taxable","23":"purchasable","24":"product-type-simple","25":"add-to-wishlist-before_image"},"jetpack_sharing_enabled":true,"_links":{"self":[{"href":"https:\/\/saphirsmaragd.com\/es\/wp-json\/wp\/v2\/product\/4166","targetHints":{"allow":["GET"]}}],"collection":[{"href":"https:\/\/saphirsmaragd.com\/es\/wp-json\/wp\/v2\/product"}],"about":[{"href":"https:\/\/saphirsmaragd.com\/es\/wp-json\/wp\/v2\/types\/product"}],"replies":[{"embeddable":true,"href":"https:\/\/saphirsmaragd.com\/es\/wp-json\/wp\/v2\/comments?post=4166"}],"version-history":[{"count":1,"href":"https:\/\/saphirsmaragd.com\/es\/wp-json\/wp\/v2\/product\/4166\/revisions"}],"predecessor-version":[{"id":4170,"href":"https:\/\/saphirsmaragd.com\/es\/wp-json\/wp\/v2\/product\/4166\/revisions\/4170"}],"wp:featuredmedia":[{"embeddable":true,"href":"https:\/\/saphirsmaragd.com\/es\/wp-json\/wp\/v2\/media\/4169"}],"wp:attachment":[{"href":"https:\/\/saphirsmaragd.com\/es\/wp-json\/wp\/v2\/media?parent=4166"}],"wp:term":[{"taxonomy":"product_brand","embeddable":true,"href":"https:\/\/saphirsmaragd.com\/es\/wp-json\/wp\/v2\/product_brand?post=4166"},{"taxonomy":"product_cat","embeddable":true,"href":"https:\/\/saphirsmaragd.com\/es\/wp-json\/wp\/v2\/product_cat?post=4166"},{"taxonomy":"product_tag","embeddable":true,"href":"https:\/\/saphirsmaragd.com\/es\/wp-json\/wp\/v2\/product_tag?post=4166"}],"curies":[{"name":"wp","href":"https:\/\/api.w.org\/{rel}","templated":true}]}}