{"id":4176,"date":"2025-11-01T12:12:31","date_gmt":"2025-11-01T12:12:31","guid":{"rendered":"https:\/\/saphirsmaragd.com\/?post_type=product&#038;p=4176"},"modified":"2025-12-29T18:55:49","modified_gmt":"2025-12-29T18:55:49","slug":"turmalin-6-karat-gelb-cabochon-oval","status":"publish","type":"product","link":"https:\/\/saphirsmaragd.com\/es\/producto\/turmalin-6-karat-gelb-cabochon-oval\/","title":{"rendered":"Turmalina amarilla cabuj\u00f3n ovalada de 6 quilates: gema intensa de un amarillo c\u00e1lido"},"content":{"rendered":"<div id=\"ez-toc-container\" class=\"ez-toc-v2_0_82_2 counter-hierarchy ez-toc-counter ez-toc-grey ez-toc-container-direction\">\n<div class=\"ez-toc-title-container\">\n<p class=\"ez-toc-title\" style=\"cursor:inherit\">Tabla de contenido<\/p>\n<span class=\"ez-toc-title-toggle\"><a href=\"#\" class=\"ez-toc-pull-right ez-toc-btn ez-toc-btn-xs ez-toc-btn-default ez-toc-toggle\" aria-label=\"Alternar tabla de contenidos\"><span class=\"ez-toc-js-icon-con\"><span class=\"\"><span class=\"eztoc-hide\" style=\"display:none;\">Palanca<\/span><span class=\"ez-toc-icon-toggle-span\"><svg style=\"fill: #999;color:#999\" xmlns=\"http:\/\/www.w3.org\/2000\/svg\" class=\"list-377408\" width=\"20px\" height=\"20px\" viewbox=\"0 0 24 24\" fill=\"none\"><path d=\"M6 6H4v2h2V6zm14 0H8v2h12V6zM4 11h2v2H4v-2zm16 0H8v2h12v-2zM4 16h2v2H4v-2zm16 0H8v2h12v-2z\" fill=\"currentColor\"><\/path><\/svg><svg style=\"fill: #999;color:#999\" class=\"arrow-unsorted-368013\" xmlns=\"http:\/\/www.w3.org\/2000\/svg\" width=\"10px\" height=\"10px\" viewbox=\"0 0 24 24\" version=\"1.2\" baseprofile=\"tiny\"><path d=\"M18.2 9.3l-6.2-6.3-6.2 6.3c-.2.2-.3.4-.3.7s.1.5.3.7c.2.2.4.3.7.3h11c.3 0 .5-.1.7-.3.2-.2.3-.5.3-.7s-.1-.5-.3-.7zM5.8 14.7l6.2 6.3 6.2-6.3c.2-.2.3-.5.3-.7s-.1-.5-.3-.7c-.2-.2-.4-.3-.7-.3h-11c-.3 0-.5.1-.7.3-.2.2-.3.5-.3.7s.1.5.3.7z\"\/><\/svg><\/span><\/span><\/span><\/a><\/span><\/div>\n<nav><ul class='ez-toc-list ez-toc-list-level-1' ><li class='ez-toc-page-1 ez-toc-heading-level-4'><a class=\"ez-toc-link ez-toc-heading-1\" href=\"https:\/\/saphirsmaragd.com\/es\/producto\/turmalin-6-karat-gelb-cabochon-oval\/#Turmalin_6_Karat_Gelb_Cabochon_Oval_%E2%80%93_ein_seltener_Edelstein_in_leuchtendem_Gelb\" >Turmalin 6 Karat Gelb Cabochon Oval \u2013 ein seltener Edelstein in leuchtendem Gelb<\/a><\/li><li class='ez-toc-page-1 ez-toc-heading-level-4'><a class=\"ez-toc-link ez-toc-heading-2\" href=\"https:\/\/saphirsmaragd.com\/es\/producto\/turmalin-6-karat-gelb-cabochon-oval\/#Merkmale_Herkunft\" >Caracter\u00edsticas y origen<\/a><\/li><li class='ez-toc-page-1 ez-toc-heading-level-4'><a class=\"ez-toc-link ez-toc-heading-3\" href=\"https:\/\/saphirsmaragd.com\/es\/producto\/turmalin-6-karat-gelb-cabochon-oval\/#Besonderheiten\" >Caracter\u00edsticas especiales<\/a><\/li><li class='ez-toc-page-1 ez-toc-heading-level-4'><a class=\"ez-toc-link ez-toc-heading-4\" href=\"https:\/\/saphirsmaragd.com\/es\/producto\/turmalin-6-karat-gelb-cabochon-oval\/#Mehr_uber_unsere_Edelsteine\" >M\u00e1s informaci\u00f3n sobre nuestras piedras preciosas<\/a><\/li><li class='ez-toc-page-1 ez-toc-heading-level-4'><a class=\"ez-toc-link ez-toc-heading-5\" href=\"https:\/\/saphirsmaragd.com\/es\/producto\/turmalin-6-karat-gelb-cabochon-oval\/#Weitere_Infos\" >M\u00e1s informaci\u00f3n<\/a><\/li><\/ul><\/nav><\/div>\n<h4 data-start=\"830\" data-end=\"917\"><span class=\"ez-toc-section\" id=\"Turmalin_6_Karat_Gelb_Cabochon_Oval_%E2%80%93_ein_seltener_Edelstein_in_leuchtendem_Gelb\"><\/span>Turmalin 6 Karat Gelb Cabochon Oval \u2013 ein seltener Edelstein in leuchtendem Gelb<span class=\"ez-toc-section-end\"><\/span><\/h4>\n<p data-start=\"918\" data-end=\"1300\">Dieser au\u00dfergew\u00f6hnliche Turmalin in intensivem Gelb wurde im klassischen Cabochon-Schliff gefertigt, der seine nat\u00fcrliche Transparenz und Tiefe besonders sch\u00f6n zur Geltung bringt. Mit 6 Karat und einem warmen, sonnigen Farbton steht dieser Edelstein f\u00fcr Energie, Lebensfreude und Eleganz. Perfekt geeignet f\u00fcr kunstvolle Ringe, Anh\u00e4nger oder als Blickfang in hochwertigen Designs.<\/p>\n<hr data-start=\"1302\" data-end=\"1305\" \/>\n<h4 data-start=\"1307\" data-end=\"1336\"><span class=\"ez-toc-section\" id=\"Merkmale_Herkunft\"><\/span>Caracter\u00edsticas y origen<span class=\"ez-toc-section-end\"><\/span><\/h4>\n<p data-start=\"1337\" data-end=\"1602\">Tipo de piedra: Turmalina<br data-start=\"1355\" data-end=\"1358\" \/>Color: amarillo<br data-start=\"1369\" data-end=\"1372\" \/>Form: Cabochon Oval<br data-start=\"1391\" data-end=\"1394\" \/>Gewicht: 6 Karat<br data-start=\"1410\" data-end=\"1413\" \/>Dureza: 7 en la escala de Mohs<br data-start=\"1440\" data-end=\"1443\" \/>Gr\u00f6\u00dfe: 13.5 \u00d7 10 mm<br data-start=\"1462\" data-end=\"1465\" \/>Claridad: inclusiones claras<br data-start=\"1496\" data-end=\"1499\" \/>Tratamiento: Sin tratar<br data-start=\"1522\" data-end=\"1525\" \/>Origen: Brasil<br data-start=\"1544\" data-end=\"1547\" \/>Certificado: Val\u00e9rie DURAFFOURG (Gem-A)<br data-start=\"1585\" data-end=\"1588\" \/>Estado: Nuevo<\/p>\n<hr data-start=\"1604\" data-end=\"1607\" \/>\n<h4 data-start=\"1609\" data-end=\"1633\"><span class=\"ez-toc-section\" id=\"Besonderheiten\"><\/span>Caracter\u00edsticas especiales<span class=\"ez-toc-section-end\"><\/span><\/h4>\n<p data-start=\"1634\" data-end=\"2003\">Der Turmalin 6 Karat Gelb Cabochon Oval ist ein faszinierender Edelstein, der durch seinen weichen Glanz und die warme Farbintensit\u00e4t beeindruckt. Trotz leichter Einschl\u00fcsse besitzt er eine angenehme Transparenz, die ihm Tiefe und Charakter verleiht. Ein idealer Stein f\u00fcr Liebhaber seltener Cabochon-Turmaline und individuelle Schmuckst\u00fccke mit nat\u00fcrlicher Note.<\/p>\n<hr data-start=\"1926\" data-end=\"1929\" \/>\n<h4 data-start=\"1931\" data-end=\"1971\"><span class=\"ez-toc-section\" id=\"Mehr_uber_unsere_Edelsteine\"><\/span>M\u00e1s informaci\u00f3n sobre nuestras piedras preciosas<span class=\"ez-toc-section-end\"><\/span><\/h4>\n<p data-start=\"1972\" data-end=\"2069\"><a href=\"https:\/\/saphirsmaragd.com\/es\/product-category\/edelsteine-kaufen\/\">piedras preciosas<\/a><\/p>\n<hr data-start=\"2071\" data-end=\"2074\" \/>\n<h4 data-start=\"2076\" data-end=\"2096\"><span class=\"ez-toc-section\" id=\"Weitere_Infos\"><\/span>M\u00e1s informaci\u00f3n<span class=\"ez-toc-section-end\"><\/span><\/h4>\n<p><a href=\"https:\/\/de.wikipedia.org\/wiki\/Turmalin\" target=\"_blank\" rel=\"noopener\">Wikipedia: Turmalina<\/a><\/p>","protected":false},"excerpt":{"rendered":"<p data-start=\"467\" data-end=\"682\"><em>Dieser Turmalin 6 Karat Gelb Cabochon Oval \u00fcberzeugt durch seine leuchtende Farbe, hohe Transparenz und nat\u00fcrliche Ausstrahlung. Ein seltener, unbehandelter Edelstein \u2013 ideal f\u00fcr Sammler und exklusive Schmuckst\u00fccke.<\/em><\/p>\n<h2 data-start=\"523\" data-end=\"548\"><\/h2>","protected":false},"featured_media":4180,"comment_status":"open","ping_status":"closed","template":"","meta":{"_glsr_average":0,"_glsr_ranking":0,"_glsr_reviews":0},"product_brand":[],"product_cat":[109],"product_tag":[],"class_list":{"0":"post-4176","1":"product","2":"type-product","3":"status-publish","4":"has-post-thumbnail","6":"product_cat-turmalin-kaufen","7":"pa_edelsteinart-turmalin","8":"pa_farbe-gelb","9":"pa_form-oval","10":"pa_gewicht-karat-5-0-10-karat","11":"pa_herkunft-brasilien","12":"pa_reinheit-deutliche-einschluesse","13":"pa_veredelung-behandlung-unbehandelt","14":"pa_zertifikat-ja","15":"pa_zustand-neu","17":"first","18":"instock","19":"featured","20":"sold-individually","21":"shipping-taxable","22":"purchasable","23":"product-type-simple","24":"add-to-wishlist-before_image"},"jetpack_sharing_enabled":true,"_links":{"self":[{"href":"https:\/\/saphirsmaragd.com\/es\/wp-json\/wp\/v2\/product\/4176","targetHints":{"allow":["GET"]}}],"collection":[{"href":"https:\/\/saphirsmaragd.com\/es\/wp-json\/wp\/v2\/product"}],"about":[{"href":"https:\/\/saphirsmaragd.com\/es\/wp-json\/wp\/v2\/types\/product"}],"replies":[{"embeddable":true,"href":"https:\/\/saphirsmaragd.com\/es\/wp-json\/wp\/v2\/comments?post=4176"}],"version-history":[{"count":1,"href":"https:\/\/saphirsmaragd.com\/es\/wp-json\/wp\/v2\/product\/4176\/revisions"}],"predecessor-version":[{"id":4181,"href":"https:\/\/saphirsmaragd.com\/es\/wp-json\/wp\/v2\/product\/4176\/revisions\/4181"}],"wp:featuredmedia":[{"embeddable":true,"href":"https:\/\/saphirsmaragd.com\/es\/wp-json\/wp\/v2\/media\/4180"}],"wp:attachment":[{"href":"https:\/\/saphirsmaragd.com\/es\/wp-json\/wp\/v2\/media?parent=4176"}],"wp:term":[{"taxonomy":"product_brand","embeddable":true,"href":"https:\/\/saphirsmaragd.com\/es\/wp-json\/wp\/v2\/product_brand?post=4176"},{"taxonomy":"product_cat","embeddable":true,"href":"https:\/\/saphirsmaragd.com\/es\/wp-json\/wp\/v2\/product_cat?post=4176"},{"taxonomy":"product_tag","embeddable":true,"href":"https:\/\/saphirsmaragd.com\/es\/wp-json\/wp\/v2\/product_tag?post=4176"}],"curies":[{"name":"wp","href":"https:\/\/api.w.org\/{rel}","templated":true}]}}