{"id":5477,"date":"2025-11-19T16:46:15","date_gmt":"2025-11-19T16:46:15","guid":{"rendered":"https:\/\/saphirsmaragd.com\/?post_type=product&#038;p=5477"},"modified":"2025-11-19T16:46:17","modified_gmt":"2025-11-19T16:46:17","slug":"obelisk-ozeanjasper-schutz-3","status":"publish","type":"product","link":"https:\/\/saphirsmaragd.com\/es\/producto\/obelisk-ozeanjasper-schutz-3\/","title":{"rendered":"Obelisk Ozeanjasper Schutz \u2013 Kraftvoller Heilstein aus Madagaskar \u2013 971 g"},"content":{"rendered":"<div id=\"ez-toc-container\" class=\"ez-toc-v2_0_82_2 counter-hierarchy ez-toc-counter ez-toc-grey ez-toc-container-direction\">\n<div class=\"ez-toc-title-container\">\n<p class=\"ez-toc-title\" style=\"cursor:inherit\">Tabla de contenido<\/p>\n<span class=\"ez-toc-title-toggle\"><a href=\"#\" class=\"ez-toc-pull-right ez-toc-btn ez-toc-btn-xs ez-toc-btn-default ez-toc-toggle\" aria-label=\"Alternar tabla de contenidos\"><span class=\"ez-toc-js-icon-con\"><span class=\"\"><span class=\"eztoc-hide\" style=\"display:none;\">Palanca<\/span><span class=\"ez-toc-icon-toggle-span\"><svg style=\"fill: #999;color:#999\" xmlns=\"http:\/\/www.w3.org\/2000\/svg\" class=\"list-377408\" width=\"20px\" height=\"20px\" viewbox=\"0 0 24 24\" fill=\"none\"><path d=\"M6 6H4v2h2V6zm14 0H8v2h12V6zM4 11h2v2H4v-2zm16 0H8v2h12v-2zM4 16h2v2H4v-2zm16 0H8v2h12v-2z\" fill=\"currentColor\"><\/path><\/svg><svg style=\"fill: #999;color:#999\" class=\"arrow-unsorted-368013\" xmlns=\"http:\/\/www.w3.org\/2000\/svg\" width=\"10px\" height=\"10px\" viewbox=\"0 0 24 24\" version=\"1.2\" baseprofile=\"tiny\"><path d=\"M18.2 9.3l-6.2-6.3-6.2 6.3c-.2.2-.3.4-.3.7s.1.5.3.7c.2.2.4.3.7.3h11c.3 0 .5-.1.7-.3.2-.2.3-.5.3-.7s-.1-.5-.3-.7zM5.8 14.7l6.2 6.3 6.2-6.3c.2-.2.3-.5.3-.7s-.1-.5-.3-.7c-.2-.2-.4-.3-.7-.3h-11c-.3 0-.5.1-.7.3-.2.2-.3.5-.3.7s.1.5.3.7z\"\/><\/svg><\/span><\/span><\/span><\/a><\/span><\/div>\n<nav><ul class='ez-toc-list ez-toc-list-level-1' ><li class='ez-toc-page-1 ez-toc-heading-level-4'><a class=\"ez-toc-link ez-toc-heading-1\" href=\"https:\/\/saphirsmaragd.com\/es\/producto\/obelisk-ozeanjasper-schutz-3\/#Obelisk_Ozeanjasper_Schutz_%E2%80%93_Kraftvoller_Heilstein_aus_Madagaskar_%E2%80%93_971_g\" >Obelisk Ozeanjasper Schutz \u2013 Kraftvoller Heilstein aus Madagaskar \u2013 971 g<\/a><\/li><li class='ez-toc-page-1 ez-toc-heading-level-4'><a class=\"ez-toc-link ez-toc-heading-2\" href=\"https:\/\/saphirsmaragd.com\/es\/producto\/obelisk-ozeanjasper-schutz-3\/#_Merkmale_Herkunft\" >\u00a0Caracter\u00edsticas y origen<\/a><\/li><li class='ez-toc-page-1 ez-toc-heading-level-4'><a class=\"ez-toc-link ez-toc-heading-3\" href=\"https:\/\/saphirsmaragd.com\/es\/producto\/obelisk-ozeanjasper-schutz-3\/#_Besonderheiten\" >\u00a0Caracter\u00edsticas especiales<\/a><\/li><li class='ez-toc-page-1 ez-toc-heading-level-4'><a class=\"ez-toc-link ez-toc-heading-4\" href=\"https:\/\/saphirsmaragd.com\/es\/producto\/obelisk-ozeanjasper-schutz-3\/#_Mehr_uber_Jaspis_Heilsteine\" >\u00a0Mehr \u00fcber Jaspis &amp; Heilsteine<\/a><\/li><li class='ez-toc-page-1 ez-toc-heading-level-4'><a class=\"ez-toc-link ez-toc-heading-5\" href=\"https:\/\/saphirsmaragd.com\/es\/producto\/obelisk-ozeanjasper-schutz-3\/#_Weitere_Infos\" >\u00a0M\u00e1s informaci\u00f3n<\/a><\/li><\/ul><\/nav><\/div>\n<h4 data-start=\"856\" data-end=\"935\"><span class=\"ez-toc-section\" id=\"Obelisk_Ozeanjasper_Schutz_%E2%80%93_Kraftvoller_Heilstein_aus_Madagaskar_%E2%80%93_971_g\"><\/span><strong data-start=\"858\" data-end=\"935\">Obelisk Ozeanjasper Schutz \u2013 Kraftvoller Heilstein aus Madagaskar \u2013 971 g<\/strong><span class=\"ez-toc-section-end\"><\/span><\/h4>\n<p data-start=\"937\" data-end=\"1284\">Der Obelisk Ozeanjasper Schutz ist ein einzigartiger Heilstein aus Madagaskar, der Erdung, energetischen Schutz und harmonische Energiefl\u00fcsse vereint. Diese Spitze weist nat\u00fcrliche Vertiefungen und Unebenheiten auf, typisch f\u00fcr hochwertigen Ozeanjaspis. Es handelt sich um ein Einzelst\u00fcck; Sie erhalten genau das auf dem Foto gezeigte Produkt.<\/p>\n<hr data-start=\"1286\" data-end=\"1289\" \/>\n<h4><span class=\"ez-toc-section\" id=\"_Merkmale_Herkunft\"><\/span>\u00a0Caracter\u00edsticas y origen<span class=\"ez-toc-section-end\"><\/span><\/h4>\n<p data-start=\"1317\" data-end=\"1707\">Farbe: Mehrfarbig\u00a0<br data-start=\"1360\" data-end=\"1363\" \/>Form: Obelisk, geschliffen<br data-start=\"1389\" data-end=\"1392\" \/>Origen: Madagascar<br data-start=\"1412\" data-end=\"1415\" \/>Gewicht: 971 g<br data-start=\"1429\" data-end=\"1432\" \/>Ma\u00dfe: 22.5 \u00d7 6.5 \u00d7 3 cm<br data-start=\"1455\" data-end=\"1458\" \/>Reinheit: Nat\u00fcrlich, mit naturbelassenen Vertiefungen<br data-start=\"1511\" data-end=\"1514\" \/>Tratamiento: Sin tratar<br data-start=\"1571\" data-end=\"1574\" \/>Steinart: Ozeanjaspis<br data-start=\"1595\" data-end=\"1598\" \/>\n<\/p>\n<hr data-start=\"1709\" data-end=\"1712\" \/>\n<h4 data-start=\"1714\" data-end=\"1734\"><span class=\"ez-toc-section\" id=\"_Besonderheiten\"><\/span>\u00a0Caracter\u00edsticas especiales<span class=\"ez-toc-section-end\"><\/span><\/h4>\n<p data-start=\"1735\" data-end=\"2072\">Der Obelisk Ozeanjasper Schutz vereint die klassischen Kr\u00e4fte des Jaspis mit der harmonisierenden Energie des Ozeanjaspis. Er f\u00f6rdert Erdung, innere Stabilit\u00e4t, Mut und Entschlossenheit. Der Stein unterst\u00fctzt die Umsetzung von Zielen, st\u00e4rkt Selbstvertrauen, mentale St\u00e4rke und die F\u00e4higkeit, Ideen in konkrete Handlungen umzusetzen.<\/p>\n<p data-start=\"2074\" data-end=\"2360\">Ozeanjaspis f\u00f6rdert den Energiefluss im K\u00f6rper, leitet heilende Energie gezielt, l\u00f6st Blockaden und vermittelt ein Gef\u00fchl von Freiheit und innerer Ruhe. Er st\u00e4rkt eine positive Lebenseinstellung und hilft, belastende Gedanken wie Sorgen, \u00c4ngste oder depressive Stimmungen loszulassen.<\/p>\n<hr data-start=\"2501\" data-end=\"2504\" \/>\n<h4 data-start=\"2506\" data-end=\"2541\"><span class=\"ez-toc-section\" id=\"_Mehr_uber_Jaspis_Heilsteine\"><\/span>\u00a0Mehr \u00fcber Jaspis &amp; Heilsteine<span class=\"ez-toc-section-end\"><\/span><\/h4>\n<p data-start=\"2542\" data-end=\"2583\"><a href=\"https:\/\/saphirsmaragd.com\/es\/product-category\/heilsteine-kristalle-kaufen\/\">Piedras y cristales curativos<\/a> | Saphir &amp; Smaragd<\/p>\n<hr data-start=\"2585\" data-end=\"2588\" \/>\n<h4 data-start=\"2590\" data-end=\"2611\"><span class=\"ez-toc-section\" id=\"_Weitere_Infos\"><\/span>\u00a0M\u00e1s informaci\u00f3n<span class=\"ez-toc-section-end\"><\/span><\/h4>\n<p data-start=\"2612\" data-end=\"2659\">Wikipedia:<a class=\"decorated-link\" href=\"https:\/\/de.wikipedia.org\/wiki\/Jaspis\" target=\"_new\" rel=\"noopener\" data-start=\"2623\" data-end=\"2659\">Jaspis<\/a><\/p>","protected":false},"excerpt":{"rendered":"<p><em>Der Obelisk Ozeanjasper Schutz ist ein kraftvoller Heilstein aus Madagaskar, der Erdung, Schutz vor negativen Energien und harmonischen Energiefluss bietet. Unterst\u00fctzt Heilung, Meditation und Chakrenarbeit.<\/em><\/p>","protected":false},"featured_media":5478,"comment_status":"open","ping_status":"closed","template":"","meta":{"_glsr_average":0,"_glsr_ranking":0,"_glsr_reviews":0},"product_brand":[],"product_cat":[84],"product_tag":[],"class_list":{"0":"post-5477","1":"product","2":"type-product","3":"status-publish","4":"has-post-thumbnail","6":"product_cat-rohsteine-kaufen","8":"first","9":"instock","10":"taxable","11":"shipping-taxable","12":"purchasable","13":"product-type-simple","14":"add-to-wishlist-before_image"},"jetpack_sharing_enabled":true,"_links":{"self":[{"href":"https:\/\/saphirsmaragd.com\/es\/wp-json\/wp\/v2\/product\/5477","targetHints":{"allow":["GET"]}}],"collection":[{"href":"https:\/\/saphirsmaragd.com\/es\/wp-json\/wp\/v2\/product"}],"about":[{"href":"https:\/\/saphirsmaragd.com\/es\/wp-json\/wp\/v2\/types\/product"}],"replies":[{"embeddable":true,"href":"https:\/\/saphirsmaragd.com\/es\/wp-json\/wp\/v2\/comments?post=5477"}],"version-history":[{"count":1,"href":"https:\/\/saphirsmaragd.com\/es\/wp-json\/wp\/v2\/product\/5477\/revisions"}],"predecessor-version":[{"id":5482,"href":"https:\/\/saphirsmaragd.com\/es\/wp-json\/wp\/v2\/product\/5477\/revisions\/5482"}],"wp:featuredmedia":[{"embeddable":true,"href":"https:\/\/saphirsmaragd.com\/es\/wp-json\/wp\/v2\/media\/5478"}],"wp:attachment":[{"href":"https:\/\/saphirsmaragd.com\/es\/wp-json\/wp\/v2\/media?parent=5477"}],"wp:term":[{"taxonomy":"product_brand","embeddable":true,"href":"https:\/\/saphirsmaragd.com\/es\/wp-json\/wp\/v2\/product_brand?post=5477"},{"taxonomy":"product_cat","embeddable":true,"href":"https:\/\/saphirsmaragd.com\/es\/wp-json\/wp\/v2\/product_cat?post=5477"},{"taxonomy":"product_tag","embeddable":true,"href":"https:\/\/saphirsmaragd.com\/es\/wp-json\/wp\/v2\/product_tag?post=5477"}],"curies":[{"name":"wp","href":"https:\/\/api.w.org\/{rel}","templated":true}]}}