{"id":5491,"date":"2025-11-19T17:02:10","date_gmt":"2025-11-19T17:02:10","guid":{"rendered":"https:\/\/saphirsmaragd.com\/?post_type=product&#038;p=5491"},"modified":"2025-11-19T17:02:12","modified_gmt":"2025-11-19T17:02:12","slug":"spitze-golden-healer-schutz","status":"publish","type":"product","link":"https:\/\/saphirsmaragd.com\/es\/producto\/spitze-golden-healer-schutz\/","title":{"rendered":"Spitze Golden Healer Schutz \u2013 Kraftvoller Heilstein aus Madagaskar \u2013 1522 g"},"content":{"rendered":"<div id=\"ez-toc-container\" class=\"ez-toc-v2_0_82_2 counter-hierarchy ez-toc-counter ez-toc-grey ez-toc-container-direction\">\n<div class=\"ez-toc-title-container\">\n<p class=\"ez-toc-title\" style=\"cursor:inherit\">Tabla de contenido<\/p>\n<span class=\"ez-toc-title-toggle\"><a href=\"#\" class=\"ez-toc-pull-right ez-toc-btn ez-toc-btn-xs ez-toc-btn-default ez-toc-toggle\" aria-label=\"Alternar tabla de contenidos\"><span class=\"ez-toc-js-icon-con\"><span class=\"\"><span class=\"eztoc-hide\" style=\"display:none;\">Palanca<\/span><span class=\"ez-toc-icon-toggle-span\"><svg style=\"fill: #999;color:#999\" xmlns=\"http:\/\/www.w3.org\/2000\/svg\" class=\"list-377408\" width=\"20px\" height=\"20px\" viewbox=\"0 0 24 24\" fill=\"none\"><path d=\"M6 6H4v2h2V6zm14 0H8v2h12V6zM4 11h2v2H4v-2zm16 0H8v2h12v-2zM4 16h2v2H4v-2zm16 0H8v2h12v-2z\" fill=\"currentColor\"><\/path><\/svg><svg style=\"fill: #999;color:#999\" class=\"arrow-unsorted-368013\" xmlns=\"http:\/\/www.w3.org\/2000\/svg\" width=\"10px\" height=\"10px\" viewbox=\"0 0 24 24\" version=\"1.2\" baseprofile=\"tiny\"><path d=\"M18.2 9.3l-6.2-6.3-6.2 6.3c-.2.2-.3.4-.3.7s.1.5.3.7c.2.2.4.3.7.3h11c.3 0 .5-.1.7-.3.2-.2.3-.5.3-.7s-.1-.5-.3-.7zM5.8 14.7l6.2 6.3 6.2-6.3c.2-.2.3-.5.3-.7s-.1-.5-.3-.7c-.2-.2-.4-.3-.7-.3h-11c-.3 0-.5.1-.7.3-.2.2-.3.5-.3.7s.1.5.3.7z\"\/><\/svg><\/span><\/span><\/span><\/a><\/span><\/div>\n<nav><ul class='ez-toc-list ez-toc-list-level-1' ><li class='ez-toc-page-1 ez-toc-heading-level-4'><a class=\"ez-toc-link ez-toc-heading-1\" href=\"https:\/\/saphirsmaragd.com\/es\/producto\/spitze-golden-healer-schutz\/#Spitze_Golden_Healer_Schutz_%E2%80%93_Kraftvoller_Heilstein_aus_Madagaskar_%E2%80%93_1522_g\" >Spitze Golden Healer Schutz \u2013 Kraftvoller Heilstein aus Madagaskar \u2013 1522 g<\/a><\/li><li class='ez-toc-page-1 ez-toc-heading-level-4'><a class=\"ez-toc-link ez-toc-heading-2\" href=\"https:\/\/saphirsmaragd.com\/es\/producto\/spitze-golden-healer-schutz\/#_Merkmale_Herkunft\" >\u00a0Caracter\u00edsticas y origen<\/a><\/li><li class='ez-toc-page-1 ez-toc-heading-level-4'><a class=\"ez-toc-link ez-toc-heading-3\" href=\"https:\/\/saphirsmaragd.com\/es\/producto\/spitze-golden-healer-schutz\/#_Besonderheiten\" >\u00a0Caracter\u00edsticas especiales<\/a><\/li><li class='ez-toc-page-1 ez-toc-heading-level-4'><a class=\"ez-toc-link ez-toc-heading-4\" href=\"https:\/\/saphirsmaragd.com\/es\/producto\/spitze-golden-healer-schutz\/#_Mehr_uber_Golden_Healer_Heilsteine\" >\u00a0Mehr \u00fcber Golden Healer &amp; Heilsteine<\/a><\/li><li class='ez-toc-page-1 ez-toc-heading-level-4'><a class=\"ez-toc-link ez-toc-heading-5\" href=\"https:\/\/saphirsmaragd.com\/es\/producto\/spitze-golden-healer-schutz\/#_Weitere_Infos\" >\u00a0M\u00e1s informaci\u00f3n<\/a><\/li><\/ul><\/nav><\/div>\n<h4 data-start=\"868\" data-end=\"949\"><span class=\"ez-toc-section\" id=\"Spitze_Golden_Healer_Schutz_%E2%80%93_Kraftvoller_Heilstein_aus_Madagaskar_%E2%80%93_1522_g\"><\/span><strong data-start=\"870\" data-end=\"949\">Spitze Golden Healer Schutz \u2013 Kraftvoller Heilstein aus Madagaskar \u2013 1522 g<\/strong><span class=\"ez-toc-section-end\"><\/span><\/h4>\n<p data-start=\"951\" data-end=\"1247\">Die Spitze Golden Healer Schutz ist ein einzigartiger Naturstein aus Madagaskar, der Heilung, Harmonie, inneren Frieden und universelle Liebe f\u00f6rdert. Diese Spitze weist nat\u00fcrliche Vertiefungen und Unregelm\u00e4\u00dfigkeiten auf und ist ein Unikat; Sie erhalten genau das auf dem Foto gezeigte St\u00fcck.<\/p>\n<hr data-start=\"1249\" data-end=\"1252\" \/>\n<h4 data-start=\"1254\" data-end=\"1279\"><span class=\"ez-toc-section\" id=\"_Merkmale_Herkunft\"><\/span>\u00a0Caracter\u00edsticas y origen<span class=\"ez-toc-section-end\"><\/span><\/h4>\n<p data-start=\"1280\" data-end=\"1621\">Farbe: Gelblich, goldene T\u00f6ne (Golden Healer)<br data-start=\"1325\" data-end=\"1328\" \/>Form: Spitze, poliert<br data-start=\"1349\" data-end=\"1352\" \/>Origen: Madagascar<br data-start=\"1372\" data-end=\"1375\" \/>Gewicht: 1522 g<br data-start=\"1390\" data-end=\"1393\" \/>Ma\u00dfe: 38 \u00d7 5 \u00d7 4 cm<br data-start=\"1412\" data-end=\"1415\" \/>Reinheit: Nat\u00fcrlich, mit naturbelassenen Vertiefungen<br data-start=\"1468\" data-end=\"1471\" \/>Behandlung: Poliert, unbehandelt<br data-start=\"1537\" data-end=\"1540\" \/>Steinart: Golden Healer (Limonite Quartz)<br data-start=\"1581\" data-end=\"1584\" \/>\n<\/p>\n<hr data-start=\"1623\" data-end=\"1626\" \/>\n<h4 data-start=\"1628\" data-end=\"1648\"><span class=\"ez-toc-section\" id=\"_Besonderheiten\"><\/span>\u00a0Caracter\u00edsticas especiales<span class=\"ez-toc-section-end\"><\/span><\/h4>\n<p data-start=\"1649\" data-end=\"1982\">Die Spitze Golden Healer Schutz ist ein vielseitiger und kraftvoller Heilstein mit warmer, sanfter Energie. Er unterst\u00fctzt Heilung auf allen Ebenen, l\u00f6st Blockaden und balanciert das Energiesystem. Golden Healer wird h\u00e4ufig in Heil- und Energiearbeit verwendet, dank seiner reinigenden, st\u00e4rkenden und verbindenden Eigenschaften.<\/p>\n<p data-start=\"1984\" data-end=\"2296\">Mental und emotional f\u00f6rdert der Stein Ruhe, Akzeptanz und innere Harmonie. Er hilft, belastende Gedanken, Emotionen und Situationen loszulassen, st\u00e4rkt Vertrauen und Klarheit und steigert das allgemeine Wohlbefinden. Golden Healer ist besonders geeignet in Phasen von Ver\u00e4nderung, Heilung oder innerem Wachstum.<\/p>\n<p data-start=\"2298\" data-end=\"2643\">Spirituell hilft der Stein, sich auf die goldene, g\u00f6ttliche Energie der Quelle einzustimmen. Er \u00f6ffnet das Bewusstsein f\u00fcr h\u00f6here Frequenzen, verbindet mit universeller Liebe, Licht und Weisheit und unterst\u00fctzt spirituelles Wachstum, innere Ruhe und die F\u00e4higkeit, das Leben anzunehmen. Ideal f\u00fcr Meditation, Heilung und spirituelle Integration.<\/p>\n<hr data-start=\"2645\" data-end=\"2648\" \/>\n<h4 data-start=\"2650\" data-end=\"2692\"><span class=\"ez-toc-section\" id=\"_Mehr_uber_Golden_Healer_Heilsteine\"><\/span>\u00a0Mehr \u00fcber Golden Healer &amp; Heilsteine<span class=\"ez-toc-section-end\"><\/span><\/h4>\n<p data-start=\"2693\" data-end=\"2734\"><a href=\"https:\/\/saphirsmaragd.com\/es\/product-category\/heilsteine-kristalle-kaufen\/\">Piedras y cristales curativos<\/a> | Saphir &amp; Smaragd<\/p>\n<hr data-start=\"2736\" data-end=\"2739\" \/>\n<h4 data-start=\"2741\" data-end=\"2762\"><span class=\"ez-toc-section\" id=\"_Weitere_Infos\"><\/span>\u00a0M\u00e1s informaci\u00f3n<span class=\"ez-toc-section-end\"><\/span><\/h4>\n<p data-start=\"2763\" data-end=\"2811\">Wikipedia:<a class=\"decorated-link\" href=\"https:\/\/de.wikipedia.org\/wiki\/Quarz\" target=\"_new\" rel=\"noopener\" data-start=\"2774\" data-end=\"2809\">cuarzo<\/a><\/p>","protected":false},"excerpt":{"rendered":"<p><em>Die Spitze Golden Healer Schutz ist ein kraftvoller Heilstein aus Madagaskar, der Heilung, Harmonie, inneren Frieden und universelle Liebe f\u00f6rdert. Ideal f\u00fcr Meditation, Energiearbeit und spirituelle Praxis.<\/em><\/p>","protected":false},"featured_media":5492,"comment_status":"open","ping_status":"closed","template":"","meta":{"_glsr_average":0,"_glsr_ranking":0,"_glsr_reviews":0},"product_brand":[],"product_cat":[84],"product_tag":[],"class_list":{"0":"post-5491","1":"product","2":"type-product","3":"status-publish","4":"has-post-thumbnail","6":"product_cat-rohsteine-kaufen","8":"first","9":"instock","10":"shipping-taxable","11":"purchasable","12":"product-type-simple","13":"add-to-wishlist-before_image"},"jetpack_sharing_enabled":true,"_links":{"self":[{"href":"https:\/\/saphirsmaragd.com\/es\/wp-json\/wp\/v2\/product\/5491","targetHints":{"allow":["GET"]}}],"collection":[{"href":"https:\/\/saphirsmaragd.com\/es\/wp-json\/wp\/v2\/product"}],"about":[{"href":"https:\/\/saphirsmaragd.com\/es\/wp-json\/wp\/v2\/types\/product"}],"replies":[{"embeddable":true,"href":"https:\/\/saphirsmaragd.com\/es\/wp-json\/wp\/v2\/comments?post=5491"}],"version-history":[{"count":1,"href":"https:\/\/saphirsmaragd.com\/es\/wp-json\/wp\/v2\/product\/5491\/revisions"}],"predecessor-version":[{"id":5494,"href":"https:\/\/saphirsmaragd.com\/es\/wp-json\/wp\/v2\/product\/5491\/revisions\/5494"}],"wp:featuredmedia":[{"embeddable":true,"href":"https:\/\/saphirsmaragd.com\/es\/wp-json\/wp\/v2\/media\/5492"}],"wp:attachment":[{"href":"https:\/\/saphirsmaragd.com\/es\/wp-json\/wp\/v2\/media?parent=5491"}],"wp:term":[{"taxonomy":"product_brand","embeddable":true,"href":"https:\/\/saphirsmaragd.com\/es\/wp-json\/wp\/v2\/product_brand?post=5491"},{"taxonomy":"product_cat","embeddable":true,"href":"https:\/\/saphirsmaragd.com\/es\/wp-json\/wp\/v2\/product_cat?post=5491"},{"taxonomy":"product_tag","embeddable":true,"href":"https:\/\/saphirsmaragd.com\/es\/wp-json\/wp\/v2\/product_tag?post=5491"}],"curies":[{"name":"wp","href":"https:\/\/api.w.org\/{rel}","templated":true}]}}