{"id":5522,"date":"2025-11-20T21:12:59","date_gmt":"2025-11-20T21:12:59","guid":{"rendered":"https:\/\/saphirsmaragd.com\/?post_type=product&#038;p=5522"},"modified":"2025-11-20T21:13:00","modified_gmt":"2025-11-20T21:13:00","slug":"spitze-bergkristall-geschnitten","status":"publish","type":"product","link":"https:\/\/saphirsmaragd.com\/es\/producto\/spitze-bergkristall-geschnitten\/","title":{"rendered":"Spitze Bergkristall Geschnitten \u2013 744 g Einzelst\u00fcck aus Brasilien"},"content":{"rendered":"<div id=\"ez-toc-container\" class=\"ez-toc-v2_0_82_2 counter-hierarchy ez-toc-counter ez-toc-grey ez-toc-container-direction\">\n<div class=\"ez-toc-title-container\">\n<p class=\"ez-toc-title\" style=\"cursor:inherit\">Tabla de contenido<\/p>\n<span class=\"ez-toc-title-toggle\"><a href=\"#\" class=\"ez-toc-pull-right ez-toc-btn ez-toc-btn-xs ez-toc-btn-default ez-toc-toggle\" aria-label=\"Alternar tabla de contenidos\"><span class=\"ez-toc-js-icon-con\"><span class=\"\"><span class=\"eztoc-hide\" style=\"display:none;\">Palanca<\/span><span class=\"ez-toc-icon-toggle-span\"><svg style=\"fill: #999;color:#999\" xmlns=\"http:\/\/www.w3.org\/2000\/svg\" class=\"list-377408\" width=\"20px\" height=\"20px\" viewbox=\"0 0 24 24\" fill=\"none\"><path d=\"M6 6H4v2h2V6zm14 0H8v2h12V6zM4 11h2v2H4v-2zm16 0H8v2h12v-2zM4 16h2v2H4v-2zm16 0H8v2h12v-2z\" fill=\"currentColor\"><\/path><\/svg><svg style=\"fill: #999;color:#999\" class=\"arrow-unsorted-368013\" xmlns=\"http:\/\/www.w3.org\/2000\/svg\" width=\"10px\" height=\"10px\" viewbox=\"0 0 24 24\" version=\"1.2\" baseprofile=\"tiny\"><path d=\"M18.2 9.3l-6.2-6.3-6.2 6.3c-.2.2-.3.4-.3.7s.1.5.3.7c.2.2.4.3.7.3h11c.3 0 .5-.1.7-.3.2-.2.3-.5.3-.7s-.1-.5-.3-.7zM5.8 14.7l6.2 6.3 6.2-6.3c.2-.2.3-.5.3-.7s-.1-.5-.3-.7c-.2-.2-.4-.3-.7-.3h-11c-.3 0-.5.1-.7.3-.2.2-.3.5-.3.7s.1.5.3.7z\"\/><\/svg><\/span><\/span><\/span><\/a><\/span><\/div>\n<nav><ul class='ez-toc-list ez-toc-list-level-1' ><li class='ez-toc-page-1 ez-toc-heading-level-4'><a class=\"ez-toc-link ez-toc-heading-1\" href=\"https:\/\/saphirsmaragd.com\/es\/producto\/spitze-bergkristall-geschnitten\/#Spitze_Bergkristall_Geschnitten_%E2%80%93_744_g_Einzelstuck_aus_Brasilien\" >Spitze Bergkristall Geschnitten \u2013 744 g Einzelst\u00fcck aus Brasilien<\/a><\/li><li class='ez-toc-page-1 ez-toc-heading-level-4'><a class=\"ez-toc-link ez-toc-heading-2\" href=\"https:\/\/saphirsmaragd.com\/es\/producto\/spitze-bergkristall-geschnitten\/#_Merkmale_Herkunft\" >\u00a0Caracter\u00edsticas y origen<\/a><\/li><li class='ez-toc-page-1 ez-toc-heading-level-4'><a class=\"ez-toc-link ez-toc-heading-3\" href=\"https:\/\/saphirsmaragd.com\/es\/producto\/spitze-bergkristall-geschnitten\/#_Besonderheiten\" >\u00a0Caracter\u00edsticas especiales<\/a><\/li><li class='ez-toc-page-1 ez-toc-heading-level-4'><a class=\"ez-toc-link ez-toc-heading-4\" href=\"https:\/\/saphirsmaragd.com\/es\/producto\/spitze-bergkristall-geschnitten\/#_Mehr_uber_Bergkristalle_Heilsteine\" >\u00a0Mehr \u00fcber Bergkristalle &amp; Heilsteine<\/a><\/li><li class='ez-toc-page-1 ez-toc-heading-level-4'><a class=\"ez-toc-link ez-toc-heading-5\" href=\"https:\/\/saphirsmaragd.com\/es\/producto\/spitze-bergkristall-geschnitten\/#_Weitere_Infos\" >\u00a0M\u00e1s informaci\u00f3n<\/a><\/li><\/ul><\/nav><\/div>\n<h4 data-start=\"834\" data-end=\"905\"><span class=\"ez-toc-section\" id=\"Spitze_Bergkristall_Geschnitten_%E2%80%93_744_g_Einzelstuck_aus_Brasilien\"><\/span><strong data-start=\"836\" data-end=\"905\">Spitze Bergkristall Geschnitten \u2013 744 g Einzelst\u00fcck aus Brasilien<\/strong><span class=\"ez-toc-section-end\"><\/span><\/h4>\n<p data-start=\"907\" data-end=\"1068\">Die Spitze Bergkristall Geschnitten ist ein einzigartiger, kraftvoller Heilstein, der f\u00fcr Reinigung, Klarheit, Harmonie und energetische Balance bekannt ist.<\/p>\n<hr data-start=\"1070\" data-end=\"1073\" \/>\n<h4 data-start=\"1075\" data-end=\"1100\"><span class=\"ez-toc-section\" id=\"_Merkmale_Herkunft\"><\/span>\u00a0Caracter\u00edsticas y origen<span class=\"ez-toc-section-end\"><\/span><\/h4>\n<p data-start=\"1101\" data-end=\"1317\">Farbe: Transparent<br data-start=\"1119\" data-end=\"1122\" \/>Form: Spitze, geschnitten<br data-start=\"1147\" data-end=\"1150\" \/>Origen: Brasil<br data-start=\"1169\" data-end=\"1172\" \/>Gewicht: 744 g<br data-start=\"1186\" data-end=\"1189\" \/>Ma\u00dfe: 33.5 x 4 x 3 cm<br data-start=\"1210\" data-end=\"1213\" \/>Reinheit: Nat\u00fcrlich<br data-start=\"1232\" data-end=\"1235\" \/>Tratamiento: Sin tratar<br data-start=\"1292\" data-end=\"1295\" \/>Steinart: Bergkristall<\/p>\n<hr data-start=\"1319\" data-end=\"1322\" \/>\n<h4 data-start=\"1324\" data-end=\"1344\"><span class=\"ez-toc-section\" id=\"_Besonderheiten\"><\/span>\u00a0Caracter\u00edsticas especiales<span class=\"ez-toc-section-end\"><\/span><\/h4>\n<p data-start=\"1345\" data-end=\"1773\">Die Spitze Bergkristall Geschnitten ist ein vielseitiger und kraftvoller Heilstein, der f\u00fcr seine reinigende und harmonisierende Wirkung gesch\u00e4tzt wird. Bergkristall kl\u00e4rt das energetische Feld, reinigt die Chakren und st\u00e4rkt die Aura, indem er vor negativen Einfl\u00fcssen wie elektromagnetischer Strahlung oder belastenden Energien sch\u00fctzt. Er wirkt ausgleichend auf K\u00f6rper, Geist und Seele und f\u00f6rdert innere Ordnung und Balance.<\/p>\n<p data-start=\"1775\" data-end=\"2070\">Emotional und mental unterst\u00fctzt Bergkristall klare Gedanken, Konzentration und eine urteilsfreie Wahrnehmung. Er hilft, Vorurteile loszulassen und st\u00e4rkt mentale Klarheit. Dadurch eignet sich dieser Stein besonders gut f\u00fcr Meditation, Achtsamkeit, energetische Arbeit und spirituelles Wachstum.<\/p>\n<hr data-start=\"2072\" data-end=\"2075\" \/>\n<h4 data-start=\"2077\" data-end=\"2119\"><span class=\"ez-toc-section\" id=\"_Mehr_uber_Bergkristalle_Heilsteine\"><\/span>\u00a0Mehr \u00fcber Bergkristalle &amp; Heilsteine<span class=\"ez-toc-section-end\"><\/span><\/h4>\n<p data-start=\"2120\" data-end=\"2167\"><a href=\"https:\/\/saphirsmaragd.com\/es\/product-category\/heilsteine-kristalle-kaufen\/\">Piedras y cristales curativos<\/a> | Quarze &amp; Bergkristalle<\/p>\n<hr data-start=\"2169\" data-end=\"2172\" \/>\n<h4 data-start=\"2174\" data-end=\"2193\"><span class=\"ez-toc-section\" id=\"_Weitere_Infos\"><\/span>\u00a0M\u00e1s informaci\u00f3n<span class=\"ez-toc-section-end\"><\/span><\/h4>\n<p data-start=\"2194\" data-end=\"2247\">Wikipedia: <a class=\"decorated-link\" href=\"https:\/\/de.wikipedia.org\/wiki\/Bergkristall\" target=\"_new\" rel=\"noopener\" data-start=\"2205\" data-end=\"2247\">Bergkristall<\/a><\/p>","protected":false},"excerpt":{"rendered":"<p><em>Die Spitze Bergkristall Geschnitten ist ein 744 g schweres Einzelst\u00fcck aus Brasilien. Der kraftvolle Heilstein wirkt reinigend, harmonisierend und unterst\u00fctzt mentale Klarheit sowie spirituelle Entwicklung.<\/em><\/p>","protected":false},"featured_media":5523,"comment_status":"open","ping_status":"closed","template":"","meta":{"_glsr_average":0,"_glsr_ranking":0,"_glsr_reviews":0},"product_brand":[],"product_cat":[84],"product_tag":[],"class_list":{"0":"post-5522","1":"product","2":"type-product","3":"status-publish","4":"has-post-thumbnail","6":"product_cat-rohsteine-kaufen","8":"first","9":"instock","10":"shipping-taxable","11":"purchasable","12":"product-type-simple","13":"add-to-wishlist-before_image"},"jetpack_sharing_enabled":true,"_links":{"self":[{"href":"https:\/\/saphirsmaragd.com\/es\/wp-json\/wp\/v2\/product\/5522","targetHints":{"allow":["GET"]}}],"collection":[{"href":"https:\/\/saphirsmaragd.com\/es\/wp-json\/wp\/v2\/product"}],"about":[{"href":"https:\/\/saphirsmaragd.com\/es\/wp-json\/wp\/v2\/types\/product"}],"replies":[{"embeddable":true,"href":"https:\/\/saphirsmaragd.com\/es\/wp-json\/wp\/v2\/comments?post=5522"}],"version-history":[{"count":1,"href":"https:\/\/saphirsmaragd.com\/es\/wp-json\/wp\/v2\/product\/5522\/revisions"}],"predecessor-version":[{"id":5524,"href":"https:\/\/saphirsmaragd.com\/es\/wp-json\/wp\/v2\/product\/5522\/revisions\/5524"}],"wp:featuredmedia":[{"embeddable":true,"href":"https:\/\/saphirsmaragd.com\/es\/wp-json\/wp\/v2\/media\/5523"}],"wp:attachment":[{"href":"https:\/\/saphirsmaragd.com\/es\/wp-json\/wp\/v2\/media?parent=5522"}],"wp:term":[{"taxonomy":"product_brand","embeddable":true,"href":"https:\/\/saphirsmaragd.com\/es\/wp-json\/wp\/v2\/product_brand?post=5522"},{"taxonomy":"product_cat","embeddable":true,"href":"https:\/\/saphirsmaragd.com\/es\/wp-json\/wp\/v2\/product_cat?post=5522"},{"taxonomy":"product_tag","embeddable":true,"href":"https:\/\/saphirsmaragd.com\/es\/wp-json\/wp\/v2\/product_tag?post=5522"}],"curies":[{"name":"wp","href":"https:\/\/api.w.org\/{rel}","templated":true}]}}