{"id":5664,"date":"2025-11-23T21:48:37","date_gmt":"2025-11-23T21:48:37","guid":{"rendered":"https:\/\/saphirsmaragd.com\/?post_type=product&#038;p=5664"},"modified":"2025-12-05T10:28:24","modified_gmt":"2025-12-05T10:28:24","slug":"anhaenger-angel-aura-quarz-kristall","status":"publish","type":"product","link":"https:\/\/saphirsmaragd.com\/es\/producto\/anhaenger-angel-aura-quarz-kristall\/","title":{"rendered":"Anh\u00e4nger Angel Aura Quarz Kristall mit 14k Gold\u00f6se \u2013 2.5 \u00d7 0.7\u20133.2 \u00d7 0.8 cm \u2013 Naturstein &#038; Unikat"},"content":{"rendered":"<div id=\"ez-toc-container\" class=\"ez-toc-v2_0_82_2 counter-hierarchy ez-toc-counter ez-toc-grey ez-toc-container-direction\">\n<div class=\"ez-toc-title-container\">\n<p class=\"ez-toc-title\" style=\"cursor:inherit\">Tabla de contenido<\/p>\n<span class=\"ez-toc-title-toggle\"><a href=\"#\" class=\"ez-toc-pull-right ez-toc-btn ez-toc-btn-xs ez-toc-btn-default ez-toc-toggle\" aria-label=\"Alternar tabla de contenidos\"><span class=\"ez-toc-js-icon-con\"><span class=\"\"><span class=\"eztoc-hide\" style=\"display:none;\">Palanca<\/span><span class=\"ez-toc-icon-toggle-span\"><svg style=\"fill: #999;color:#999\" xmlns=\"http:\/\/www.w3.org\/2000\/svg\" class=\"list-377408\" width=\"20px\" height=\"20px\" viewbox=\"0 0 24 24\" fill=\"none\"><path d=\"M6 6H4v2h2V6zm14 0H8v2h12V6zM4 11h2v2H4v-2zm16 0H8v2h12v-2zM4 16h2v2H4v-2zm16 0H8v2h12v-2z\" fill=\"currentColor\"><\/path><\/svg><svg style=\"fill: #999;color:#999\" class=\"arrow-unsorted-368013\" xmlns=\"http:\/\/www.w3.org\/2000\/svg\" width=\"10px\" height=\"10px\" viewbox=\"0 0 24 24\" version=\"1.2\" baseprofile=\"tiny\"><path d=\"M18.2 9.3l-6.2-6.3-6.2 6.3c-.2.2-.3.4-.3.7s.1.5.3.7c.2.2.4.3.7.3h11c.3 0 .5-.1.7-.3.2-.2.3-.5.3-.7s-.1-.5-.3-.7zM5.8 14.7l6.2 6.3 6.2-6.3c.2-.2.3-.5.3-.7s-.1-.5-.3-.7c-.2-.2-.4-.3-.7-.3h-11c-.3 0-.5.1-.7.3-.2.2-.3.5-.3.7s.1.5.3.7z\"\/><\/svg><\/span><\/span><\/span><\/a><\/span><\/div>\n<nav><ul class='ez-toc-list ez-toc-list-level-1' ><li class='ez-toc-page-1 ez-toc-heading-level-4'><a class=\"ez-toc-link ez-toc-heading-1\" href=\"https:\/\/saphirsmaragd.com\/es\/producto\/anhaenger-angel-aura-quarz-kristall\/#Anhanger_Angel_Aura_Quarz_Kristall_mit_14k_Goldose_%E2%80%93_25_%C3%97_07%E2%80%9332_%C3%97_08_cm_%E2%80%93_Naturstein_Unikat\" >Anh\u00e4nger Angel Aura Quarz Kristall mit 14k Gold\u00f6se \u2013 2.5 \u00d7 0.7\u20133.2 \u00d7 0.8 cm \u2013 Naturstein &amp; Unikat<\/a><\/li><li class='ez-toc-page-1 ez-toc-heading-level-4'><a class=\"ez-toc-link ez-toc-heading-2\" href=\"https:\/\/saphirsmaragd.com\/es\/producto\/anhaenger-angel-aura-quarz-kristall\/#Merkmale_Herkunft\" >Caracter\u00edsticas y origen<\/a><\/li><li class='ez-toc-page-1 ez-toc-heading-level-4'><a class=\"ez-toc-link ez-toc-heading-3\" href=\"https:\/\/saphirsmaragd.com\/es\/producto\/anhaenger-angel-aura-quarz-kristall\/#Besonderheiten\" >Caracter\u00edsticas especiales\u00a0<\/a><\/li><li class='ez-toc-page-1 ez-toc-heading-level-4'><a class=\"ez-toc-link ez-toc-heading-4\" href=\"https:\/\/saphirsmaragd.com\/es\/producto\/anhaenger-angel-aura-quarz-kristall\/#Mehr_uber_Quarze_Heilsteine\" >Mehr \u00fcber Quarze &amp; Heilsteine<\/a><\/li><\/ul><\/nav><\/div>\n<h4 data-start=\"878\" data-end=\"979\"><span class=\"ez-toc-section\" id=\"Anhanger_Angel_Aura_Quarz_Kristall_mit_14k_Goldose_%E2%80%93_25_%C3%97_07%E2%80%9332_%C3%97_08_cm_%E2%80%93_Naturstein_Unikat\"><\/span><strong data-start=\"878\" data-end=\"979\">Anh\u00e4nger Angel Aura Quarz Kristall mit 14k Gold\u00f6se \u2013 2.5 \u00d7 0.7\u20133.2 \u00d7 0.8 cm \u2013 Naturstein &amp; Unikat<\/strong><span class=\"ez-toc-section-end\"><\/span><\/h4>\n<p data-start=\"981\" data-end=\"1225\">Dieser Anh\u00e4nger aus Angel Aura Quarz Kristall mit 14k Gold\u00f6se vereint \u00e4sthetische Sch\u00f6nheit mit energetischer Kraft. Angel Aura Quarz ist Bergkristall, behandelt mit Platin und Silber, wodurch eine dauerhafte Regenbogen-Glanzschicht entsteht.<\/p>\n<hr data-start=\"1227\" data-end=\"1230\" \/>\n<h4 data-start=\"1232\" data-end=\"1261\"><span class=\"ez-toc-section\" id=\"Merkmale_Herkunft\"><\/span><strong data-start=\"1238\" data-end=\"1261\">Caracter\u00edsticas y origen<\/strong><span class=\"ez-toc-section-end\"><\/span><\/h4>\n<p data-start=\"1263\" data-end=\"1594\">Farbe: Regenbogenfarben \/ transparent<br data-start=\"1304\" data-end=\"1307\" \/>Form: Anh\u00e4nger Kristall, poliert<br data-start=\"1343\" data-end=\"1346\" \/>Material \u00d6se: 14k Gold<br data-start=\"1407\" data-end=\"1410\" \/>Ma\u00dfe: 2.5 \u00d7 0.7\u20133.2 \u00d7 0.8 cm<br data-start=\"1442\" data-end=\"1445\" \/>Reinheit: Nat\u00fcrlich<br data-start=\"1468\" data-end=\"1471\" \/>Behandlung: Platin- und Silberbeschichtung<br data-start=\"1559\" data-end=\"1562\" \/>Steinart: Angel Aura Quarz<\/p>\n<hr data-start=\"1596\" data-end=\"1599\" \/>\n<h4 data-start=\"1601\" data-end=\"1635\"><span class=\"ez-toc-section\" id=\"Besonderheiten\"><\/span><strong data-start=\"1607\" data-end=\"1635\">Caracter\u00edsticas especiales\u00a0<\/strong><span class=\"ez-toc-section-end\"><\/span><\/h4>\n<p data-start=\"1637\" data-end=\"2150\">Angel Aura Quarz verbindet die Energie von Bergkristall, Platin und Silber zu einer sanften, leichten Schwingung.<br data-start=\"1750\" data-end=\"1753\" \/>Er f\u00f6rdert innere Ruhe, Gelassenheit und Frieden und st\u00e4rkt die Verbindung zur Engelwelt, wodurch spirituelle Einsichten und die Entdeckung des eigenen Lebenssinns unterst\u00fctzt werden.<br data-start=\"1936\" data-end=\"1939\" \/>Der Stein wirkt reinigend auf K\u00f6rper, Geist und Seele, l\u00f6st negative Energien und reduziert Stress, Spannungen und Sorgen.<br data-start=\"2061\" data-end=\"2064\" \/>Perfekt f\u00fcr Meditation, spirituelle Praxis oder als t\u00e4glicher Schutz- und Heilstein.<\/p>\n<hr data-start=\"2152\" data-end=\"2155\" \/>\n<h4 data-start=\"2157\" data-end=\"2196\"><span class=\"ez-toc-section\" id=\"Mehr_uber_Quarze_Heilsteine\"><\/span><strong data-start=\"2163\" data-end=\"2196\">Mehr \u00fcber Quarze &amp; Heilsteine<\/strong><span class=\"ez-toc-section-end\"><\/span><\/h4>\n<p data-start=\"2198\" data-end=\"2249\"><a href=\"https:\/\/saphirsmaragd.com\/es\/product-category\/heilsteine-kristalle-kaufen\/\">Piedras y cristales curativos<\/a> | Bergkristall &amp; Auraquarz<\/p>\n<hr data-start=\"2152\" data-end=\"2155\" \/>\n<p data-start=\"2251\" data-end=\"2327\"><strong data-start=\"2251\" data-end=\"2265\">Wikipedia:<\/strong><br data-start=\"2265\" data-end=\"2268\" \/>Bergkristall \u2192 <a class=\"decorated-link\" href=\"https:\/\/de.wikipedia.org\/wiki\/Bergkristall\" target=\"_new\" rel=\"noopener\" data-start=\"2283\" data-end=\"2325\">wikipedia:Bergkristall<\/a><\/p>","protected":false},"excerpt":{"rendered":"<p><em>Der Anh\u00e4nger Angel Aura Quarz Kristall mit 14k Gold\u00f6se misst ca. 2.5 \u00d7 0.7\u20133.2 \u00d7 0.8 cm und ist ein kraftvoller Heilstein f\u00fcr Ruhe, spirituelle Einsichten und Engelenergie. Ein einzigartiges Schmuckst\u00fcck f\u00fcr Meditation, energetische Arbeit oder spirituelle Praxis.<\/em><\/p>","protected":false},"featured_media":5665,"comment_status":"open","ping_status":"closed","template":"","meta":{"_glsr_average":0,"_glsr_ranking":0,"_glsr_reviews":0},"product_brand":[],"product_cat":[87],"product_tag":[],"class_list":{"0":"post-5664","1":"product","2":"type-product","3":"status-publish","4":"has-post-thumbnail","6":"product_cat-edelstein-anhaenger","8":"first","9":"instock","10":"shipping-taxable","11":"purchasable","12":"product-type-simple","13":"add-to-wishlist-before_image"},"jetpack_sharing_enabled":true,"_links":{"self":[{"href":"https:\/\/saphirsmaragd.com\/es\/wp-json\/wp\/v2\/product\/5664","targetHints":{"allow":["GET"]}}],"collection":[{"href":"https:\/\/saphirsmaragd.com\/es\/wp-json\/wp\/v2\/product"}],"about":[{"href":"https:\/\/saphirsmaragd.com\/es\/wp-json\/wp\/v2\/types\/product"}],"replies":[{"embeddable":true,"href":"https:\/\/saphirsmaragd.com\/es\/wp-json\/wp\/v2\/comments?post=5664"}],"version-history":[{"count":1,"href":"https:\/\/saphirsmaragd.com\/es\/wp-json\/wp\/v2\/product\/5664\/revisions"}],"predecessor-version":[{"id":5667,"href":"https:\/\/saphirsmaragd.com\/es\/wp-json\/wp\/v2\/product\/5664\/revisions\/5667"}],"wp:featuredmedia":[{"embeddable":true,"href":"https:\/\/saphirsmaragd.com\/es\/wp-json\/wp\/v2\/media\/5665"}],"wp:attachment":[{"href":"https:\/\/saphirsmaragd.com\/es\/wp-json\/wp\/v2\/media?parent=5664"}],"wp:term":[{"taxonomy":"product_brand","embeddable":true,"href":"https:\/\/saphirsmaragd.com\/es\/wp-json\/wp\/v2\/product_brand?post=5664"},{"taxonomy":"product_cat","embeddable":true,"href":"https:\/\/saphirsmaragd.com\/es\/wp-json\/wp\/v2\/product_cat?post=5664"},{"taxonomy":"product_tag","embeddable":true,"href":"https:\/\/saphirsmaragd.com\/es\/wp-json\/wp\/v2\/product_tag?post=5664"}],"curies":[{"name":"wp","href":"https:\/\/api.w.org\/{rel}","templated":true}]}}