{"id":6044,"date":"2025-11-30T16:34:23","date_gmt":"2025-11-30T16:34:23","guid":{"rendered":"https:\/\/saphirsmaragd.com\/?post_type=product&#038;p=6044"},"modified":"2025-12-05T10:05:14","modified_gmt":"2025-12-05T10:05:14","slug":"anhaenger-mit-peridot-oval-gruen","status":"publish","type":"product","link":"https:\/\/saphirsmaragd.com\/es\/producto\/anhaenger-mit-peridot-oval-gruen\/","title":{"rendered":"Anh\u00e4nger mit Peridot Oval Gr\u00fcn \u2013 Handgefertigt aus 925 Silber"},"content":{"rendered":"<div id=\"ez-toc-container\" class=\"ez-toc-v2_0_82_2 counter-hierarchy ez-toc-counter ez-toc-grey ez-toc-container-direction\">\n<div class=\"ez-toc-title-container\">\n<p class=\"ez-toc-title\" style=\"cursor:inherit\">Tabla de contenido<\/p>\n<span class=\"ez-toc-title-toggle\"><a href=\"#\" class=\"ez-toc-pull-right ez-toc-btn ez-toc-btn-xs ez-toc-btn-default ez-toc-toggle\" aria-label=\"Alternar tabla de contenidos\"><span class=\"ez-toc-js-icon-con\"><span class=\"\"><span class=\"eztoc-hide\" style=\"display:none;\">Palanca<\/span><span class=\"ez-toc-icon-toggle-span\"><svg style=\"fill: #999;color:#999\" xmlns=\"http:\/\/www.w3.org\/2000\/svg\" class=\"list-377408\" width=\"20px\" height=\"20px\" viewbox=\"0 0 24 24\" fill=\"none\"><path d=\"M6 6H4v2h2V6zm14 0H8v2h12V6zM4 11h2v2H4v-2zm16 0H8v2h12v-2zM4 16h2v2H4v-2zm16 0H8v2h12v-2z\" fill=\"currentColor\"><\/path><\/svg><svg style=\"fill: #999;color:#999\" class=\"arrow-unsorted-368013\" xmlns=\"http:\/\/www.w3.org\/2000\/svg\" width=\"10px\" height=\"10px\" viewbox=\"0 0 24 24\" version=\"1.2\" baseprofile=\"tiny\"><path d=\"M18.2 9.3l-6.2-6.3-6.2 6.3c-.2.2-.3.4-.3.7s.1.5.3.7c.2.2.4.3.7.3h11c.3 0 .5-.1.7-.3.2-.2.3-.5.3-.7s-.1-.5-.3-.7zM5.8 14.7l6.2 6.3 6.2-6.3c.2-.2.3-.5.3-.7s-.1-.5-.3-.7c-.2-.2-.4-.3-.7-.3h-11c-.3 0-.5.1-.7.3-.2.2-.3.5-.3.7s.1.5.3.7z\"\/><\/svg><\/span><\/span><\/span><\/a><\/span><\/div>\n<nav><ul class='ez-toc-list ez-toc-list-level-1' ><li class='ez-toc-page-1 ez-toc-heading-level-4'><a class=\"ez-toc-link ez-toc-heading-1\" href=\"https:\/\/saphirsmaragd.com\/es\/producto\/anhaenger-mit-peridot-oval-gruen\/#Anhanger_mit_Peridot_Oval_Grun_%E2%80%93_Handgefertigt_aus_925_Silber\" >Anh\u00e4nger mit Peridot Oval Gr\u00fcn \u2013 Handgefertigt aus 925 Silber<\/a><\/li><li class='ez-toc-page-1 ez-toc-heading-level-4'><a class=\"ez-toc-link ez-toc-heading-2\" href=\"https:\/\/saphirsmaragd.com\/es\/producto\/anhaenger-mit-peridot-oval-gruen\/#_Merkmale_Herkunft\" >\u00a0Caracter\u00edsticas y origen<\/a><\/li><li class='ez-toc-page-1 ez-toc-heading-level-4'><a class=\"ez-toc-link ez-toc-heading-3\" href=\"https:\/\/saphirsmaragd.com\/es\/producto\/anhaenger-mit-peridot-oval-gruen\/#_Besonderheiten\" >\u00a0Caracter\u00edsticas especiales<\/a><\/li><li class='ez-toc-page-1 ez-toc-heading-level-4'><a class=\"ez-toc-link ez-toc-heading-4\" href=\"https:\/\/saphirsmaragd.com\/es\/producto\/anhaenger-mit-peridot-oval-gruen\/#_Mehr_uber_Peridote_Heilsteine\" >\u00a0Mehr \u00fcber Peridote &amp; Heilsteine<\/a><\/li><li class='ez-toc-page-1 ez-toc-heading-level-4'><a class=\"ez-toc-link ez-toc-heading-5\" href=\"https:\/\/saphirsmaragd.com\/es\/producto\/anhaenger-mit-peridot-oval-gruen\/#_Weitere_Infos\" >\u00a0M\u00e1s informaci\u00f3n<\/a><\/li><\/ul><\/nav><\/div>\n<h4 data-start=\"745\" data-end=\"814\"><span class=\"ez-toc-section\" id=\"Anhanger_mit_Peridot_Oval_Grun_%E2%80%93_Handgefertigt_aus_925_Silber\"><\/span><strong data-start=\"747\" data-end=\"812\">Anh\u00e4nger mit Peridot Oval Gr\u00fcn \u2013 Handgefertigt aus 925 Silber<\/strong><span class=\"ez-toc-section-end\"><\/span><\/h4>\n<p data-start=\"815\" data-end=\"1004\">Dieser hochwertige <em data-start=\"834\" data-end=\"866\">Anh\u00e4nger mit Peridot Oval Gr\u00fcn<\/em> ist ein einzigartiges Schmuckst\u00fcck mit einem facettierten Naturstein in feiner Silberfassung \u2013 Sie erhalten genau das abgebildete Unikat.<\/p>\n<hr data-start=\"2250\" data-end=\"2253\" \/>\n<h4 data-start=\"1006\" data-end=\"1033\"><span class=\"ez-toc-section\" id=\"_Merkmale_Herkunft\"><\/span>\u00a0Caracter\u00edsticas y origen<span class=\"ez-toc-section-end\"><\/span><\/h4>\n<p data-start=\"1034\" data-end=\"1329\">Color: Verde<br data-start=\"1045\" data-end=\"1048\" \/>Forma: Oval facetado<br data-start=\"1096\" data-end=\"1099\" \/>Ma\u00dfe: 1 \u00d7 0.8 cm<br data-start=\"1115\" data-end=\"1118\" \/>Reinheit: Nat\u00fcrlich<br data-start=\"1208\" data-end=\"1211\" \/>Steinart: Peridot<br data-start=\"1228\" data-end=\"1231\" \/>Material: 925 Sterling Silber<br data-start=\"1260\" data-end=\"1263\" \/>Schmuckart: Anh\u00e4nger<br data-start=\"1283\" data-end=\"1286\" \/>Gr\u00f6\u00dfe\/L\u00e4nge: Gesamtl\u00e4nge 2 cm (inkl. \u00d6se)<\/p>\n<hr data-start=\"2250\" data-end=\"2253\" \/>\n<h4 data-start=\"1331\" data-end=\"1353\"><span class=\"ez-toc-section\" id=\"_Besonderheiten\"><\/span>\u00a0Caracter\u00edsticas especiales<span class=\"ez-toc-section-end\"><\/span><\/h4>\n<p data-start=\"1354\" data-end=\"1658\">Der facettierte Peridot verleiht diesem Anh\u00e4nger eine klare, lebendige Leuchtkraft und unterstreicht die nat\u00fcrliche Sch\u00f6nheit des Edelsteins. Das zarte Ovallayout und die feine Silberfassung schaffen ein elegantes, zeitloses Schmuckst\u00fcck, das sowohl im Alltag als auch zu besonderen Anl\u00e4ssen \u00fcberzeugt.<\/p>\n<p data-start=\"1660\" data-end=\"2083\">Peridot ist ein Stein des Wachstums und der pers\u00f6nlichen Entwicklung. Er hilft dabei, emotionale Blockaden zu l\u00f6sen, alte Lasten abzulegen und neue Klarheit zu gewinnen. Gleichzeitig reinigt er das Energiefeld, mindert Anspannung und unterst\u00fctzt innere Harmonie. Dieser Edelstein st\u00e4rkt Selbstbewusstsein, Selbstliebe und die F\u00e4higkeit zur Vergebung \u2013 ideal f\u00fcr emotionale Heilungsprozesse und pers\u00f6nliche Transformationen.<\/p>\n<hr data-start=\"2250\" data-end=\"2253\" \/>\n<h4 data-start=\"2085\" data-end=\"2124\"><span class=\"ez-toc-section\" id=\"_Mehr_uber_Peridote_Heilsteine\"><\/span>\u00a0Mehr \u00fcber Peridote &amp; Heilsteine<span class=\"ez-toc-section-end\"><\/span><\/h4>\n<p data-start=\"2125\" data-end=\"2166\"><a href=\"https:\/\/saphirsmaragd.com\/es\/product-category\/heilsteine-kristalle-kaufen\/\">Piedras y cristales curativos<\/a> | Saphir &amp; Smaragd<\/p>\n<hr data-start=\"2250\" data-end=\"2253\" \/>\n<h4 data-start=\"2168\" data-end=\"2189\"><span class=\"ez-toc-section\" id=\"_Weitere_Infos\"><\/span>\u00a0M\u00e1s informaci\u00f3n<span class=\"ez-toc-section-end\"><\/span><\/h4>\n<p data-start=\"2190\" data-end=\"2248\">Wikipedia: <a class=\"decorated-link\" href=\"https:\/\/en.wikipedia.org\/wiki\/Peridot\" target=\"_new\" rel=\"noopener\" data-start=\"2211\" data-end=\"2248\">Peridoto<\/a><\/p>","protected":false},"excerpt":{"rendered":"<p><em>Der Anh\u00e4nger mit Peridot Oval Gr\u00fcn kombiniert nat\u00fcrliche Sch\u00f6nheit mit feinem 925 Silber. Dieses Einzelst\u00fcck zeigt ein facettiertes Peridot-Oval von 1 \u00d7 0,8 cm und wird exakt wie abgebildet geliefert.<\/em><\/p>","protected":false},"featured_media":6045,"comment_status":"open","ping_status":"closed","template":"","meta":{"_glsr_average":0,"_glsr_ranking":0,"_glsr_reviews":0},"product_brand":[],"product_cat":[87],"product_tag":[],"class_list":{"0":"post-6044","1":"product","2":"type-product","3":"status-publish","4":"has-post-thumbnail","6":"product_cat-edelstein-anhaenger","8":"first","9":"instock","10":"shipping-taxable","11":"purchasable","12":"product-type-simple","13":"add-to-wishlist-before_image"},"jetpack_sharing_enabled":true,"_links":{"self":[{"href":"https:\/\/saphirsmaragd.com\/es\/wp-json\/wp\/v2\/product\/6044","targetHints":{"allow":["GET"]}}],"collection":[{"href":"https:\/\/saphirsmaragd.com\/es\/wp-json\/wp\/v2\/product"}],"about":[{"href":"https:\/\/saphirsmaragd.com\/es\/wp-json\/wp\/v2\/types\/product"}],"replies":[{"embeddable":true,"href":"https:\/\/saphirsmaragd.com\/es\/wp-json\/wp\/v2\/comments?post=6044"}],"version-history":[{"count":1,"href":"https:\/\/saphirsmaragd.com\/es\/wp-json\/wp\/v2\/product\/6044\/revisions"}],"predecessor-version":[{"id":6047,"href":"https:\/\/saphirsmaragd.com\/es\/wp-json\/wp\/v2\/product\/6044\/revisions\/6047"}],"wp:featuredmedia":[{"embeddable":true,"href":"https:\/\/saphirsmaragd.com\/es\/wp-json\/wp\/v2\/media\/6045"}],"wp:attachment":[{"href":"https:\/\/saphirsmaragd.com\/es\/wp-json\/wp\/v2\/media?parent=6044"}],"wp:term":[{"taxonomy":"product_brand","embeddable":true,"href":"https:\/\/saphirsmaragd.com\/es\/wp-json\/wp\/v2\/product_brand?post=6044"},{"taxonomy":"product_cat","embeddable":true,"href":"https:\/\/saphirsmaragd.com\/es\/wp-json\/wp\/v2\/product_cat?post=6044"},{"taxonomy":"product_tag","embeddable":true,"href":"https:\/\/saphirsmaragd.com\/es\/wp-json\/wp\/v2\/product_tag?post=6044"}],"curies":[{"name":"wp","href":"https:\/\/api.w.org\/{rel}","templated":true}]}}