{"id":6077,"date":"2025-12-13T18:34:17","date_gmt":"2025-12-13T18:34:17","guid":{"rendered":"https:\/\/saphirsmaragd.com\/?post_type=product&#038;p=6077"},"modified":"2025-12-13T18:34:18","modified_gmt":"2025-12-13T18:34:18","slug":"anhaenger-mit-edelopal-doublet","status":"publish","type":"product","link":"https:\/\/saphirsmaragd.com\/es\/producto\/anhaenger-mit-edelopal-doublet\/","title":{"rendered":"Anh\u00e4nger mit Edelopal Doublet \u2013 Australischer Opal in 925 Silber"},"content":{"rendered":"<div id=\"ez-toc-container\" class=\"ez-toc-v2_0_82_2 counter-hierarchy ez-toc-counter ez-toc-grey ez-toc-container-direction\">\n<div class=\"ez-toc-title-container\">\n<p class=\"ez-toc-title\" style=\"cursor:inherit\">Tabla de contenido<\/p>\n<span class=\"ez-toc-title-toggle\"><a href=\"#\" class=\"ez-toc-pull-right ez-toc-btn ez-toc-btn-xs ez-toc-btn-default ez-toc-toggle\" aria-label=\"Alternar tabla de contenidos\"><span class=\"ez-toc-js-icon-con\"><span class=\"\"><span class=\"eztoc-hide\" style=\"display:none;\">Palanca<\/span><span class=\"ez-toc-icon-toggle-span\"><svg style=\"fill: #999;color:#999\" xmlns=\"http:\/\/www.w3.org\/2000\/svg\" class=\"list-377408\" width=\"20px\" height=\"20px\" viewbox=\"0 0 24 24\" fill=\"none\"><path d=\"M6 6H4v2h2V6zm14 0H8v2h12V6zM4 11h2v2H4v-2zm16 0H8v2h12v-2zM4 16h2v2H4v-2zm16 0H8v2h12v-2z\" fill=\"currentColor\"><\/path><\/svg><svg style=\"fill: #999;color:#999\" class=\"arrow-unsorted-368013\" xmlns=\"http:\/\/www.w3.org\/2000\/svg\" width=\"10px\" height=\"10px\" viewbox=\"0 0 24 24\" version=\"1.2\" baseprofile=\"tiny\"><path d=\"M18.2 9.3l-6.2-6.3-6.2 6.3c-.2.2-.3.4-.3.7s.1.5.3.7c.2.2.4.3.7.3h11c.3 0 .5-.1.7-.3.2-.2.3-.5.3-.7s-.1-.5-.3-.7zM5.8 14.7l6.2 6.3 6.2-6.3c.2-.2.3-.5.3-.7s-.1-.5-.3-.7c-.2-.2-.4-.3-.7-.3h-11c-.3 0-.5.1-.7.3-.2.2-.3.5-.3.7s.1.5.3.7z\"\/><\/svg><\/span><\/span><\/span><\/a><\/span><\/div>\n<nav><ul class='ez-toc-list ez-toc-list-level-1' ><li class='ez-toc-page-1 ez-toc-heading-level-4'><a class=\"ez-toc-link ez-toc-heading-1\" href=\"https:\/\/saphirsmaragd.com\/es\/producto\/anhaenger-mit-edelopal-doublet\/#Anhanger_mit_Edelopal_Doublet_%E2%80%93_Australischer_Opal_in_925_Silber\" >Anh\u00e4nger mit Edelopal Doublet \u2013 Australischer Opal in 925 Silber<\/a><\/li><li class='ez-toc-page-1 ez-toc-heading-level-4'><a class=\"ez-toc-link ez-toc-heading-2\" href=\"https:\/\/saphirsmaragd.com\/es\/producto\/anhaenger-mit-edelopal-doublet\/#_Merkmale_Herkunft\" >\u00a0Caracter\u00edsticas y origen<\/a><\/li><li class='ez-toc-page-1 ez-toc-heading-level-4'><a class=\"ez-toc-link ez-toc-heading-3\" href=\"https:\/\/saphirsmaragd.com\/es\/producto\/anhaenger-mit-edelopal-doublet\/#_Besonderheiten\" >\u00a0Caracter\u00edsticas especiales<\/a><\/li><li class='ez-toc-page-1 ez-toc-heading-level-4'><a class=\"ez-toc-link ez-toc-heading-4\" href=\"https:\/\/saphirsmaragd.com\/es\/producto\/anhaenger-mit-edelopal-doublet\/#_Mehr_uber_Opale_Heilsteine\" >\u00a0Mehr \u00fcber Opale &amp; Heilsteine<\/a><\/li><li class='ez-toc-page-1 ez-toc-heading-level-4'><a class=\"ez-toc-link ez-toc-heading-5\" href=\"https:\/\/saphirsmaragd.com\/es\/producto\/anhaenger-mit-edelopal-doublet\/#_Weitere_Infos\" >\u00a0M\u00e1s informaci\u00f3n<\/a><\/li><\/ul><\/nav><\/div>\n<h4 data-start=\"842\" data-end=\"908\"><span class=\"ez-toc-section\" id=\"Anhanger_mit_Edelopal_Doublet_%E2%80%93_Australischer_Opal_in_925_Silber\"><\/span>Anh\u00e4nger mit Edelopal Doublet \u2013 Australischer Opal in 925 Silber<span class=\"ez-toc-section-end\"><\/span><\/h4>\n<p data-start=\"910\" data-end=\"1077\">Der Anh\u00e4nger mit Edelopal Doublet ist ein handgefertigtes Unikat, bei dem Sie exakt den abgebildeten australischen Edelopal in hochwertiger Silberfassung erhalten.<\/p>\n<hr data-start=\"2499\" data-end=\"2502\" \/>\n<h4 data-start=\"1079\" data-end=\"1104\"><span class=\"ez-toc-section\" id=\"_Merkmale_Herkunft\"><\/span>\u00a0Caracter\u00edsticas y origen<span class=\"ez-toc-section-end\"><\/span><\/h4>\n<p data-start=\"1105\" data-end=\"1445\">Farbe: Mehrfarbig\u00a0<br data-start=\"1148\" data-end=\"1151\" \/>Forma: Ovalada<br data-start=\"1161\" data-end=\"1164\" \/>Herkunft: Australien<br data-start=\"1206\" data-end=\"1209\" \/>Ma\u00dfe: Stein ca. 1.4 \u00d7 1.1 cm<br data-start=\"1237\" data-end=\"1240\" \/>Reinheit: Echter Edelopal (Doublet)<br data-start=\"1275\" data-end=\"1278\" \/>Behandlung: Doublet<br data-start=\"1331\" data-end=\"1334\" \/>Steinart: Edelopal<br data-start=\"1352\" data-end=\"1355\" \/>Material: 925 Sterling Silber<br data-start=\"1384\" data-end=\"1387\" \/>Schmuckart: Anh\u00e4nger<br data-start=\"1407\" data-end=\"1410\" \/>Gesamtl\u00e4nge: ca. 2.3 cm (inkl. \u00d6se)<\/p>\n<hr data-start=\"2499\" data-end=\"2502\" \/>\n<h4 data-start=\"1447\" data-end=\"1467\"><span class=\"ez-toc-section\" id=\"_Besonderheiten\"><\/span>\u00a0Caracter\u00edsticas especiales<span class=\"ez-toc-section-end\"><\/span><\/h4>\n<p data-start=\"1468\" data-end=\"1821\">Der Anh\u00e4nger mit Edelopal Doublet steht f\u00fcr Lebensfreude, Kreativit\u00e4t und einen offenen Selbstausdruck. Edelopal wirkt sch\u00fctzend und energetisierend und kann Ihre Stimmung positiv beeinflussen. Er f\u00f6rdert Optimismus, Fantasie und die F\u00e4higkeit, den Moment bewusst zu genie\u00dfen, w\u00e4hrend er gleichzeitig Originalit\u00e4t und kreative Ausdruckskraft st\u00e4rkt.<\/p>\n<p data-start=\"1823\" data-end=\"2169\">Dar\u00fcber hinaus wird Edelopal traditionell mit Liebe, Leidenschaft und emotionaler N\u00e4he in Verbindung gebracht. Er kann dabei helfen, Vertrauen und Verbundenheit in Beziehungen zu vertiefen. Auf k\u00f6rperlicher Ebene wird ihm eine aktivierende Wirkung auf die Selbstheilungskr\u00e4fte sowie eine unterst\u00fctzende Wirkung auf das Nervensystem zugeschrieben.<\/p>\n<hr data-start=\"2499\" data-end=\"2502\" \/>\n<h4 data-start=\"2171\" data-end=\"2205\"><span class=\"ez-toc-section\" id=\"_Mehr_uber_Opale_Heilsteine\"><\/span>\u00a0Mehr \u00fcber Opale &amp; Heilsteine<span class=\"ez-toc-section-end\"><\/span><\/h4>\n<p data-start=\"2206\" data-end=\"2282\">Heilsteine &amp; Kristalle:<\/p>\n<p data-start=\"2284\" data-end=\"2348\"><a href=\"https:\/\/saphirsmaragd.com\/es\/product-category\/heilsteine-kristalle-kaufen\/\">Zafiro y esmeralda<\/a><a class=\"decorated-link cursor-pointer\" target=\"_new\" rel=\"noopener\" data-start=\"2304\" data-end=\"2346\"><br \/>\n<\/a><\/p>\n<hr data-start=\"2499\" data-end=\"2502\" \/>\n<h4 data-start=\"2350\" data-end=\"2369\"><span class=\"ez-toc-section\" id=\"_Weitere_Infos\"><\/span>\u00a0M\u00e1s informaci\u00f3n<span class=\"ez-toc-section-end\"><\/span><\/h4>\n<p data-start=\"2428\" data-end=\"2497\">Wikipedia \u2013<a href=\"https:\/\/de.wikipedia.org\/wiki\/Opal#Edelopal\" target=\"_blank\" rel=\"noopener\"> Edelopal<\/a><\/p>\n<h2 data-start=\"2504\" data-end=\"2544\"><\/h2>","protected":false},"excerpt":{"rendered":"<p><em>Der Anh\u00e4nger mit Edelopal Doublet ist ein einzigartiges Schmuckst\u00fcck aus 925 Sterling Silber mit australischem Edelopal. Ein ausdrucksstarker Edelsteinanh\u00e4nger f\u00fcr Lebensfreude, Kreativit\u00e4t und authentischen Selbstausdruck.<\/em><\/p>","protected":false},"featured_media":6078,"comment_status":"open","ping_status":"closed","template":"","meta":{"_glsr_average":0,"_glsr_ranking":0,"_glsr_reviews":0},"product_brand":[],"product_cat":[87],"product_tag":[],"class_list":{"0":"post-6077","1":"product","2":"type-product","3":"status-publish","4":"has-post-thumbnail","6":"product_cat-edelstein-anhaenger","8":"first","9":"instock","10":"shipping-taxable","11":"purchasable","12":"product-type-simple","13":"add-to-wishlist-before_image"},"jetpack_sharing_enabled":true,"_links":{"self":[{"href":"https:\/\/saphirsmaragd.com\/es\/wp-json\/wp\/v2\/product\/6077","targetHints":{"allow":["GET"]}}],"collection":[{"href":"https:\/\/saphirsmaragd.com\/es\/wp-json\/wp\/v2\/product"}],"about":[{"href":"https:\/\/saphirsmaragd.com\/es\/wp-json\/wp\/v2\/types\/product"}],"replies":[{"embeddable":true,"href":"https:\/\/saphirsmaragd.com\/es\/wp-json\/wp\/v2\/comments?post=6077"}],"version-history":[{"count":1,"href":"https:\/\/saphirsmaragd.com\/es\/wp-json\/wp\/v2\/product\/6077\/revisions"}],"predecessor-version":[{"id":6080,"href":"https:\/\/saphirsmaragd.com\/es\/wp-json\/wp\/v2\/product\/6077\/revisions\/6080"}],"wp:featuredmedia":[{"embeddable":true,"href":"https:\/\/saphirsmaragd.com\/es\/wp-json\/wp\/v2\/media\/6078"}],"wp:attachment":[{"href":"https:\/\/saphirsmaragd.com\/es\/wp-json\/wp\/v2\/media?parent=6077"}],"wp:term":[{"taxonomy":"product_brand","embeddable":true,"href":"https:\/\/saphirsmaragd.com\/es\/wp-json\/wp\/v2\/product_brand?post=6077"},{"taxonomy":"product_cat","embeddable":true,"href":"https:\/\/saphirsmaragd.com\/es\/wp-json\/wp\/v2\/product_cat?post=6077"},{"taxonomy":"product_tag","embeddable":true,"href":"https:\/\/saphirsmaragd.com\/es\/wp-json\/wp\/v2\/product_tag?post=6077"}],"curies":[{"name":"wp","href":"https:\/\/api.w.org\/{rel}","templated":true}]}}