{"id":6220,"date":"2025-12-15T17:08:44","date_gmt":"2025-12-15T17:08:44","guid":{"rendered":"https:\/\/saphirsmaragd.com\/?post_type=product&#038;p=6220"},"modified":"2025-12-29T18:48:54","modified_gmt":"2025-12-29T18:48:54","slug":"rosa-turmalin-ohrringe-rosegold-18-karat","status":"publish","type":"product","link":"https:\/\/saphirsmaragd.com\/es\/producto\/rosa-turmalin-ohrringe-rosegold-18-karat\/","title":{"rendered":"Rosa Turmalin Ohrringe Ros\u00e9gold 18 Karat \u2013 Rowan Ohrstecker mit ovalem Schliff"},"content":{"rendered":"<div id=\"ez-toc-container\" class=\"ez-toc-v2_0_82_2 counter-hierarchy ez-toc-counter ez-toc-grey ez-toc-container-direction\">\n<div class=\"ez-toc-title-container\">\n<p class=\"ez-toc-title\" style=\"cursor:inherit\">Tabla de contenido<\/p>\n<span class=\"ez-toc-title-toggle\"><a href=\"#\" class=\"ez-toc-pull-right ez-toc-btn ez-toc-btn-xs ez-toc-btn-default ez-toc-toggle\" aria-label=\"Alternar tabla de contenidos\"><span class=\"ez-toc-js-icon-con\"><span class=\"\"><span class=\"eztoc-hide\" style=\"display:none;\">Palanca<\/span><span class=\"ez-toc-icon-toggle-span\"><svg style=\"fill: #999;color:#999\" xmlns=\"http:\/\/www.w3.org\/2000\/svg\" class=\"list-377408\" width=\"20px\" height=\"20px\" viewbox=\"0 0 24 24\" fill=\"none\"><path d=\"M6 6H4v2h2V6zm14 0H8v2h12V6zM4 11h2v2H4v-2zm16 0H8v2h12v-2zM4 16h2v2H4v-2zm16 0H8v2h12v-2z\" fill=\"currentColor\"><\/path><\/svg><svg style=\"fill: #999;color:#999\" class=\"arrow-unsorted-368013\" xmlns=\"http:\/\/www.w3.org\/2000\/svg\" width=\"10px\" height=\"10px\" viewbox=\"0 0 24 24\" version=\"1.2\" baseprofile=\"tiny\"><path d=\"M18.2 9.3l-6.2-6.3-6.2 6.3c-.2.2-.3.4-.3.7s.1.5.3.7c.2.2.4.3.7.3h11c.3 0 .5-.1.7-.3.2-.2.3-.5.3-.7s-.1-.5-.3-.7zM5.8 14.7l6.2 6.3 6.2-6.3c.2-.2.3-.5.3-.7s-.1-.5-.3-.7c-.2-.2-.4-.3-.7-.3h-11c-.3 0-.5.1-.7.3-.2.2-.3.5-.3.7s.1.5.3.7z\"\/><\/svg><\/span><\/span><\/span><\/a><\/span><\/div>\n<nav><ul class='ez-toc-list ez-toc-list-level-1' ><li class='ez-toc-page-1 ez-toc-heading-level-4'><a class=\"ez-toc-link ez-toc-heading-1\" href=\"https:\/\/saphirsmaragd.com\/es\/producto\/rosa-turmalin-ohrringe-rosegold-18-karat\/#Rosa_Turmalin_Ohrringe_Rosegold_18_Karat_%E2%80%93_Zeitlose_Eleganz_in_Edelsteinform\" >Rosa Turmalin Ohrringe Ros\u00e9gold 18 Karat \u2013 Zeitlose Eleganz in Edelsteinform<\/a><\/li><li class='ez-toc-page-1 ez-toc-heading-level-4'><a class=\"ez-toc-link ez-toc-heading-2\" href=\"https:\/\/saphirsmaragd.com\/es\/producto\/rosa-turmalin-ohrringe-rosegold-18-karat\/#Merkmale_Herkunft\" >Caracter\u00edsticas y origen<\/a><\/li><li class='ez-toc-page-1 ez-toc-heading-level-4'><a class=\"ez-toc-link ez-toc-heading-3\" href=\"https:\/\/saphirsmaragd.com\/es\/producto\/rosa-turmalin-ohrringe-rosegold-18-karat\/#Besonderheiten\" >Caracter\u00edsticas especiales<\/a><\/li><li class='ez-toc-page-1 ez-toc-heading-level-4'><a class=\"ez-toc-link ez-toc-heading-4\" href=\"https:\/\/saphirsmaragd.com\/es\/producto\/rosa-turmalin-ohrringe-rosegold-18-karat\/#Mehr_uber_unsere_Edelsteine\" >M\u00e1s informaci\u00f3n sobre nuestras piedras preciosas<\/a><\/li><li class='ez-toc-page-1 ez-toc-heading-level-4'><a class=\"ez-toc-link ez-toc-heading-5\" href=\"https:\/\/saphirsmaragd.com\/es\/producto\/rosa-turmalin-ohrringe-rosegold-18-karat\/#Weitere_Infos\" >M\u00e1s informaci\u00f3n<\/a><\/li><\/ul><\/nav><\/div>\n<h4 data-start=\"1128\" data-end=\"1210\"><span class=\"ez-toc-section\" id=\"Rosa_Turmalin_Ohrringe_Rosegold_18_Karat_%E2%80%93_Zeitlose_Eleganz_in_Edelsteinform\"><\/span>Rosa Turmalin Ohrringe Ros\u00e9gold 18 Karat \u2013 Zeitlose Eleganz in Edelsteinform<span class=\"ez-toc-section-end\"><\/span><\/h4>\n<p data-start=\"1211\" data-end=\"1510\">Diese hochwertigen <strong data-start=\"1230\" data-end=\"1278\">Rosa Turmalin Ohrringe aus 18 Karat Ros\u00e9gold<\/strong> vereinen klare Geometrie mit der nat\u00fcrlichen Sch\u00f6nheit fein geschliffener Edelsteine. Die ovalen Turmaline sind harmonisch in warmes Ros\u00e9gold gefasst und entfalten eine elegante, feminine Ausstrahlung \u2013 dezent, aber ausdrucksstark.<\/p>\n<hr data-start=\"1512\" data-end=\"1515\" \/>\n<h4 data-start=\"1517\" data-end=\"1542\"><span class=\"ez-toc-section\" id=\"Merkmale_Herkunft\"><\/span>Caracter\u00edsticas y origen<span class=\"ez-toc-section-end\"><\/span><\/h4>\n<p data-start=\"1543\" data-end=\"1895\">Produktart: Ohrringe<br data-start=\"223\" data-end=\"226\" \/>Tipo de piedra: Turmalina<br data-start=\"244\" data-end=\"247\" \/>Anzahl Steine: 2 nat\u00fcrliche Turmaline<br data-start=\"284\" data-end=\"287\" \/>Forma: Oval facetado<br data-start=\"308\" data-end=\"311\" \/>Farbe: Intensives Rosa<br data-start=\"333\" data-end=\"336\" \/>Gesamtgewicht Steine: ca. 1.06 Karat (Paar)<br data-start=\"379\" data-end=\"382\" \/>Reinheit: Kleine Einschl\u00fcsse (unter 10-facher Vergr\u00f6\u00dferung sichtbar)<br data-start=\"450\" data-end=\"453\" \/>Tratamiento: Sin tratar<br data-start=\"476\" data-end=\"479\" \/>Dureza Mohs: 7-7,5<br data-start=\"496\" data-end=\"499\" \/>Fassung: Krappenfassung (4 Krappen)<br data-start=\"534\" data-end=\"537\" \/>Metall: Ros\u00e9gold<br data-start=\"553\" data-end=\"556\" \/>Legierung: 18 Karat Ros\u00e9gold (750\/1000)<br data-start=\"595\" data-end=\"598\" \/>Verschluss: Ohrstecker (Kinderwagenverschluss)<br data-start=\"644\" data-end=\"647\" \/>Gewicht Schmuck: ca. 2.40 g<br data-start=\"674\" data-end=\"677\" \/>Herkunft Steine: Nat\u00fcrlich<br data-start=\"703\" data-end=\"706\" \/>Zertifikat: Echtheitsbest\u00e4tigung des Juweliers<br data-start=\"752\" data-end=\"755\" \/>Estado: Nuevo<\/p>\n<hr data-start=\"1897\" data-end=\"1900\" \/>\n<h4 data-start=\"1902\" data-end=\"1922\"><span class=\"ez-toc-section\" id=\"Besonderheiten\"><\/span>Caracter\u00edsticas especiales<span class=\"ez-toc-section-end\"><\/span><\/h4>\n<p data-start=\"1923\" data-end=\"2350\">Rosa Turmalin z\u00e4hlt zu den beliebtesten Farbvariet\u00e4ten dieser Edelsteinfamilie. Seine lebendige Farbe, kombiniert mit hoher Transparenz, macht ihn zu einem gesch\u00e4tzten Schmuckstein. Die feinen Einschl\u00fcsse best\u00e4tigen die nat\u00fcrliche Herkunft und unterstreichen den authentischen Charakter des Edelsteins. Das verwendete <strong data-start=\"2241\" data-end=\"2276\">18-kar\u00e4tige Ros\u00e9gold (750\/1000)<\/strong> steht f\u00fcr Langlebigkeit, Wertigkeit und eine besonders warme Farbwirkung.<\/p>\n<hr data-start=\"1926\" data-end=\"1929\" \/>\n<h4 data-start=\"1931\" data-end=\"1971\"><span class=\"ez-toc-section\" id=\"Mehr_uber_unsere_Edelsteine\"><\/span>M\u00e1s informaci\u00f3n sobre nuestras piedras preciosas<span class=\"ez-toc-section-end\"><\/span><\/h4>\n<p data-start=\"1972\" data-end=\"2069\"><a href=\"https:\/\/saphirsmaragd.com\/es\/product-category\/edelsteine-kaufen\/\">piedras preciosas<\/a><\/p>\n<hr data-start=\"2071\" data-end=\"2074\" \/>\n<h4 data-start=\"2076\" data-end=\"2096\"><span class=\"ez-toc-section\" id=\"Weitere_Infos\"><\/span>M\u00e1s informaci\u00f3n<span class=\"ez-toc-section-end\"><\/span><\/h4>\n<p data-start=\"2097\" data-end=\"2160\"><a class=\"decorated-link cursor-pointer\" href=\"https:\/\/de.wikipedia.org\/wiki\/Turmalingruppe\" target=\"_new\" rel=\"noopener\" data-start=\"2097\" data-end=\"2160\">Wikipedia: Turmalina<\/a><\/p>","protected":false},"excerpt":{"rendered":"<p data-start=\"884\" data-end=\"1095\"><em>Edle Rosa Turmalin Ohrringe aus 18 Karat Ros\u00e9gold mit oval facettierten Natursteinen. Handgefertigt in Frankreich, zeitloses Design, zertifizierte Qualit\u00e4t \u2013 ein elegantes Schmuckst\u00fcck f\u00fcr h\u00f6chste Anspr\u00fcche.<\/em><\/p>\n<p data-start=\"575\" data-end=\"606\">","protected":false},"featured_media":6221,"comment_status":"open","ping_status":"closed","template":"","meta":{"_glsr_average":0,"_glsr_ranking":0,"_glsr_reviews":0},"product_brand":[],"product_cat":[82,109],"product_tag":[],"class_list":{"0":"post-6220","1":"product","2":"type-product","3":"status-publish","4":"has-post-thumbnail","6":"product_cat-ohrringe-kaufen","7":"product_cat-turmalin-kaufen","8":"pa_edelsteinart-turmalin","9":"pa_farbe-rosa","10":"pa_form-oval","11":"pa_gewicht-karat-1-0-3-0-karat","12":"pa_reinheit-kleine-einschluesse","13":"pa_veredelung-behandlung-unbehandelt","14":"pa_zertifikat-ja","15":"pa_zustand-neu","17":"first","18":"instock","19":"featured","20":"sold-individually","21":"shipping-taxable","22":"purchasable","23":"product-type-simple","24":"add-to-wishlist-before_image"},"jetpack_sharing_enabled":true,"_links":{"self":[{"href":"https:\/\/saphirsmaragd.com\/es\/wp-json\/wp\/v2\/product\/6220","targetHints":{"allow":["GET"]}}],"collection":[{"href":"https:\/\/saphirsmaragd.com\/es\/wp-json\/wp\/v2\/product"}],"about":[{"href":"https:\/\/saphirsmaragd.com\/es\/wp-json\/wp\/v2\/types\/product"}],"replies":[{"embeddable":true,"href":"https:\/\/saphirsmaragd.com\/es\/wp-json\/wp\/v2\/comments?post=6220"}],"version-history":[{"count":1,"href":"https:\/\/saphirsmaragd.com\/es\/wp-json\/wp\/v2\/product\/6220\/revisions"}],"predecessor-version":[{"id":6224,"href":"https:\/\/saphirsmaragd.com\/es\/wp-json\/wp\/v2\/product\/6220\/revisions\/6224"}],"wp:featuredmedia":[{"embeddable":true,"href":"https:\/\/saphirsmaragd.com\/es\/wp-json\/wp\/v2\/media\/6221"}],"wp:attachment":[{"href":"https:\/\/saphirsmaragd.com\/es\/wp-json\/wp\/v2\/media?parent=6220"}],"wp:term":[{"taxonomy":"product_brand","embeddable":true,"href":"https:\/\/saphirsmaragd.com\/es\/wp-json\/wp\/v2\/product_brand?post=6220"},{"taxonomy":"product_cat","embeddable":true,"href":"https:\/\/saphirsmaragd.com\/es\/wp-json\/wp\/v2\/product_cat?post=6220"},{"taxonomy":"product_tag","embeddable":true,"href":"https:\/\/saphirsmaragd.com\/es\/wp-json\/wp\/v2\/product_tag?post=6220"}],"curies":[{"name":"wp","href":"https:\/\/api.w.org\/{rel}","templated":true}]}}