{"id":6511,"date":"2025-12-20T15:48:50","date_gmt":"2025-12-20T15:48:50","guid":{"rendered":"https:\/\/saphirsmaragd.com\/?post_type=product&#038;p=6511"},"modified":"2025-12-29T18:47:29","modified_gmt":"2025-12-29T18:47:29","slug":"aquamarin-29-90-karat-kissen-blau","status":"publish","type":"product","link":"https:\/\/saphirsmaragd.com\/es\/producto\/aquamarin-29-90-karat-kissen-blau\/","title":{"rendered":"Aguamarina 29.90 quilates azul coj\u00edn - Gema natural de Madagascar"},"content":{"rendered":"<div id=\"ez-toc-container\" class=\"ez-toc-v2_0_82_2 counter-hierarchy ez-toc-counter ez-toc-grey ez-toc-container-direction\">\n<div class=\"ez-toc-title-container\">\n<p class=\"ez-toc-title\" style=\"cursor:inherit\">Tabla de contenido<\/p>\n<span class=\"ez-toc-title-toggle\"><a href=\"#\" class=\"ez-toc-pull-right ez-toc-btn ez-toc-btn-xs ez-toc-btn-default ez-toc-toggle\" aria-label=\"Alternar tabla de contenidos\"><span class=\"ez-toc-js-icon-con\"><span class=\"\"><span class=\"eztoc-hide\" style=\"display:none;\">Palanca<\/span><span class=\"ez-toc-icon-toggle-span\"><svg style=\"fill: #999;color:#999\" xmlns=\"http:\/\/www.w3.org\/2000\/svg\" class=\"list-377408\" width=\"20px\" height=\"20px\" viewbox=\"0 0 24 24\" fill=\"none\"><path d=\"M6 6H4v2h2V6zm14 0H8v2h12V6zM4 11h2v2H4v-2zm16 0H8v2h12v-2zM4 16h2v2H4v-2zm16 0H8v2h12v-2z\" fill=\"currentColor\"><\/path><\/svg><svg style=\"fill: #999;color:#999\" class=\"arrow-unsorted-368013\" xmlns=\"http:\/\/www.w3.org\/2000\/svg\" width=\"10px\" height=\"10px\" viewbox=\"0 0 24 24\" version=\"1.2\" baseprofile=\"tiny\"><path d=\"M18.2 9.3l-6.2-6.3-6.2 6.3c-.2.2-.3.4-.3.7s.1.5.3.7c.2.2.4.3.7.3h11c.3 0 .5-.1.7-.3.2-.2.3-.5.3-.7s-.1-.5-.3-.7zM5.8 14.7l6.2 6.3 6.2-6.3c.2-.2.3-.5.3-.7s-.1-.5-.3-.7c-.2-.2-.4-.3-.7-.3h-11c-.3 0-.5.1-.7.3-.2.2-.3.5-.3.7s.1.5.3.7z\"\/><\/svg><\/span><\/span><\/span><\/a><\/span><\/div>\n<nav><ul class='ez-toc-list ez-toc-list-level-1' ><li class='ez-toc-page-1 ez-toc-heading-level-4'><a class=\"ez-toc-link ez-toc-heading-1\" href=\"https:\/\/saphirsmaragd.com\/es\/producto\/aquamarin-29-90-karat-kissen-blau\/#Aquamarin_2990_Karat_Kissen_Blau_%E2%80%93_Monumentale_Klarheit\" >Aquamarin 29.90 Karat Kissen Blau \u2013 Monumentale Klarheit<\/a><\/li><li class='ez-toc-page-1 ez-toc-heading-level-4'><a class=\"ez-toc-link ez-toc-heading-2\" href=\"https:\/\/saphirsmaragd.com\/es\/producto\/aquamarin-29-90-karat-kissen-blau\/#Merkmale_Herkunft\" >Caracter\u00edsticas y origen<\/a><\/li><li class='ez-toc-page-1 ez-toc-heading-level-4'><a class=\"ez-toc-link ez-toc-heading-3\" href=\"https:\/\/saphirsmaragd.com\/es\/producto\/aquamarin-29-90-karat-kissen-blau\/#Besonderheiten\" >Caracter\u00edsticas especiales<\/a><\/li><li class='ez-toc-page-1 ez-toc-heading-level-4'><a class=\"ez-toc-link ez-toc-heading-4\" href=\"https:\/\/saphirsmaragd.com\/es\/producto\/aquamarin-29-90-karat-kissen-blau\/#Mehr_uber_unsere_Edelsteine\" >M\u00e1s informaci\u00f3n sobre nuestras piedras preciosas<\/a><\/li><li class='ez-toc-page-1 ez-toc-heading-level-4'><a class=\"ez-toc-link ez-toc-heading-5\" href=\"https:\/\/saphirsmaragd.com\/es\/producto\/aquamarin-29-90-karat-kissen-blau\/#Weitere_Infos\" >M\u00e1s informaci\u00f3n<\/a><\/li><\/ul><\/nav><\/div>\n<h4 data-start=\"1270\" data-end=\"1332\"><span class=\"ez-toc-section\" id=\"Aquamarin_2990_Karat_Kissen_Blau_%E2%80%93_Monumentale_Klarheit\"><\/span>Aquamarin 29.90 Karat Kissen Blau \u2013 Monumentale Klarheit<span class=\"ez-toc-section-end\"><\/span><\/h4>\n<p data-start=\"1333\" data-end=\"1627\">Dieser Aquamarin 29.90 Karat im eleganten Kissenschliff beeindruckt durch seine au\u00dfergew\u00f6hnliche Gr\u00f6\u00dfe, kristallklare Struktur und sein intensives, k\u00fchles Blau. Ein Edelstein dieser Dimension ist eine echte Rarit\u00e4t und eignet sich ideal f\u00fcr exklusive Schmuckkreationen oder als Investmentstein.<\/p>\n<hr data-start=\"1629\" data-end=\"1632\" \/>\n<h4 data-start=\"1634\" data-end=\"1660\"><span class=\"ez-toc-section\" id=\"Merkmale_Herkunft\"><\/span>Caracter\u00edsticas y origen<span class=\"ez-toc-section-end\"><\/span><\/h4>\n<p data-start=\"1661\" data-end=\"1888\">Edelstein: Aquamarin<br data-start=\"1681\" data-end=\"1684\" \/>Color: Azul<br data-start=\"1695\" data-end=\"1698\" \/>Form: Kissen<br data-start=\"1710\" data-end=\"1713\" \/>Gewicht: 29.90 Karat<br data-start=\"1733\" data-end=\"1736\" \/>Abmessungen: 22 \u00d7 18 mm<br data-start=\"1759\" data-end=\"1762\" \/>Origen: Madagascar<br data-start=\"1782\" data-end=\"1785\" \/>Tratamiento: Sin tratar<br data-start=\"1808\" data-end=\"1811\" \/>Pureza: sin ojos<br data-start=\"1830\" data-end=\"1833\" \/>Mohs-H\u00e4rte: 7.5 \u2013 8<br data-start=\"1852\" data-end=\"1855\" \/>Estado: Nuevo<\/p>\n<hr data-start=\"1890\" data-end=\"1893\" \/>\n<h4 data-start=\"1895\" data-end=\"1916\"><span class=\"ez-toc-section\" id=\"Besonderheiten\"><\/span>Caracter\u00edsticas especiales<span class=\"ez-toc-section-end\"><\/span><\/h4>\n<p data-start=\"1917\" data-end=\"2182\">Der Aquamarin 29.90 Karat Kissen Blau besticht durch seine au\u00dfergew\u00f6hnliche Pr\u00e4senz und seine elegante Lichtreflexion. Dank seiner Gr\u00f6\u00dfe und Klarheit eignet er sich hervorragend f\u00fcr luxuri\u00f6se Einzelanfertigungen und repr\u00e4sentative Schmuckst\u00fccke mit bleibendem Wert.<\/p>\n<hr data-start=\"1926\" data-end=\"1929\" \/>\n<h4 data-start=\"1931\" data-end=\"1971\"><span class=\"ez-toc-section\" id=\"Mehr_uber_unsere_Edelsteine\"><\/span>M\u00e1s informaci\u00f3n sobre nuestras piedras preciosas<span class=\"ez-toc-section-end\"><\/span><\/h4>\n<p data-start=\"1972\" data-end=\"2069\"><a href=\"https:\/\/saphirsmaragd.com\/es\/product-category\/edelsteine-kaufen\/\">piedras preciosas<\/a><\/p>\n<hr data-start=\"2071\" data-end=\"2074\" \/>\n<h4 data-start=\"2076\" data-end=\"2096\"><span class=\"ez-toc-section\" id=\"Weitere_Infos\"><\/span>M\u00e1s informaci\u00f3n<span class=\"ez-toc-section-end\"><\/span><\/h4>\n<p data-start=\"2097\" data-end=\"2160\"><a class=\"decorated-link cursor-pointer\" href=\"https:\/\/de.wikipedia.org\/wiki\/Aquamarin\" target=\"_new\" rel=\"noopener\" data-start=\"2097\" data-end=\"2160\">Wikipedia: Aquamarin<\/a><\/p>","protected":false},"excerpt":{"rendered":"<p data-start=\"1270\" data-end=\"1332\"><em>Aquamarin 29.90 Karat Kissen Blau aus Madagaskar. Nat\u00fcrlicher blauer Edelstein mit au\u00dfergew\u00f6hnlicher Gr\u00f6\u00dfe und brillanter Klarheit.<\/em><\/p>\n<p data-start=\"1627\" data-end=\"1707\">","protected":false},"featured_media":6512,"comment_status":"open","ping_status":"closed","template":"","meta":{"_glsr_average":0,"_glsr_ranking":0,"_glsr_reviews":0},"product_brand":[],"product_cat":[77],"product_tag":[],"class_list":{"0":"post-6511","1":"product","2":"type-product","3":"status-publish","4":"has-post-thumbnail","6":"product_cat-aquamarin-kaufen","7":"pa_edelsteinart-aquamarin","8":"pa_farbe-blau","9":"pa_form-kissen","10":"pa_gewicht-karat-20-50-karat","11":"pa_reinheit-augenrein","12":"pa_veredelung-behandlung-unbehandelt","13":"pa_zustand-neu","15":"first","16":"instock","17":"featured","18":"sold-individually","19":"shipping-taxable","20":"purchasable","21":"product-type-simple","22":"add-to-wishlist-before_image"},"jetpack_sharing_enabled":true,"_links":{"self":[{"href":"https:\/\/saphirsmaragd.com\/es\/wp-json\/wp\/v2\/product\/6511","targetHints":{"allow":["GET"]}}],"collection":[{"href":"https:\/\/saphirsmaragd.com\/es\/wp-json\/wp\/v2\/product"}],"about":[{"href":"https:\/\/saphirsmaragd.com\/es\/wp-json\/wp\/v2\/types\/product"}],"replies":[{"embeddable":true,"href":"https:\/\/saphirsmaragd.com\/es\/wp-json\/wp\/v2\/comments?post=6511"}],"version-history":[{"count":1,"href":"https:\/\/saphirsmaragd.com\/es\/wp-json\/wp\/v2\/product\/6511\/revisions"}],"predecessor-version":[{"id":6513,"href":"https:\/\/saphirsmaragd.com\/es\/wp-json\/wp\/v2\/product\/6511\/revisions\/6513"}],"wp:featuredmedia":[{"embeddable":true,"href":"https:\/\/saphirsmaragd.com\/es\/wp-json\/wp\/v2\/media\/6512"}],"wp:attachment":[{"href":"https:\/\/saphirsmaragd.com\/es\/wp-json\/wp\/v2\/media?parent=6511"}],"wp:term":[{"taxonomy":"product_brand","embeddable":true,"href":"https:\/\/saphirsmaragd.com\/es\/wp-json\/wp\/v2\/product_brand?post=6511"},{"taxonomy":"product_cat","embeddable":true,"href":"https:\/\/saphirsmaragd.com\/es\/wp-json\/wp\/v2\/product_cat?post=6511"},{"taxonomy":"product_tag","embeddable":true,"href":"https:\/\/saphirsmaragd.com\/es\/wp-json\/wp\/v2\/product_tag?post=6511"}],"curies":[{"name":"wp","href":"https:\/\/api.w.org\/{rel}","templated":true}]}}