{"id":6581,"date":"2025-12-21T15:07:47","date_gmt":"2025-12-21T15:07:47","guid":{"rendered":"https:\/\/saphirsmaragd.com\/?post_type=product&#038;p=6581"},"modified":"2025-12-29T18:47:12","modified_gmt":"2025-12-29T18:47:12","slug":"australischer-opal-freiform-21-10-karat","status":"publish","type":"product","link":"https:\/\/saphirsmaragd.com\/es\/producto\/australischer-opal-freiform-21-10-karat\/","title":{"rendered":"Australischer Opal Freiform 21.10 Karat \u2013 nat\u00fcrlicher Boulder-Opal aus Australien"},"content":{"rendered":"<div id=\"ez-toc-container\" class=\"ez-toc-v2_0_82_2 counter-hierarchy ez-toc-counter ez-toc-grey ez-toc-container-direction\">\n<div class=\"ez-toc-title-container\">\n<p class=\"ez-toc-title\" style=\"cursor:inherit\">Tabla de contenido<\/p>\n<span class=\"ez-toc-title-toggle\"><a href=\"#\" class=\"ez-toc-pull-right ez-toc-btn ez-toc-btn-xs ez-toc-btn-default ez-toc-toggle\" aria-label=\"Alternar tabla de contenidos\"><span class=\"ez-toc-js-icon-con\"><span class=\"\"><span class=\"eztoc-hide\" style=\"display:none;\">Palanca<\/span><span class=\"ez-toc-icon-toggle-span\"><svg style=\"fill: #999;color:#999\" xmlns=\"http:\/\/www.w3.org\/2000\/svg\" class=\"list-377408\" width=\"20px\" height=\"20px\" viewbox=\"0 0 24 24\" fill=\"none\"><path d=\"M6 6H4v2h2V6zm14 0H8v2h12V6zM4 11h2v2H4v-2zm16 0H8v2h12v-2zM4 16h2v2H4v-2zm16 0H8v2h12v-2z\" fill=\"currentColor\"><\/path><\/svg><svg style=\"fill: #999;color:#999\" class=\"arrow-unsorted-368013\" xmlns=\"http:\/\/www.w3.org\/2000\/svg\" width=\"10px\" height=\"10px\" viewbox=\"0 0 24 24\" version=\"1.2\" baseprofile=\"tiny\"><path d=\"M18.2 9.3l-6.2-6.3-6.2 6.3c-.2.2-.3.4-.3.7s.1.5.3.7c.2.2.4.3.7.3h11c.3 0 .5-.1.7-.3.2-.2.3-.5.3-.7s-.1-.5-.3-.7zM5.8 14.7l6.2 6.3 6.2-6.3c.2-.2.3-.5.3-.7s-.1-.5-.3-.7c-.2-.2-.4-.3-.7-.3h-11c-.3 0-.5.1-.7.3-.2.2-.3.5-.3.7s.1.5.3.7z\"\/><\/svg><\/span><\/span><\/span><\/a><\/span><\/div>\n<nav><ul class='ez-toc-list ez-toc-list-level-1' ><li class='ez-toc-page-1 ez-toc-heading-level-4'><a class=\"ez-toc-link ez-toc-heading-1\" href=\"https:\/\/saphirsmaragd.com\/es\/producto\/australischer-opal-freiform-21-10-karat\/#Australischer_Opal_Freiform_2110_Karat\" >Australischer Opal Freiform 21.10 Karat<\/a><\/li><li class='ez-toc-page-1 ez-toc-heading-level-4'><a class=\"ez-toc-link ez-toc-heading-2\" href=\"https:\/\/saphirsmaragd.com\/es\/producto\/australischer-opal-freiform-21-10-karat\/#Merkmale_Herkunft\" >Caracter\u00edsticas y origen<\/a><\/li><li class='ez-toc-page-1 ez-toc-heading-level-4'><a class=\"ez-toc-link ez-toc-heading-3\" href=\"https:\/\/saphirsmaragd.com\/es\/producto\/australischer-opal-freiform-21-10-karat\/#Besonderheiten\" >Caracter\u00edsticas especiales<\/a><\/li><li class='ez-toc-page-1 ez-toc-heading-level-4'><a class=\"ez-toc-link ez-toc-heading-4\" href=\"https:\/\/saphirsmaragd.com\/es\/producto\/australischer-opal-freiform-21-10-karat\/#Mehr_uber_unsere_Edelsteine\" >M\u00e1s informaci\u00f3n sobre nuestras piedras preciosas<\/a><\/li><li class='ez-toc-page-1 ez-toc-heading-level-4'><a class=\"ez-toc-link ez-toc-heading-5\" href=\"https:\/\/saphirsmaragd.com\/es\/producto\/australischer-opal-freiform-21-10-karat\/#Weitere_Infos\" >M\u00e1s informaci\u00f3n<\/a><\/li><\/ul><\/nav><\/div>\n<h4 data-start=\"1307\" data-end=\"1354\"><span class=\"ez-toc-section\" id=\"Australischer_Opal_Freiform_2110_Karat\"><\/span><strong data-start=\"1311\" data-end=\"1354\">Australischer Opal Freiform 21.10 Karat<\/strong><span class=\"ez-toc-section-end\"><\/span><\/h4>\n<p data-start=\"1356\" data-end=\"1670\">Dieser <strong data-start=\"1363\" data-end=\"1405\">Australische Opal Freiform 21.10 Karat<\/strong> beeindruckt durch sein au\u00dfergew\u00f6hnlich intensives Farbspiel und seine imposante Gr\u00f6\u00dfe. Der Opal zeigt leuchtende Gr\u00fcn-, Blau- und Rotnuancen auf nat\u00fcrlicher Matrix und z\u00e4hlt zu den eindrucksvollsten Opalarten f\u00fcr hochwertige Einzelanfertigungen oder Sammlerst\u00fccke.<\/p>\n<hr data-start=\"1672\" data-end=\"1675\" \/>\n<h4 data-start=\"1677\" data-end=\"1701\"><span class=\"ez-toc-section\" id=\"Merkmale_Herkunft\"><\/span>Caracter\u00edsticas y origen<span class=\"ez-toc-section-end\"><\/span><\/h4>\n<p data-start=\"1703\" data-end=\"1941\">Steinart: Opal (Boulder-Opal)<br data-start=\"1732\" data-end=\"1735\" \/>Form: Freiform<br data-start=\"1749\" data-end=\"1752\" \/>Farbe: Mehrfarbig<br data-start=\"1769\" data-end=\"1772\" \/>Gewicht: 21.10 Karat<br data-start=\"1792\" data-end=\"1795\" \/>Abmessungen: 39.7 x 17.5 mm<br data-start=\"1822\" data-end=\"1825\" \/>Herkunft: Australien<br data-start=\"1845\" data-end=\"1848\" \/>Reinheit: Undurchsichtig<br data-start=\"1872\" data-end=\"1875\" \/>Tratamiento: Sin tratar<br data-start=\"1898\" data-end=\"1901\" \/>Mohs-H\u00e4rte: 5.5\u20136.5<br data-start=\"1920\" data-end=\"1923\" \/>Zertifikat: Nein<\/p>\n<hr data-start=\"1943\" data-end=\"1946\" \/>\n<h4 data-start=\"1948\" data-end=\"1967\"><span class=\"ez-toc-section\" id=\"Besonderheiten\"><\/span>Caracter\u00edsticas especiales<span class=\"ez-toc-section-end\"><\/span><\/h4>\n<p data-start=\"1969\" data-end=\"2328\">En <strong data-start=\"1973\" data-end=\"2015\">Australische Opal Freiform 21.10 Karat<\/strong> ist ein nat\u00fcrlicher Opal auf originalem Tr\u00e4germaterial und zeigt ein lebendiges, tiefes Farbspiel mit au\u00dfergew\u00f6hnlicher Fl\u00e4chenausdehnung. Boulder-Opale dieser Gr\u00f6\u00dfe und Qualit\u00e4t sind selten und besonders bei Sammlern und Designern begehrt. Ideal f\u00fcr ausdrucksstarke Anh\u00e4nger oder einzigartige Schmuckkreationen.<\/p>\n<hr data-start=\"1926\" data-end=\"1929\" \/>\n<h4 data-start=\"1931\" data-end=\"1971\"><span class=\"ez-toc-section\" id=\"Mehr_uber_unsere_Edelsteine\"><\/span>M\u00e1s informaci\u00f3n sobre nuestras piedras preciosas<span class=\"ez-toc-section-end\"><\/span><\/h4>\n<p data-start=\"1972\" data-end=\"2069\"><a href=\"https:\/\/saphirsmaragd.com\/es\/product-category\/edelsteine-kaufen\/\">piedras preciosas<\/a><\/p>\n<hr data-start=\"2071\" data-end=\"2074\" \/>\n<h4 data-start=\"2076\" data-end=\"2096\"><span class=\"ez-toc-section\" id=\"Weitere_Infos\"><\/span>M\u00e1s informaci\u00f3n<span class=\"ez-toc-section-end\"><\/span><\/h4>\n<p><a href=\"https:\/\/de.wikipedia.org\/wiki\/Opal\" target=\"_blank\" rel=\"noopener\">Wikipedia: \u00d3palo<\/a><\/p>","protected":false},"excerpt":{"rendered":"<p data-start=\"517\" data-end=\"688\"><em>Australischer Opal Freiform 21.10 Karat aus Australien mit intensivem Farbspiel auf nat\u00fcrlicher Matrix. Gro\u00dfer, unbehandelter Boulder-Opal f\u00fcr exklusive Schmuckst\u00fccke.<\/em><\/p>\n<h3 data-start=\"660\" data-end=\"684\"><\/h3>\n<p data-start=\"575\" data-end=\"606\">","protected":false},"featured_media":6582,"comment_status":"open","ping_status":"closed","template":"","meta":{"_glsr_average":0,"_glsr_ranking":0,"_glsr_reviews":0},"product_brand":[],"product_cat":[75],"product_tag":[],"class_list":{"0":"post-6581","1":"product","2":"type-product","3":"status-publish","4":"has-post-thumbnail","6":"product_cat-opale-kaufen","7":"pa_edelsteinart-opal","8":"pa_farbe-mehrfarbig","9":"pa_form-freiform","10":"pa_gewicht-karat-20-50-karat","11":"pa_herkunft-australien","12":"pa_reinheit-undurchsichtig","13":"pa_veredelung-behandlung-unbehandelt","14":"pa_zustand-neu","16":"first","17":"instock","18":"featured","19":"sold-individually","20":"shipping-taxable","21":"purchasable","22":"product-type-simple","23":"add-to-wishlist-before_image"},"jetpack_sharing_enabled":true,"_links":{"self":[{"href":"https:\/\/saphirsmaragd.com\/es\/wp-json\/wp\/v2\/product\/6581","targetHints":{"allow":["GET"]}}],"collection":[{"href":"https:\/\/saphirsmaragd.com\/es\/wp-json\/wp\/v2\/product"}],"about":[{"href":"https:\/\/saphirsmaragd.com\/es\/wp-json\/wp\/v2\/types\/product"}],"replies":[{"embeddable":true,"href":"https:\/\/saphirsmaragd.com\/es\/wp-json\/wp\/v2\/comments?post=6581"}],"version-history":[{"count":1,"href":"https:\/\/saphirsmaragd.com\/es\/wp-json\/wp\/v2\/product\/6581\/revisions"}],"predecessor-version":[{"id":6583,"href":"https:\/\/saphirsmaragd.com\/es\/wp-json\/wp\/v2\/product\/6581\/revisions\/6583"}],"wp:featuredmedia":[{"embeddable":true,"href":"https:\/\/saphirsmaragd.com\/es\/wp-json\/wp\/v2\/media\/6582"}],"wp:attachment":[{"href":"https:\/\/saphirsmaragd.com\/es\/wp-json\/wp\/v2\/media?parent=6581"}],"wp:term":[{"taxonomy":"product_brand","embeddable":true,"href":"https:\/\/saphirsmaragd.com\/es\/wp-json\/wp\/v2\/product_brand?post=6581"},{"taxonomy":"product_cat","embeddable":true,"href":"https:\/\/saphirsmaragd.com\/es\/wp-json\/wp\/v2\/product_cat?post=6581"},{"taxonomy":"product_tag","embeddable":true,"href":"https:\/\/saphirsmaragd.com\/es\/wp-json\/wp\/v2\/product_tag?post=6581"}],"curies":[{"name":"wp","href":"https:\/\/api.w.org\/{rel}","templated":true}]}}