{"id":7155,"date":"2025-12-28T15:58:38","date_gmt":"2025-12-28T15:58:38","guid":{"rendered":"https:\/\/saphirsmaragd.com\/?post_type=product&#038;p=7155"},"modified":"2025-12-29T18:46:09","modified_gmt":"2025-12-29T18:46:09","slug":"heliodor-beryll-oval-gelb-56-63-karat","status":"publish","type":"product","link":"https:\/\/saphirsmaragd.com\/es\/producto\/heliodor-beryll-oval-gelb-56-63-karat\/","title":{"rendered":"Heliodoro Berilo Amarillo Ovalado 56,63 quilates de Brasil"},"content":{"rendered":"<div id=\"ez-toc-container\" class=\"ez-toc-v2_0_83 counter-hierarchy ez-toc-counter ez-toc-grey ez-toc-container-direction\">\n<div class=\"ez-toc-title-container\">\n<p class=\"ez-toc-title\" style=\"cursor:inherit\">Tabla de contenido<\/p>\n<span class=\"ez-toc-title-toggle\"><a href=\"#\" class=\"ez-toc-pull-right ez-toc-btn ez-toc-btn-xs ez-toc-btn-default ez-toc-toggle\" aria-label=\"Alternar tabla de contenidos\"><span class=\"ez-toc-js-icon-con\"><span class=\"\"><span class=\"eztoc-hide\" style=\"display:none;\">Palanca<\/span><span class=\"ez-toc-icon-toggle-span\"><svg style=\"fill: #999;color:#999\" xmlns=\"http:\/\/www.w3.org\/2000\/svg\" class=\"list-377408\" width=\"20px\" height=\"20px\" viewbox=\"0 0 24 24\" fill=\"none\"><path d=\"M6 6H4v2h2V6zm14 0H8v2h12V6zM4 11h2v2H4v-2zm16 0H8v2h12v-2zM4 16h2v2H4v-2zm16 0H8v2h12v-2z\" fill=\"currentColor\"><\/path><\/svg><svg style=\"fill: #999;color:#999\" class=\"arrow-unsorted-368013\" xmlns=\"http:\/\/www.w3.org\/2000\/svg\" width=\"10px\" height=\"10px\" viewbox=\"0 0 24 24\" version=\"1.2\" baseprofile=\"tiny\"><path d=\"M18.2 9.3l-6.2-6.3-6.2 6.3c-.2.2-.3.4-.3.7s.1.5.3.7c.2.2.4.3.7.3h11c.3 0 .5-.1.7-.3.2-.2.3-.5.3-.7s-.1-.5-.3-.7zM5.8 14.7l6.2 6.3 6.2-6.3c.2-.2.3-.5.3-.7s-.1-.5-.3-.7c-.2-.2-.4-.3-.7-.3h-11c-.3 0-.5.1-.7.3-.2.2-.3.5-.3.7s.1.5.3.7z\"\/><\/svg><\/span><\/span><\/span><\/a><\/span><\/div>\n<nav><ul class='ez-toc-list ez-toc-list-level-1' ><li class='ez-toc-page-1 ez-toc-heading-level-4'><a class=\"ez-toc-link ez-toc-heading-1\" href=\"https:\/\/saphirsmaragd.com\/es\/producto\/heliodor-beryll-oval-gelb-56-63-karat\/#Heliodor_Beryll_Oval_Gelb_5663_Karat\" >Heliodor Beryll Oval Gelb 56.63 Karat<\/a><\/li><li class='ez-toc-page-1 ez-toc-heading-level-4'><a class=\"ez-toc-link ez-toc-heading-2\" href=\"https:\/\/saphirsmaragd.com\/es\/producto\/heliodor-beryll-oval-gelb-56-63-karat\/#Merkmale_Herkunft\" >Caracter\u00edsticas y origen<\/a><\/li><li class='ez-toc-page-1 ez-toc-heading-level-4'><a class=\"ez-toc-link ez-toc-heading-3\" href=\"https:\/\/saphirsmaragd.com\/es\/producto\/heliodor-beryll-oval-gelb-56-63-karat\/#Besonderheiten\" >Caracter\u00edsticas especiales<\/a><\/li><li class='ez-toc-page-1 ez-toc-heading-level-4'><a class=\"ez-toc-link ez-toc-heading-4\" href=\"https:\/\/saphirsmaragd.com\/es\/producto\/heliodor-beryll-oval-gelb-56-63-karat\/#Mehr_uber_unsere_Edelsteine\" >M\u00e1s informaci\u00f3n sobre nuestras piedras preciosas<\/a><\/li><li class='ez-toc-page-1 ez-toc-heading-level-4'><a class=\"ez-toc-link ez-toc-heading-5\" href=\"https:\/\/saphirsmaragd.com\/es\/producto\/heliodor-beryll-oval-gelb-56-63-karat\/#Weitere_Infos\" >M\u00e1s informaci\u00f3n<\/a><\/li><\/ul><\/nav><\/div>\n<h4 data-start=\"918\" data-end=\"961\"><span class=\"ez-toc-section\" id=\"Heliodor_Beryll_Oval_Gelb_5663_Karat\"><\/span>Heliodor Beryll Oval Gelb 56.63 Karat<span class=\"ez-toc-section-end\"><\/span><\/h4>\n<p data-start=\"962\" data-end=\"1279\">Dieser au\u00dfergew\u00f6hnlich gro\u00dfe Heliodor-Beryll \u00fcberzeugt durch seine intensive gelbe Farbe, seine eindrucksvolle Pr\u00e4senz und seinen eleganten ovalen Schliff. Mit \u00fcber 56 Karat z\u00e4hlt dieser Edelstein zu den seltenen Gro\u00dfformaten und eignet sich besonders f\u00fcr exklusive Schmuckst\u00fccke oder als herausragendes Sammlerst\u00fcck.<\/p>\n<hr data-start=\"1281\" data-end=\"1284\" \/>\n<h4 data-start=\"1286\" data-end=\"1312\"><span class=\"ez-toc-section\" id=\"Merkmale_Herkunft\"><\/span>Caracter\u00edsticas y origen<span class=\"ez-toc-section-end\"><\/span><\/h4>\n<p data-start=\"1313\" data-end=\"1548\">Steinart: Beryll (Heliodor)<br data-start=\"1340\" data-end=\"1343\" \/>Color: amarillo<br data-start=\"1354\" data-end=\"1357\" \/>Forma: Ovalada<br data-start=\"1367\" data-end=\"1370\" \/>Gewicht: 56.63 Karat<br data-start=\"1390\" data-end=\"1393\" \/>Abmessungen: 33.3 \u00d7 21.5 mm<br data-start=\"1420\" data-end=\"1423\" \/>Origen: Brasil<br data-start=\"1442\" data-end=\"1445\" \/>Pureza: sin ojos<br data-start=\"1464\" data-end=\"1467\" \/>Behandlung: Erhitzt<br data-start=\"1486\" data-end=\"1489\" \/>Observaci\u00f3n: Natural<br data-start=\"1511\" data-end=\"1514\" \/>Mohs-H\u00e4rte: 7.5\u20138<br data-start=\"1531\" data-end=\"1534\" \/>Estado: Nuevo<\/p>\n<hr data-start=\"1550\" data-end=\"1553\" \/>\n<h4 data-start=\"1555\" data-end=\"1576\"><span class=\"ez-toc-section\" id=\"Besonderheiten\"><\/span>Caracter\u00edsticas especiales<span class=\"ez-toc-section-end\"><\/span><\/h4>\n<p data-start=\"1577\" data-end=\"2077\">Der Heliodor Beryll Oval Gelb 56.63 Karat besticht durch seine au\u00dfergew\u00f6hnliche Gr\u00f6\u00dfe und gleichm\u00e4\u00dfige Farbverteilung. Die W\u00e4rmebehandlung ist bei Heliodor eine g\u00e4ngige Praxis, um die nat\u00fcrliche gelbe Farbe zu intensivieren und optisch zu stabilisieren. Durch den ovalen Schliff wird die Brillanz maximiert und gleichzeitig eine harmonische, elegante Linienf\u00fchrung erzeugt. Dieser Edelstein eignet sich hervorragend f\u00fcr luxuri\u00f6se Einzelanfertigungen oder als Blickfang in einer hochwertigen Sammlung.<\/p>\n<hr data-start=\"1926\" data-end=\"1929\" \/>\n<h4 data-start=\"1931\" data-end=\"1971\"><span class=\"ez-toc-section\" id=\"Mehr_uber_unsere_Edelsteine\"><\/span>M\u00e1s informaci\u00f3n sobre nuestras piedras preciosas<span class=\"ez-toc-section-end\"><\/span><\/h4>\n<p data-start=\"1972\" data-end=\"2069\"><a href=\"https:\/\/saphirsmaragd.com\/es\/product-category\/edelsteine-kaufen\/\">piedras preciosas<\/a><\/p>\n<hr data-start=\"2071\" data-end=\"2074\" \/>\n<h4 data-start=\"2076\" data-end=\"2096\"><span class=\"ez-toc-section\" id=\"Weitere_Infos\"><\/span>M\u00e1s informaci\u00f3n<span class=\"ez-toc-section-end\"><\/span><\/h4>\n<p data-start=\"2097\" data-end=\"2160\"><a class=\"decorated-link cursor-pointer\" href=\"https:\/\/de.wikipedia.org\/wiki\/Beryll\" target=\"_new\" rel=\"noopener\" data-start=\"2097\" data-end=\"2160\">Wikipedia: Beryll<\/a><\/p>","protected":false},"excerpt":{"rendered":"<p data-start=\"668\" data-end=\"808\"><em>Heliodor Beryll Oval Gelb 56.63 Karat aus Brasilien, oval geschliffen und erhitzt. Eindrucksvoller gelber Beryll in au\u00dfergew\u00f6hnlicher Gr\u00f6\u00dfe.<\/em><\/p>\n<p data-start=\"575\" data-end=\"606\">","protected":false},"featured_media":7156,"comment_status":"open","ping_status":"closed","template":"","meta":{"_glsr_average":0,"_glsr_ranking":0,"_glsr_reviews":0},"product_brand":[],"product_cat":[305],"product_tag":[],"class_list":{"0":"post-7155","1":"product","2":"type-product","3":"status-publish","4":"has-post-thumbnail","6":"product_cat-seltene-edelsteine","7":"pa_edelsteinart-seltene-edelsteine","8":"pa_farbe-gelb","9":"pa_form-oval","10":"pa_gewicht-karat-50-100-karat","11":"pa_herkunft-brasilien","12":"pa_reinheit-augenrein","13":"pa_veredelung-behandlung-erhitzt","14":"pa_zustand-neu","16":"first","17":"instock","18":"featured","19":"sold-individually","20":"shipping-taxable","21":"purchasable","22":"product-type-simple","23":"add-to-wishlist-before_image"},"jetpack_sharing_enabled":true,"_links":{"self":[{"href":"https:\/\/saphirsmaragd.com\/es\/wp-json\/wp\/v2\/product\/7155","targetHints":{"allow":["GET"]}}],"collection":[{"href":"https:\/\/saphirsmaragd.com\/es\/wp-json\/wp\/v2\/product"}],"about":[{"href":"https:\/\/saphirsmaragd.com\/es\/wp-json\/wp\/v2\/types\/product"}],"replies":[{"embeddable":true,"href":"https:\/\/saphirsmaragd.com\/es\/wp-json\/wp\/v2\/comments?post=7155"}],"version-history":[{"count":1,"href":"https:\/\/saphirsmaragd.com\/es\/wp-json\/wp\/v2\/product\/7155\/revisions"}],"predecessor-version":[{"id":7157,"href":"https:\/\/saphirsmaragd.com\/es\/wp-json\/wp\/v2\/product\/7155\/revisions\/7157"}],"wp:featuredmedia":[{"embeddable":true,"href":"https:\/\/saphirsmaragd.com\/es\/wp-json\/wp\/v2\/media\/7156"}],"wp:attachment":[{"href":"https:\/\/saphirsmaragd.com\/es\/wp-json\/wp\/v2\/media?parent=7155"}],"wp:term":[{"taxonomy":"product_brand","embeddable":true,"href":"https:\/\/saphirsmaragd.com\/es\/wp-json\/wp\/v2\/product_brand?post=7155"},{"taxonomy":"product_cat","embeddable":true,"href":"https:\/\/saphirsmaragd.com\/es\/wp-json\/wp\/v2\/product_cat?post=7155"},{"taxonomy":"product_tag","embeddable":true,"href":"https:\/\/saphirsmaragd.com\/es\/wp-json\/wp\/v2\/product_tag?post=7155"}],"curies":[{"name":"wp","href":"https:\/\/api.w.org\/{rel}","templated":true}]}}