{"id":8287,"date":"2026-03-22T13:02:33","date_gmt":"2026-03-22T13:02:33","guid":{"rendered":"https:\/\/saphirsmaragd.com\/?post_type=product&#038;p=8287"},"modified":"2026-03-22T13:09:11","modified_gmt":"2026-03-22T13:09:11","slug":"quarz-mit-dumortierit-einschluessen-tropfen-farbe-blau-4-69-karat","status":"publish","type":"product","link":"https:\/\/saphirsmaragd.com\/es\/producto\/quarz-mit-dumortierit-einschluessen-tropfen-farbe-blau-4-69-karat\/","title":{"rendered":"Quarz mit Dumortierit Einschl\u00fcssen Tropfen Farbe blau 4.69 Karat \u2013 Seltener Edelstein aus Brasilien"},"content":{"rendered":"<div id=\"ez-toc-container\" class=\"ez-toc-v2_0_83 counter-hierarchy ez-toc-counter ez-toc-grey ez-toc-container-direction\">\n<div class=\"ez-toc-title-container\">\n<p class=\"ez-toc-title\" style=\"cursor:inherit\">Tabla de contenido<\/p>\n<span class=\"ez-toc-title-toggle\"><a href=\"#\" class=\"ez-toc-pull-right ez-toc-btn ez-toc-btn-xs ez-toc-btn-default ez-toc-toggle\" aria-label=\"Alternar tabla de contenidos\"><span class=\"ez-toc-js-icon-con\"><span class=\"\"><span class=\"eztoc-hide\" style=\"display:none;\">Palanca<\/span><span class=\"ez-toc-icon-toggle-span\"><svg style=\"fill: #999;color:#999\" xmlns=\"http:\/\/www.w3.org\/2000\/svg\" class=\"list-377408\" width=\"20px\" height=\"20px\" viewbox=\"0 0 24 24\" fill=\"none\"><path d=\"M6 6H4v2h2V6zm14 0H8v2h12V6zM4 11h2v2H4v-2zm16 0H8v2h12v-2zM4 16h2v2H4v-2zm16 0H8v2h12v-2z\" fill=\"currentColor\"><\/path><\/svg><svg style=\"fill: #999;color:#999\" class=\"arrow-unsorted-368013\" xmlns=\"http:\/\/www.w3.org\/2000\/svg\" width=\"10px\" height=\"10px\" viewbox=\"0 0 24 24\" version=\"1.2\" baseprofile=\"tiny\"><path d=\"M18.2 9.3l-6.2-6.3-6.2 6.3c-.2.2-.3.4-.3.7s.1.5.3.7c.2.2.4.3.7.3h11c.3 0 .5-.1.7-.3.2-.2.3-.5.3-.7s-.1-.5-.3-.7zM5.8 14.7l6.2 6.3 6.2-6.3c.2-.2.3-.5.3-.7s-.1-.5-.3-.7c-.2-.2-.4-.3-.7-.3h-11c-.3 0-.5.1-.7.3-.2.2-.3.5-.3.7s.1.5.3.7z\"\/><\/svg><\/span><\/span><\/span><\/a><\/span><\/div>\n<nav><ul class='ez-toc-list ez-toc-list-level-1' ><li class='ez-toc-page-1 ez-toc-heading-level-4'><a class=\"ez-toc-link ez-toc-heading-1\" href=\"https:\/\/saphirsmaragd.com\/es\/producto\/quarz-mit-dumortierit-einschluessen-tropfen-farbe-blau-4-69-karat\/#Merkmale_Herkunft\" >Merkmale &amp; Herkunft:<\/a><\/li><li class='ez-toc-page-1 ez-toc-heading-level-4'><a class=\"ez-toc-link ez-toc-heading-2\" href=\"https:\/\/saphirsmaragd.com\/es\/producto\/quarz-mit-dumortierit-einschluessen-tropfen-farbe-blau-4-69-karat\/#Besonderheiten\" >Besonderheiten:<\/a><\/li><li class='ez-toc-page-1 ez-toc-heading-level-4'><a class=\"ez-toc-link ez-toc-heading-3\" href=\"https:\/\/saphirsmaragd.com\/es\/producto\/quarz-mit-dumortierit-einschluessen-tropfen-farbe-blau-4-69-karat\/#Weitere_Inspiration_entdecken\" >Weitere Inspiration entdecken<\/a><\/li><\/ul><\/nav><\/div>\n<p data-start=\"951\" data-end=\"1246\">Der Quarz mit Dumortierit Einschl\u00fcssen Tropfen Farbe blau 4.69 Karat ist ein au\u00dfergew\u00f6hnlicher Edelstein, der durch seine seltenen, faserartigen Einschl\u00fcsse fasziniert. Diese nat\u00fcrlichen Strukturen verleihen dem Stein eine wolkige bis nadelartige Optik und machen jedes Exemplar zu einem Unikat.<\/p>\n<hr data-start=\"1248\" data-end=\"1251\" \/>\n<h4 data-start=\"1253\" data-end=\"1278\"><span class=\"ez-toc-section\" id=\"Merkmale_Herkunft\"><\/span>Merkmale &amp; Herkunft:<span class=\"ez-toc-section-end\"><\/span><\/h4>\n<p data-start=\"1280\" data-end=\"1518\">Farbe: Blau mit Einschl\u00fcssen<br data-start=\"1308\" data-end=\"1311\" \/>Form: Tropfen<br data-start=\"1324\" data-end=\"1327\" \/>Origen: Brasil<br data-start=\"1346\" data-end=\"1349\" \/>Gewicht: 4.69 Karat<br data-start=\"1368\" data-end=\"1371\" \/>Ma\u00dfe: 13.6 x 10.6 mm<br data-start=\"1391\" data-end=\"1394\" \/>Claridad: inclusiones claras<br data-start=\"1425\" data-end=\"1428\" \/>Tratamiento: Sin tratar<br data-start=\"1451\" data-end=\"1454\" \/>Estado: Nuevo<br data-start=\"1466\" data-end=\"1469\" \/>Steinart: Quarz mit Dumortierit<br data-start=\"1500\" data-end=\"1503\" \/>Mohs-H\u00e4rte: 7<\/p>\n<hr data-start=\"1520\" data-end=\"1523\" \/>\n<h4 data-start=\"1525\" data-end=\"1545\"><span class=\"ez-toc-section\" id=\"Besonderheiten\"><\/span>Besonderheiten:<span class=\"ez-toc-section-end\"><\/span><\/h4>\n<p data-start=\"1547\" data-end=\"1851\">Der Quarz mit Dumortierit Einschl\u00fcssen Tropfen Farbe blau 4.69 Karat geh\u00f6rt zu den seltenen Variet\u00e4ten innerhalb der Einschlusssteine. Die blauen Dumortierit-Strukturen entstehen tief im Inneren des Quarzes und bilden einzigartige Muster, die oft an Landschaften, Nebel oder feine Pinselstriche erinnern.<\/p>\n<p data-start=\"1853\" data-end=\"2042\">Im Gegensatz zu klassischen klaren Edelsteinen liegt hier der Wert gerade in den Einschl\u00fcssen. Sie sind kein Makel, sondern ein nat\u00fcrliches Kunstwerk, das jeden Stein unverwechselbar macht.<\/p>\n<p data-start=\"2044\" data-end=\"2231\">Der Tropfenschliff verst\u00e4rkt die visuelle Tiefe des Steins und eignet sich besonders f\u00fcr Anh\u00e4nger oder individuelle Schmuckdesigns, bei denen die nat\u00fcrliche Struktur im Mittelpunkt steht.<\/p>\n<hr data-start=\"1926\" data-end=\"1929\" \/>\n<h4 data-start=\"413\" data-end=\"449\"><span class=\"ez-toc-section\" id=\"Weitere_Inspiration_entdecken\"><\/span>Weitere Inspiration entdecken<span class=\"ez-toc-section-end\"><\/span><\/h4>\n<p data-start=\"450\" data-end=\"582\">Suchen Sie weitere besondere Produkte? Entdecken Sie zus\u00e4tzliche Highlights in unserem Sortiment oder besuchen Sie unsere Partnerprojekte:<\/p>\n<ul data-start=\"584\" data-end=\"920\">\n<li data-start=\"584\" data-end=\"656\"><a href=\"https:\/\/saphirsmaragd.com\/es\/shop\/\">Weitere Edelsteine &amp; Schmuckst\u00fccke bei Saphir &amp; Smaragd entdecken<\/a><\/li>\n<li data-start=\"657\" data-end=\"783\">\n<p data-start=\"659\" data-end=\"783\"><a href=\"https:\/\/honigbee.com\/shop\/\" target=\"_blank\" rel=\"noopener\">Nat\u00fcrliche Produkte bei Honigbee ansehen<br \/>\n<\/a><\/p>\n<\/li>\n<li data-start=\"784\" data-end=\"920\">\n<p data-start=\"786\" data-end=\"920\"><a href=\"https:\/\/matvana.com\/shop\/\" target=\"_blank\" rel=\"noopener\">Stilvolle Wohnideen bei Matvana erkunden<\/a><\/p>\n<\/li>\n<\/ul>","protected":false},"excerpt":{"rendered":"<p data-start=\"527\" data-end=\"680\"><em>Quarz mit Dumortierit Einschl\u00fcssen Tropfen Farbe blau 4.69 Karat aus Brasilien \u2013 einzigartiger Edelstein mit faszinierenden nat\u00fcrlichen Einschl\u00fcssen.<\/em><\/p>","protected":false},"featured_media":8289,"comment_status":"open","ping_status":"closed","template":"","meta":{"_glsr_average":0,"_glsr_ranking":0,"_glsr_reviews":0},"product_brand":[],"product_cat":[283,305],"product_tag":[],"class_list":{"0":"post-8287","1":"product","2":"type-product","3":"status-publish","4":"has-post-thumbnail","6":"product_cat-quarz","7":"product_cat-seltene-edelsteine","8":"pa_edelsteinart-quarz","9":"pa_farbe-blau","10":"pa_form-tropfen","11":"pa_gewicht-karat-3-0-5-0-karat","12":"pa_herkunft-brasilien","13":"pa_reinheit-deutliche-einschluesse","14":"pa_zustand-neu","16":"first","17":"instock","18":"featured","19":"sold-individually","20":"shipping-taxable","21":"purchasable","22":"product-type-simple","23":"add-to-wishlist-before_image"},"jetpack_sharing_enabled":true,"_links":{"self":[{"href":"https:\/\/saphirsmaragd.com\/es\/wp-json\/wp\/v2\/product\/8287","targetHints":{"allow":["GET"]}}],"collection":[{"href":"https:\/\/saphirsmaragd.com\/es\/wp-json\/wp\/v2\/product"}],"about":[{"href":"https:\/\/saphirsmaragd.com\/es\/wp-json\/wp\/v2\/types\/product"}],"replies":[{"embeddable":true,"href":"https:\/\/saphirsmaragd.com\/es\/wp-json\/wp\/v2\/comments?post=8287"}],"version-history":[{"count":1,"href":"https:\/\/saphirsmaragd.com\/es\/wp-json\/wp\/v2\/product\/8287\/revisions"}],"predecessor-version":[{"id":8290,"href":"https:\/\/saphirsmaragd.com\/es\/wp-json\/wp\/v2\/product\/8287\/revisions\/8290"}],"wp:featuredmedia":[{"embeddable":true,"href":"https:\/\/saphirsmaragd.com\/es\/wp-json\/wp\/v2\/media\/8289"}],"wp:attachment":[{"href":"https:\/\/saphirsmaragd.com\/es\/wp-json\/wp\/v2\/media?parent=8287"}],"wp:term":[{"taxonomy":"product_brand","embeddable":true,"href":"https:\/\/saphirsmaragd.com\/es\/wp-json\/wp\/v2\/product_brand?post=8287"},{"taxonomy":"product_cat","embeddable":true,"href":"https:\/\/saphirsmaragd.com\/es\/wp-json\/wp\/v2\/product_cat?post=8287"},{"taxonomy":"product_tag","embeddable":true,"href":"https:\/\/saphirsmaragd.com\/es\/wp-json\/wp\/v2\/product_tag?post=8287"}],"curies":[{"name":"wp","href":"https:\/\/api.w.org\/{rel}","templated":true}]}}