{"id":8300,"date":"2026-03-24T15:45:11","date_gmt":"2026-03-24T15:45:11","guid":{"rendered":"https:\/\/saphirsmaragd.com\/?post_type=product&#038;p=8300"},"modified":"2026-03-24T15:48:40","modified_gmt":"2026-03-24T15:48:40","slug":"cyanit-oval-farbe-blau-7-70-karat","status":"publish","type":"product","link":"https:\/\/saphirsmaragd.com\/es\/producto\/cyanit-oval-farbe-blau-7-70-karat\/","title":{"rendered":"Cyanit Oval Farbe blau 7.70 Karat \u2013 Nat\u00fcrlicher Edelstein aus Nepal"},"content":{"rendered":"<p data-start=\"746\" data-end=\"1005\">Der Cyanit Oval Farbe blau 7.70 Karat \u00fcberzeugt durch seine intensive blaue Farbgebung und seine elegante Ausstrahlung. Dieser Edelstein aus Nepal geh\u00f6rt zu den weniger bekannten, aber besonders faszinierenden Mineralien im Bereich hochwertiger Schmucksteine.<\/p>\n<hr data-start=\"1007\" data-end=\"1010\" \/>\n<div id=\"ez-toc-container\" class=\"ez-toc-v2_0_82_2 counter-hierarchy ez-toc-counter ez-toc-grey ez-toc-container-direction\">\n<div class=\"ez-toc-title-container\">\n<p class=\"ez-toc-title\" style=\"cursor:inherit\">Tabla de contenido<\/p>\n<span class=\"ez-toc-title-toggle\"><a href=\"#\" class=\"ez-toc-pull-right ez-toc-btn ez-toc-btn-xs ez-toc-btn-default ez-toc-toggle\" aria-label=\"Alternar tabla de contenidos\"><span class=\"ez-toc-js-icon-con\"><span class=\"\"><span class=\"eztoc-hide\" style=\"display:none;\">Palanca<\/span><span class=\"ez-toc-icon-toggle-span\"><svg style=\"fill: #999;color:#999\" xmlns=\"http:\/\/www.w3.org\/2000\/svg\" class=\"list-377408\" width=\"20px\" height=\"20px\" viewbox=\"0 0 24 24\" fill=\"none\"><path d=\"M6 6H4v2h2V6zm14 0H8v2h12V6zM4 11h2v2H4v-2zm16 0H8v2h12v-2zM4 16h2v2H4v-2zm16 0H8v2h12v-2z\" fill=\"currentColor\"><\/path><\/svg><svg style=\"fill: #999;color:#999\" class=\"arrow-unsorted-368013\" xmlns=\"http:\/\/www.w3.org\/2000\/svg\" width=\"10px\" height=\"10px\" viewbox=\"0 0 24 24\" version=\"1.2\" baseprofile=\"tiny\"><path d=\"M18.2 9.3l-6.2-6.3-6.2 6.3c-.2.2-.3.4-.3.7s.1.5.3.7c.2.2.4.3.7.3h11c.3 0 .5-.1.7-.3.2-.2.3-.5.3-.7s-.1-.5-.3-.7zM5.8 14.7l6.2 6.3 6.2-6.3c.2-.2.3-.5.3-.7s-.1-.5-.3-.7c-.2-.2-.4-.3-.7-.3h-11c-.3 0-.5.1-.7.3-.2.2-.3.5-.3.7s.1.5.3.7z\"\/><\/svg><\/span><\/span><\/span><\/a><\/span><\/div>\n<nav><ul class='ez-toc-list ez-toc-list-level-1' ><li class='ez-toc-page-1 ez-toc-heading-level-4'><a class=\"ez-toc-link ez-toc-heading-1\" href=\"https:\/\/saphirsmaragd.com\/es\/producto\/cyanit-oval-farbe-blau-7-70-karat\/#Merkmale_Herkunft\" >Merkmale &amp; Herkunft:<\/a><\/li><li class='ez-toc-page-1 ez-toc-heading-level-4'><a class=\"ez-toc-link ez-toc-heading-2\" href=\"https:\/\/saphirsmaragd.com\/es\/producto\/cyanit-oval-farbe-blau-7-70-karat\/#Besonderheiten\" >Besonderheiten:<\/a><\/li><li class='ez-toc-page-1 ez-toc-heading-level-4'><a class=\"ez-toc-link ez-toc-heading-3\" href=\"https:\/\/saphirsmaragd.com\/es\/producto\/cyanit-oval-farbe-blau-7-70-karat\/#Weitere_Inspiration_entdecken\" >Weitere Inspiration entdecken<\/a><\/li><\/ul><\/nav><\/div>\n<h4 data-start=\"1012\" data-end=\"1037\"><span class=\"ez-toc-section\" id=\"Merkmale_Herkunft\"><\/span>Merkmale &amp; Herkunft:<span class=\"ez-toc-section-end\"><\/span><\/h4>\n<p data-start=\"1039\" data-end=\"1246\">Farbe: Tiefblau<br data-start=\"1054\" data-end=\"1057\" \/>Forma: Ovalada<br data-start=\"1067\" data-end=\"1070\" \/>Herkunft: Nepal<br data-start=\"1085\" data-end=\"1088\" \/>Gewicht: 7.70 Karat<br data-start=\"1107\" data-end=\"1110\" \/>Ma\u00dfe: 15.3 x 9.5 mm<br data-start=\"1129\" data-end=\"1132\" \/>Reinheit: Kleine Einschl\u00fcsse<br data-start=\"1160\" data-end=\"1163\" \/>Tratamiento: Sin tratar<br data-start=\"1186\" data-end=\"1189\" \/>Estado: Nuevo<br data-start=\"1201\" data-end=\"1204\" \/>Steinart: Cyanit<br data-start=\"1220\" data-end=\"1223\" \/>Mohs-H\u00e4rte: 4.5 bis 7<\/p>\n<hr data-start=\"1248\" data-end=\"1251\" \/>\n<h4 data-start=\"1253\" data-end=\"1273\"><span class=\"ez-toc-section\" id=\"Besonderheiten\"><\/span>Besonderheiten:<span class=\"ez-toc-section-end\"><\/span><\/h4>\n<p data-start=\"1275\" data-end=\"1552\">Der Cyanit Oval Farbe blau 7.70 Karat zeichnet sich durch seine au\u00dfergew\u00f6hnlich intensive blaue Farbe aus, die oft mit hochwertigen Saphiren verglichen wird. Gleichzeitig besitzt Cyanit eine eigene, einzigartige Struktur, die ihn deutlich von anderen Edelsteinen unterscheidet.<\/p>\n<p data-start=\"1554\" data-end=\"1818\">Ein besonderes Merkmal dieses Edelsteins ist seine anisotrope H\u00e4rte \u2013 je nach Richtung variiert seine Widerstandsf\u00e4higkeit. Dadurch gilt Cyanit als anspruchsvoller Stein in der Verarbeitung und wird vor allem f\u00fcr exklusive und individuelle Schmuckst\u00fccke verwendet.<\/p>\n<p data-start=\"1820\" data-end=\"1983\">Durch seine Gr\u00f6\u00dfe und Farbintensit\u00e4t eignet sich dieser Edelstein ideal f\u00fcr auff\u00e4llige Designs, bei denen die nat\u00fcrliche Sch\u00f6nheit des Steins im Mittelpunkt steht.<\/p>\n<hr data-start=\"1926\" data-end=\"1929\" \/>\n<h4 data-start=\"413\" data-end=\"449\"><span class=\"ez-toc-section\" id=\"Weitere_Inspiration_entdecken\"><\/span>Weitere Inspiration entdecken<span class=\"ez-toc-section-end\"><\/span><\/h4>\n<p data-start=\"450\" data-end=\"582\">Suchen Sie weitere besondere Produkte? Entdecken Sie zus\u00e4tzliche Highlights in unserem Sortiment oder besuchen Sie unsere Partnerprojekte:<\/p>\n<ul data-start=\"584\" data-end=\"920\">\n<li data-start=\"584\" data-end=\"656\"><a href=\"https:\/\/saphirsmaragd.com\/es\/shop\/\">Weitere Edelsteine &amp; Schmuckst\u00fccke bei Saphir &amp; Smaragd entdecken<\/a><\/li>\n<li data-start=\"657\" data-end=\"783\">\n<p data-start=\"659\" data-end=\"783\"><a href=\"https:\/\/honigbee.com\/shop\/\" target=\"_blank\" rel=\"noopener\">Nat\u00fcrliche Produkte bei Honigbee ansehen<br \/>\n<\/a><\/p>\n<\/li>\n<li data-start=\"784\" data-end=\"920\">\n<p data-start=\"786\" data-end=\"920\"><a href=\"https:\/\/matvana.com\/shop\/\" target=\"_blank\" rel=\"noopener\">Stilvolle Wohnideen bei Matvana erkunden<\/a><\/p>\n<\/li>\n<\/ul>","protected":false},"excerpt":{"rendered":"<p data-start=\"395\" data-end=\"521\"><em>Cyanit Oval Farbe blau 7.70 Karat aus Nepal \u2013 nat\u00fcrlicher Edelstein mit intensiver blauer Farbe und besonderer Seltenheit.<\/em><\/p>","protected":false},"featured_media":8301,"comment_status":"open","ping_status":"closed","template":"","meta":{"_glsr_average":0,"_glsr_ranking":0,"_glsr_reviews":0},"product_brand":[],"product_cat":[305],"product_tag":[],"class_list":{"0":"post-8300","1":"product","2":"type-product","3":"status-publish","4":"has-post-thumbnail","6":"product_cat-seltene-edelsteine","7":"pa_edelsteinart-seltene-edelsteine","8":"pa_farbe-blau","9":"pa_form-oval","10":"pa_gewicht-karat-5-0-10-karat","11":"pa_herkunft-nepal","12":"pa_reinheit-kleine-einschluesse","13":"pa_veredelung-behandlung-unbehandelt","14":"pa_zustand-neu","16":"first","17":"instock","18":"featured","19":"sold-individually","20":"shipping-taxable","21":"purchasable","22":"product-type-simple","23":"add-to-wishlist-before_image"},"jetpack_sharing_enabled":true,"_links":{"self":[{"href":"https:\/\/saphirsmaragd.com\/es\/wp-json\/wp\/v2\/product\/8300","targetHints":{"allow":["GET"]}}],"collection":[{"href":"https:\/\/saphirsmaragd.com\/es\/wp-json\/wp\/v2\/product"}],"about":[{"href":"https:\/\/saphirsmaragd.com\/es\/wp-json\/wp\/v2\/types\/product"}],"replies":[{"embeddable":true,"href":"https:\/\/saphirsmaragd.com\/es\/wp-json\/wp\/v2\/comments?post=8300"}],"version-history":[{"count":1,"href":"https:\/\/saphirsmaragd.com\/es\/wp-json\/wp\/v2\/product\/8300\/revisions"}],"predecessor-version":[{"id":8302,"href":"https:\/\/saphirsmaragd.com\/es\/wp-json\/wp\/v2\/product\/8300\/revisions\/8302"}],"wp:featuredmedia":[{"embeddable":true,"href":"https:\/\/saphirsmaragd.com\/es\/wp-json\/wp\/v2\/media\/8301"}],"wp:attachment":[{"href":"https:\/\/saphirsmaragd.com\/es\/wp-json\/wp\/v2\/media?parent=8300"}],"wp:term":[{"taxonomy":"product_brand","embeddable":true,"href":"https:\/\/saphirsmaragd.com\/es\/wp-json\/wp\/v2\/product_brand?post=8300"},{"taxonomy":"product_cat","embeddable":true,"href":"https:\/\/saphirsmaragd.com\/es\/wp-json\/wp\/v2\/product_cat?post=8300"},{"taxonomy":"product_tag","embeddable":true,"href":"https:\/\/saphirsmaragd.com\/es\/wp-json\/wp\/v2\/product_tag?post=8300"}],"curies":[{"name":"wp","href":"https:\/\/api.w.org\/{rel}","templated":true}]}}