{"id":8388,"date":"2026-03-27T18:19:50","date_gmt":"2026-03-27T18:19:50","guid":{"rendered":"https:\/\/saphirsmaragd.com\/?post_type=product&#038;p=8388"},"modified":"2026-03-27T18:31:14","modified_gmt":"2026-03-27T18:31:14","slug":"lavendelquarz-birne-konkav-farbe-violett-20-57-karat","status":"publish","type":"product","link":"https:\/\/saphirsmaragd.com\/es\/producto\/lavendelquarz-birne-konkav-farbe-violett-20-57-karat\/","title":{"rendered":"Lavendelquarz birne konkav Farbe violett 20.57 Karat \u2013 nat\u00fcrlicher Edelstein aus Brasilien"},"content":{"rendered":"<div id=\"ez-toc-container\" class=\"ez-toc-v2_0_83 counter-hierarchy ez-toc-counter ez-toc-grey ez-toc-container-direction\">\n<div class=\"ez-toc-title-container\">\n<p class=\"ez-toc-title\" style=\"cursor:inherit\">Tabla de contenido<\/p>\n<span class=\"ez-toc-title-toggle\"><a href=\"#\" class=\"ez-toc-pull-right ez-toc-btn ez-toc-btn-xs ez-toc-btn-default ez-toc-toggle\" aria-label=\"Alternar tabla de contenidos\"><span class=\"ez-toc-js-icon-con\"><span class=\"\"><span class=\"eztoc-hide\" style=\"display:none;\">Palanca<\/span><span class=\"ez-toc-icon-toggle-span\"><svg style=\"fill: #999;color:#999\" xmlns=\"http:\/\/www.w3.org\/2000\/svg\" class=\"list-377408\" width=\"20px\" height=\"20px\" viewbox=\"0 0 24 24\" fill=\"none\"><path d=\"M6 6H4v2h2V6zm14 0H8v2h12V6zM4 11h2v2H4v-2zm16 0H8v2h12v-2zM4 16h2v2H4v-2zm16 0H8v2h12v-2z\" fill=\"currentColor\"><\/path><\/svg><svg style=\"fill: #999;color:#999\" class=\"arrow-unsorted-368013\" xmlns=\"http:\/\/www.w3.org\/2000\/svg\" width=\"10px\" height=\"10px\" viewbox=\"0 0 24 24\" version=\"1.2\" baseprofile=\"tiny\"><path d=\"M18.2 9.3l-6.2-6.3-6.2 6.3c-.2.2-.3.4-.3.7s.1.5.3.7c.2.2.4.3.7.3h11c.3 0 .5-.1.7-.3.2-.2.3-.5.3-.7s-.1-.5-.3-.7zM5.8 14.7l6.2 6.3 6.2-6.3c.2-.2.3-.5.3-.7s-.1-.5-.3-.7c-.2-.2-.4-.3-.7-.3h-11c-.3 0-.5.1-.7.3-.2.2-.3.5-.3.7s.1.5.3.7z\"\/><\/svg><\/span><\/span><\/span><\/a><\/span><\/div>\n<nav><ul class='ez-toc-list ez-toc-list-level-1' ><li class='ez-toc-page-1 ez-toc-heading-level-4'><a class=\"ez-toc-link ez-toc-heading-1\" href=\"https:\/\/saphirsmaragd.com\/es\/producto\/lavendelquarz-birne-konkav-farbe-violett-20-57-karat\/#Merkmale_Herkunft\" >Merkmale &amp; Herkunft:<\/a><\/li><li class='ez-toc-page-1 ez-toc-heading-level-4'><a class=\"ez-toc-link ez-toc-heading-2\" href=\"https:\/\/saphirsmaragd.com\/es\/producto\/lavendelquarz-birne-konkav-farbe-violett-20-57-karat\/#Besonderheiten\" >Besonderheiten:<\/a><\/li><li class='ez-toc-page-1 ez-toc-heading-level-4'><a class=\"ez-toc-link ez-toc-heading-3\" href=\"https:\/\/saphirsmaragd.com\/es\/producto\/lavendelquarz-birne-konkav-farbe-violett-20-57-karat\/#Weitere_Inspiration_entdecken\" >Weitere Inspiration entdecken<\/a><\/li><\/ul><\/nav><\/div>\n<p data-start=\"842\" data-end=\"1132\">Der Lavendelquarz birne konkav Farbe violett 20.57 Karat beeindruckt durch seinen au\u00dfergew\u00f6hnlichen konkaven Schliff und seine sanfte, elegante Lavendelfarbe. Dieser Edelstein aus Brasilien verbindet moderne Schleifkunst mit nat\u00fcrlicher Sch\u00f6nheit und erzeugt eine beeindruckende Lichttiefe.<\/p>\n<hr data-start=\"1134\" data-end=\"1137\" \/>\n<h4 data-start=\"1139\" data-end=\"1164\"><span class=\"ez-toc-section\" id=\"Merkmale_Herkunft\"><\/span>Merkmale &amp; Herkunft:<span class=\"ez-toc-section-end\"><\/span><\/h4>\n<p data-start=\"1166\" data-end=\"1384\">Farbe: Violett \/ Lavendel<br data-start=\"1191\" data-end=\"1194\" \/>Molde: Pera<br data-start=\"1205\" data-end=\"1208\" \/>Origen: Brasil<br data-start=\"1227\" data-end=\"1230\" \/>Gewicht: 20.57 Karat<br data-start=\"1250\" data-end=\"1253\" \/>Ma\u00dfe: 25 x 15 mm<br data-start=\"1269\" data-end=\"1272\" \/>Pureza: sin ojos<br data-start=\"1291\" data-end=\"1294\" \/>Tratamiento: Sin tratar<br data-start=\"1317\" data-end=\"1320\" \/>Estado: Nuevo<br data-start=\"1332\" data-end=\"1335\" \/>Steinart: Quarz (Lavendelquarz)<br data-start=\"1366\" data-end=\"1369\" \/>Mohs-H\u00e4rte: 7<\/p>\n<hr data-start=\"1386\" data-end=\"1389\" \/>\n<h4 data-start=\"1391\" data-end=\"1411\"><span class=\"ez-toc-section\" id=\"Besonderheiten\"><\/span>Besonderheiten:<span class=\"ez-toc-section-end\"><\/span><\/h4>\n<p data-start=\"1413\" data-end=\"1705\">Der Lavendelquarz birne konkav Farbe violett 20.57 Karat hebt sich durch seinen konkaven Schliff deutlich von klassischen Edelsteinen ab. Diese moderne Schleiftechnik sorgt f\u00fcr eine au\u00dfergew\u00f6hnliche Lichtbrechung und erzeugt eine optische Tiefe, die den Stein besonders lebendig wirken l\u00e4sst.<\/p>\n<p data-start=\"1707\" data-end=\"1904\">Die zarte Lavendelfarbe verleiht dem Edelstein eine elegante und zugleich beruhigende Ausstrahlung. Dadurch eignet sich dieser Stein hervorragend f\u00fcr individuelle Schmuckst\u00fccke mit modernem Design.<\/p>\n<p data-start=\"1906\" data-end=\"2027\">Durch seine Gr\u00f6\u00dfe und Form ist dieser Lavendelquarz ideal f\u00fcr auff\u00e4llige Anh\u00e4nger oder exklusive Designerst\u00fccke geeignet.<\/p>\n<hr data-start=\"1926\" data-end=\"1929\" \/>\n<h4 data-start=\"413\" data-end=\"449\"><span class=\"ez-toc-section\" id=\"Weitere_Inspiration_entdecken\"><\/span>Weitere Inspiration entdecken<span class=\"ez-toc-section-end\"><\/span><\/h4>\n<p data-start=\"450\" data-end=\"582\">Suchen Sie weitere besondere Produkte? Entdecken Sie zus\u00e4tzliche Highlights in unserem Sortiment oder besuchen Sie unsere Partnerprojekte:<\/p>\n<ul data-start=\"584\" data-end=\"920\">\n<li data-start=\"584\" data-end=\"656\"><a href=\"https:\/\/saphirsmaragd.com\/es\/shop\/\">Weitere Edelsteine &amp; Schmuckst\u00fccke bei Saphir &amp; Smaragd entdecken<\/a><\/li>\n<li data-start=\"657\" data-end=\"783\">\n<p data-start=\"659\" data-end=\"783\"><a href=\"https:\/\/honigbee.com\/shop\/\" target=\"_blank\" rel=\"noopener\">Nat\u00fcrliche Produkte bei Honigbee ansehen<br \/>\n<\/a><\/p>\n<\/li>\n<li data-start=\"784\" data-end=\"920\">\n<p data-start=\"786\" data-end=\"920\"><a href=\"https:\/\/matvana.com\/shop\/\" target=\"_blank\" rel=\"noopener\">Stilvolle Wohnideen bei Matvana erkunden<\/a><\/p>\n<\/li>\n<\/ul>","protected":false},"excerpt":{"rendered":"<p data-start=\"440\" data-end=\"596\"><em>Lavendelquarz birne konkav Farbe violett 20.57 Karat \u2013 nat\u00fcrlicher Edelstein aus Brasilien mit einzigartigem konkavem Schliff und sanfter Lavendelfarbe.<\/em><\/p>","protected":false},"featured_media":8389,"comment_status":"open","ping_status":"closed","template":"","meta":{"_glsr_average":0,"_glsr_ranking":0,"_glsr_reviews":0},"product_brand":[],"product_cat":[283,305],"product_tag":[],"class_list":{"0":"post-8388","1":"product","2":"type-product","3":"status-publish","4":"has-post-thumbnail","6":"product_cat-quarz","7":"product_cat-seltene-edelsteine","8":"pa_edelsteinart-quarz","9":"pa_farbe-violett","10":"pa_form-birne","11":"pa_gewicht-karat-20-50-karat","12":"pa_herkunft-brasilien","13":"pa_reinheit-augenrein","14":"pa_veredelung-behandlung-unbehandelt","15":"pa_zustand-neu","17":"first","18":"instock","19":"featured","20":"sold-individually","21":"shipping-taxable","22":"purchasable","23":"product-type-simple","24":"add-to-wishlist-before_image"},"jetpack_sharing_enabled":true,"_links":{"self":[{"href":"https:\/\/saphirsmaragd.com\/es\/wp-json\/wp\/v2\/product\/8388","targetHints":{"allow":["GET"]}}],"collection":[{"href":"https:\/\/saphirsmaragd.com\/es\/wp-json\/wp\/v2\/product"}],"about":[{"href":"https:\/\/saphirsmaragd.com\/es\/wp-json\/wp\/v2\/types\/product"}],"replies":[{"embeddable":true,"href":"https:\/\/saphirsmaragd.com\/es\/wp-json\/wp\/v2\/comments?post=8388"}],"version-history":[{"count":1,"href":"https:\/\/saphirsmaragd.com\/es\/wp-json\/wp\/v2\/product\/8388\/revisions"}],"predecessor-version":[{"id":8390,"href":"https:\/\/saphirsmaragd.com\/es\/wp-json\/wp\/v2\/product\/8388\/revisions\/8390"}],"wp:featuredmedia":[{"embeddable":true,"href":"https:\/\/saphirsmaragd.com\/es\/wp-json\/wp\/v2\/media\/8389"}],"wp:attachment":[{"href":"https:\/\/saphirsmaragd.com\/es\/wp-json\/wp\/v2\/media?parent=8388"}],"wp:term":[{"taxonomy":"product_brand","embeddable":true,"href":"https:\/\/saphirsmaragd.com\/es\/wp-json\/wp\/v2\/product_brand?post=8388"},{"taxonomy":"product_cat","embeddable":true,"href":"https:\/\/saphirsmaragd.com\/es\/wp-json\/wp\/v2\/product_cat?post=8388"},{"taxonomy":"product_tag","embeddable":true,"href":"https:\/\/saphirsmaragd.com\/es\/wp-json\/wp\/v2\/product_tag?post=8388"}],"curies":[{"name":"wp","href":"https:\/\/api.w.org\/{rel}","templated":true}]}}