{"id":8594,"date":"2026-04-19T16:18:10","date_gmt":"2026-04-19T16:18:10","guid":{"rendered":"https:\/\/saphirsmaragd.com\/?post_type=product&#038;p=8594"},"modified":"2026-04-19T16:21:18","modified_gmt":"2026-04-19T16:21:18","slug":"smaragd-oval-gruen-1-34-karat","status":"publish","type":"product","link":"https:\/\/saphirsmaragd.com\/es\/producto\/smaragd-oval-gruen-1-34-karat\/","title":{"rendered":"Smaragd Oval Gr\u00fcn 1.34 Karat aus Sambia \u2013 Hochwertiger Edelstein mit intensiver Farbe"},"content":{"rendered":"<p data-start=\"696\" data-end=\"967\">Der Smaragd Oval Gr\u00fcn 1.34 Karat aus Sambia \u00fcberzeugt durch seine beeindruckende Gr\u00f6\u00dfe und seine intensive gr\u00fcne Farbwirkung. Der klassische Ovalschliff sorgt f\u00fcr eine gleichm\u00e4\u00dfige Lichtverteilung und bringt die nat\u00fcrliche Sch\u00f6nheit dieses Edelsteins optimal zur Geltung.<\/p>\n<hr data-start=\"969\" data-end=\"972\" \/>\n<div id=\"ez-toc-container\" class=\"ez-toc-v2_0_82_2 counter-hierarchy ez-toc-counter ez-toc-grey ez-toc-container-direction\">\n<div class=\"ez-toc-title-container\">\n<p class=\"ez-toc-title\" style=\"cursor:inherit\">Tabla de contenido<\/p>\n<span class=\"ez-toc-title-toggle\"><a href=\"#\" class=\"ez-toc-pull-right ez-toc-btn ez-toc-btn-xs ez-toc-btn-default ez-toc-toggle\" aria-label=\"Alternar tabla de contenidos\"><span class=\"ez-toc-js-icon-con\"><span class=\"\"><span class=\"eztoc-hide\" style=\"display:none;\">Palanca<\/span><span class=\"ez-toc-icon-toggle-span\"><svg style=\"fill: #999;color:#999\" xmlns=\"http:\/\/www.w3.org\/2000\/svg\" class=\"list-377408\" width=\"20px\" height=\"20px\" viewbox=\"0 0 24 24\" fill=\"none\"><path d=\"M6 6H4v2h2V6zm14 0H8v2h12V6zM4 11h2v2H4v-2zm16 0H8v2h12v-2zM4 16h2v2H4v-2zm16 0H8v2h12v-2z\" fill=\"currentColor\"><\/path><\/svg><svg style=\"fill: #999;color:#999\" class=\"arrow-unsorted-368013\" xmlns=\"http:\/\/www.w3.org\/2000\/svg\" width=\"10px\" height=\"10px\" viewbox=\"0 0 24 24\" version=\"1.2\" baseprofile=\"tiny\"><path d=\"M18.2 9.3l-6.2-6.3-6.2 6.3c-.2.2-.3.4-.3.7s.1.5.3.7c.2.2.4.3.7.3h11c.3 0 .5-.1.7-.3.2-.2.3-.5.3-.7s-.1-.5-.3-.7zM5.8 14.7l6.2 6.3 6.2-6.3c.2-.2.3-.5.3-.7s-.1-.5-.3-.7c-.2-.2-.4-.3-.7-.3h-11c-.3 0-.5.1-.7.3-.2.2-.3.5-.3.7s.1.5.3.7z\"\/><\/svg><\/span><\/span><\/span><\/a><\/span><\/div>\n<nav><ul class='ez-toc-list ez-toc-list-level-1' ><li class='ez-toc-page-1 ez-toc-heading-level-4'><a class=\"ez-toc-link ez-toc-heading-1\" href=\"https:\/\/saphirsmaragd.com\/es\/producto\/smaragd-oval-gruen-1-34-karat\/#Merkmale_Herkunft\" >Caracter\u00edsticas y origen<\/a><\/li><li class='ez-toc-page-1 ez-toc-heading-level-4'><a class=\"ez-toc-link ez-toc-heading-2\" href=\"https:\/\/saphirsmaragd.com\/es\/producto\/smaragd-oval-gruen-1-34-karat\/#Besonderheiten\" >Caracter\u00edsticas especiales<\/a><\/li><li class='ez-toc-page-1 ez-toc-heading-level-4'><a class=\"ez-toc-link ez-toc-heading-3\" href=\"https:\/\/saphirsmaragd.com\/es\/producto\/smaragd-oval-gruen-1-34-karat\/#Mehr_uber_Heilsteine_Kristalle\" >Mehr \u00fcber Heilsteine &amp; Kristalle<\/a><\/li><li class='ez-toc-page-1 ez-toc-heading-level-4'><a class=\"ez-toc-link ez-toc-heading-4\" href=\"https:\/\/saphirsmaragd.com\/es\/producto\/smaragd-oval-gruen-1-34-karat\/#Weitere_Infos\" >M\u00e1s informaci\u00f3n<\/a><\/li><\/ul><\/nav><\/div>\n<h4 data-start=\"974\" data-end=\"1000\"><span class=\"ez-toc-section\" id=\"Merkmale_Herkunft\"><\/span>Caracter\u00edsticas y origen<span class=\"ez-toc-section-end\"><\/span><\/h4>\n<p data-start=\"1002\" data-end=\"1228\">Tipo de piedra: Esmeralda<br data-start=\"1019\" data-end=\"1022\" \/>Color: Verde<br data-start=\"1033\" data-end=\"1036\" \/>Forma: Ovalada<br data-start=\"1046\" data-end=\"1049\" \/>Gewicht: 1.34 Karat<br data-start=\"1068\" data-end=\"1071\" \/>Abmessungen: 8.0 x 6.0 mm<br data-start=\"1096\" data-end=\"1099\" \/>Herkunft: Sambia<br data-start=\"1115\" data-end=\"1118\" \/>Claridad: inclusiones claras<br data-start=\"1146\" data-end=\"1149\" \/>Behandlung: Ge\u00f6lt<br data-start=\"1166\" data-end=\"1169\" \/>Observaci\u00f3n: Natural<br data-start=\"1191\" data-end=\"1194\" \/>Mohs-H\u00e4rte: 7.5\u20138<br data-start=\"1211\" data-end=\"1214\" \/>Estado: Nuevo<\/p>\n<hr data-start=\"1230\" data-end=\"1233\" \/>\n<h4 data-start=\"1235\" data-end=\"1256\"><span class=\"ez-toc-section\" id=\"Besonderheiten\"><\/span>Caracter\u00edsticas especiales<span class=\"ez-toc-section-end\"><\/span><\/h4>\n<p data-start=\"1258\" data-end=\"1540\">Der Smaragd Oval Gr\u00fcn 1.34 Karat geh\u00f6rt zur besonders gefragten Kategorie von Edelsteinen \u00fcber einem Karat und bietet eine hervorragende Kombination aus Gr\u00f6\u00dfe, Eleganz und Wertigkeit. Seine ovale Form sorgt f\u00fcr eine harmonische Optik und l\u00e4sst den Stein optisch gr\u00f6\u00dfer erscheinen.<\/p>\n<p data-start=\"1542\" data-end=\"1794\">Oval geschliffene Smaragde sind besonders beliebt f\u00fcr hochwertige Schmuckst\u00fccke, da sie die Farbe gleichm\u00e4\u00dfig reflektieren und eine intensive Leuchtkraft erzeugen. Dieser Schliff eignet sich ideal f\u00fcr Ringe, Anh\u00e4nger oder individuelle Schmuckdesigns.<\/p>\n<p data-start=\"1796\" data-end=\"2030\">Smaragde aus Sambia sind weltweit bekannt f\u00fcr ihre kr\u00e4ftige, leicht k\u00fchle Gr\u00fcnf\u00e4rbung und ihre hohe Qualit\u00e4t. Die nat\u00fcrlichen Einschl\u00fcsse sind ein Zeichen f\u00fcr die Echtheit des Steins und verleihen ihm seinen einzigartigen Charakter.<\/p>\n<hr data-start=\"1670\" data-end=\"1673\" \/>\n<h4 data-start=\"1448\" data-end=\"1473\"><span class=\"ez-toc-section\" id=\"Mehr_uber_Heilsteine_Kristalle\"><\/span>Mehr \u00fcber Heilsteine &amp; Kristalle<span class=\"ez-toc-section-end\"><\/span><\/h4>\n<p data-start=\"1475\" data-end=\"1668\"><a class=\"\" href=\"https:\/\/saphirsmaragd.com\/es\/product-category\/heilsteine-kristalle-kaufen\/\" target=\"_new\" rel=\"noopener\" data-start=\"1571\" data-end=\"1668\">Piedras y cristales curativos<\/a><\/p>\n<hr data-start=\"1670\" data-end=\"1673\" \/>\n<h4 data-start=\"1675\" data-end=\"1695\"><span class=\"ez-toc-section\" id=\"Weitere_Infos\"><\/span>M\u00e1s informaci\u00f3n<span class=\"ez-toc-section-end\"><\/span><\/h4>\n<p data-start=\"1697\" data-end=\"1801\"><a class=\"\" href=\"https:\/\/de.wikipedia.org\/wiki\/Smaragd\" target=\"_new\" rel=\"noopener\" data-start=\"1741\" data-end=\"1801\">Wikipedia \u2013 Esmeralda<\/a><\/p>","protected":false},"excerpt":{"rendered":"<p data-start=\"394\" data-end=\"514\"><em>Smaragd Oval Gr\u00fcn 1.34 Karat aus Sambia, ge\u00f6lt. Eleganter Edelstein mit kr\u00e4ftiger Farbe und klassischem Ovalschliff.<\/em><\/p>","protected":false},"featured_media":8595,"comment_status":"open","ping_status":"closed","template":"","meta":{"_glsr_average":0,"_glsr_ranking":0,"_glsr_reviews":0},"product_brand":[],"product_cat":[262],"product_tag":[],"class_list":{"0":"post-8594","1":"product","2":"type-product","3":"status-publish","4":"has-post-thumbnail","6":"product_cat-smaragd","7":"pa_edelsteinart-smaragd","8":"pa_farbe-gruen","9":"pa_form-oval","10":"pa_gewicht-karat-1-0-3-0-karat","11":"pa_herkunft-sambia","12":"pa_reinheit-deutliche-einschluesse","13":"pa_veredelung-behandlung-geoelt","14":"pa_zustand-neu","16":"first","17":"instock","18":"sold-individually","19":"taxable","20":"shipping-taxable","21":"purchasable","22":"product-type-simple","23":"add-to-wishlist-before_image"},"jetpack_sharing_enabled":true,"_links":{"self":[{"href":"https:\/\/saphirsmaragd.com\/es\/wp-json\/wp\/v2\/product\/8594","targetHints":{"allow":["GET"]}}],"collection":[{"href":"https:\/\/saphirsmaragd.com\/es\/wp-json\/wp\/v2\/product"}],"about":[{"href":"https:\/\/saphirsmaragd.com\/es\/wp-json\/wp\/v2\/types\/product"}],"replies":[{"embeddable":true,"href":"https:\/\/saphirsmaragd.com\/es\/wp-json\/wp\/v2\/comments?post=8594"}],"version-history":[{"count":1,"href":"https:\/\/saphirsmaragd.com\/es\/wp-json\/wp\/v2\/product\/8594\/revisions"}],"predecessor-version":[{"id":8596,"href":"https:\/\/saphirsmaragd.com\/es\/wp-json\/wp\/v2\/product\/8594\/revisions\/8596"}],"wp:featuredmedia":[{"embeddable":true,"href":"https:\/\/saphirsmaragd.com\/es\/wp-json\/wp\/v2\/media\/8595"}],"wp:attachment":[{"href":"https:\/\/saphirsmaragd.com\/es\/wp-json\/wp\/v2\/media?parent=8594"}],"wp:term":[{"taxonomy":"product_brand","embeddable":true,"href":"https:\/\/saphirsmaragd.com\/es\/wp-json\/wp\/v2\/product_brand?post=8594"},{"taxonomy":"product_cat","embeddable":true,"href":"https:\/\/saphirsmaragd.com\/es\/wp-json\/wp\/v2\/product_cat?post=8594"},{"taxonomy":"product_tag","embeddable":true,"href":"https:\/\/saphirsmaragd.com\/es\/wp-json\/wp\/v2\/product_tag?post=8594"}],"curies":[{"name":"wp","href":"https:\/\/api.w.org\/{rel}","templated":true}]}}