{"id":8634,"date":"2026-04-19T18:32:12","date_gmt":"2026-04-19T18:32:12","guid":{"rendered":"https:\/\/saphirsmaragd.com\/?post_type=product&#038;p=8634"},"modified":"2026-04-19T18:35:48","modified_gmt":"2026-04-19T18:35:48","slug":"smaragd-tropfen-gruen-0-83-karat","status":"publish","type":"product","link":"https:\/\/saphirsmaragd.com\/es\/producto\/smaragd-tropfen-gruen-0-83-karat\/","title":{"rendered":"Smaragd Tropfen Gr\u00fcn 0.83 Karat aus Sambia \u2013 Eleganter Tropfenschliff Edelstein"},"content":{"rendered":"<p data-start=\"783\" data-end=\"994\">Der Smaragd Tropfen Gr\u00fcn 0.83 Karat aus Sambia besticht durch seine elegante Form und seine intensive gr\u00fcne Farbwirkung. Dieser Edelstein vereint nat\u00fcrliche Sch\u00f6nheit mit einer besonders harmonischen Proportion.<\/p>\n<hr data-start=\"996\" data-end=\"999\" \/>\n<div id=\"ez-toc-container\" class=\"ez-toc-v2_0_82_2 counter-hierarchy ez-toc-counter ez-toc-grey ez-toc-container-direction\">\n<div class=\"ez-toc-title-container\">\n<p class=\"ez-toc-title\" style=\"cursor:inherit\">Tabla de contenido<\/p>\n<span class=\"ez-toc-title-toggle\"><a href=\"#\" class=\"ez-toc-pull-right ez-toc-btn ez-toc-btn-xs ez-toc-btn-default ez-toc-toggle\" aria-label=\"Alternar tabla de contenidos\"><span class=\"ez-toc-js-icon-con\"><span class=\"\"><span class=\"eztoc-hide\" style=\"display:none;\">Palanca<\/span><span class=\"ez-toc-icon-toggle-span\"><svg style=\"fill: #999;color:#999\" xmlns=\"http:\/\/www.w3.org\/2000\/svg\" class=\"list-377408\" width=\"20px\" height=\"20px\" viewbox=\"0 0 24 24\" fill=\"none\"><path d=\"M6 6H4v2h2V6zm14 0H8v2h12V6zM4 11h2v2H4v-2zm16 0H8v2h12v-2zM4 16h2v2H4v-2zm16 0H8v2h12v-2z\" fill=\"currentColor\"><\/path><\/svg><svg style=\"fill: #999;color:#999\" class=\"arrow-unsorted-368013\" xmlns=\"http:\/\/www.w3.org\/2000\/svg\" width=\"10px\" height=\"10px\" viewbox=\"0 0 24 24\" version=\"1.2\" baseprofile=\"tiny\"><path d=\"M18.2 9.3l-6.2-6.3-6.2 6.3c-.2.2-.3.4-.3.7s.1.5.3.7c.2.2.4.3.7.3h11c.3 0 .5-.1.7-.3.2-.2.3-.5.3-.7s-.1-.5-.3-.7zM5.8 14.7l6.2 6.3 6.2-6.3c.2-.2.3-.5.3-.7s-.1-.5-.3-.7c-.2-.2-.4-.3-.7-.3h-11c-.3 0-.5.1-.7.3-.2.2-.3.5-.3.7s.1.5.3.7z\"\/><\/svg><\/span><\/span><\/span><\/a><\/span><\/div>\n<nav><ul class='ez-toc-list ez-toc-list-level-1' ><li class='ez-toc-page-1 ez-toc-heading-level-4'><a class=\"ez-toc-link ez-toc-heading-1\" href=\"https:\/\/saphirsmaragd.com\/es\/producto\/smaragd-tropfen-gruen-0-83-karat\/#Merkmale_Herkunft\" >Caracter\u00edsticas y origen<\/a><\/li><li class='ez-toc-page-1 ez-toc-heading-level-4'><a class=\"ez-toc-link ez-toc-heading-2\" href=\"https:\/\/saphirsmaragd.com\/es\/producto\/smaragd-tropfen-gruen-0-83-karat\/#Besonderheiten\" >Caracter\u00edsticas especiales<\/a><\/li><li class='ez-toc-page-1 ez-toc-heading-level-4'><a class=\"ez-toc-link ez-toc-heading-3\" href=\"https:\/\/saphirsmaragd.com\/es\/producto\/smaragd-tropfen-gruen-0-83-karat\/#Mehr_uber_Heilsteine_Kristalle\" >Mehr \u00fcber Heilsteine &amp; Kristalle<\/a><\/li><li class='ez-toc-page-1 ez-toc-heading-level-4'><a class=\"ez-toc-link ez-toc-heading-4\" href=\"https:\/\/saphirsmaragd.com\/es\/producto\/smaragd-tropfen-gruen-0-83-karat\/#Weitere_Infos\" >M\u00e1s informaci\u00f3n<\/a><\/li><\/ul><\/nav><\/div>\n<h4 data-start=\"1001\" data-end=\"1027\"><span class=\"ez-toc-section\" id=\"Merkmale_Herkunft\"><\/span>Caracter\u00edsticas y origen<span class=\"ez-toc-section-end\"><\/span><\/h4>\n<p data-start=\"1029\" data-end=\"1270\">Tipo de piedra: Esmeralda<br data-start=\"1046\" data-end=\"1049\" \/>Color: Verde<br data-start=\"1060\" data-end=\"1063\" \/>Form: Tropfen (Birne)<br data-start=\"1084\" data-end=\"1087\" \/>Gewicht: 0.83 Karat<br data-start=\"1106\" data-end=\"1109\" \/>Abmessungen: ca. 7.9 x 5.9 mm<br data-start=\"1138\" data-end=\"1141\" \/>Herkunft: Sambia<br data-start=\"1157\" data-end=\"1160\" \/>Claridad: inclusiones claras<br data-start=\"1188\" data-end=\"1191\" \/>Behandlung: Ge\u00f6lt<br data-start=\"1208\" data-end=\"1211\" \/>Observaci\u00f3n: Natural<br data-start=\"1233\" data-end=\"1236\" \/>Mohs-H\u00e4rte: 7.5\u20138<br data-start=\"1253\" data-end=\"1256\" \/>Estado: Nuevo<\/p>\n<hr data-start=\"1272\" data-end=\"1275\" \/>\n<h4 data-start=\"1277\" data-end=\"1298\"><span class=\"ez-toc-section\" id=\"Besonderheiten\"><\/span>Caracter\u00edsticas especiales<span class=\"ez-toc-section-end\"><\/span><\/h4>\n<p data-start=\"1300\" data-end=\"1509\">Der Smaragd Tropfen Gr\u00fcn 0.83 Karat eignet sich ideal f\u00fcr elegante Schmuckst\u00fccke wie Anh\u00e4nger oder feine Ringe. Die Tropfenform sorgt f\u00fcr eine feminine Ausstrahlung und l\u00e4sst den Stein optisch gr\u00f6\u00dfer wirken.<\/p>\n<p data-start=\"1511\" data-end=\"1711\">Mit nahezu 1 Karat bietet dieser Smaragd eine sehr attraktive Balance zwischen Gr\u00f6\u00dfe, Preis und Wirkung. Die nat\u00fcrlichen Einschl\u00fcsse sind typisch f\u00fcr Smaragde und best\u00e4tigen die Echtheit des Steins.<\/p>\n<p data-start=\"1713\" data-end=\"1924\">Smaragde aus Sambia geh\u00f6ren zu den begehrtesten Edelsteinen weltweit und sind bekannt f\u00fcr ihre tiefe, lebendige Gr\u00fcnfarbe. Dieser Edelstein ist daher eine ausgezeichnete Wahl f\u00fcr stilbewusste Schmuckliebhaber.<\/p>\n<hr data-start=\"1670\" data-end=\"1673\" \/>\n<h4 data-start=\"1448\" data-end=\"1473\"><span class=\"ez-toc-section\" id=\"Mehr_uber_Heilsteine_Kristalle\"><\/span>Mehr \u00fcber Heilsteine &amp; Kristalle<span class=\"ez-toc-section-end\"><\/span><\/h4>\n<p data-start=\"1475\" data-end=\"1668\"><a class=\"\" href=\"https:\/\/saphirsmaragd.com\/es\/product-category\/heilsteine-kristalle-kaufen\/\" target=\"_new\" rel=\"noopener\" data-start=\"1571\" data-end=\"1668\">Piedras y cristales curativos<\/a><\/p>\n<hr data-start=\"1670\" data-end=\"1673\" \/>\n<h4 data-start=\"1675\" data-end=\"1695\"><span class=\"ez-toc-section\" id=\"Weitere_Infos\"><\/span>M\u00e1s informaci\u00f3n<span class=\"ez-toc-section-end\"><\/span><\/h4>\n<p data-start=\"1697\" data-end=\"1801\"><a class=\"\" href=\"https:\/\/de.wikipedia.org\/wiki\/Smaragd\" target=\"_new\" rel=\"noopener\" data-start=\"1741\" data-end=\"1801\">Wikipedia \u2013 Esmeralda<\/a><\/p>","protected":false},"excerpt":{"rendered":"<p data-start=\"478\" data-end=\"604\"><em>Smaragd Tropfen Gr\u00fcn 0.83 Karat aus Sambia, ge\u00f6lt. Edler Tropfenschliff mit intensiver gr\u00fcner Farbe f\u00fcr eleganten Schmuck.<\/em><\/p>","protected":false},"featured_media":8635,"comment_status":"open","ping_status":"closed","template":"","meta":{"_glsr_average":0,"_glsr_ranking":0,"_glsr_reviews":0},"product_brand":[],"product_cat":[262],"product_tag":[],"class_list":{"0":"post-8634","1":"product","2":"type-product","3":"status-publish","4":"has-post-thumbnail","6":"product_cat-smaragd","7":"pa_edelsteinart-smaragd","8":"pa_farbe-gruen","9":"pa_form-tropfen","10":"pa_gewicht-karat-0-5-1-0-karat","11":"pa_herkunft-sambia","12":"pa_reinheit-deutliche-einschluesse","13":"pa_veredelung-behandlung-geoelt","14":"pa_zustand-neu","16":"first","17":"instock","18":"sold-individually","19":"taxable","20":"shipping-taxable","21":"purchasable","22":"product-type-simple","23":"add-to-wishlist-before_image"},"jetpack_sharing_enabled":true,"_links":{"self":[{"href":"https:\/\/saphirsmaragd.com\/es\/wp-json\/wp\/v2\/product\/8634","targetHints":{"allow":["GET"]}}],"collection":[{"href":"https:\/\/saphirsmaragd.com\/es\/wp-json\/wp\/v2\/product"}],"about":[{"href":"https:\/\/saphirsmaragd.com\/es\/wp-json\/wp\/v2\/types\/product"}],"replies":[{"embeddable":true,"href":"https:\/\/saphirsmaragd.com\/es\/wp-json\/wp\/v2\/comments?post=8634"}],"version-history":[{"count":1,"href":"https:\/\/saphirsmaragd.com\/es\/wp-json\/wp\/v2\/product\/8634\/revisions"}],"predecessor-version":[{"id":8636,"href":"https:\/\/saphirsmaragd.com\/es\/wp-json\/wp\/v2\/product\/8634\/revisions\/8636"}],"wp:featuredmedia":[{"embeddable":true,"href":"https:\/\/saphirsmaragd.com\/es\/wp-json\/wp\/v2\/media\/8635"}],"wp:attachment":[{"href":"https:\/\/saphirsmaragd.com\/es\/wp-json\/wp\/v2\/media?parent=8634"}],"wp:term":[{"taxonomy":"product_brand","embeddable":true,"href":"https:\/\/saphirsmaragd.com\/es\/wp-json\/wp\/v2\/product_brand?post=8634"},{"taxonomy":"product_cat","embeddable":true,"href":"https:\/\/saphirsmaragd.com\/es\/wp-json\/wp\/v2\/product_cat?post=8634"},{"taxonomy":"product_tag","embeddable":true,"href":"https:\/\/saphirsmaragd.com\/es\/wp-json\/wp\/v2\/product_tag?post=8634"}],"curies":[{"name":"wp","href":"https:\/\/api.w.org\/{rel}","templated":true}]}}