{"id":8692,"date":"2026-05-01T13:44:08","date_gmt":"2026-05-01T13:44:08","guid":{"rendered":"https:\/\/saphirsmaragd.com\/?post_type=product&#038;p=8692"},"modified":"2026-05-01T13:46:15","modified_gmt":"2026-05-01T13:46:15","slug":"smaragd-rechteck-gruen-0-92-karat","status":"publish","type":"product","link":"https:\/\/saphirsmaragd.com\/es\/producto\/smaragd-rechteck-gruen-0-92-karat\/","title":{"rendered":"Smaragd Rechteck Gr\u00fcn 0.92 Karat aus Sambia \u2013 Klassischer Smaragdschliff Edelstein mit intensiver Farbe"},"content":{"rendered":"<p data-start=\"904\" data-end=\"1163\">Der Smaragd Rechteck Gr\u00fcn 0.92 Karat aus Sambia besticht durch seine elegante rechteckige Form und seine kr\u00e4ftige gr\u00fcne Farbintensit\u00e4t. Mit seinem nahezu 1 Karat Gewicht geh\u00f6rt dieser Edelstein zu den besonders gefragten Gr\u00f6\u00dfen im hochwertigen Schmuckbereich.<\/p>\n<hr data-start=\"1165\" data-end=\"1168\" \/>\n<div id=\"ez-toc-container\" class=\"ez-toc-v2_0_82_2 counter-hierarchy ez-toc-counter ez-toc-grey ez-toc-container-direction\">\n<div class=\"ez-toc-title-container\">\n<p class=\"ez-toc-title\" style=\"cursor:inherit\">Tabla de contenido<\/p>\n<span class=\"ez-toc-title-toggle\"><a href=\"#\" class=\"ez-toc-pull-right ez-toc-btn ez-toc-btn-xs ez-toc-btn-default ez-toc-toggle\" aria-label=\"Alternar tabla de contenidos\"><span class=\"ez-toc-js-icon-con\"><span class=\"\"><span class=\"eztoc-hide\" style=\"display:none;\">Palanca<\/span><span class=\"ez-toc-icon-toggle-span\"><svg style=\"fill: #999;color:#999\" xmlns=\"http:\/\/www.w3.org\/2000\/svg\" class=\"list-377408\" width=\"20px\" height=\"20px\" viewbox=\"0 0 24 24\" fill=\"none\"><path d=\"M6 6H4v2h2V6zm14 0H8v2h12V6zM4 11h2v2H4v-2zm16 0H8v2h12v-2zM4 16h2v2H4v-2zm16 0H8v2h12v-2z\" fill=\"currentColor\"><\/path><\/svg><svg style=\"fill: #999;color:#999\" class=\"arrow-unsorted-368013\" xmlns=\"http:\/\/www.w3.org\/2000\/svg\" width=\"10px\" height=\"10px\" viewbox=\"0 0 24 24\" version=\"1.2\" baseprofile=\"tiny\"><path d=\"M18.2 9.3l-6.2-6.3-6.2 6.3c-.2.2-.3.4-.3.7s.1.5.3.7c.2.2.4.3.7.3h11c.3 0 .5-.1.7-.3.2-.2.3-.5.3-.7s-.1-.5-.3-.7zM5.8 14.7l6.2 6.3 6.2-6.3c.2-.2.3-.5.3-.7s-.1-.5-.3-.7c-.2-.2-.4-.3-.7-.3h-11c-.3 0-.5.1-.7.3-.2.2-.3.5-.3.7s.1.5.3.7z\"\/><\/svg><\/span><\/span><\/span><\/a><\/span><\/div>\n<nav><ul class='ez-toc-list ez-toc-list-level-1' ><li class='ez-toc-page-1 ez-toc-heading-level-4'><a class=\"ez-toc-link ez-toc-heading-1\" href=\"https:\/\/saphirsmaragd.com\/es\/producto\/smaragd-rechteck-gruen-0-92-karat\/#Merkmale_Herkunft\" >Caracter\u00edsticas y origen<\/a><\/li><li class='ez-toc-page-1 ez-toc-heading-level-4'><a class=\"ez-toc-link ez-toc-heading-2\" href=\"https:\/\/saphirsmaragd.com\/es\/producto\/smaragd-rechteck-gruen-0-92-karat\/#Besonderheiten\" >Caracter\u00edsticas especiales<\/a><\/li><li class='ez-toc-page-1 ez-toc-heading-level-4'><a class=\"ez-toc-link ez-toc-heading-3\" href=\"https:\/\/saphirsmaragd.com\/es\/producto\/smaragd-rechteck-gruen-0-92-karat\/#Mehr_uber_Heilsteine_Kristalle\" >Mehr \u00fcber Heilsteine &amp; Kristalle<\/a><\/li><li class='ez-toc-page-1 ez-toc-heading-level-4'><a class=\"ez-toc-link ez-toc-heading-4\" href=\"https:\/\/saphirsmaragd.com\/es\/producto\/smaragd-rechteck-gruen-0-92-karat\/#Weitere_Infos\" >M\u00e1s informaci\u00f3n<\/a><\/li><\/ul><\/nav><\/div>\n<h4 data-start=\"1170\" data-end=\"1196\"><span class=\"ez-toc-section\" id=\"Merkmale_Herkunft\"><\/span>Caracter\u00edsticas y origen<span class=\"ez-toc-section-end\"><\/span><\/h4>\n<p data-start=\"1198\" data-end=\"1449\">Tipo de piedra: Esmeralda<br data-start=\"1215\" data-end=\"1218\" \/>Color: Verde<br data-start=\"1229\" data-end=\"1232\" \/>Form: Rechteck (Smaragdschliff)<br data-start=\"1263\" data-end=\"1266\" \/>Gewicht: 0.92 Karat<br data-start=\"1285\" data-end=\"1288\" \/>Abmessungen: ca. 6.7 x 4.7 mm<br data-start=\"1317\" data-end=\"1320\" \/>Herkunft: Sambia<br data-start=\"1336\" data-end=\"1339\" \/>Claridad: inclusiones claras<br data-start=\"1367\" data-end=\"1370\" \/>Behandlung: Ge\u00f6lt<br data-start=\"1387\" data-end=\"1390\" \/>Observaci\u00f3n: Natural<br data-start=\"1412\" data-end=\"1415\" \/>Mohs-H\u00e4rte: 7.5\u20138<br data-start=\"1432\" data-end=\"1435\" \/>Estado: Nuevo<\/p>\n<hr data-start=\"1451\" data-end=\"1454\" \/>\n<h4 data-start=\"1456\" data-end=\"1477\"><span class=\"ez-toc-section\" id=\"Besonderheiten\"><\/span>Caracter\u00edsticas especiales<span class=\"ez-toc-section-end\"><\/span><\/h4>\n<p data-start=\"1479\" data-end=\"1762\">Der Smaragd Rechteck Gr\u00fcn 0.92 Karat \u00fcberzeugt durch seinen klassischen Smaragdschliff, der die Tiefe und Klarheit des Edelsteins besonders hervorhebt. Diese Schliffform wird bevorzugt f\u00fcr hochwertige Schmuckst\u00fccke verwendet, da sie eine ruhige und elegante Lichtreflexion erzeugt.<\/p>\n<p data-start=\"1764\" data-end=\"2045\">Mit einem Gewicht nahe der 1-Karat-Marke wirkt der Edelstein optisch besonders pr\u00e4sent und hochwertig, bleibt jedoch preislich deutlich attraktiver als gr\u00f6\u00dfere Steine. Dies macht ihn zu einer idealen Wahl f\u00fcr anspruchsvolle K\u00e4ufer, die Wert auf Qualit\u00e4t und Preis-Leistung legen.<\/p>\n<p data-start=\"2047\" data-end=\"2252\">Smaragde aus Sambia sind bekannt f\u00fcr ihre intensive gr\u00fcne Farbe und ihre hohe Qualit\u00e4t. Die nat\u00fcrlichen Einschl\u00fcsse verleihen jedem Stein seinen individuellen Charakter und unterstreichen seine Echtheit.<\/p>\n<hr data-start=\"1670\" data-end=\"1673\" \/>\n<h4 data-start=\"1448\" data-end=\"1473\"><span class=\"ez-toc-section\" id=\"Mehr_uber_Heilsteine_Kristalle\"><\/span>Mehr \u00fcber Heilsteine &amp; Kristalle<span class=\"ez-toc-section-end\"><\/span><\/h4>\n<p data-start=\"1475\" data-end=\"1668\"><a class=\"\" href=\"https:\/\/saphirsmaragd.com\/es\/product-category\/heilsteine-kristalle-kaufen\/\" target=\"_new\" rel=\"noopener\" data-start=\"1571\" data-end=\"1668\">Piedras y cristales curativos<\/a><\/p>\n<hr data-start=\"1670\" data-end=\"1673\" \/>\n<h4 data-start=\"1675\" data-end=\"1695\"><span class=\"ez-toc-section\" id=\"Weitere_Infos\"><\/span>M\u00e1s informaci\u00f3n<span class=\"ez-toc-section-end\"><\/span><\/h4>\n<p data-start=\"1697\" data-end=\"1801\"><a class=\"\" href=\"https:\/\/de.wikipedia.org\/wiki\/Smaragd\" target=\"_new\" rel=\"noopener\" data-start=\"1741\" data-end=\"1801\">Wikipedia \u2013 Esmeralda<\/a><\/p>","protected":false},"excerpt":{"rendered":"<p data-start=\"563\" data-end=\"700\"><em>Smaragd Rechteck Gr\u00fcn 0.92 Karat aus Sambia, ge\u00f6lt. Hochwertiger Edelstein im klassischen Smaragdschliff mit intensiver gr\u00fcner Farbe.<\/em><\/p>","protected":false},"featured_media":8693,"comment_status":"open","ping_status":"closed","template":"","meta":{"_glsr_average":0,"_glsr_ranking":0,"_glsr_reviews":0},"product_brand":[],"product_cat":[262],"product_tag":[],"class_list":{"0":"post-8692","1":"product","2":"type-product","3":"status-publish","4":"has-post-thumbnail","6":"product_cat-smaragd","7":"pa_edelsteinart-smaragd","8":"pa_farbe-gruen","9":"pa_form-rechteck","10":"pa_gewicht-karat-0-5-1-0-karat","11":"pa_herkunft-sambia","12":"pa_reinheit-deutliche-einschluesse","13":"pa_veredelung-behandlung-geoelt","14":"pa_zustand-neu","16":"first","17":"instock","18":"sold-individually","19":"taxable","20":"shipping-taxable","21":"purchasable","22":"product-type-simple","23":"add-to-wishlist-before_image"},"jetpack_sharing_enabled":true,"_links":{"self":[{"href":"https:\/\/saphirsmaragd.com\/es\/wp-json\/wp\/v2\/product\/8692","targetHints":{"allow":["GET"]}}],"collection":[{"href":"https:\/\/saphirsmaragd.com\/es\/wp-json\/wp\/v2\/product"}],"about":[{"href":"https:\/\/saphirsmaragd.com\/es\/wp-json\/wp\/v2\/types\/product"}],"replies":[{"embeddable":true,"href":"https:\/\/saphirsmaragd.com\/es\/wp-json\/wp\/v2\/comments?post=8692"}],"version-history":[{"count":1,"href":"https:\/\/saphirsmaragd.com\/es\/wp-json\/wp\/v2\/product\/8692\/revisions"}],"predecessor-version":[{"id":8694,"href":"https:\/\/saphirsmaragd.com\/es\/wp-json\/wp\/v2\/product\/8692\/revisions\/8694"}],"wp:featuredmedia":[{"embeddable":true,"href":"https:\/\/saphirsmaragd.com\/es\/wp-json\/wp\/v2\/media\/8693"}],"wp:attachment":[{"href":"https:\/\/saphirsmaragd.com\/es\/wp-json\/wp\/v2\/media?parent=8692"}],"wp:term":[{"taxonomy":"product_brand","embeddable":true,"href":"https:\/\/saphirsmaragd.com\/es\/wp-json\/wp\/v2\/product_brand?post=8692"},{"taxonomy":"product_cat","embeddable":true,"href":"https:\/\/saphirsmaragd.com\/es\/wp-json\/wp\/v2\/product_cat?post=8692"},{"taxonomy":"product_tag","embeddable":true,"href":"https:\/\/saphirsmaragd.com\/es\/wp-json\/wp\/v2\/product_tag?post=8692"}],"curies":[{"name":"wp","href":"https:\/\/api.w.org\/{rel}","templated":true}]}}