{"id":8763,"date":"2026-05-04T12:54:01","date_gmt":"2026-05-04T12:54:01","guid":{"rendered":"https:\/\/saphirsmaragd.com\/?post_type=product&#038;p=8763"},"modified":"2026-05-04T12:57:03","modified_gmt":"2026-05-04T12:57:03","slug":"smaragd-rechteck-gruen-0-67-karat","status":"publish","type":"product","link":"https:\/\/saphirsmaragd.com\/es\/producto\/smaragd-rechteck-gruen-0-67-karat\/","title":{"rendered":"Smaragd Rechteck Gr\u00fcn 0.67 Karat aus Sambia \u2013 Eleganter Smaragdschliff"},"content":{"rendered":"<p data-start=\"1100\" data-end=\"1327\">Der Smaragd Rechteck Gr\u00fcn 0.67 Karat aus Sambia pr\u00e4sentiert sich im klassischen Smaragdschliff mit klaren Linien und eleganter Struktur. Diese Form unterstreicht die nat\u00fcrliche Tiefe und Farbe des Edelsteins besonders stilvoll.<\/p>\n<hr data-start=\"1329\" data-end=\"1332\" \/>\n<div id=\"ez-toc-container\" class=\"ez-toc-v2_0_82_2 counter-hierarchy ez-toc-counter ez-toc-grey ez-toc-container-direction\">\n<div class=\"ez-toc-title-container\">\n<p class=\"ez-toc-title\" style=\"cursor:inherit\">Tabla de contenido<\/p>\n<span class=\"ez-toc-title-toggle\"><a href=\"#\" class=\"ez-toc-pull-right ez-toc-btn ez-toc-btn-xs ez-toc-btn-default ez-toc-toggle\" aria-label=\"Alternar tabla de contenidos\"><span class=\"ez-toc-js-icon-con\"><span class=\"\"><span class=\"eztoc-hide\" style=\"display:none;\">Palanca<\/span><span class=\"ez-toc-icon-toggle-span\"><svg style=\"fill: #999;color:#999\" xmlns=\"http:\/\/www.w3.org\/2000\/svg\" class=\"list-377408\" width=\"20px\" height=\"20px\" viewbox=\"0 0 24 24\" fill=\"none\"><path d=\"M6 6H4v2h2V6zm14 0H8v2h12V6zM4 11h2v2H4v-2zm16 0H8v2h12v-2zM4 16h2v2H4v-2zm16 0H8v2h12v-2z\" fill=\"currentColor\"><\/path><\/svg><svg style=\"fill: #999;color:#999\" class=\"arrow-unsorted-368013\" xmlns=\"http:\/\/www.w3.org\/2000\/svg\" width=\"10px\" height=\"10px\" viewbox=\"0 0 24 24\" version=\"1.2\" baseprofile=\"tiny\"><path d=\"M18.2 9.3l-6.2-6.3-6.2 6.3c-.2.2-.3.4-.3.7s.1.5.3.7c.2.2.4.3.7.3h11c.3 0 .5-.1.7-.3.2-.2.3-.5.3-.7s-.1-.5-.3-.7zM5.8 14.7l6.2 6.3 6.2-6.3c.2-.2.3-.5.3-.7s-.1-.5-.3-.7c-.2-.2-.4-.3-.7-.3h-11c-.3 0-.5.1-.7.3-.2.2-.3.5-.3.7s.1.5.3.7z\"\/><\/svg><\/span><\/span><\/span><\/a><\/span><\/div>\n<nav><ul class='ez-toc-list ez-toc-list-level-1' ><li class='ez-toc-page-1 ez-toc-heading-level-4'><a class=\"ez-toc-link ez-toc-heading-1\" href=\"https:\/\/saphirsmaragd.com\/es\/producto\/smaragd-rechteck-gruen-0-67-karat\/#Merkmale_Herkunft\" >Caracter\u00edsticas y origen<\/a><\/li><li class='ez-toc-page-1 ez-toc-heading-level-4'><a class=\"ez-toc-link ez-toc-heading-2\" href=\"https:\/\/saphirsmaragd.com\/es\/producto\/smaragd-rechteck-gruen-0-67-karat\/#Besonderheiten\" >Caracter\u00edsticas especiales<\/a><\/li><li class='ez-toc-page-1 ez-toc-heading-level-4'><a class=\"ez-toc-link ez-toc-heading-3\" href=\"https:\/\/saphirsmaragd.com\/es\/producto\/smaragd-rechteck-gruen-0-67-karat\/#Mehr_uber_Heilsteine_Kristalle\" >Mehr \u00fcber Heilsteine &amp; Kristalle<\/a><\/li><li class='ez-toc-page-1 ez-toc-heading-level-4'><a class=\"ez-toc-link ez-toc-heading-4\" href=\"https:\/\/saphirsmaragd.com\/es\/producto\/smaragd-rechteck-gruen-0-67-karat\/#Weitere_Infos\" >M\u00e1s informaci\u00f3n<\/a><\/li><\/ul><\/nav><\/div>\n<h4 data-start=\"1334\" data-end=\"1360\"><span class=\"ez-toc-section\" id=\"Merkmale_Herkunft\"><\/span>Caracter\u00edsticas y origen<span class=\"ez-toc-section-end\"><\/span><\/h4>\n<p data-start=\"1362\" data-end=\"1616\">Tipo de piedra: Esmeralda<br data-start=\"1379\" data-end=\"1382\" \/>Color: Verde<br data-start=\"1393\" data-end=\"1396\" \/>Form: Rechteck (Smaragdschliff)<br data-start=\"1427\" data-end=\"1430\" \/>Gewicht: 0.67 Karat<br data-start=\"1449\" data-end=\"1452\" \/>Abmessungen: ca. 6.8 x 4.7 mm<br data-start=\"1481\" data-end=\"1484\" \/>Herkunft: Sambia<br data-start=\"1500\" data-end=\"1503\" \/>Claridad: inclusiones claras<br data-start=\"1534\" data-end=\"1537\" \/>Behandlung: Ge\u00f6lt<br data-start=\"1554\" data-end=\"1557\" \/>Observaci\u00f3n: Natural<br data-start=\"1579\" data-end=\"1582\" \/>Mohs-H\u00e4rte: 7.5\u20138<br data-start=\"1599\" data-end=\"1602\" \/>Estado: Nuevo<\/p>\n<hr data-start=\"1618\" data-end=\"1621\" \/>\n<h4 data-start=\"1623\" data-end=\"1644\"><span class=\"ez-toc-section\" id=\"Besonderheiten\"><\/span>Caracter\u00edsticas especiales<span class=\"ez-toc-section-end\"><\/span><\/h4>\n<p data-start=\"1646\" data-end=\"1798\">Der Smaragd Rechteck Gr\u00fcn 0.67 Karat zeichnet sich durch seinen klassischen Smaragdschliff aus, der f\u00fcr seine elegante und zeitlose Optik bekannt ist.<\/p>\n<p data-start=\"1800\" data-end=\"1933\">Durch die offene Facettenstruktur werden Einschl\u00fcsse sichtbarer, was diesen Schliff besonders authentisch und charakterstark macht.<\/p>\n<p data-start=\"1935\" data-end=\"2088\">Smaragde aus Sambia sind weltweit gesch\u00e4tzt f\u00fcr ihre intensive gr\u00fcne Farbe und ihre hohe Qualit\u00e4t. Jeder Stein ist ein Unikat mit nat\u00fcrlicher Struktur.<\/p>\n<hr data-start=\"1670\" data-end=\"1673\" \/>\n<h4 data-start=\"1448\" data-end=\"1473\"><span class=\"ez-toc-section\" id=\"Mehr_uber_Heilsteine_Kristalle\"><\/span>Mehr \u00fcber Heilsteine &amp; Kristalle<span class=\"ez-toc-section-end\"><\/span><\/h4>\n<p data-start=\"1475\" data-end=\"1668\"><a class=\"\" href=\"https:\/\/saphirsmaragd.com\/es\/product-category\/heilsteine-kristalle-kaufen\/\" target=\"_new\" rel=\"noopener\" data-start=\"1571\" data-end=\"1668\">Piedras y cristales curativos<\/a><\/p>\n<hr data-start=\"1670\" data-end=\"1673\" \/>\n<h4 data-start=\"1675\" data-end=\"1695\"><span class=\"ez-toc-section\" id=\"Weitere_Infos\"><\/span>M\u00e1s informaci\u00f3n<span class=\"ez-toc-section-end\"><\/span><\/h4>\n<p data-start=\"1697\" data-end=\"1801\"><a class=\"\" href=\"https:\/\/de.wikipedia.org\/wiki\/Smaragd\" target=\"_new\" rel=\"noopener\" data-start=\"1741\" data-end=\"1801\">Wikipedia \u2013 Esmeralda<\/a><\/p>","protected":false},"excerpt":{"rendered":"<p data-start=\"800\" data-end=\"931\"><em>Smaragd Rechteck Gr\u00fcn 0.67 Karat aus Sambia, ge\u00f6lt. Klassischer Smaragdschliff mit klarer Linienf\u00fchrung und edler Ausstrahlung.<\/em><\/p>","protected":false},"featured_media":8764,"comment_status":"open","ping_status":"closed","template":"","meta":{"_glsr_average":0,"_glsr_ranking":0,"_glsr_reviews":0},"product_brand":[],"product_cat":[262],"product_tag":[],"class_list":{"0":"post-8763","1":"product","2":"type-product","3":"status-publish","4":"has-post-thumbnail","6":"product_cat-smaragd","7":"pa_edelsteinart-smaragd","8":"pa_farbe-gruen","9":"pa_form-rechteck","10":"pa_gewicht-karat-0-5-1-0-karat","11":"pa_herkunft-sambia","12":"pa_reinheit-deutliche-einschluesse","13":"pa_veredelung-behandlung-geoelt","14":"pa_zustand-neu","16":"first","17":"instock","18":"sold-individually","19":"taxable","20":"shipping-taxable","21":"purchasable","22":"product-type-simple","23":"add-to-wishlist-before_image"},"jetpack_sharing_enabled":true,"_links":{"self":[{"href":"https:\/\/saphirsmaragd.com\/es\/wp-json\/wp\/v2\/product\/8763","targetHints":{"allow":["GET"]}}],"collection":[{"href":"https:\/\/saphirsmaragd.com\/es\/wp-json\/wp\/v2\/product"}],"about":[{"href":"https:\/\/saphirsmaragd.com\/es\/wp-json\/wp\/v2\/types\/product"}],"replies":[{"embeddable":true,"href":"https:\/\/saphirsmaragd.com\/es\/wp-json\/wp\/v2\/comments?post=8763"}],"version-history":[{"count":1,"href":"https:\/\/saphirsmaragd.com\/es\/wp-json\/wp\/v2\/product\/8763\/revisions"}],"predecessor-version":[{"id":8765,"href":"https:\/\/saphirsmaragd.com\/es\/wp-json\/wp\/v2\/product\/8763\/revisions\/8765"}],"wp:featuredmedia":[{"embeddable":true,"href":"https:\/\/saphirsmaragd.com\/es\/wp-json\/wp\/v2\/media\/8764"}],"wp:attachment":[{"href":"https:\/\/saphirsmaragd.com\/es\/wp-json\/wp\/v2\/media?parent=8763"}],"wp:term":[{"taxonomy":"product_brand","embeddable":true,"href":"https:\/\/saphirsmaragd.com\/es\/wp-json\/wp\/v2\/product_brand?post=8763"},{"taxonomy":"product_cat","embeddable":true,"href":"https:\/\/saphirsmaragd.com\/es\/wp-json\/wp\/v2\/product_cat?post=8763"},{"taxonomy":"product_tag","embeddable":true,"href":"https:\/\/saphirsmaragd.com\/es\/wp-json\/wp\/v2\/product_tag?post=8763"}],"curies":[{"name":"wp","href":"https:\/\/api.w.org\/{rel}","templated":true}]}}