{"id":8784,"date":"2026-05-14T18:36:59","date_gmt":"2026-05-14T18:36:59","guid":{"rendered":"https:\/\/saphirsmaragd.com\/?post_type=product&#038;p=8784"},"modified":"2026-05-14T18:39:20","modified_gmt":"2026-05-14T18:39:20","slug":"smaragd-tropfen-gruen-0-69-karat","status":"publish","type":"product","link":"https:\/\/saphirsmaragd.com\/es\/producto\/smaragd-tropfen-gruen-0-69-karat\/","title":{"rendered":"Esmeralda verde gota de 0,69 quilates de Zambia \u2013 Elegante gema tallada en forma de gota"},"content":{"rendered":"<div id=\"ez-toc-container\" class=\"ez-toc-v2_0_83 counter-hierarchy ez-toc-counter ez-toc-grey ez-toc-container-direction\">\n<div class=\"ez-toc-title-container\">\n<p class=\"ez-toc-title\" style=\"cursor:inherit\">Tabla de contenido<\/p>\n<span class=\"ez-toc-title-toggle\"><a href=\"#\" class=\"ez-toc-pull-right ez-toc-btn ez-toc-btn-xs ez-toc-btn-default ez-toc-toggle\" aria-label=\"Alternar tabla de contenidos\"><span class=\"ez-toc-js-icon-con\"><span class=\"\"><span class=\"eztoc-hide\" style=\"display:none;\">Palanca<\/span><span class=\"ez-toc-icon-toggle-span\"><svg style=\"fill: #999;color:#999\" xmlns=\"http:\/\/www.w3.org\/2000\/svg\" class=\"list-377408\" width=\"20px\" height=\"20px\" viewbox=\"0 0 24 24\" fill=\"none\"><path d=\"M6 6H4v2h2V6zm14 0H8v2h12V6zM4 11h2v2H4v-2zm16 0H8v2h12v-2zM4 16h2v2H4v-2zm16 0H8v2h12v-2z\" fill=\"currentColor\"><\/path><\/svg><svg style=\"fill: #999;color:#999\" class=\"arrow-unsorted-368013\" xmlns=\"http:\/\/www.w3.org\/2000\/svg\" width=\"10px\" height=\"10px\" viewbox=\"0 0 24 24\" version=\"1.2\" baseprofile=\"tiny\"><path d=\"M18.2 9.3l-6.2-6.3-6.2 6.3c-.2.2-.3.4-.3.7s.1.5.3.7c.2.2.4.3.7.3h11c.3 0 .5-.1.7-.3.2-.2.3-.5.3-.7s-.1-.5-.3-.7zM5.8 14.7l6.2 6.3 6.2-6.3c.2-.2.3-.5.3-.7s-.1-.5-.3-.7c-.2-.2-.4-.3-.7-.3h-11c-.3 0-.5.1-.7.3-.2.2-.3.5-.3.7s.1.5.3.7z\"\/><\/svg><\/span><\/span><\/span><\/a><\/span><\/div>\n<nav><ul class='ez-toc-list ez-toc-list-level-1' ><li class='ez-toc-page-1 ez-toc-heading-level-4'><a class=\"ez-toc-link ez-toc-heading-1\" href=\"https:\/\/saphirsmaragd.com\/es\/producto\/smaragd-tropfen-gruen-0-69-karat\/#Merkmale_Herkunft\" >Caracter\u00edsticas y origen<\/a><\/li><li class='ez-toc-page-1 ez-toc-heading-level-4'><a class=\"ez-toc-link ez-toc-heading-2\" href=\"https:\/\/saphirsmaragd.com\/es\/producto\/smaragd-tropfen-gruen-0-69-karat\/#Besonderheiten\" >Caracter\u00edsticas especiales<\/a><\/li><li class='ez-toc-page-1 ez-toc-heading-level-4'><a class=\"ez-toc-link ez-toc-heading-3\" href=\"https:\/\/saphirsmaragd.com\/es\/producto\/smaragd-tropfen-gruen-0-69-karat\/#Mehr_uber_Heilsteine_Kristalle\" >Mehr \u00fcber Heilsteine &amp; Kristalle<\/a><\/li><li class='ez-toc-page-1 ez-toc-heading-level-4'><a class=\"ez-toc-link ez-toc-heading-4\" href=\"https:\/\/saphirsmaragd.com\/es\/producto\/smaragd-tropfen-gruen-0-69-karat\/#Weitere_Infos\" >M\u00e1s informaci\u00f3n<\/a><\/li><\/ul><\/nav><\/div>\n<p data-start=\"599\" data-end=\"860\">Der Smaragd Tropfen Gr\u00fcn 0.69 Karat aus Sambia \u00fcberzeugt mit seinem eleganten Tropfenschliff und seiner lebendigen gr\u00fcnen Farbwirkung. Durch seine harmonische Form eignet sich dieser Edelstein ideal f\u00fcr luxuri\u00f6se Anh\u00e4nger, Ringe oder individuelle Schmuckst\u00fccke.<\/p>\n<hr data-start=\"862\" data-end=\"865\" \/>\n<h4 data-start=\"867\" data-end=\"893\"><span class=\"ez-toc-section\" id=\"Merkmale_Herkunft\"><\/span>Caracter\u00edsticas y origen<span class=\"ez-toc-section-end\"><\/span><\/h4>\n<p data-start=\"895\" data-end=\"1128\">Tipo de piedra: Esmeralda<br data-start=\"912\" data-end=\"915\" \/>Color: Verde<br data-start=\"926\" data-end=\"929\" \/>Form: Tropfen<br data-start=\"942\" data-end=\"945\" \/>Gewicht: 0.69 Karat<br data-start=\"964\" data-end=\"967\" \/>Abmessungen: ca. 7.1 x 4.8 mm<br data-start=\"996\" data-end=\"999\" \/>Herkunft: Sambia<br data-start=\"1015\" data-end=\"1018\" \/>Reinheit: Kleine Einschl\u00fcsse<br data-start=\"1046\" data-end=\"1049\" \/>Behandlung: Ge\u00f6lt<br data-start=\"1066\" data-end=\"1069\" \/>Observaci\u00f3n: Natural<br data-start=\"1091\" data-end=\"1094\" \/>Mohs-H\u00e4rte: 7.5\u20138<br data-start=\"1111\" data-end=\"1114\" \/>Estado: Nuevo<\/p>\n<hr data-start=\"1130\" data-end=\"1133\" \/>\n<h4 data-start=\"1135\" data-end=\"1156\"><span class=\"ez-toc-section\" id=\"Besonderheiten\"><\/span>Caracter\u00edsticas especiales<span class=\"ez-toc-section-end\"><\/span><\/h4>\n<p data-start=\"1158\" data-end=\"1321\">Der Smaragd Tropfen Gr\u00fcn 0.69 Karat besticht durch seine klassische Tropfenform, die zu den beliebtesten Edelsteinschliffen im hochwertigen Schmuckdesign geh\u00f6rt.<\/p>\n<p data-start=\"1323\" data-end=\"1543\">Die intensive gr\u00fcne Farbe verleiht dem Edelstein eine luxuri\u00f6se Ausstrahlung und sorgt f\u00fcr elegante Lichtreflexe. Smaragde aus Sambia werden besonders f\u00fcr ihre kr\u00e4ftigen Gr\u00fcnt\u00f6ne und ihre nat\u00fcrliche Struktur gesch\u00e4tzt.<\/p>\n<p data-start=\"1545\" data-end=\"1665\">Die feinen nat\u00fcrlichen Einschl\u00fcsse machen jeden Smaragd einzigartig und unterstreichen seinen authentischen Charakter.<\/p>\n<hr data-start=\"1670\" data-end=\"1673\" \/>\n<h4 data-start=\"1448\" data-end=\"1473\"><span class=\"ez-toc-section\" id=\"Mehr_uber_Heilsteine_Kristalle\"><\/span>Mehr \u00fcber Heilsteine &amp; Kristalle<span class=\"ez-toc-section-end\"><\/span><\/h4>\n<p data-start=\"1475\" data-end=\"1668\"><a class=\"\" href=\"https:\/\/saphirsmaragd.com\/es\/product-category\/heilsteine-kristalle-kaufen\/\" target=\"_new\" rel=\"noopener\" data-start=\"1571\" data-end=\"1668\">Piedras y cristales curativos<\/a><\/p>\n<hr data-start=\"1670\" data-end=\"1673\" \/>\n<h4 data-start=\"1675\" data-end=\"1695\"><span class=\"ez-toc-section\" id=\"Weitere_Infos\"><\/span>M\u00e1s informaci\u00f3n<span class=\"ez-toc-section-end\"><\/span><\/h4>\n<p data-start=\"1697\" data-end=\"1801\"><a class=\"\" href=\"https:\/\/de.wikipedia.org\/wiki\/Smaragd\" target=\"_new\" rel=\"noopener\" data-start=\"1741\" data-end=\"1801\">Wikipedia \u2013 Esmeralda<\/a><\/p>","protected":false},"excerpt":{"rendered":"<p data-start=\"277\" data-end=\"422\"><em>Smaragd Tropfen Gr\u00fcn 0.69 Karat aus Sambia mit ge\u00f6lter Veredelung. Eleganter tropfenf\u00f6rmiger Edelstein mit nat\u00fcrlicher gr\u00fcner Farbintensit\u00e4t.<\/em><\/p>","protected":false},"featured_media":8785,"comment_status":"open","ping_status":"closed","template":"","meta":{"_glsr_average":0,"_glsr_ranking":0,"_glsr_reviews":0},"product_brand":[],"product_cat":[262],"product_tag":[],"class_list":{"0":"post-8784","1":"product","2":"type-product","3":"status-publish","4":"has-post-thumbnail","6":"product_cat-smaragd","7":"pa_edelsteinart-smaragd","8":"pa_farbe-gruen","9":"pa_form-tropfen","10":"pa_gewicht-karat-0-5-1-0-karat","11":"pa_herkunft-sambia","12":"pa_reinheit-kleine-einschluesse","13":"pa_veredelung-behandlung-geoelt","14":"pa_zustand-neu","16":"first","17":"instock","18":"sold-individually","19":"shipping-taxable","20":"purchasable","21":"product-type-simple","22":"add-to-wishlist-before_image"},"jetpack_sharing_enabled":true,"_links":{"self":[{"href":"https:\/\/saphirsmaragd.com\/es\/wp-json\/wp\/v2\/product\/8784","targetHints":{"allow":["GET"]}}],"collection":[{"href":"https:\/\/saphirsmaragd.com\/es\/wp-json\/wp\/v2\/product"}],"about":[{"href":"https:\/\/saphirsmaragd.com\/es\/wp-json\/wp\/v2\/types\/product"}],"replies":[{"embeddable":true,"href":"https:\/\/saphirsmaragd.com\/es\/wp-json\/wp\/v2\/comments?post=8784"}],"version-history":[{"count":1,"href":"https:\/\/saphirsmaragd.com\/es\/wp-json\/wp\/v2\/product\/8784\/revisions"}],"predecessor-version":[{"id":8786,"href":"https:\/\/saphirsmaragd.com\/es\/wp-json\/wp\/v2\/product\/8784\/revisions\/8786"}],"wp:featuredmedia":[{"embeddable":true,"href":"https:\/\/saphirsmaragd.com\/es\/wp-json\/wp\/v2\/media\/8785"}],"wp:attachment":[{"href":"https:\/\/saphirsmaragd.com\/es\/wp-json\/wp\/v2\/media?parent=8784"}],"wp:term":[{"taxonomy":"product_brand","embeddable":true,"href":"https:\/\/saphirsmaragd.com\/es\/wp-json\/wp\/v2\/product_brand?post=8784"},{"taxonomy":"product_cat","embeddable":true,"href":"https:\/\/saphirsmaragd.com\/es\/wp-json\/wp\/v2\/product_cat?post=8784"},{"taxonomy":"product_tag","embeddable":true,"href":"https:\/\/saphirsmaragd.com\/es\/wp-json\/wp\/v2\/product_tag?post=8784"}],"curies":[{"name":"wp","href":"https:\/\/api.w.org\/{rel}","templated":true}]}}