{"id":1397,"date":"2025-07-08T15:06:56","date_gmt":"2025-07-08T15:06:56","guid":{"rendered":"https:\/\/saphirsmaragd.com\/?post_type=product&#038;p=1397"},"modified":"2025-12-29T19:05:55","modified_gmt":"2025-12-29T19:05:55","slug":"smaragd-2-82-karat","status":"publish","type":"product","link":"https:\/\/saphirsmaragd.com\/et\/toode\/smaragd-2-82-karat\/","title":{"rendered":"Smaragd 2.82 Karat im rechteckigen Schliff \u2013 9&#215;7 mm, intensiv gr\u00fcn"},"content":{"rendered":"<div id=\"ez-toc-container\" class=\"ez-toc-v2_0_82_2 counter-hierarchy ez-toc-counter ez-toc-grey ez-toc-container-direction\">\n<div class=\"ez-toc-title-container\">\n<p class=\"ez-toc-title\" style=\"cursor:inherit\">Sisukord<\/p>\n<span class=\"ez-toc-title-toggle\"><a href=\"#\" class=\"ez-toc-pull-right ez-toc-btn ez-toc-btn-xs ez-toc-btn-default ez-toc-toggle\" aria-label=\"Toggle Table of Content\"><span class=\"ez-toc-js-icon-con\"><span class=\"\"><span class=\"eztoc-hide\" style=\"display:none;\">L\u00fclitage sisse\/v\u00e4lja<\/span><span class=\"ez-toc-icon-toggle-span\"><svg style=\"fill: #999;color:#999\" xmlns=\"http:\/\/www.w3.org\/2000\/svg\" class=\"list-377408\" width=\"20px\" height=\"20px\" viewbox=\"0 0 24 24\" fill=\"none\"><path d=\"M6 6H4v2h2V6zm14 0H8v2h12V6zM4 11h2v2H4v-2zm16 0H8v2h12v-2zM4 16h2v2H4v-2zm16 0H8v2h12v-2z\" fill=\"currentColor\"><\/path><\/svg><svg style=\"fill: #999;color:#999\" class=\"arrow-unsorted-368013\" xmlns=\"http:\/\/www.w3.org\/2000\/svg\" width=\"10px\" height=\"10px\" viewbox=\"0 0 24 24\" version=\"1.2\" baseprofile=\"tiny\"><path d=\"M18.2 9.3l-6.2-6.3-6.2 6.3c-.2.2-.3.4-.3.7s.1.5.3.7c.2.2.4.3.7.3h11c.3 0 .5-.1.7-.3.2-.2.3-.5.3-.7s-.1-.5-.3-.7zM5.8 14.7l6.2 6.3 6.2-6.3c.2-.2.3-.5.3-.7s-.1-.5-.3-.7c-.2-.2-.4-.3-.7-.3h-11c-.3 0-.5.1-.7.3-.2.2-.3.5-.3.7s.1.5.3.7z\"\/><\/svg><\/span><\/span><\/span><\/a><\/span><\/div>\n<nav><ul class='ez-toc-list ez-toc-list-level-1' ><li class='ez-toc-page-1 ez-toc-heading-level-4'><a class=\"ez-toc-link ez-toc-heading-1\" href=\"https:\/\/saphirsmaragd.com\/et\/toode\/smaragd-2-82-karat\/#Smaragd_282_Karat_im_rechteckigen_Schliff\" >Smaragd 2.82 Karat im rechteckigen Schliff<\/a><\/li><li class='ez-toc-page-1 ez-toc-heading-level-4'><a class=\"ez-toc-link ez-toc-heading-2\" href=\"https:\/\/saphirsmaragd.com\/et\/toode\/smaragd-2-82-karat\/#Merkmale_Herkunft\" >Omadused ja p\u00e4ritolu<\/a><\/li><li class='ez-toc-page-1 ez-toc-heading-level-4'><a class=\"ez-toc-link ez-toc-heading-3\" href=\"https:\/\/saphirsmaragd.com\/et\/toode\/smaragd-2-82-karat\/#Besonderheiten\" >Erifunktsioonid<\/a><\/li><li class='ez-toc-page-1 ez-toc-heading-level-4'><a class=\"ez-toc-link ez-toc-heading-4\" href=\"https:\/\/saphirsmaragd.com\/et\/toode\/smaragd-2-82-karat\/#Mehr_uber_Smaragde_Heilsteine\" >Mehr \u00fcber Smaragde &amp; Heilsteine<\/a><\/li><li class='ez-toc-page-1 ez-toc-heading-level-4'><a class=\"ez-toc-link ez-toc-heading-5\" href=\"https:\/\/saphirsmaragd.com\/et\/toode\/smaragd-2-82-karat\/#Weitere_Infos\" >Lisateave<\/a><\/li><\/ul><\/nav><\/div>\n<h4 data-start=\"481\" data-end=\"548\"><span class=\"ez-toc-section\" id=\"Smaragd_282_Karat_im_rechteckigen_Schliff\"><\/span>Smaragd 2.82 Karat im rechteckigen Schliff<span class=\"ez-toc-section-end\"><\/span><\/h4>\n<p data-start=\"549\" data-end=\"629\">Ein leuchtender Smaragd mit 2.82 Karat, ideal f\u00fcr luxuri\u00f6se Schmuckanfertigungen.<\/p>\n<hr data-start=\"1244\" data-end=\"1247\" \/>\n<h4 data-start=\"809\" data-end=\"835\"><span class=\"ez-toc-section\" id=\"Merkmale_Herkunft\"><\/span>Omadused ja p\u00e4ritolu<span class=\"ez-toc-section-end\"><\/span><\/h4>\n<p data-start=\"837\" data-end=\"1242\">Edelsteinart: Smaragd<br data-start=\"858\" data-end=\"861\" \/>Gewicht: 2.82 Karat<br data-start=\"877\" data-end=\"880\" \/>Farbe: Intensives Hellgr\u00fcn<br data-start=\"906\" data-end=\"909\" \/>Form: Rechteck geschliffen<br data-start=\"935\" data-end=\"938\" \/>Gr\u00f6\u00dfe: 9 \u00d7 7.4 mm<br data-start=\"955\" data-end=\"958\" \/>Reinheit: Einige feine Einschl\u00fcsse (sichtbar unter 10\u00d7 Lupe)<br data-start=\"1018\" data-end=\"1021\" \/>Behandlung: Leicht ge\u00f6lt (\u00fcbliche Praxis)<br data-start=\"1075\" data-end=\"1078\" \/>P\u00e4ritolu: Brasiilia<br data-start=\"1145\" data-end=\"1148\" \/>Seisukord: Uus<br data-start=\"1172\" data-end=\"1175\" \/>Zertifikat: Ja, Echtheitszertifikat durch Gemmologin (Gem-A London)<\/p>\n<hr data-start=\"1244\" data-end=\"1247\" \/>\n<h4 data-start=\"1249\" data-end=\"1270\"><span class=\"ez-toc-section\" id=\"Besonderheiten\"><\/span>Erifunktsioonid<span class=\"ez-toc-section-end\"><\/span><\/h4>\n<p data-start=\"1272\" data-end=\"1548\">Dieser <strong data-start=\"1279\" data-end=\"1305\">Smaragd 2.82 Karat kaufen<\/strong> \u00fcberzeugt durch seine au\u00dfergew\u00f6hnlich brillante Farbe und sein gro\u00dfz\u00fcgiges Format. Dank seiner klaren Struktur eignet er sich ideal f\u00fcr individuelle Schmuckdesigns wie Ringe oder Anh\u00e4nger. Das intensive Gr\u00fcn wirkt besonders edel und luxuri\u00f6s.<\/p>\n<hr data-start=\"1550\" data-end=\"1553\" \/>\n<h4 data-start=\"1555\" data-end=\"1593\"><span class=\"ez-toc-section\" id=\"Mehr_uber_Smaragde_Heilsteine\"><\/span>Mehr \u00fcber Smaragde &amp; Heilsteine<span class=\"ez-toc-section-end\"><\/span><\/h4>\n<p data-start=\"1595\" data-end=\"1695\"><a class=\"\" href=\"https:\/\/saphirsmaragd.com\/et\/product-category\/heilsteine-kristalle-kaufen\/\" target=\"_new\" rel=\"noopener\" data-start=\"1598\" data-end=\"1695\">Tervendavad kivid ja kristallid<\/a><\/p>\n<hr data-start=\"1697\" data-end=\"1700\" \/>\n<h4 data-start=\"1702\" data-end=\"1722\"><span class=\"ez-toc-section\" id=\"Weitere_Infos\"><\/span>Lisateave<span class=\"ez-toc-section-end\"><\/span><\/h4>\n<p data-start=\"1724\" data-end=\"1784\"><a class=\"\" href=\"https:\/\/de.wikipedia.org\/wiki\/Smaragd\" target=\"_new\" rel=\"noopener\" data-start=\"1724\" data-end=\"1784\">Wikipedia \u2013 Smaragd<\/a><\/p>","protected":false},"excerpt":{"rendered":"<p data-start=\"481\" data-end=\"548\"><em>Smaragd 2.82 Karat in rechteckigem Schliff (9&#215;7 mm) \u2013 lebendiges Gr\u00fcn, nat\u00fcrliche Qualit\u00e4t mit wenigen Einschl\u00fcssen. Ideal f\u00fcr edle Schmuckdesigns. Jetzt entdecken!<\/em><\/p>\n<p data-start=\"378\" data-end=\"474\">","protected":false},"featured_media":1399,"comment_status":"open","ping_status":"closed","template":"","meta":{"_glsr_average":0,"_glsr_ranking":0,"_glsr_reviews":0},"product_brand":[],"product_cat":[262],"product_tag":[],"class_list":{"0":"post-1397","1":"product","2":"type-product","3":"status-publish","4":"has-post-thumbnail","6":"product_cat-smaragd","7":"pa_edelsteinart-smaragd","8":"pa_farbe-gruen","9":"pa_form-smaragdschliff","10":"pa_gewicht-karat-0-1-0-5-karat","11":"pa_herkunft-brasilien","12":"pa_reinheit-kleine-einschluesse","13":"pa_veredelung-behandlung-geoelt","14":"pa_zertifikat-ja","15":"pa_zustand-neu","17":"first","18":"instock","19":"sold-individually","20":"shipping-taxable","21":"purchasable","22":"product-type-simple","23":"add-to-wishlist-before_image"},"jetpack_sharing_enabled":true,"_links":{"self":[{"href":"https:\/\/saphirsmaragd.com\/et\/wp-json\/wp\/v2\/product\/1397","targetHints":{"allow":["GET"]}}],"collection":[{"href":"https:\/\/saphirsmaragd.com\/et\/wp-json\/wp\/v2\/product"}],"about":[{"href":"https:\/\/saphirsmaragd.com\/et\/wp-json\/wp\/v2\/types\/product"}],"replies":[{"embeddable":true,"href":"https:\/\/saphirsmaragd.com\/et\/wp-json\/wp\/v2\/comments?post=1397"}],"version-history":[{"count":5,"href":"https:\/\/saphirsmaragd.com\/et\/wp-json\/wp\/v2\/product\/1397\/revisions"}],"predecessor-version":[{"id":4430,"href":"https:\/\/saphirsmaragd.com\/et\/wp-json\/wp\/v2\/product\/1397\/revisions\/4430"}],"wp:featuredmedia":[{"embeddable":true,"href":"https:\/\/saphirsmaragd.com\/et\/wp-json\/wp\/v2\/media\/1399"}],"wp:attachment":[{"href":"https:\/\/saphirsmaragd.com\/et\/wp-json\/wp\/v2\/media?parent=1397"}],"wp:term":[{"taxonomy":"product_brand","embeddable":true,"href":"https:\/\/saphirsmaragd.com\/et\/wp-json\/wp\/v2\/product_brand?post=1397"},{"taxonomy":"product_cat","embeddable":true,"href":"https:\/\/saphirsmaragd.com\/et\/wp-json\/wp\/v2\/product_cat?post=1397"},{"taxonomy":"product_tag","embeddable":true,"href":"https:\/\/saphirsmaragd.com\/et\/wp-json\/wp\/v2\/product_tag?post=1397"}],"curies":[{"name":"wp","href":"https:\/\/api.w.org\/{rel}","templated":true}]}}