{"id":1658,"date":"2025-07-11T14:41:15","date_gmt":"2025-07-11T14:41:15","guid":{"rendered":"https:\/\/saphirsmaragd.com\/?post_type=product&#038;p=1658"},"modified":"2025-12-29T19:03:41","modified_gmt":"2025-12-29T19:03:41","slug":"saphir-1-57-karat-violett-herz","status":"publish","type":"product","link":"https:\/\/saphirsmaragd.com\/et\/toode\/saphir-1-57-karat-violett-herz\/","title":{"rendered":"Saphir 1.57 Karat Violett Herz \u2013 nat\u00fcrlicher Umba-Saphir aus Tansania"},"content":{"rendered":"<div id=\"ez-toc-container\" class=\"ez-toc-v2_0_82_2 counter-hierarchy ez-toc-counter ez-toc-grey ez-toc-container-direction\">\n<div class=\"ez-toc-title-container\">\n<p class=\"ez-toc-title\" style=\"cursor:inherit\">Sisukord<\/p>\n<span class=\"ez-toc-title-toggle\"><a href=\"#\" class=\"ez-toc-pull-right ez-toc-btn ez-toc-btn-xs ez-toc-btn-default ez-toc-toggle\" aria-label=\"Toggle Table of Content\"><span class=\"ez-toc-js-icon-con\"><span class=\"\"><span class=\"eztoc-hide\" style=\"display:none;\">L\u00fclitage sisse\/v\u00e4lja<\/span><span class=\"ez-toc-icon-toggle-span\"><svg style=\"fill: #999;color:#999\" xmlns=\"http:\/\/www.w3.org\/2000\/svg\" class=\"list-377408\" width=\"20px\" height=\"20px\" viewbox=\"0 0 24 24\" fill=\"none\"><path d=\"M6 6H4v2h2V6zm14 0H8v2h12V6zM4 11h2v2H4v-2zm16 0H8v2h12v-2zM4 16h2v2H4v-2zm16 0H8v2h12v-2z\" fill=\"currentColor\"><\/path><\/svg><svg style=\"fill: #999;color:#999\" class=\"arrow-unsorted-368013\" xmlns=\"http:\/\/www.w3.org\/2000\/svg\" width=\"10px\" height=\"10px\" viewbox=\"0 0 24 24\" version=\"1.2\" baseprofile=\"tiny\"><path d=\"M18.2 9.3l-6.2-6.3-6.2 6.3c-.2.2-.3.4-.3.7s.1.5.3.7c.2.2.4.3.7.3h11c.3 0 .5-.1.7-.3.2-.2.3-.5.3-.7s-.1-.5-.3-.7zM5.8 14.7l6.2 6.3 6.2-6.3c.2-.2.3-.5.3-.7s-.1-.5-.3-.7c-.2-.2-.4-.3-.7-.3h-11c-.3 0-.5.1-.7.3-.2.2-.3.5-.3.7s.1.5.3.7z\"\/><\/svg><\/span><\/span><\/span><\/a><\/span><\/div>\n<nav><ul class='ez-toc-list ez-toc-list-level-1' ><li class='ez-toc-page-1 ez-toc-heading-level-4'><a class=\"ez-toc-link ez-toc-heading-1\" href=\"https:\/\/saphirsmaragd.com\/et\/toode\/saphir-1-57-karat-violett-herz\/#Naturlicher_Saphir_157_Karat_Violett_Herz\" >Nat\u00fcrlicher Saphir 1.57 Karat Violett Herz<\/a><\/li><li class='ez-toc-page-1 ez-toc-heading-level-4'><a class=\"ez-toc-link ez-toc-heading-2\" href=\"https:\/\/saphirsmaragd.com\/et\/toode\/saphir-1-57-karat-violett-herz\/#Merkmale_Herkunft\" >Omadused ja p\u00e4ritolu<\/a><\/li><li class='ez-toc-page-1 ez-toc-heading-level-4'><a class=\"ez-toc-link ez-toc-heading-3\" href=\"https:\/\/saphirsmaragd.com\/et\/toode\/saphir-1-57-karat-violett-herz\/#Besonderheiten\" >Erifunktsioonid<\/a><\/li><li class='ez-toc-page-1 ez-toc-heading-level-4'><a class=\"ez-toc-link ez-toc-heading-4\" href=\"https:\/\/saphirsmaragd.com\/et\/toode\/saphir-1-57-karat-violett-herz\/#Mehr_uber_unsere_Edelsteine\" >Lisateavet meie v\u00e4\u00e4riskivide kohta<\/a><\/li><li class='ez-toc-page-1 ez-toc-heading-level-4'><a class=\"ez-toc-link ez-toc-heading-5\" href=\"https:\/\/saphirsmaragd.com\/et\/toode\/saphir-1-57-karat-violett-herz\/#Weitere_Infos\" >Lisateave<\/a><\/li><\/ul><\/nav><\/div>\n<h4 data-start=\"711\" data-end=\"757\"><span class=\"ez-toc-section\" id=\"Naturlicher_Saphir_157_Karat_Violett_Herz\"><\/span>Nat\u00fcrlicher Saphir 1.57 Karat Violett Herz<span class=\"ez-toc-section-end\"><\/span><\/h4>\n<p data-start=\"759\" data-end=\"1052\">Ein faszinierender violetter Edelstein in Herzform \u2013 der <strong data-start=\"816\" data-end=\"847\">Saphir 1.57 Karat Violett Herz<\/strong> \u00fcberzeugt mit seiner Herkunft aus Tansania (Umba) und seiner einzigartigen violetten Leuchtkraft. Die kr\u00e4ftige Farbe, das Herzschliff-Design und der unbehandelte Zustand machen ihn zu einem echten Unikat.<\/p>\n<hr data-start=\"1054\" data-end=\"1057\" \/>\n<h4 data-start=\"1059\" data-end=\"1088\"><span class=\"ez-toc-section\" id=\"Merkmale_Herkunft\"><\/span>Omadused ja p\u00e4ritolu<span class=\"ez-toc-section-end\"><\/span><\/h4>\n<p data-start=\"1089\" data-end=\"1313\">Gr\u00f6\u00dfe: ca. 7 mm<br data-start=\"574\" data-end=\"577\" \/>Farbe: Violett<br data-start=\"591\" data-end=\"594\" \/>Gewicht: 1.57 Karat<br data-start=\"610\" data-end=\"613\" \/>Form: Herz<br data-start=\"623\" data-end=\"626\" \/>Reinheit: Sichtbare Einschl\u00fcsse<br data-start=\"657\" data-end=\"660\" \/>T\u00e4psustamine \/ t\u00f6\u00f6tlus: T\u00f6\u00f6tlemata<br data-start=\"696\" data-end=\"699\" \/>Herkunft: Umba, Tansania<br data-start=\"723\" data-end=\"726\" \/>Zustand: Ungefasst<br data-start=\"744\" data-end=\"747\" \/>Zertifikat: Ja, von Gemmologin (Gem\u2013A)<\/p>\n<hr data-start=\"1315\" data-end=\"1318\" \/>\n<h4 data-start=\"1320\" data-end=\"1344\"><span class=\"ez-toc-section\" id=\"Besonderheiten\"><\/span>Erifunktsioonid<span class=\"ez-toc-section-end\"><\/span><\/h4>\n<p data-start=\"814\" data-end=\"1120\">Der nat\u00fcrliche Umba-Saphir ist nicht nur aufgrund seines Farbtons besonders begehrt \u2013 auch die Kombination aus Herzform und transparenter Struktur macht ihn ideal f\u00fcr individuelle Schmuckdesigns. Die sichtbaren Einschl\u00fcsse unterstreichen seinen authentischen Charakter. Lieferung inkl. Echtheitszertifikat.<\/p>\n<hr data-start=\"1608\" data-end=\"1611\" \/>\n<h4 data-start=\"1931\" data-end=\"1971\"><span class=\"ez-toc-section\" id=\"Mehr_uber_unsere_Edelsteine\"><\/span>Lisateavet meie v\u00e4\u00e4riskivide kohta<span class=\"ez-toc-section-end\"><\/span><\/h4>\n<p data-start=\"1972\" data-end=\"2069\"><a href=\"https:\/\/saphirsmaragd.com\/et\/product-category\/edelsteine-kaufen\/\">V\u00e4\u00e4riskivid<\/a><\/p>\n<hr data-start=\"1826\" data-end=\"1829\" \/>\n<h4 data-start=\"1831\" data-end=\"1854\"><span class=\"ez-toc-section\" id=\"Weitere_Infos\"><\/span>Lisateave<span class=\"ez-toc-section-end\"><\/span><\/h4>\n<p data-start=\"1855\" data-end=\"1959\"><a class=\"\" href=\"https:\/\/en.wikipedia.org\/wiki\/Sapphire\" target=\"_new\" rel=\"noopener\" data-start=\"1897\" data-end=\"1959\">Wikipedia \u2013 Sapphire<\/a><\/p>","protected":false},"excerpt":{"rendered":"<p data-start=\"347\" data-end=\"542\"><em>Ein echter Saphir 1.57 Karat Violett Herz mit leuchtender Farbe, unbehandelt aus Tansania. Ideal f\u00fcr exklusive Schmuckst\u00fccke \u2013 mit sichtbaren Einschl\u00fcssen.<\/em><\/p>\n<p data-start=\"378\" data-end=\"474\">","protected":false},"featured_media":1661,"comment_status":"open","ping_status":"closed","template":"","meta":{"_glsr_average":0,"_glsr_ranking":0,"_glsr_reviews":0},"product_brand":[],"product_cat":[74],"product_tag":[],"class_list":{"0":"post-1658","1":"product","2":"type-product","3":"status-publish","4":"has-post-thumbnail","6":"product_cat-saphire-kaufen","7":"pa_edelsteinart-saphir","8":"pa_farbe-violett","9":"pa_form-herz","10":"pa_gewicht-karat-1-0-3-0-karat","11":"pa_herkunft-tansania","12":"pa_reinheit-deutliche-einschluesse","13":"pa_veredelung-behandlung-unbehandelt","14":"pa_zertifikat-ja","15":"pa_zustand-neu","17":"first","18":"instock","19":"featured","20":"sold-individually","21":"shipping-taxable","22":"purchasable","23":"product-type-simple","24":"add-to-wishlist-before_image"},"jetpack_sharing_enabled":true,"_links":{"self":[{"href":"https:\/\/saphirsmaragd.com\/et\/wp-json\/wp\/v2\/product\/1658","targetHints":{"allow":["GET"]}}],"collection":[{"href":"https:\/\/saphirsmaragd.com\/et\/wp-json\/wp\/v2\/product"}],"about":[{"href":"https:\/\/saphirsmaragd.com\/et\/wp-json\/wp\/v2\/types\/product"}],"replies":[{"embeddable":true,"href":"https:\/\/saphirsmaragd.com\/et\/wp-json\/wp\/v2\/comments?post=1658"}],"version-history":[{"count":4,"href":"https:\/\/saphirsmaragd.com\/et\/wp-json\/wp\/v2\/product\/1658\/revisions"}],"predecessor-version":[{"id":4457,"href":"https:\/\/saphirsmaragd.com\/et\/wp-json\/wp\/v2\/product\/1658\/revisions\/4457"}],"wp:featuredmedia":[{"embeddable":true,"href":"https:\/\/saphirsmaragd.com\/et\/wp-json\/wp\/v2\/media\/1661"}],"wp:attachment":[{"href":"https:\/\/saphirsmaragd.com\/et\/wp-json\/wp\/v2\/media?parent=1658"}],"wp:term":[{"taxonomy":"product_brand","embeddable":true,"href":"https:\/\/saphirsmaragd.com\/et\/wp-json\/wp\/v2\/product_brand?post=1658"},{"taxonomy":"product_cat","embeddable":true,"href":"https:\/\/saphirsmaragd.com\/et\/wp-json\/wp\/v2\/product_cat?post=1658"},{"taxonomy":"product_tag","embeddable":true,"href":"https:\/\/saphirsmaragd.com\/et\/wp-json\/wp\/v2\/product_tag?post=1658"}],"curies":[{"name":"wp","href":"https:\/\/api.w.org\/{rel}","templated":true}]}}