{"id":2239,"date":"2025-10-08T17:19:15","date_gmt":"2025-10-08T17:19:15","guid":{"rendered":"https:\/\/saphirsmaragd.com\/?post_type=product&#038;p=2239"},"modified":"2025-12-29T19:02:55","modified_gmt":"2025-12-29T19:02:55","slug":"aquamarin-2-02-karat-navette-blau","status":"publish","type":"product","link":"https:\/\/saphirsmaragd.com\/et\/toode\/aquamarin-2-02-karat-navette-blau\/","title":{"rendered":"Aquamarin 2.02 Karat Navette Blau \u2013 zertifizierter Edelstein im Navette-Schliff"},"content":{"rendered":"<div id=\"ez-toc-container\" class=\"ez-toc-v2_0_82_2 counter-hierarchy ez-toc-counter ez-toc-grey ez-toc-container-direction\">\n<div class=\"ez-toc-title-container\">\n<p class=\"ez-toc-title\" style=\"cursor:inherit\">Sisukord<\/p>\n<span class=\"ez-toc-title-toggle\"><a href=\"#\" class=\"ez-toc-pull-right ez-toc-btn ez-toc-btn-xs ez-toc-btn-default ez-toc-toggle\" aria-label=\"Toggle Table of Content\"><span class=\"ez-toc-js-icon-con\"><span class=\"\"><span class=\"eztoc-hide\" style=\"display:none;\">L\u00fclitage sisse\/v\u00e4lja<\/span><span class=\"ez-toc-icon-toggle-span\"><svg style=\"fill: #999;color:#999\" xmlns=\"http:\/\/www.w3.org\/2000\/svg\" class=\"list-377408\" width=\"20px\" height=\"20px\" viewbox=\"0 0 24 24\" fill=\"none\"><path d=\"M6 6H4v2h2V6zm14 0H8v2h12V6zM4 11h2v2H4v-2zm16 0H8v2h12v-2zM4 16h2v2H4v-2zm16 0H8v2h12v-2z\" fill=\"currentColor\"><\/path><\/svg><svg style=\"fill: #999;color:#999\" class=\"arrow-unsorted-368013\" xmlns=\"http:\/\/www.w3.org\/2000\/svg\" width=\"10px\" height=\"10px\" viewbox=\"0 0 24 24\" version=\"1.2\" baseprofile=\"tiny\"><path d=\"M18.2 9.3l-6.2-6.3-6.2 6.3c-.2.2-.3.4-.3.7s.1.5.3.7c.2.2.4.3.7.3h11c.3 0 .5-.1.7-.3.2-.2.3-.5.3-.7s-.1-.5-.3-.7zM5.8 14.7l6.2 6.3 6.2-6.3c.2-.2.3-.5.3-.7s-.1-.5-.3-.7c-.2-.2-.4-.3-.7-.3h-11c-.3 0-.5.1-.7.3-.2.2-.3.5-.3.7s.1.5.3.7z\"\/><\/svg><\/span><\/span><\/span><\/a><\/span><\/div>\n<nav><ul class='ez-toc-list ez-toc-list-level-1' ><li class='ez-toc-page-1 ez-toc-heading-level-4'><a class=\"ez-toc-link ez-toc-heading-1\" href=\"https:\/\/saphirsmaragd.com\/et\/toode\/aquamarin-2-02-karat-navette-blau\/#Aquamarin_202_Karat_Navette_Blau_%E2%80%93_exklusiver_facettierter_Edelstein\" >Aquamarin 2.02 Karat Navette Blau \u2013 exklusiver facettierter Edelstein<\/a><\/li><li class='ez-toc-page-1 ez-toc-heading-level-4'><a class=\"ez-toc-link ez-toc-heading-2\" href=\"https:\/\/saphirsmaragd.com\/et\/toode\/aquamarin-2-02-karat-navette-blau\/#Merkmale_Herkunft\" >Omadused ja p\u00e4ritolu<\/a><\/li><li class='ez-toc-page-1 ez-toc-heading-level-4'><a class=\"ez-toc-link ez-toc-heading-3\" href=\"https:\/\/saphirsmaragd.com\/et\/toode\/aquamarin-2-02-karat-navette-blau\/#Besonderheiten\" >Erifunktsioonid<\/a><\/li><li class='ez-toc-page-1 ez-toc-heading-level-4'><a class=\"ez-toc-link ez-toc-heading-4\" href=\"https:\/\/saphirsmaragd.com\/et\/toode\/aquamarin-2-02-karat-navette-blau\/#Mehr_uber_unsere_Edelsteine\" >Lisateavet meie v\u00e4\u00e4riskivide kohta<\/a><\/li><li class='ez-toc-page-1 ez-toc-heading-level-4'><a class=\"ez-toc-link ez-toc-heading-5\" href=\"https:\/\/saphirsmaragd.com\/et\/toode\/aquamarin-2-02-karat-navette-blau\/#Weitere_Infos\" >Lisateave<\/a><\/li><\/ul><\/nav><\/div>\n<h4 data-start=\"706\" data-end=\"778\"><span class=\"ez-toc-section\" id=\"Aquamarin_202_Karat_Navette_Blau_%E2%80%93_exklusiver_facettierter_Edelstein\"><\/span>Aquamarin 2.02 Karat Navette Blau \u2013 exklusiver facettierter Edelstein<span class=\"ez-toc-section-end\"><\/span><\/h4>\n<p data-start=\"779\" data-end=\"1023\">Dieser nat\u00fcrliche Aquamarin \u00fcberzeugt durch seinen eleganten Navette-Schliff und eine klare hellblaue Farbe. Mit 2.02 Karat und sehr hoher Reinheit eignet sich der Aquamarin 2.02 Karat Navette Blau ideal f\u00fcr hochwertige Schmuckst\u00fccke oder Sammler.<\/p>\n<hr data-start=\"1275\" data-end=\"1278\" \/>\n<h4 data-start=\"1028\" data-end=\"1054\"><span class=\"ez-toc-section\" id=\"Merkmale_Herkunft\"><\/span>Omadused ja p\u00e4ritolu<span class=\"ez-toc-section-end\"><\/span><\/h4>\n<p data-start=\"1055\" data-end=\"1273\">Stein: Aquamarin<br data-start=\"1071\" data-end=\"1074\" \/>Farbe: Blau<br data-start=\"1085\" data-end=\"1088\" \/>Form: Navette facettiert<br data-start=\"1112\" data-end=\"1115\" \/>Gewicht: 2.02 Karat<br data-start=\"1131\" data-end=\"1134\" \/>K\u00f5vadus: 7 Mohs<br data-start=\"1147\" data-end=\"1150\" \/>Gr\u00f6\u00dfe: 11.7 \u00d7 5.8 mm<br data-start=\"1170\" data-end=\"1173\" \/>Selgus: V\u00e4ga v\u00e4ikesed lisandid<br data-start=\"1206\" data-end=\"1209\" \/>Familie: Beryll<br data-start=\"1224\" data-end=\"1227\" \/>Sertifikaat: Val\u00e9rie Duraffourg (Gem-A, London)<\/p>\n<hr data-start=\"1275\" data-end=\"1278\" \/>\n<h4 data-start=\"1280\" data-end=\"1301\"><span class=\"ez-toc-section\" id=\"Besonderheiten\"><\/span>Erifunktsioonid<span class=\"ez-toc-section-end\"><\/span><\/h4>\n<p data-start=\"1302\" data-end=\"1575\">Der Aquamarin 2.02 Karat Blau beeindruckt durch seine Gr\u00f6\u00dfe und den hochwertigen Facettenschliff. Die sehr kleinen Einschl\u00fcsse sind nur unter 10-facher Vergr\u00f6\u00dferung sichtbar, was die hohe optische Reinheit unterstreicht. Das Zertifikat best\u00e4tigt Echtheit und Qualit\u00e4t.<\/p>\n<hr data-start=\"1926\" data-end=\"1929\" \/>\n<h4 data-start=\"1931\" data-end=\"1971\"><span class=\"ez-toc-section\" id=\"Mehr_uber_unsere_Edelsteine\"><\/span>Lisateavet meie v\u00e4\u00e4riskivide kohta<span class=\"ez-toc-section-end\"><\/span><\/h4>\n<p data-start=\"1972\" data-end=\"2069\"><a href=\"https:\/\/saphirsmaragd.com\/et\/product-category\/edelsteine-kaufen\/\">V\u00e4\u00e4riskivid<\/a><\/p>\n<hr data-start=\"2071\" data-end=\"2074\" \/>\n<h4 data-start=\"2076\" data-end=\"2096\"><span class=\"ez-toc-section\" id=\"Weitere_Infos\"><\/span>Lisateave<span class=\"ez-toc-section-end\"><\/span><\/h4>\n<p data-start=\"2097\" data-end=\"2160\"><a class=\"decorated-link cursor-pointer\" href=\"https:\/\/de.wikipedia.org\/wiki\/Aquamarin\" target=\"_new\" rel=\"noopener\" data-start=\"2097\" data-end=\"2160\">Wikipedia: Aquamarin<\/a><\/p>","protected":false},"excerpt":{"rendered":"<p data-start=\"353\" data-end=\"492\"><em>Aquamarin 2.02 Karat Navette Blau \u2013 zertifizierter Edelstein mit sehr kleinen Einschl\u00fcssen, 7 Mohs H\u00e4rte und elegant facettiertem Schliff.<\/em><\/p>\n<p data-start=\"378\" data-end=\"474\">","protected":false},"featured_media":2242,"comment_status":"open","ping_status":"closed","template":"","meta":{"_glsr_average":0,"_glsr_ranking":0,"_glsr_reviews":0},"product_brand":[],"product_cat":[77],"product_tag":[],"class_list":{"0":"post-2239","1":"product","2":"type-product","3":"status-publish","4":"has-post-thumbnail","6":"product_cat-aquamarin-kaufen","7":"pa_edelsteinart-aquamarin","8":"pa_farbe-blau","9":"pa_form-navette","10":"pa_gewicht-karat-1-0-3-0-karat","11":"pa_reinheit-sehr-kleine-einschluesse","12":"pa_zertifikat-ja","13":"pa_zustand-neu","15":"first","16":"instock","17":"featured","18":"sold-individually","19":"shipping-taxable","20":"purchasable","21":"product-type-simple","22":"add-to-wishlist-before_image"},"jetpack_sharing_enabled":true,"_links":{"self":[{"href":"https:\/\/saphirsmaragd.com\/et\/wp-json\/wp\/v2\/product\/2239","targetHints":{"allow":["GET"]}}],"collection":[{"href":"https:\/\/saphirsmaragd.com\/et\/wp-json\/wp\/v2\/product"}],"about":[{"href":"https:\/\/saphirsmaragd.com\/et\/wp-json\/wp\/v2\/types\/product"}],"replies":[{"embeddable":true,"href":"https:\/\/saphirsmaragd.com\/et\/wp-json\/wp\/v2\/comments?post=2239"}],"version-history":[{"count":3,"href":"https:\/\/saphirsmaragd.com\/et\/wp-json\/wp\/v2\/product\/2239\/revisions"}],"predecessor-version":[{"id":4538,"href":"https:\/\/saphirsmaragd.com\/et\/wp-json\/wp\/v2\/product\/2239\/revisions\/4538"}],"wp:featuredmedia":[{"embeddable":true,"href":"https:\/\/saphirsmaragd.com\/et\/wp-json\/wp\/v2\/media\/2242"}],"wp:attachment":[{"href":"https:\/\/saphirsmaragd.com\/et\/wp-json\/wp\/v2\/media?parent=2239"}],"wp:term":[{"taxonomy":"product_brand","embeddable":true,"href":"https:\/\/saphirsmaragd.com\/et\/wp-json\/wp\/v2\/product_brand?post=2239"},{"taxonomy":"product_cat","embeddable":true,"href":"https:\/\/saphirsmaragd.com\/et\/wp-json\/wp\/v2\/product_cat?post=2239"},{"taxonomy":"product_tag","embeddable":true,"href":"https:\/\/saphirsmaragd.com\/et\/wp-json\/wp\/v2\/product_tag?post=2239"}],"curies":[{"name":"wp","href":"https:\/\/api.w.org\/{rel}","templated":true}]}}