{"id":2275,"date":"2025-10-09T00:07:26","date_gmt":"2025-10-09T00:07:26","guid":{"rendered":"https:\/\/saphirsmaragd.com\/?post_type=product&#038;p=2275"},"modified":"2025-12-05T10:12:02","modified_gmt":"2025-12-05T10:12:02","slug":"amethyst-cluster-auf-staender","status":"publish","type":"product","link":"https:\/\/saphirsmaragd.com\/et\/toode\/amethyst-cluster-auf-staender\/","title":{"rendered":"Amet\u00fcstikobar alusel \u2013 unikaalne teos 1354 g 12,9 \u00d7 9,8 \u00d7 7 cm"},"content":{"rendered":"<div id=\"ez-toc-container\" class=\"ez-toc-v2_0_82_2 counter-hierarchy ez-toc-counter ez-toc-grey ez-toc-container-direction\">\n<div class=\"ez-toc-title-container\">\n<p class=\"ez-toc-title\" style=\"cursor:inherit\">Sisukord<\/p>\n<span class=\"ez-toc-title-toggle\"><a href=\"#\" class=\"ez-toc-pull-right ez-toc-btn ez-toc-btn-xs ez-toc-btn-default ez-toc-toggle\" aria-label=\"Toggle Table of Content\"><span class=\"ez-toc-js-icon-con\"><span class=\"\"><span class=\"eztoc-hide\" style=\"display:none;\">L\u00fclitage sisse\/v\u00e4lja<\/span><span class=\"ez-toc-icon-toggle-span\"><svg style=\"fill: #999;color:#999\" xmlns=\"http:\/\/www.w3.org\/2000\/svg\" class=\"list-377408\" width=\"20px\" height=\"20px\" viewbox=\"0 0 24 24\" fill=\"none\"><path d=\"M6 6H4v2h2V6zm14 0H8v2h12V6zM4 11h2v2H4v-2zm16 0H8v2h12v-2zM4 16h2v2H4v-2zm16 0H8v2h12v-2z\" fill=\"currentColor\"><\/path><\/svg><svg style=\"fill: #999;color:#999\" class=\"arrow-unsorted-368013\" xmlns=\"http:\/\/www.w3.org\/2000\/svg\" width=\"10px\" height=\"10px\" viewbox=\"0 0 24 24\" version=\"1.2\" baseprofile=\"tiny\"><path d=\"M18.2 9.3l-6.2-6.3-6.2 6.3c-.2.2-.3.4-.3.7s.1.5.3.7c.2.2.4.3.7.3h11c.3 0 .5-.1.7-.3.2-.2.3-.5.3-.7s-.1-.5-.3-.7zM5.8 14.7l6.2 6.3 6.2-6.3c.2-.2.3-.5.3-.7s-.1-.5-.3-.7c-.2-.2-.4-.3-.7-.3h-11c-.3 0-.5.1-.7.3-.2.2-.3.5-.3.7s.1.5.3.7z\"\/><\/svg><\/span><\/span><\/span><\/a><\/span><\/div>\n<nav><ul class='ez-toc-list ez-toc-list-level-1' ><li class='ez-toc-page-1 ez-toc-heading-level-4'><a class=\"ez-toc-link ez-toc-heading-1\" href=\"https:\/\/saphirsmaragd.com\/et\/toode\/amethyst-cluster-auf-staender\/#Amethyst_Cluster_auf_Stander_%E2%80%93_Einzelstuck_1354_g_129_%C3%97_98_%C3%97_7_cm\" >Amet\u00fcstikobar alusel \u2013 unikaalne teos 1354 g 12,9 \u00d7 9,8 \u00d7 7 cm<\/a><\/li><li class='ez-toc-page-1 ez-toc-heading-level-4'><a class=\"ez-toc-link ez-toc-heading-2\" href=\"https:\/\/saphirsmaragd.com\/et\/toode\/amethyst-cluster-auf-staender\/#_Merkmale_Herkunft\" >\u00a0Omadused ja p\u00e4ritolu<\/a><\/li><li class='ez-toc-page-1 ez-toc-heading-level-4'><a class=\"ez-toc-link ez-toc-heading-3\" href=\"https:\/\/saphirsmaragd.com\/et\/toode\/amethyst-cluster-auf-staender\/#_Besonderheiten\" >\u00a0Erifunktsioonid<\/a><\/li><li class='ez-toc-page-1 ez-toc-heading-level-4'><a class=\"ez-toc-link ez-toc-heading-4\" href=\"https:\/\/saphirsmaragd.com\/et\/toode\/amethyst-cluster-auf-staender\/#_Mehr_uber_Amethyste_Heilsteine\" >\u00a0Mehr \u00fcber Amethyste &amp; Heilsteine<\/a><\/li><li class='ez-toc-page-1 ez-toc-heading-level-4'><a class=\"ez-toc-link ez-toc-heading-5\" href=\"https:\/\/saphirsmaragd.com\/et\/toode\/amethyst-cluster-auf-staender\/#_Weitere_Infos\" >\u00a0Lisateave<\/a><\/li><\/ul><\/nav><\/div>\n<h4 data-start=\"1051\" data-end=\"1129\"><span class=\"ez-toc-section\" id=\"Amethyst_Cluster_auf_Stander_%E2%80%93_Einzelstuck_1354_g_129_%C3%97_98_%C3%97_7_cm\"><\/span>Amet\u00fcstikobar alusel \u2013 unikaalne teos 1354 g 12,9 \u00d7 9,8 \u00d7 7 cm<span class=\"ez-toc-section-end\"><\/span><\/h4>\n<p data-start=\"1130\" data-end=\"1387\">Der Amethyst Cluster auf St\u00e4nder ist ein einzigartiges Naturst\u00fcck und wird genau wie abgebildet geliefert. Seine violette Kristallstruktur strahlt Ruhe und Klarheit aus und macht ihn zu einem kraftvollen Edelstein f\u00fcr Schutz und spirituelle Entwicklung.<\/p>\n<hr data-start=\"1389\" data-end=\"1392\" \/>\n<h4 data-start=\"1394\" data-end=\"1420\"><span class=\"ez-toc-section\" id=\"_Merkmale_Herkunft\"><\/span>\u00a0Omadused ja p\u00e4ritolu<span class=\"ez-toc-section-end\"><\/span><\/h4>\n<p data-start=\"1421\" data-end=\"1686\">Farbe: Violett<br data-start=\"1435\" data-end=\"1438\" \/>Form: Cluster auf Metallst\u00e4nder<br data-start=\"1469\" data-end=\"1472\" \/>P\u00e4ritolu: Brasiilia<br data-start=\"1491\" data-end=\"1494\" \/>Gewicht: 1354 g<br data-start=\"1509\" data-end=\"1512\" \/>Ma\u00dfe: 12.9 \u00d7 9.8 \u00d7 7 cm (gesamt 18 cm H\u00f6he inkl. St\u00e4nder)<br data-start=\"1569\" data-end=\"1572\" \/>Reinheit: Nat\u00fcrlich, A-Qualit\u00e4t<br data-start=\"1663\" data-end=\"1666\" \/>Steinart: Amethyst<\/p>\n<hr data-start=\"1688\" data-end=\"1691\" \/>\n<h4 data-start=\"1693\" data-end=\"1714\"><span class=\"ez-toc-section\" id=\"_Besonderheiten\"><\/span>\u00a0Erifunktsioonid<span class=\"ez-toc-section-end\"><\/span><\/h4>\n<p data-start=\"1715\" data-end=\"2025\">Der Amethyst Cluster auf St\u00e4nder besitzt sch\u00fctzende, reinigende und beruhigende Eigenschaften. Seine violette Farbe f\u00f6rdert innere Balance und geistige Klarheit. Der Stein harmonisiert Energien im Raum und wirkt entspannend auf K\u00f6rper und Geist \u2013 ideal f\u00fcr Wohnr\u00e4ume, Arbeitspl\u00e4tze oder Meditationsecken.<\/p>\n<p data-start=\"2027\" data-end=\"2385\">Er hilft, Gedanken zu kl\u00e4ren, innere Ruhe zu finden und einschr\u00e4nkende Verhaltensmuster zu l\u00f6sen. Der Amethyst unterst\u00fctzt die Verarbeitung von Verlust, Trauer und emotionalem Schmerz und begleitet den Prozess der Bewusstwerdung und spirituellen Entfaltung. Durch seine Schwingung \u00f6ffnet er das Stirn- und Kronenchakra und f\u00f6rdert Intuition und Meditation.<\/p>\n<p data-start=\"2387\" data-end=\"2586\">\n<hr data-start=\"2588\" data-end=\"2591\" \/>\n<h4 data-start=\"2593\" data-end=\"2632\"><span class=\"ez-toc-section\" id=\"_Mehr_uber_Amethyste_Heilsteine\"><\/span>\u00a0Mehr \u00fcber Amethyste &amp; Heilsteine<span class=\"ez-toc-section-end\"><\/span><\/h4>\n<p data-start=\"2633\" data-end=\"2872\">Amethyste gelten seit der Antike als Steine der Weisheit und Klarheit. Sie werden in der Steinheilkunde zur F\u00f6rderung von Harmonie und geistigem Wachstum eingesetzt.<br data-start=\"2802\" data-end=\"2805\" \/>Erfahren Sie mehr unter: <a href=\"https:\/\/saphirsmaragd.com\/et\/product-category\/heilsteine-kristalle\/\">Heilsteine &amp; Kristalle | Saphir &amp; Smaragd.<\/a><\/p>\n<hr data-start=\"2874\" data-end=\"2877\" \/>\n<h4 data-start=\"2879\" data-end=\"2899\"><span class=\"ez-toc-section\" id=\"_Weitere_Infos\"><\/span>\u00a0Lisateave<span class=\"ez-toc-section-end\"><\/span><\/h4>\n<p data-start=\"2900\" data-end=\"2961\"><a class=\"decorated-link cursor-pointer\" href=\"https:\/\/de.wikipedia.org\/wiki\/Amethyst\" target=\"_new\" rel=\"noopener\" data-start=\"2900\" data-end=\"2961\">Wikipedia: Amethyst<\/a><\/p>","protected":false},"excerpt":{"rendered":"<p><em>Amethyst Cluster auf St\u00e4nder (1354 g) \u2013 ein Unikat mit harmonisierender und schutzgebender Wirkung f\u00fcr Raum und Geist.<\/em><\/p>","protected":false},"featured_media":2276,"comment_status":"open","ping_status":"closed","template":"","meta":{"_glsr_average":0,"_glsr_ranking":0,"_glsr_reviews":0},"product_brand":[],"product_cat":[84],"product_tag":[],"class_list":{"0":"post-2275","1":"product","2":"type-product","3":"status-publish","4":"has-post-thumbnail","6":"product_cat-rohsteine-kaufen","8":"first","9":"instock","10":"taxable","11":"shipping-taxable","12":"purchasable","13":"product-type-simple","14":"add-to-wishlist-before_image"},"jetpack_sharing_enabled":true,"_links":{"self":[{"href":"https:\/\/saphirsmaragd.com\/et\/wp-json\/wp\/v2\/product\/2275","targetHints":{"allow":["GET"]}}],"collection":[{"href":"https:\/\/saphirsmaragd.com\/et\/wp-json\/wp\/v2\/product"}],"about":[{"href":"https:\/\/saphirsmaragd.com\/et\/wp-json\/wp\/v2\/types\/product"}],"replies":[{"embeddable":true,"href":"https:\/\/saphirsmaragd.com\/et\/wp-json\/wp\/v2\/comments?post=2275"}],"version-history":[{"count":1,"href":"https:\/\/saphirsmaragd.com\/et\/wp-json\/wp\/v2\/product\/2275\/revisions"}],"predecessor-version":[{"id":2278,"href":"https:\/\/saphirsmaragd.com\/et\/wp-json\/wp\/v2\/product\/2275\/revisions\/2278"}],"wp:featuredmedia":[{"embeddable":true,"href":"https:\/\/saphirsmaragd.com\/et\/wp-json\/wp\/v2\/media\/2276"}],"wp:attachment":[{"href":"https:\/\/saphirsmaragd.com\/et\/wp-json\/wp\/v2\/media?parent=2275"}],"wp:term":[{"taxonomy":"product_brand","embeddable":true,"href":"https:\/\/saphirsmaragd.com\/et\/wp-json\/wp\/v2\/product_brand?post=2275"},{"taxonomy":"product_cat","embeddable":true,"href":"https:\/\/saphirsmaragd.com\/et\/wp-json\/wp\/v2\/product_cat?post=2275"},{"taxonomy":"product_tag","embeddable":true,"href":"https:\/\/saphirsmaragd.com\/et\/wp-json\/wp\/v2\/product_tag?post=2275"}],"curies":[{"name":"wp","href":"https:\/\/api.w.org\/{rel}","templated":true}]}}