{"id":2318,"date":"2025-10-09T12:03:42","date_gmt":"2025-10-09T12:03:42","guid":{"rendered":"https:\/\/saphirsmaragd.com\/?post_type=product&#038;p=2318"},"modified":"2025-12-29T19:02:45","modified_gmt":"2025-12-29T19:02:45","slug":"aquamarin-6-48-karat-cabochon-blau","status":"publish","type":"product","link":"https:\/\/saphirsmaragd.com\/et\/toode\/aquamarin-6-48-karat-cabochon-blau\/","title":{"rendered":"Aquamarin 6.48 Karat Cabochon Blau \u2013 nat\u00fcrlicher Edelstein mit charaktervoller Transparenz"},"content":{"rendered":"<div id=\"ez-toc-container\" class=\"ez-toc-v2_0_82_2 counter-hierarchy ez-toc-counter ez-toc-grey ez-toc-container-direction\">\n<div class=\"ez-toc-title-container\">\n<p class=\"ez-toc-title\" style=\"cursor:inherit\">Sisukord<\/p>\n<span class=\"ez-toc-title-toggle\"><a href=\"#\" class=\"ez-toc-pull-right ez-toc-btn ez-toc-btn-xs ez-toc-btn-default ez-toc-toggle\" aria-label=\"Toggle Table of Content\"><span class=\"ez-toc-js-icon-con\"><span class=\"\"><span class=\"eztoc-hide\" style=\"display:none;\">L\u00fclitage sisse\/v\u00e4lja<\/span><span class=\"ez-toc-icon-toggle-span\"><svg style=\"fill: #999;color:#999\" xmlns=\"http:\/\/www.w3.org\/2000\/svg\" class=\"list-377408\" width=\"20px\" height=\"20px\" viewbox=\"0 0 24 24\" fill=\"none\"><path d=\"M6 6H4v2h2V6zm14 0H8v2h12V6zM4 11h2v2H4v-2zm16 0H8v2h12v-2zM4 16h2v2H4v-2zm16 0H8v2h12v-2z\" fill=\"currentColor\"><\/path><\/svg><svg style=\"fill: #999;color:#999\" class=\"arrow-unsorted-368013\" xmlns=\"http:\/\/www.w3.org\/2000\/svg\" width=\"10px\" height=\"10px\" viewbox=\"0 0 24 24\" version=\"1.2\" baseprofile=\"tiny\"><path d=\"M18.2 9.3l-6.2-6.3-6.2 6.3c-.2.2-.3.4-.3.7s.1.5.3.7c.2.2.4.3.7.3h11c.3 0 .5-.1.7-.3.2-.2.3-.5.3-.7s-.1-.5-.3-.7zM5.8 14.7l6.2 6.3 6.2-6.3c.2-.2.3-.5.3-.7s-.1-.5-.3-.7c-.2-.2-.4-.3-.7-.3h-11c-.3 0-.5.1-.7.3-.2.2-.3.5-.3.7s.1.5.3.7z\"\/><\/svg><\/span><\/span><\/span><\/a><\/span><\/div>\n<nav><ul class='ez-toc-list ez-toc-list-level-1' ><li class='ez-toc-page-1 ez-toc-heading-level-4'><a class=\"ez-toc-link ez-toc-heading-1\" href=\"https:\/\/saphirsmaragd.com\/et\/toode\/aquamarin-6-48-karat-cabochon-blau\/#Aquamarin_648_Karat_Cabochon_Blau_%E2%80%93_intensiver_Edelstein_mit_naturlichem_Charakter\" >Aquamarin 6.48 Karat Cabochon Blau \u2013 intensiver Edelstein mit nat\u00fcrlichem Charakter<\/a><\/li><li class='ez-toc-page-1 ez-toc-heading-level-4'><a class=\"ez-toc-link ez-toc-heading-2\" href=\"https:\/\/saphirsmaragd.com\/et\/toode\/aquamarin-6-48-karat-cabochon-blau\/#Merkmale_Herkunft\" >Omadused ja p\u00e4ritolu<\/a><\/li><li class='ez-toc-page-1 ez-toc-heading-level-4'><a class=\"ez-toc-link ez-toc-heading-3\" href=\"https:\/\/saphirsmaragd.com\/et\/toode\/aquamarin-6-48-karat-cabochon-blau\/#Besonderheiten\" >Erifunktsioonid<\/a><\/li><li class='ez-toc-page-1 ez-toc-heading-level-4'><a class=\"ez-toc-link ez-toc-heading-4\" href=\"https:\/\/saphirsmaragd.com\/et\/toode\/aquamarin-6-48-karat-cabochon-blau\/#Mehr_uber_unsere_Edelsteine\" >Lisateavet meie v\u00e4\u00e4riskivide kohta<\/a><\/li><li class='ez-toc-page-1 ez-toc-heading-level-4'><a class=\"ez-toc-link ez-toc-heading-5\" href=\"https:\/\/saphirsmaragd.com\/et\/toode\/aquamarin-6-48-karat-cabochon-blau\/#Weitere_Infos\" >Lisateave<\/a><\/li><\/ul><\/nav><\/div>\n<h4 data-start=\"840\" data-end=\"926\"><span class=\"ez-toc-section\" id=\"Aquamarin_648_Karat_Cabochon_Blau_%E2%80%93_intensiver_Edelstein_mit_naturlichem_Charakter\"><\/span>Aquamarin 6.48 Karat Cabochon Blau \u2013 intensiver Edelstein mit nat\u00fcrlichem Charakter<span class=\"ez-toc-section-end\"><\/span><\/h4>\n<p data-start=\"927\" data-end=\"1227\">Dieser nat\u00fcrliche Aquamarin zeigt ein tiefes Blau und eine sch\u00f6ne Transparenz, die trotz sichtbarer Einschl\u00fcsse seinen authentischen Charakter unterstreichen.<\/p>\n<hr data-start=\"1229\" data-end=\"1232\" \/>\n<h4 data-start=\"1234\" data-end=\"1260\"><span class=\"ez-toc-section\" id=\"Merkmale_Herkunft\"><\/span>Omadused ja p\u00e4ritolu<span class=\"ez-toc-section-end\"><\/span><\/h4>\n<p data-start=\"1261\" data-end=\"1510\">Stein: Aquamarin<br data-start=\"1277\" data-end=\"1280\" \/>Farbe: Blau<br data-start=\"1291\" data-end=\"1294\" \/>Form: Oval Cabochon<br data-start=\"1313\" data-end=\"1316\" \/>Gewicht: 6.48 Karat<br data-start=\"1332\" data-end=\"1335\" \/>K\u00f5vadus: 7 Mohs<br data-start=\"1348\" data-end=\"1351\" \/>Gr\u00f6\u00dfe: 11.7 \u00d7 9.6 mm<br data-start=\"1371\" data-end=\"1374\" \/>Dicke: 7.6 mm<br data-start=\"1387\" data-end=\"1390\" \/>Puhtus: Selged lisandid<br data-start=\"1421\" data-end=\"1424\" \/>Familie: Beryll<br data-start=\"1439\" data-end=\"1442\" \/>P\u00e4ritolu: Brasiilia<br data-start=\"1461\" data-end=\"1464\" \/>Sertifikaat: Val\u00e9rie Duraffourg (Gem-A, London)<\/p>\n<hr data-start=\"1512\" data-end=\"1515\" \/>\n<h4 data-start=\"1517\" data-end=\"1538\"><span class=\"ez-toc-section\" id=\"Besonderheiten\"><\/span>Erifunktsioonid<span class=\"ez-toc-section-end\"><\/span><\/h4>\n<p data-start=\"1539\" data-end=\"1797\">Der Aquamarin 6.48 Karat Cabochon kombiniert intensive Farbe mit Transparenz und charakteristischen Einschl\u00fcssen. Durch den Cabochon-Schliff wirkt der Stein besonders nat\u00fcrlich und eignet sich f\u00fcr Einzelanfertigungen, Anh\u00e4nger oder Sammlungspr\u00e4sentationen.<\/p>\n<hr data-start=\"1926\" data-end=\"1929\" \/>\n<h4 data-start=\"1931\" data-end=\"1971\"><span class=\"ez-toc-section\" id=\"Mehr_uber_unsere_Edelsteine\"><\/span>Lisateavet meie v\u00e4\u00e4riskivide kohta<span class=\"ez-toc-section-end\"><\/span><\/h4>\n<p data-start=\"1972\" data-end=\"2069\"><a href=\"https:\/\/saphirsmaragd.com\/et\/product-category\/edelsteine-kaufen\/\">V\u00e4\u00e4riskivid<\/a><\/p>\n<hr data-start=\"2071\" data-end=\"2074\" \/>\n<h4 data-start=\"2076\" data-end=\"2096\"><span class=\"ez-toc-section\" id=\"Weitere_Infos\"><\/span>Lisateave<span class=\"ez-toc-section-end\"><\/span><\/h4>\n<p data-start=\"2097\" data-end=\"2160\"><a class=\"decorated-link cursor-pointer\" href=\"https:\/\/de.wikipedia.org\/wiki\/Aquamarin\" target=\"_new\" rel=\"noopener\" data-start=\"2097\" data-end=\"2160\">Wikipedia: Aquamarin<\/a><\/p>","protected":false},"excerpt":{"rendered":"<p data-start=\"562\" data-end=\"697\"><em>Aquamarin 6.48 Karat Cabochon Blau \u2013 nat\u00fcrlicher Edelstein mit deutlichen Einschl\u00fcssen, intensiver Farbe und Zertifikat aus Brasilien.<\/em><\/p>","protected":false},"featured_media":2321,"comment_status":"open","ping_status":"closed","template":"","meta":{"_glsr_average":0,"_glsr_ranking":0,"_glsr_reviews":0},"product_brand":[],"product_cat":[77],"product_tag":[],"class_list":{"0":"post-2318","1":"product","2":"type-product","3":"status-publish","4":"has-post-thumbnail","6":"product_cat-aquamarin-kaufen","7":"pa_edelsteinart-aquamarin","8":"pa_farbe-blau","9":"pa_form-cabochon","10":"pa_gewicht-karat-5-0-10-karat","11":"pa_reinheit-deutliche-einschluesse","12":"pa_veredelung-behandlung-unbehandelt","13":"pa_zertifikat-ja","14":"pa_zustand-neu","16":"first","17":"instock","18":"featured","19":"sold-individually","20":"shipping-taxable","21":"purchasable","22":"product-type-simple","23":"add-to-wishlist-before_image"},"jetpack_sharing_enabled":true,"_links":{"self":[{"href":"https:\/\/saphirsmaragd.com\/et\/wp-json\/wp\/v2\/product\/2318","targetHints":{"allow":["GET"]}}],"collection":[{"href":"https:\/\/saphirsmaragd.com\/et\/wp-json\/wp\/v2\/product"}],"about":[{"href":"https:\/\/saphirsmaragd.com\/et\/wp-json\/wp\/v2\/types\/product"}],"replies":[{"embeddable":true,"href":"https:\/\/saphirsmaragd.com\/et\/wp-json\/wp\/v2\/comments?post=2318"}],"version-history":[{"count":4,"href":"https:\/\/saphirsmaragd.com\/et\/wp-json\/wp\/v2\/product\/2318\/revisions"}],"predecessor-version":[{"id":4520,"href":"https:\/\/saphirsmaragd.com\/et\/wp-json\/wp\/v2\/product\/2318\/revisions\/4520"}],"wp:featuredmedia":[{"embeddable":true,"href":"https:\/\/saphirsmaragd.com\/et\/wp-json\/wp\/v2\/media\/2321"}],"wp:attachment":[{"href":"https:\/\/saphirsmaragd.com\/et\/wp-json\/wp\/v2\/media?parent=2318"}],"wp:term":[{"taxonomy":"product_brand","embeddable":true,"href":"https:\/\/saphirsmaragd.com\/et\/wp-json\/wp\/v2\/product_brand?post=2318"},{"taxonomy":"product_cat","embeddable":true,"href":"https:\/\/saphirsmaragd.com\/et\/wp-json\/wp\/v2\/product_cat?post=2318"},{"taxonomy":"product_tag","embeddable":true,"href":"https:\/\/saphirsmaragd.com\/et\/wp-json\/wp\/v2\/product_tag?post=2318"}],"curies":[{"name":"wp","href":"https:\/\/api.w.org\/{rel}","templated":true}]}}