{"id":2590,"date":"2025-10-12T09:52:18","date_gmt":"2025-10-12T09:52:18","guid":{"rendered":"https:\/\/saphirsmaragd.com\/?post_type=product&#038;p=2590"},"modified":"2025-12-29T19:00:49","modified_gmt":"2025-12-29T19:00:49","slug":"granat-1-30-karat-rosa-rund","status":"publish","type":"product","link":"https:\/\/saphirsmaragd.com\/et\/toode\/granat-1-30-karat-rosa-rund\/","title":{"rendered":"Granaat 1,30 karaat roosa \u00fcmmargune \u2013 rodoliit sertifikaadi ja t\u00e4pse briljantslihviga"},"content":{"rendered":"<div id=\"ez-toc-container\" class=\"ez-toc-v2_0_82_2 counter-hierarchy ez-toc-counter ez-toc-grey ez-toc-container-direction\">\n<div class=\"ez-toc-title-container\">\n<p class=\"ez-toc-title\" style=\"cursor:inherit\">Sisukord<\/p>\n<span class=\"ez-toc-title-toggle\"><a href=\"#\" class=\"ez-toc-pull-right ez-toc-btn ez-toc-btn-xs ez-toc-btn-default ez-toc-toggle\" aria-label=\"Toggle Table of Content\"><span class=\"ez-toc-js-icon-con\"><span class=\"\"><span class=\"eztoc-hide\" style=\"display:none;\">L\u00fclitage sisse\/v\u00e4lja<\/span><span class=\"ez-toc-icon-toggle-span\"><svg style=\"fill: #999;color:#999\" xmlns=\"http:\/\/www.w3.org\/2000\/svg\" class=\"list-377408\" width=\"20px\" height=\"20px\" viewbox=\"0 0 24 24\" fill=\"none\"><path d=\"M6 6H4v2h2V6zm14 0H8v2h12V6zM4 11h2v2H4v-2zm16 0H8v2h12v-2zM4 16h2v2H4v-2zm16 0H8v2h12v-2z\" fill=\"currentColor\"><\/path><\/svg><svg style=\"fill: #999;color:#999\" class=\"arrow-unsorted-368013\" xmlns=\"http:\/\/www.w3.org\/2000\/svg\" width=\"10px\" height=\"10px\" viewbox=\"0 0 24 24\" version=\"1.2\" baseprofile=\"tiny\"><path d=\"M18.2 9.3l-6.2-6.3-6.2 6.3c-.2.2-.3.4-.3.7s.1.5.3.7c.2.2.4.3.7.3h11c.3 0 .5-.1.7-.3.2-.2.3-.5.3-.7s-.1-.5-.3-.7zM5.8 14.7l6.2 6.3 6.2-6.3c.2-.2.3-.5.3-.7s-.1-.5-.3-.7c-.2-.2-.4-.3-.7-.3h-11c-.3 0-.5.1-.7.3-.2.2-.3.5-.3.7s.1.5.3.7z\"\/><\/svg><\/span><\/span><\/span><\/a><\/span><\/div>\n<nav><ul class='ez-toc-list ez-toc-list-level-1' ><li class='ez-toc-page-1 ez-toc-heading-level-4'><a class=\"ez-toc-link ez-toc-heading-1\" href=\"https:\/\/saphirsmaragd.com\/et\/toode\/granat-1-30-karat-rosa-rund\/#Granat_130_Karat_Rosa_Rund_%E2%80%93_facettierter_Rhodolith_mit_Brillanz\" >Granat 1.30 Karat Rosa Rund \u2013 facettierter Rhodolith mit Brillanz<\/a><\/li><li class='ez-toc-page-1 ez-toc-heading-level-4'><a class=\"ez-toc-link ez-toc-heading-2\" href=\"https:\/\/saphirsmaragd.com\/et\/toode\/granat-1-30-karat-rosa-rund\/#Merkmale_Herkunft\" >Omadused ja p\u00e4ritolu<\/a><\/li><li class='ez-toc-page-1 ez-toc-heading-level-4'><a class=\"ez-toc-link ez-toc-heading-3\" href=\"https:\/\/saphirsmaragd.com\/et\/toode\/granat-1-30-karat-rosa-rund\/#Besonderheiten\" >Erifunktsioonid<\/a><\/li><li class='ez-toc-page-1 ez-toc-heading-level-4'><a class=\"ez-toc-link ez-toc-heading-4\" href=\"https:\/\/saphirsmaragd.com\/et\/toode\/granat-1-30-karat-rosa-rund\/#Mehr_uber_unsere_Edelsteine\" >Lisateavet meie v\u00e4\u00e4riskivide kohta<\/a><\/li><li class='ez-toc-page-1 ez-toc-heading-level-4'><a class=\"ez-toc-link ez-toc-heading-5\" href=\"https:\/\/saphirsmaragd.com\/et\/toode\/granat-1-30-karat-rosa-rund\/#Weitere_Infos\" >Lisateave<\/a><\/li><\/ul><\/nav><\/div>\n<h4 data-start=\"806\" data-end=\"1012\"><span class=\"ez-toc-section\" id=\"Granat_130_Karat_Rosa_Rund_%E2%80%93_facettierter_Rhodolith_mit_Brillanz\"><\/span><strong data-start=\"806\" data-end=\"875\">Granat 1.30 Karat Rosa Rund \u2013 facettierter Rhodolith mit Brillanz<\/strong><span class=\"ez-toc-section-end\"><\/span><\/h4>\n<p data-start=\"806\" data-end=\"1012\">Dieser Edelstein vereint intensive Farbe, hervorragenden Schliff und zertifizierte Herkunft \u2013 ideal f\u00fcr Schmuck oder als Sammlerst\u00fcck.<\/p>\n<hr data-start=\"1014\" data-end=\"1017\" \/>\n<h4 data-start=\"1019\" data-end=\"1043\"><span class=\"ez-toc-section\" id=\"Merkmale_Herkunft\"><\/span>Omadused ja p\u00e4ritolu<span class=\"ez-toc-section-end\"><\/span><\/h4>\n<p data-start=\"1045\" data-end=\"1317\">Kivi liik: granaat (rodoliit)<br data-start=\"1073\" data-end=\"1076\" \/>Farbe: Rosa-Rot<br data-start=\"1091\" data-end=\"1094\" \/>Form: Rund facettiert<br data-start=\"1115\" data-end=\"1118\" \/>Gewicht: 1.30 Karat<br data-start=\"1137\" data-end=\"1140\" \/>Gr\u00f6\u00dfe: 6.9 mm<br data-start=\"1153\" data-end=\"1156\" \/>K\u00f5vadus: 6,5 Mohsi skaalal<br data-start=\"1185\" data-end=\"1188\" \/>Puhtus: Silma puhas<br data-start=\"1207\" data-end=\"1210\" \/>Ravi: t\u00f6\u00f6tlemata<br data-start=\"1233\" data-end=\"1236\" \/>Tunnistus: Val\u00e9rie DURAFFOURG (Gem-A)<br data-start=\"1274\" data-end=\"1277\" \/>Seisukord: Uus<\/p>\n<hr data-start=\"1411\" data-end=\"1414\" \/>\n<h4 data-start=\"1416\" data-end=\"1435\"><span class=\"ez-toc-section\" id=\"Besonderheiten\"><\/span>Erifunktsioonid<span class=\"ez-toc-section-end\"><\/span><\/h4>\n<p data-start=\"1437\" data-end=\"1670\">Der Granat 1.30 Karat Rosa-Rund besticht durch einen brillanten Rundschliff, der das Licht optimal reflektiert. Die klare Struktur und das nat\u00fcrliche Rosa-Rot machen diesen Stein ideal f\u00fcr Ringe, Anh\u00e4nger oder feine Ma\u00dfanfertigungen.<\/p>\n<hr data-start=\"1926\" data-end=\"1929\" \/>\n<h4 data-start=\"1931\" data-end=\"1971\"><span class=\"ez-toc-section\" id=\"Mehr_uber_unsere_Edelsteine\"><\/span>Lisateavet meie v\u00e4\u00e4riskivide kohta<span class=\"ez-toc-section-end\"><\/span><\/h4>\n<p data-start=\"1972\" data-end=\"2069\"><a href=\"https:\/\/saphirsmaragd.com\/et\/product-category\/edelsteine-kaufen\/\">V\u00e4\u00e4riskivid<\/a><\/p>\n<hr data-start=\"2071\" data-end=\"2074\" \/>\n<h4 data-start=\"2076\" data-end=\"2096\"><span class=\"ez-toc-section\" id=\"Weitere_Infos\"><\/span>Lisateave<span class=\"ez-toc-section-end\"><\/span><\/h4>\n<p data-start=\"2097\" data-end=\"2160\"><a class=\"decorated-link cursor-pointer\" href=\"https:\/\/de.wikipedia.org\/wiki\/Granat\" target=\"_new\" rel=\"noopener\" data-start=\"2097\" data-end=\"2160\">Vikipeedia: Granaat<\/a><\/p>","protected":false},"excerpt":{"rendered":"<p data-start=\"511\" data-end=\"648\"><em>Granat 1.30 Karat Rosa Rund \u2013 nat\u00fcrlicher Rhodolith mit Zertifikat, brillantem Schliff und klarer Reinheit f\u00fcr Schmuck oder Sammlung.<\/em><\/p>\n<p data-start=\"575\" data-end=\"606\">","protected":false},"featured_media":2593,"comment_status":"open","ping_status":"closed","template":"","meta":{"_glsr_average":0,"_glsr_ranking":0,"_glsr_reviews":0},"product_brand":[],"product_cat":[111],"product_tag":[],"class_list":{"0":"post-2590","1":"product","2":"type-product","3":"status-publish","4":"has-post-thumbnail","6":"product_cat-granat-kaufen","7":"pa_edelsteinart-granat","8":"pa_farbe-rosa","9":"pa_form-rund","10":"pa_gewicht-karat-1-0-3-0-karat","11":"pa_reinheit-augenrein","12":"pa_veredelung-behandlung-unbehandelt","13":"pa_zertifikat-ja","14":"pa_zustand-neu","16":"first","17":"instock","18":"featured","19":"sold-individually","20":"shipping-taxable","21":"purchasable","22":"product-type-simple","23":"add-to-wishlist-before_image"},"jetpack_sharing_enabled":true,"_links":{"self":[{"href":"https:\/\/saphirsmaragd.com\/et\/wp-json\/wp\/v2\/product\/2590","targetHints":{"allow":["GET"]}}],"collection":[{"href":"https:\/\/saphirsmaragd.com\/et\/wp-json\/wp\/v2\/product"}],"about":[{"href":"https:\/\/saphirsmaragd.com\/et\/wp-json\/wp\/v2\/types\/product"}],"replies":[{"embeddable":true,"href":"https:\/\/saphirsmaragd.com\/et\/wp-json\/wp\/v2\/comments?post=2590"}],"version-history":[{"count":1,"href":"https:\/\/saphirsmaragd.com\/et\/wp-json\/wp\/v2\/product\/2590\/revisions"}],"predecessor-version":[{"id":2594,"href":"https:\/\/saphirsmaragd.com\/et\/wp-json\/wp\/v2\/product\/2590\/revisions\/2594"}],"wp:featuredmedia":[{"embeddable":true,"href":"https:\/\/saphirsmaragd.com\/et\/wp-json\/wp\/v2\/media\/2593"}],"wp:attachment":[{"href":"https:\/\/saphirsmaragd.com\/et\/wp-json\/wp\/v2\/media?parent=2590"}],"wp:term":[{"taxonomy":"product_brand","embeddable":true,"href":"https:\/\/saphirsmaragd.com\/et\/wp-json\/wp\/v2\/product_brand?post=2590"},{"taxonomy":"product_cat","embeddable":true,"href":"https:\/\/saphirsmaragd.com\/et\/wp-json\/wp\/v2\/product_cat?post=2590"},{"taxonomy":"product_tag","embeddable":true,"href":"https:\/\/saphirsmaragd.com\/et\/wp-json\/wp\/v2\/product_tag?post=2590"}],"curies":[{"name":"wp","href":"https:\/\/api.w.org\/{rel}","templated":true}]}}