{"id":2786,"date":"2025-10-12T21:09:43","date_gmt":"2025-10-12T21:09:43","guid":{"rendered":"https:\/\/saphirsmaragd.com\/?post_type=product&#038;p=2786"},"modified":"2025-12-05T10:11:52","modified_gmt":"2025-12-05T10:11:52","slug":"angel-aura-cluster-66-gramm","status":"publish","type":"product","link":"https:\/\/saphirsmaragd.com\/et\/toode\/angel-aura-cluster-66-gramm\/","title":{"rendered":"Angel Aura Cluster 66 grammi - vikerkaarekristall rahulikuks ja puhastumiseks"},"content":{"rendered":"<div id=\"ez-toc-container\" class=\"ez-toc-v2_0_83 counter-hierarchy ez-toc-counter ez-toc-grey ez-toc-container-direction\">\n<div class=\"ez-toc-title-container\">\n<p class=\"ez-toc-title\" style=\"cursor:inherit\">Sisukord<\/p>\n<span class=\"ez-toc-title-toggle\"><a href=\"#\" class=\"ez-toc-pull-right ez-toc-btn ez-toc-btn-xs ez-toc-btn-default ez-toc-toggle\" aria-label=\"Toggle Table of Content\"><span class=\"ez-toc-js-icon-con\"><span class=\"\"><span class=\"eztoc-hide\" style=\"display:none;\">L\u00fclitage sisse\/v\u00e4lja<\/span><span class=\"ez-toc-icon-toggle-span\"><svg style=\"fill: #999;color:#999\" xmlns=\"http:\/\/www.w3.org\/2000\/svg\" class=\"list-377408\" width=\"20px\" height=\"20px\" viewbox=\"0 0 24 24\" fill=\"none\"><path d=\"M6 6H4v2h2V6zm14 0H8v2h12V6zM4 11h2v2H4v-2zm16 0H8v2h12v-2zM4 16h2v2H4v-2zm16 0H8v2h12v-2z\" fill=\"currentColor\"><\/path><\/svg><svg style=\"fill: #999;color:#999\" class=\"arrow-unsorted-368013\" xmlns=\"http:\/\/www.w3.org\/2000\/svg\" width=\"10px\" height=\"10px\" viewbox=\"0 0 24 24\" version=\"1.2\" baseprofile=\"tiny\"><path d=\"M18.2 9.3l-6.2-6.3-6.2 6.3c-.2.2-.3.4-.3.7s.1.5.3.7c.2.2.4.3.7.3h11c.3 0 .5-.1.7-.3.2-.2.3-.5.3-.7s-.1-.5-.3-.7zM5.8 14.7l6.2 6.3 6.2-6.3c.2-.2.3-.5.3-.7s-.1-.5-.3-.7c-.2-.2-.4-.3-.7-.3h-11c-.3 0-.5.1-.7.3-.2.2-.3.5-.3.7s.1.5.3.7z\"\/><\/svg><\/span><\/span><\/span><\/a><\/span><\/div>\n<nav><ul class='ez-toc-list ez-toc-list-level-1' ><li class='ez-toc-page-1 ez-toc-heading-level-4'><a class=\"ez-toc-link ez-toc-heading-1\" href=\"https:\/\/saphirsmaragd.com\/et\/toode\/angel-aura-cluster-66-gramm\/#Angel_Aura_Cluster_66_Gramm_%E2%80%93_Regenbogen-Kristall_fur_Ruhe_Reinigung\" >Angel Aura Cluster 66 grammi - vikerkaarekristall rahulikuks ja puhastumiseks<\/a><\/li><li class='ez-toc-page-1 ez-toc-heading-level-4'><a class=\"ez-toc-link ez-toc-heading-2\" href=\"https:\/\/saphirsmaragd.com\/et\/toode\/angel-aura-cluster-66-gramm\/#_Merkmale_Herkunft\" >\u00a0Omadused ja p\u00e4ritolu<\/a><\/li><li class='ez-toc-page-1 ez-toc-heading-level-4'><a class=\"ez-toc-link ez-toc-heading-3\" href=\"https:\/\/saphirsmaragd.com\/et\/toode\/angel-aura-cluster-66-gramm\/#_Besonderheiten\" >\u00a0Erifunktsioonid<\/a><\/li><li class='ez-toc-page-1 ez-toc-heading-level-4'><a class=\"ez-toc-link ez-toc-heading-4\" href=\"https:\/\/saphirsmaragd.com\/et\/toode\/angel-aura-cluster-66-gramm\/#_Mehr_uber_Heilsteine_Kristalle\" >\u00a0Rohkem teavet ravikivide ja kristallide kohta<\/a><\/li><li class='ez-toc-page-1 ez-toc-heading-level-4'><a class=\"ez-toc-link ez-toc-heading-5\" href=\"https:\/\/saphirsmaragd.com\/et\/toode\/angel-aura-cluster-66-gramm\/#_Weitere_Infos\" >\u00a0Lisateave<\/a><\/li><\/ul><\/nav><\/div>\n<h4 data-start=\"304\" data-end=\"381\"><span class=\"ez-toc-section\" id=\"Angel_Aura_Cluster_66_Gramm_%E2%80%93_Regenbogen-Kristall_fur_Ruhe_Reinigung\"><\/span><strong data-start=\"307\" data-end=\"381\">Angel Aura Cluster 66 grammi - vikerkaarekristall rahulikuks ja puhastumiseks<\/strong><span class=\"ez-toc-section-end\"><\/span><\/h4>\n<p data-start=\"383\" data-end=\"697\">Angel Aura Cluster 66 grammi on erakordne looduslik kivi USAst, mis on loodud m\u00e4ekristallide t\u00f6\u00f6tlemisel plaatina ja h\u00f5bedaga. Pinnal on pimestav vikerkaarev\u00e4rviline s\u00e4ra ja see annab sellele kristallile taevase aura, mis soodustab harmooniat ja sisemist rahu.<\/p>\n<hr data-start=\"699\" data-end=\"702\" \/>\n<h4 data-start=\"704\" data-end=\"732\"><span class=\"ez-toc-section\" id=\"_Merkmale_Herkunft\"><\/span>\u00a0Omadused ja p\u00e4ritolu<span class=\"ez-toc-section-end\"><\/span><\/h4>\n<p data-start=\"733\" data-end=\"1051\">V\u00e4rv: Vikerkaarev\u00e4rvid h\u00f5bedase s\u00e4raga<br data-start=\"779\" data-end=\"782\" \/>Vorm: Cluster (kristallr\u00fchm)<br data-start=\"812\" data-end=\"815\" \/>P\u00e4ritolu: Ameerika \u00dchendriigid<br data-start=\"843\" data-end=\"846\" \/>Kaal: 66 grammi<br data-start=\"863\" data-end=\"866\" \/>M\u00f5\u00f5tmed: umbes 5,5 \u00d7 4,5 \u00d7 4 cm.<br data-start=\"892\" data-end=\"895\" \/>Puhtus: l\u00e4bipaistev kuni kergelt piimjas<br data-start=\"935\" data-end=\"938\" \/>T\u00f6\u00f6tlemine: aurakate plaatina ja h\u00f5bedaga<br data-start=\"1020\" data-end=\"1023\" \/>Kivi t\u00fc\u00fcp: Ingel Aura kvarts<\/p>\n<hr data-start=\"1053\" data-end=\"1056\" \/>\n<h4 data-start=\"1058\" data-end=\"1081\"><span class=\"ez-toc-section\" id=\"_Besonderheiten\"><\/span>\u00a0Erifunktsioonid<span class=\"ez-toc-section-end\"><\/span><\/h4>\n<p data-start=\"1083\" data-end=\"1329\">Angel Aura Cluster 66 grammi \u00fchendab m\u00e4ekristalli, plaatina ja h\u00f5beda energia, et luua \u00f5rn ja valgusk\u00fcllane vibratsioon. See harmooniline kombinatsioon annab edasi s\u00fcgavat rahu, tasakaalu ja rahulolu tunnet.<\/p>\n<p data-start=\"1331\" data-end=\"1581\">Kivi on tihedalt seotud ingelenergiaga ja toetab teid teadvuse k\u00f5rgemate tasandite s\u00f5numite vastuv\u00f5tmisel. See soodustab vaimset taipamist, tugevdab intuitsiooni ja aitab teil selgemalt \u00e4ra tunda oma elu eesm\u00e4rki.<\/p>\n<p data-start=\"1583\" data-end=\"1865\">V\u00f5imsa keha, meele ja hinge puhastajana vabastab Ingel Aura Cluster 66 grammi negatiivseid energiaid ning m\u00f5jub rahustavalt stressile, pingetele ja sisemisele rahutusele. Tundliku pinna t\u00f5ttu ei tohiks seda puhastada voolava vee all.<\/p>\n<hr data-start=\"1867\" data-end=\"1870\" \/>\n<h4 data-start=\"1872\" data-end=\"1913\"><span class=\"ez-toc-section\" id=\"_Mehr_uber_Heilsteine_Kristalle\"><\/span>\u00a0Rohkem teavet ravikivide ja kristallide kohta<span class=\"ez-toc-section-end\"><\/span><\/h4>\n<p data-start=\"1915\" data-end=\"2120\">Tutvu rohkem <a href=\"https:\/\/saphirsmaragd.com\/et\/product-category\/heilsteine-kristalle-kaufen\/\"><strong data-start=\"1936\" data-end=\"2037\">Tervendavad kivid ja kristallid<\/strong>,<\/a> mis tasakaalustavad keha ja vaimu ning \u00fchtlustavad teie energiav\u00e4lja.<\/p>\n<hr data-start=\"2122\" data-end=\"2125\" \/>\n<h4 data-start=\"2127\" data-end=\"2149\"><span class=\"ez-toc-section\" id=\"_Weitere_Infos\"><\/span>\u00a0Lisateave<span class=\"ez-toc-section-end\"><\/span><\/h4>\n<p data-start=\"2151\" data-end=\"2220\"><a class=\"decorated-link cursor-pointer\" href=\"https:\/\/de.wikipedia.org\/wiki\/Bergkristall\" target=\"_new\" rel=\"noopener\" data-start=\"2151\" data-end=\"2220\">Vikipeedia: Vikipeedia: m\u00e4ekristall<\/a><\/p>","protected":false},"excerpt":{"rendered":"<p><em>Ingel Aura Cluster 66 grammi - iirisev kvarts koos plaatina ja h\u00f5bedaga sisemise rahu, puhastumise ja harmoonia saavutamiseks. Tervendav kivi ingli energiaga.<\/em><\/p>","protected":false},"featured_media":2787,"comment_status":"open","ping_status":"closed","template":"","meta":{"_glsr_average":0,"_glsr_ranking":0,"_glsr_reviews":0},"product_brand":[],"product_cat":[84],"product_tag":[],"class_list":{"0":"post-2786","1":"product","2":"type-product","3":"status-publish","4":"has-post-thumbnail","6":"product_cat-rohsteine-kaufen","8":"first","9":"instock","10":"shipping-taxable","11":"purchasable","12":"product-type-simple","13":"add-to-wishlist-before_image"},"jetpack_sharing_enabled":true,"_links":{"self":[{"href":"https:\/\/saphirsmaragd.com\/et\/wp-json\/wp\/v2\/product\/2786","targetHints":{"allow":["GET"]}}],"collection":[{"href":"https:\/\/saphirsmaragd.com\/et\/wp-json\/wp\/v2\/product"}],"about":[{"href":"https:\/\/saphirsmaragd.com\/et\/wp-json\/wp\/v2\/types\/product"}],"replies":[{"embeddable":true,"href":"https:\/\/saphirsmaragd.com\/et\/wp-json\/wp\/v2\/comments?post=2786"}],"version-history":[{"count":1,"href":"https:\/\/saphirsmaragd.com\/et\/wp-json\/wp\/v2\/product\/2786\/revisions"}],"predecessor-version":[{"id":2790,"href":"https:\/\/saphirsmaragd.com\/et\/wp-json\/wp\/v2\/product\/2786\/revisions\/2790"}],"wp:featuredmedia":[{"embeddable":true,"href":"https:\/\/saphirsmaragd.com\/et\/wp-json\/wp\/v2\/media\/2787"}],"wp:attachment":[{"href":"https:\/\/saphirsmaragd.com\/et\/wp-json\/wp\/v2\/media?parent=2786"}],"wp:term":[{"taxonomy":"product_brand","embeddable":true,"href":"https:\/\/saphirsmaragd.com\/et\/wp-json\/wp\/v2\/product_brand?post=2786"},{"taxonomy":"product_cat","embeddable":true,"href":"https:\/\/saphirsmaragd.com\/et\/wp-json\/wp\/v2\/product_cat?post=2786"},{"taxonomy":"product_tag","embeddable":true,"href":"https:\/\/saphirsmaragd.com\/et\/wp-json\/wp\/v2\/product_tag?post=2786"}],"curies":[{"name":"wp","href":"https:\/\/api.w.org\/{rel}","templated":true}]}}